{"id":793,"date":"2023-06-21T15:29:40","date_gmt":"2023-06-21T12:29:40","guid":{"rendered":"https:\/\/bioaffix.com\/?page_id=793"},"modified":"2026-02-04T14:21:55","modified_gmt":"2026-02-04T11:21:55","slug":"yazilim","status":"publish","type":"page","link":"https:\/\/bioaffix.com\/tr\/yazilim\/","title":{"rendered":"BioAffix Yaz\u0131l\u0131mlar\u0131"},"content":{"rendered":"\t\t<div data-elementor-type=\"wp-page\" data-elementor-id=\"793\" class=\"elementor elementor-793\">\n\t\t\t\t<div class=\"elementor-element elementor-element-b22c5da e-con-full e-flex e-con e-parent\" data-id=\"b22c5da\" data-element_type=\"container\" data-e-type=\"container\" data-settings=\"{&quot;background_background&quot;:&quot;classic&quot;}\">\n\t\t<div class=\"elementor-element elementor-element-2d943b0 e-con-full e-flex e-con e-child\" data-id=\"2d943b0\" data-element_type=\"container\" data-e-type=\"container\">\n\t\t\t\t<div class=\"elementor-element elementor-element-c9358c9 elementor-widget elementor-widget-heading\" data-id=\"c9358c9\" data-element_type=\"widget\" data-e-type=\"widget\" data-widget_type=\"heading.default\">\n\t\t\t\t<div class=\"elementor-widget-container\">\n\t\t\t\t\t<h1 class=\"elementor-heading-title elementor-size-large\">BioAffix Yaz\u0131l\u0131m \u00dcr\u00fcn Ailesi<\/h1>\t\t\t\t<\/div>\n\t\t\t\t<\/div>\n\t\t\t\t<div class=\"elementor-element elementor-element-1167614 elementor-widget elementor-widget-text-editor\" data-id=\"1167614\" data-element_type=\"widget\" data-e-type=\"widget\" data-widget_type=\"text-editor.default\">\n\t\t\t\t<div class=\"elementor-widget-container\">\n\t\t\t\t\t\t\t\t\t<p style=\"text-align: center;\">Biyometrik ve ak\u0131ll\u0131 kart tabanl\u0131 BioAffix ge\u00e7i\u015f kontrol cihazlar\u0131 \u00fcr\u00fcn ailesi ile fiziksel g\u00fcvenli\u011finizi kontrol alt\u0131na al\u0131n.<\/p>\t\t\t\t\t\t\t\t<\/div>\n\t\t\t\t<\/div>\n\t\t\t\t<\/div>\n\t\t\t\t<\/div>\n\t\t\t\t<section class=\"elementor-section elementor-top-section elementor-element elementor-element-11b8d47 elementor-section-height-min-height elementor-section-boxed elementor-section-height-default elementor-section-items-middle\" data-id=\"11b8d47\" data-element_type=\"section\" data-e-type=\"section\" data-settings=\"{&quot;background_background&quot;:&quot;classic&quot;}\">\n\t\t\t\t\t\t<div class=\"elementor-container elementor-column-gap-default\">\n\t\t\t\t\t<div class=\"elementor-column elementor-col-100 elementor-top-column elementor-element elementor-element-10276e3\" data-id=\"10276e3\" data-element_type=\"column\" data-e-type=\"column\">\n\t\t\t<div class=\"elementor-widget-wrap elementor-element-populated\">\n\t\t\t\t<div class=\"elementor-element elementor-element-083bb21 e-con-full e-flex e-con e-parent\" data-id=\"083bb21\" data-element_type=\"container\" data-e-type=\"container\">\n\t\t<a class=\"elementor-element elementor-element-e968dde e-con-full e-flex e-con e-child\" data-id=\"e968dde\" data-element_type=\"container\" data-e-type=\"container\" href=\"https:\/\/bioaffix.com\/tr\/yazilim\/bioaffix-winlogon\/\">\n\t\t\t\t<div class=\"elementor-element elementor-element-6d10191 elementor-widget elementor-widget-image\" data-id=\"6d10191\" data-element_type=\"widget\" data-e-type=\"widget\" data-widget_type=\"image.default\">\n\t\t\t\t<div class=\"elementor-widget-container\">\n\t\t\t\t\t\t\t\t\t\t\t\t\t\t\t<img loading=\"lazy\" decoding=\"async\" loading=\"lazy\" width=\"270\" height=\"152\" src=\"https:\/\/bioaffix.com\/wp-content\/uploads\/Related-Products-BioAffix-WinLogon-2.webp\" class=\"attachment-large size-large wp-image-9723\" alt=\"\" \/>\t\t\t\t\t\t\t\t\t\t\t\t\t\t\t<\/div>\n\t\t\t\t<\/div>\n\t\t\t\t<div class=\"elementor-element elementor-element-0f1f391 elementor-widget elementor-widget-heading\" data-id=\"0f1f391\" data-element_type=\"widget\" data-e-type=\"widget\" data-widget_type=\"heading.default\">\n\t\t\t\t<div class=\"elementor-widget-container\">\n\t\t\t\t\t<h2 class=\"elementor-heading-title elementor-size-default\">BioAffix WinLogon<\/h2>\t\t\t\t<\/div>\n\t\t\t\t<\/div>\n\t\t\t\t<\/a>\n\t\t<a class=\"elementor-element elementor-element-ee0d0d1 e-con-full e-flex e-con e-child\" data-id=\"ee0d0d1\" data-element_type=\"container\" data-e-type=\"container\" href=\"https:\/\/bioaffix.com\/tr\/yazilim\/bioaffix-linlogon\/\">\n\t\t\t\t<div class=\"elementor-element elementor-element-0f3e69d elementor-widget elementor-widget-image\" data-id=\"0f3e69d\" data-element_type=\"widget\" data-e-type=\"widget\" data-widget_type=\"image.default\">\n\t\t\t\t<div class=\"elementor-widget-container\">\n\t\t\t\t\t\t\t\t\t\t\t\t\t\t\t<img loading=\"lazy\" decoding=\"async\" loading=\"lazy\" width=\"270\" height=\"152\" src=\"https:\/\/bioaffix.com\/wp-content\/uploads\/Related-Products-BioAffix-LinLogon.webp\" class=\"attachment-large size-large wp-image-6306\" alt=\"\" srcset=\"https:\/\/bioaffix.com\/wp-content\/uploads\/Related-Products-BioAffix-LinLogon.webp 270w, https:\/\/bioaffix.com\/wp-content\/uploads\/Related-Products-BioAffix-LinLogon-18x10.webp 18w\" sizes=\"auto, (max-width: 270px) 100vw, 270px\" \/>\t\t\t\t\t\t\t\t\t\t\t\t\t\t\t<\/div>\n\t\t\t\t<\/div>\n\t\t\t\t<div class=\"elementor-element elementor-element-29d8bf9 elementor-widget elementor-widget-heading\" data-id=\"29d8bf9\" data-element_type=\"widget\" data-e-type=\"widget\" data-widget_type=\"heading.default\">\n\t\t\t\t<div class=\"elementor-widget-container\">\n\t\t\t\t\t<h2 class=\"elementor-heading-title elementor-size-default\">BioAffix LinLogon<\/h2>\t\t\t\t<\/div>\n\t\t\t\t<\/div>\n\t\t\t\t<\/a>\n\t\t<a class=\"elementor-element elementor-element-813f194 e-con-full e-flex e-con e-child\" data-id=\"813f194\" data-element_type=\"container\" data-e-type=\"container\" href=\"https:\/\/bioaffix.com\/tr\/yazilim\/bioaffix-applogon\/\">\n\t\t\t\t<div class=\"elementor-element elementor-element-1acb456 elementor-widget elementor-widget-image\" data-id=\"1acb456\" data-element_type=\"widget\" data-e-type=\"widget\" data-widget_type=\"image.default\">\n\t\t\t\t<div class=\"elementor-widget-container\">\n\t\t\t\t\t\t\t\t\t\t\t\t\t\t\t<img loading=\"lazy\" decoding=\"async\" loading=\"lazy\" width=\"270\" height=\"152\" src=\"https:\/\/bioaffix.com\/wp-content\/uploads\/Related-Products-BioAffix-AppLogon.webp\" class=\"attachment-large size-large wp-image-1044\" alt=\"\" srcset=\"https:\/\/bioaffix.com\/wp-content\/uploads\/Related-Products-BioAffix-AppLogon.webp 270w, https:\/\/bioaffix.com\/wp-content\/uploads\/Related-Products-BioAffix-AppLogon-18x10.webp 18w\" sizes=\"auto, (max-width: 270px) 100vw, 270px\" \/>\t\t\t\t\t\t\t\t\t\t\t\t\t\t\t<\/div>\n\t\t\t\t<\/div>\n\t\t\t\t<div class=\"elementor-element elementor-element-0555e73 elementor-widget elementor-widget-heading\" data-id=\"0555e73\" data-element_type=\"widget\" data-e-type=\"widget\" data-widget_type=\"heading.default\">\n\t\t\t\t<div class=\"elementor-widget-container\">\n\t\t\t\t\t<h2 class=\"elementor-heading-title elementor-size-default\">BioAffix AppLogon<\/h2>\t\t\t\t<\/div>\n\t\t\t\t<\/div>\n\t\t\t\t<\/a>\n\t\t<a class=\"elementor-element elementor-element-c52c35b e-con-full e-flex e-con e-child\" data-id=\"c52c35b\" data-element_type=\"container\" data-e-type=\"container\" href=\"https:\/\/bioaffix.com\/tr\/yazilim\/bioaffix-management\/\">\n\t\t\t\t<div class=\"elementor-element elementor-element-0b507b9 elementor-widget elementor-widget-image\" data-id=\"0b507b9\" data-element_type=\"widget\" data-e-type=\"widget\" data-widget_type=\"image.default\">\n\t\t\t\t<div class=\"elementor-widget-container\">\n\t\t\t\t\t\t\t\t\t\t\t\t\t\t\t<img loading=\"lazy\" decoding=\"async\" loading=\"lazy\" width=\"270\" height=\"152\" src=\"https:\/\/bioaffix.com\/wp-content\/uploads\/BioAffix-Gate-Extreme-Related-Products-BioAffix-Management.webp\" class=\"attachment-large size-large wp-image-246\" alt=\"BioAffix Gate Extreme BioAffix Management Merkezi Y\u00f6netim Uygulamas\u0131\" srcset=\"https:\/\/bioaffix.com\/wp-content\/uploads\/BioAffix-Gate-Extreme-Related-Products-BioAffix-Management.webp 270w, https:\/\/bioaffix.com\/wp-content\/uploads\/BioAffix-Gate-Extreme-Related-Products-BioAffix-Management-18x10.webp 18w\" sizes=\"auto, (max-width: 270px) 100vw, 270px\" \/>\t\t\t\t\t\t\t\t\t\t\t\t\t\t\t<\/div>\n\t\t\t\t<\/div>\n\t\t\t\t<div class=\"elementor-element elementor-element-9ee9f0a elementor-widget elementor-widget-heading\" data-id=\"9ee9f0a\" data-element_type=\"widget\" data-e-type=\"widget\" data-widget_type=\"heading.default\">\n\t\t\t\t<div class=\"elementor-widget-container\">\n\t\t\t\t\t<h2 class=\"elementor-heading-title elementor-size-default\">BioAffix Management<\/h2>\t\t\t\t<\/div>\n\t\t\t\t<\/div>\n\t\t\t\t<\/a>\n\t\t\t\t<\/div>\n\t\t<div class=\"elementor-element elementor-element-ab701c7 e-con-full e-flex e-con e-parent\" data-id=\"ab701c7\" data-element_type=\"container\" data-e-type=\"container\">\n\t\t<a class=\"elementor-element elementor-element-bb5b7f1 e-con-full e-flex e-con e-child\" data-id=\"bb5b7f1\" data-element_type=\"container\" data-e-type=\"container\" href=\"https:\/\/bioaffix.com\/tr\/yazilim\/bioaffix-management-tams\/\">\n\t\t\t\t<div class=\"elementor-element elementor-element-69a706f elementor-widget elementor-widget-image\" data-id=\"69a706f\" data-element_type=\"widget\" data-e-type=\"widget\" data-widget_type=\"image.default\">\n\t\t\t\t<div class=\"elementor-widget-container\">\n\t\t\t\t\t\t\t\t\t\t\t\t\t\t\t<img loading=\"lazy\" decoding=\"async\" loading=\"lazy\" width=\"270\" height=\"152\" src=\"https:\/\/bioaffix.com\/wp-content\/uploads\/Related-Products-BioAffix-Management-TAMS.webp\" class=\"attachment-large size-large wp-image-6307\" alt=\"\" srcset=\"https:\/\/bioaffix.com\/wp-content\/uploads\/Related-Products-BioAffix-Management-TAMS.webp 270w, https:\/\/bioaffix.com\/wp-content\/uploads\/Related-Products-BioAffix-Management-TAMS-18x10.webp 18w\" sizes=\"auto, (max-width: 270px) 100vw, 270px\" \/>\t\t\t\t\t\t\t\t\t\t\t\t\t\t\t<\/div>\n\t\t\t\t<\/div>\n\t\t\t\t<div class=\"elementor-element elementor-element-e081b66 elementor-widget elementor-widget-heading\" data-id=\"e081b66\" data-element_type=\"widget\" data-e-type=\"widget\" data-widget_type=\"heading.default\">\n\t\t\t\t<div class=\"elementor-widget-container\">\n\t\t\t\t\t<h2 class=\"elementor-heading-title elementor-size-default\">BioAffix Management TAMS<\/h2>\t\t\t\t<\/div>\n\t\t\t\t<\/div>\n\t\t\t\t<\/a>\n\t\t<a class=\"elementor-element elementor-element-c53c069 e-con-full e-flex e-con e-child\" data-id=\"c53c069\" data-element_type=\"container\" data-e-type=\"container\" href=\"https:\/\/bioaffix.com\/tr\/yazilim\/bioaffix-oneserver\/\">\n\t\t\t\t<div class=\"elementor-element elementor-element-0ac7325 elementor-widget elementor-widget-image\" data-id=\"0ac7325\" data-element_type=\"widget\" data-e-type=\"widget\" data-widget_type=\"image.default\">\n\t\t\t\t<div class=\"elementor-widget-container\">\n\t\t\t\t\t\t\t\t\t\t\t\t\t\t\t<img loading=\"lazy\" decoding=\"async\" loading=\"lazy\" width=\"270\" height=\"152\" src=\"https:\/\/bioaffix.com\/wp-content\/uploads\/Related-Products-BioAffix-OneServer.webp\" class=\"attachment-large size-large wp-image-247\" alt=\"BioAffix OneServer\" \/>\t\t\t\t\t\t\t\t\t\t\t\t\t\t\t<\/div>\n\t\t\t\t<\/div>\n\t\t\t\t<div class=\"elementor-element elementor-element-397e19e elementor-widget elementor-widget-heading\" data-id=\"397e19e\" data-element_type=\"widget\" data-e-type=\"widget\" data-widget_type=\"heading.default\">\n\t\t\t\t<div class=\"elementor-widget-container\">\n\t\t\t\t\t<h2 class=\"elementor-heading-title elementor-size-default\">BioAffix OneServer<\/h2>\t\t\t\t<\/div>\n\t\t\t\t<\/div>\n\t\t\t\t<\/a>\n\t\t<a class=\"elementor-element elementor-element-61eb26c e-con-full e-flex e-con e-child\" data-id=\"61eb26c\" data-element_type=\"container\" data-e-type=\"container\" data-settings=\"{&quot;background_background&quot;:&quot;classic&quot;}\">\n\t\t\t\t<\/a>\n\t\t<a class=\"elementor-element elementor-element-9d22d9a e-con-full e-flex e-con e-child\" data-id=\"9d22d9a\" data-element_type=\"container\" data-e-type=\"container\" data-settings=\"{&quot;background_background&quot;:&quot;classic&quot;}\">\n\t\t\t\t<\/a>\n\t\t\t\t<\/div>\n\t\t\t\t\t<\/div>\n\t\t<\/div>\n\t\t\t\t\t<\/div>\n\t\t<\/section>\n\t\t\t\t<\/div>\n\t\t","protected":false},"excerpt":{"rendered":"<p>BioAffix Yaz\u0131l\u0131m \u00dcr\u00fcn Ailesi Biyometrik ve ak\u0131ll\u0131 kart tabanl\u0131 BioAffix ge\u00e7i\u015f kontrol cihazlar\u0131 \u00fcr\u00fcn ailesi ile fiziksel g\u00fcvenli\u011finizi kontrol alt\u0131na al\u0131n. BioAffix WinLogon BioAffix LinLogon BioAffix AppLogon BioAffix Management BioAffix Management TAMS BioAffix OneServer<\/p>\n","protected":false},"author":1,"featured_media":0,"parent":0,"menu_order":0,"comment_status":"closed","ping_status":"closed","template":"elementor_header_footer","meta":{"nf_dc_page":"","footnotes":""},"class_list":["post-793","page","type-page","status-publish","hentry","no-post-thumbnail"],"acf":[],"_links":{"self":[{"href":"https:\/\/bioaffix.com\/tr\/wp-json\/wp\/v2\/pages\/793","targetHints":{"allow":["GET"]}}],"collection":[{"href":"https:\/\/bioaffix.com\/tr\/wp-json\/wp\/v2\/pages"}],"about":[{"href":"https:\/\/bioaffix.com\/tr\/wp-json\/wp\/v2\/types\/page"}],"author":[{"embeddable":true,"href":"https:\/\/bioaffix.com\/tr\/wp-json\/wp\/v2\/users\/1"}],"replies":[{"embeddable":true,"href":"https:\/\/bioaffix.com\/tr\/wp-json\/wp\/v2\/comments?post=793"}],"version-history":[{"count":0,"href":"https:\/\/bioaffix.com\/tr\/wp-json\/wp\/v2\/pages\/793\/revisions"}],"wp:attachment":[{"href":"https:\/\/bioaffix.com\/tr\/wp-json\/wp\/v2\/media?parent=793"}],"curies":[{"name":"wp","href":"https:\/\/api.w.org\/{rel}","templated":true}]}}