{"id":681,"date":"2023-06-21T10:38:50","date_gmt":"2023-06-21T07:38:50","guid":{"rendered":"https:\/\/bioaffix.com\/?page_id=681"},"modified":"2025-05-29T16:14:43","modified_gmt":"2025-05-29T13:14:43","slug":"guvenlik-ozellikleri","status":"publish","type":"page","link":"https:\/\/bioaffix.com\/tr\/gecis-kontrol\/bioaffix-gate-smart\/guvenlik-ozellikleri\/","title":{"rendered":"BioAffix\u00ae Gate Smart G\u00fcvenlik \u00d6zellikleri"},"content":{"rendered":"\t\t<div data-elementor-type=\"wp-page\" data-elementor-id=\"681\" class=\"elementor elementor-681\">\n\t\t\t\t<div class=\"elementor-element elementor-element-90427d3 submenuSticky e-flex e-con-boxed e-con e-parent\" data-id=\"90427d3\" data-element_type=\"container\" data-e-type=\"container\" data-settings=\"{&quot;background_background&quot;:&quot;classic&quot;}\">\n\t\t\t\t\t<div class=\"e-con-inner\">\n\t\t<div class=\"elementor-element elementor-element-3afc7a3 e-con-full elementor-hidden-mobile e-flex e-con e-child\" data-id=\"3afc7a3\" data-element_type=\"container\" data-e-type=\"container\">\n\t\t\t\t<div class=\"elementor-element elementor-element-9021b27 elementor-widget elementor-widget-image\" data-id=\"9021b27\" data-element_type=\"widget\" data-e-type=\"widget\" data-widget_type=\"image.default\">\n\t\t\t\t<div class=\"elementor-widget-container\">\n\t\t\t\t\t\t\t\t\t\t\t\t\t\t\t\t<a href=\"https:\/\/bioaffix.com\/tr\/gecis-kontrol\/bioaffix-gate-smart\/\">\n\t\t\t\t\t\t\t<img loading=\"lazy\" decoding=\"async\" loading=\"lazy\" width=\"106\" height=\"41\" src=\"https:\/\/bioaffix.com\/wp-content\/uploads\/Sticky-Menu-BioAffix-Gate-Logo.webp\" class=\"attachment-full size-full wp-image-1715\" alt=\"\" srcset=\"https:\/\/bioaffix.com\/wp-content\/uploads\/Sticky-Menu-BioAffix-Gate-Logo.webp 106w, https:\/\/bioaffix.com\/wp-content\/uploads\/Sticky-Menu-BioAffix-Gate-Logo-18x7.webp 18w\" sizes=\"auto, (max-width: 106px) 100vw, 106px\" \/>\t\t\t\t\t\t\t\t<\/a>\n\t\t\t\t\t\t\t\t\t\t\t\t\t\t\t<\/div>\n\t\t\t\t<\/div>\n\t\t\t\t<\/div>\n\t\t<div class=\"elementor-element elementor-element-74be71b e-con-full e-flex e-con e-child\" data-id=\"74be71b\" data-element_type=\"container\" data-e-type=\"container\">\n\t\t\t\t<div class=\"elementor-element elementor-element-1fe915f customNavMenu elementor-widget elementor-widget-wp-widget-nav_menu\" data-id=\"1fe915f\" data-element_type=\"widget\" data-e-type=\"widget\" data-widget_type=\"wp-widget-nav_menu.default\">\n\t\t\t\t<div class=\"elementor-widget-container\">\n\t\t\t\t\t<div class=\"menu-bioaffix-gate-smart-tr-container\"><ul id=\"menu-bioaffix-gate-smart-tr\" class=\"menu\"><li id=\"menu-item-2994\" class=\"menu-item menu-item-type-post_type menu-item-object-page menu-item-2994\"><a href=\"https:\/\/bioaffix.com\/tr\/gecis-kontrol\/bioaffix-gate-smart\/\"   class=\"nav-link\">Genel Bak\u0131\u015f <\/a><\/li>\n<li id=\"menu-item-2991\" class=\"menu-item menu-item-type-post_type menu-item-object-page menu-item-2991\"><a href=\"https:\/\/bioaffix.com\/tr\/gecis-kontrol\/bioaffix-gate-smart\/yetenekleri\/\"   class=\"nav-link\">Yetenekleri <\/a><\/li>\n<li id=\"menu-item-2993\" class=\"menu-item menu-item-type-post_type menu-item-object-page menu-item-2993\"><a href=\"https:\/\/bioaffix.com\/tr\/gecis-kontrol\/bioaffix-gate-smart\/guvenlik-ozellikleri\/\"   class=\"nav-link\">G\u00fcvenlik \u00d6zellikleri <\/a><\/li>\n<li id=\"menu-item-2992\" class=\"menu-item menu-item-type-post_type menu-item-object-page menu-item-2992\"><a href=\"https:\/\/bioaffix.com\/tr\/gecis-kontrol\/bioaffix-gate-smart\/teknik-ozellikleri\/\"   class=\"nav-link\">Teknik \u00d6zellikleri <\/a><\/li>\n<li id=\"menu-item-2995\" class=\"menu-item menu-item-type-custom menu-item-object-custom menu-item-2995\"><a href=\"https:\/\/file.ones.com.tr\/s\/bioaffix-gate-smart-brochure-tr\" class=\"nav-link\" target=\"_blank\" rel=\"noopener\">\u0130ndir <\/a><\/li>\n<li id=\"menu-item-14620\" class=\"menu-item menu-item-type-custom menu-item-object-custom menu-item-14620\"><a href=\"https:\/\/file.ones.com.tr\/s\/BioAffixGateSmartMedia\" class=\"nav-link\" target=\"_blank\" rel=\"noopener\">Medya <\/a><\/li>\n<\/ul><\/div>\t\t\t\t<\/div>\n\t\t\t\t<\/div>\n\t\t\t\t<\/div>\n\t\t\t\t\t<\/div>\n\t\t\t\t<\/div>\n\t\t<div class=\"elementor-element elementor-element-38389555 e-con-full e-flex e-con e-parent\" data-id=\"38389555\" data-element_type=\"container\" data-e-type=\"container\" data-settings=\"{&quot;background_background&quot;:&quot;gradient&quot;}\">\n\t\t<div class=\"elementor-element elementor-element-b7963db e-flex e-con-boxed e-con e-child\" data-id=\"b7963db\" data-element_type=\"container\" data-e-type=\"container\">\n\t\t\t\t\t<div class=\"e-con-inner\">\n\t\t\t\t<div class=\"elementor-element elementor-element-4ad9bac5 elementor-widget elementor-widget-heading\" data-id=\"4ad9bac5\" data-element_type=\"widget\" data-e-type=\"widget\" data-widget_type=\"heading.default\">\n\t\t\t\t<div class=\"elementor-widget-container\">\n\t\t\t\t\t<h1 class=\"elementor-heading-title elementor-size-default\">BioAffix Gate Smart G\u00fcvenlik \u00d6zellikleri<\/h1>\t\t\t\t<\/div>\n\t\t\t\t<\/div>\n\t\t\t\t<div class=\"elementor-element elementor-element-65cfc2ad elementor-widget elementor-widget-text-editor\" data-id=\"65cfc2ad\" data-element_type=\"widget\" data-e-type=\"widget\" data-widget_type=\"text-editor.default\">\n\t\t\t\t<div class=\"elementor-widget-container\">\n\t\t\t\t\t\t\t\t\t<p>NATO standartlar\u0131ndaki g\u00fcvenlik \u00f6zellikleri ile organizasyonunuz daima g\u00fcvende kals\u0131n.<\/p>\t\t\t\t\t\t\t\t<\/div>\n\t\t\t\t<\/div>\n\t\t\t\t\t<\/div>\n\t\t\t\t<\/div>\n\t\t\t\t<\/div>\n\t\t<div class=\"elementor-element elementor-element-7c125ec2 e-flex e-con-boxed e-con e-parent\" data-id=\"7c125ec2\" data-element_type=\"container\" data-e-type=\"container\">\n\t\t\t\t\t<div class=\"e-con-inner\">\n\t\t<div class=\"elementor-element elementor-element-369c40a6 e-con-full e-flex e-con e-child\" data-id=\"369c40a6\" data-element_type=\"container\" data-e-type=\"container\">\n\t\t\t\t<div class=\"elementor-element elementor-element-56dc501e elementor-widget elementor-widget-image\" data-id=\"56dc501e\" data-element_type=\"widget\" data-e-type=\"widget\" data-widget_type=\"image.default\">\n\t\t\t\t<div class=\"elementor-widget-container\">\n\t\t\t\t\t\t\t\t\t\t\t\t\t\t\t<img loading=\"lazy\" decoding=\"async\" loading=\"lazy\" width=\"300\" height=\"300\" src=\"https:\/\/bioaffix.com\/wp-content\/uploads\/Container-Security-icon.webp\" class=\"attachment-full size-full wp-image-565\" alt=\"HSM (Hardware Security Module) ile OneServer ve BioAffix cihazlar\u0131 aras\u0131ndaki ki\u015fisel verilern tamam\u0131 \u015fifreli bir \u015fekilde veri taban\u0131na yaz\u0131l\u0131r.\" srcset=\"https:\/\/bioaffix.com\/wp-content\/uploads\/Container-Security-icon.webp 300w, https:\/\/bioaffix.com\/wp-content\/uploads\/Container-Security-icon-150x150.webp 150w, https:\/\/bioaffix.com\/wp-content\/uploads\/Container-Security-icon-80x80.webp 80w, https:\/\/bioaffix.com\/wp-content\/uploads\/Container-Security-icon-70x70.webp 70w, https:\/\/bioaffix.com\/wp-content\/uploads\/Container-Security-icon-100x100.webp 100w, https:\/\/bioaffix.com\/wp-content\/uploads\/Container-Security-icon-12x12.webp 12w, https:\/\/bioaffix.com\/wp-content\/uploads\/Container-Security-icon-75x75.webp 75w\" sizes=\"auto, (max-width: 300px) 100vw, 300px\" \/>\t\t\t\t\t\t\t\t\t\t\t\t\t\t\t<\/div>\n\t\t\t\t<\/div>\n\t\t\t\t<\/div>\n\t\t<div class=\"elementor-element elementor-element-33202e6d e-con-full e-flex e-con e-child\" data-id=\"33202e6d\" data-element_type=\"container\" data-e-type=\"container\">\n\t\t\t\t<div class=\"elementor-element elementor-element-32f4615d elementor-widget elementor-widget-heading\" data-id=\"32f4615d\" data-element_type=\"widget\" data-e-type=\"widget\" data-widget_type=\"heading.default\">\n\t\t\t\t<div class=\"elementor-widget-container\">\n\t\t\t\t\t<h2 class=\"elementor-heading-title elementor-size-default\">HSM (Hardware Security Module \/ Fiziksel G\u00fcvenlik Mod\u00fcl\u00fc)<\/h2>\t\t\t\t<\/div>\n\t\t\t\t<\/div>\n\t\t\t\t<div class=\"elementor-element elementor-element-5a4ba0ec elementor-widget elementor-widget-text-editor\" data-id=\"5a4ba0ec\" data-element_type=\"widget\" data-e-type=\"widget\" data-widget_type=\"text-editor.default\">\n\t\t\t\t<div class=\"elementor-widget-container\">\n\t\t\t\t\t\t\t\t\t<p>BioAffix OneServer sunucusunun HSM (Hardware Security Module) ile sa\u011flad\u0131\u011f\u0131 entegrasyon sayesinde kullan\u0131c\u0131lar\u0131n kimlik, biyometrik ve ge\u00e7i\u015f bilgileri gibi ki\u015fiye \u00f6zel olan t\u00fcm veriler \u015fifreli bir \u015fekilde veritaban\u0131na yaz\u0131l\u0131r ve veritaban\u0131ndan okunur. BioAffix \u00fcr\u00fcn ailesi cihazlar\u0131n\u0131n ge\u00e7i\u015f ve do\u011frulama i\u015flemleri i\u00e7in kullanaca\u011f\u0131 t\u00fcm veriler, yazma ve okuma i\u015flemleri s\u0131ras\u0131nda geli\u015fmi\u015f, g\u00fcncel ve y\u00fcksek g\u00fcvenlikli kriptografi i\u015flemlerinden ge\u00e7erek, d\u0131\u015far\u0131dan dinlenmesi ve okunmas\u0131 imkans\u0131z hale getirilir. Bu sayede bilgi i\u015flem biriminde g\u00f6rev alan personeller de dahil olmak \u00fczere, HSM ile \u015fifrelenmi\u015f veriler \u00fc\u00e7\u00fcnc\u00fc ki\u015filer taraf\u0131ndan hi\u00e7bir \u015fekilde okunamaz.<\/p>\t\t\t\t\t\t\t\t<\/div>\n\t\t\t\t<\/div>\n\t\t\t\t<\/div>\n\t\t\t\t\t<\/div>\n\t\t\t\t<\/div>\n\t\t<div class=\"elementor-element elementor-element-33fac26f e-flex e-con-boxed e-con e-parent\" data-id=\"33fac26f\" data-element_type=\"container\" data-e-type=\"container\">\n\t\t\t\t\t<div class=\"e-con-inner\">\n\t\t<div class=\"elementor-element elementor-element-c2bf19d e-con-full e-flex e-con e-child\" data-id=\"c2bf19d\" data-element_type=\"container\" data-e-type=\"container\">\n\t\t\t\t<div class=\"elementor-element elementor-element-41638d83 elementor-widget elementor-widget-heading\" data-id=\"41638d83\" data-element_type=\"widget\" data-e-type=\"widget\" data-widget_type=\"heading.default\">\n\t\t\t\t<div class=\"elementor-widget-container\">\n\t\t\t\t\t<h2 class=\"elementor-heading-title elementor-size-default\">TPM (Trusted Platform Module)<\/h2>\t\t\t\t<\/div>\n\t\t\t\t<\/div>\n\t\t\t\t<div class=\"elementor-element elementor-element-2ccdbdf1 elementor-widget elementor-widget-text-editor\" data-id=\"2ccdbdf1\" data-element_type=\"widget\" data-e-type=\"widget\" data-widget_type=\"text-editor.default\">\n\t\t\t\t<div class=\"elementor-widget-container\">\n\t\t\t\t\t\t\t\t\t<p>BioAffix cihazlar\u0131n\u0131n dahili diskinde yer alan t\u00fcm veriler, TPM (Trusted Platform Module) ile uluslararas\u0131 ve NATO standartlarda \u015fifrelenerek saklan\u0131r. Bu sayede cihaz\u0131n veri bar\u0131nd\u0131rma alan\u0131na y\u00f6nelik t\u00fcm sabotaj giri\u015fimlerinin \u00f6n\u00fcne ge\u00e7ilerek verileriniz daima g\u00fcvenli \u015fekilde saklan\u0131r. Depolama alan\u0131na d\u0131\u015far\u0131dan herhangi bir m\u00fcdahale ger\u00e7ekle\u015ftirilmesi durumunda, disk i\u00e7erisinde yer alan t\u00fcm veriler okunamaz bir \u015fekilde kaydedildi\u011fi i\u00e7in diskte yer alan bilgilerin anlaml\u0131 bir \u015fekilde okunmas\u0131 m\u00fcmk\u00fcn de\u011fildir.<\/p>\t\t\t\t\t\t\t\t<\/div>\n\t\t\t\t<\/div>\n\t\t\t\t<\/div>\n\t\t<div class=\"elementor-element elementor-element-77b555b7 e-con-full e-flex e-con e-child\" data-id=\"77b555b7\" data-element_type=\"container\" data-e-type=\"container\">\n\t\t\t\t<div class=\"elementor-element elementor-element-58134490 elementor-widget elementor-widget-image\" data-id=\"58134490\" data-element_type=\"widget\" data-e-type=\"widget\" data-widget_type=\"image.default\">\n\t\t\t\t<div class=\"elementor-widget-container\">\n\t\t\t\t\t\t\t\t\t\t\t\t\t\t\t<img loading=\"lazy\" decoding=\"async\" loading=\"lazy\" width=\"494\" height=\"495\" src=\"https:\/\/bioaffix.com\/wp-content\/uploads\/Container-TPM-Icon.webp\" class=\"attachment-full size-full wp-image-566\" alt=\"\" srcset=\"https:\/\/bioaffix.com\/wp-content\/uploads\/Container-TPM-Icon.webp 494w, https:\/\/bioaffix.com\/wp-content\/uploads\/Container-TPM-Icon-300x300.webp 300w, https:\/\/bioaffix.com\/wp-content\/uploads\/Container-TPM-Icon-150x150.webp 150w, https:\/\/bioaffix.com\/wp-content\/uploads\/Container-TPM-Icon-80x80.webp 80w, https:\/\/bioaffix.com\/wp-content\/uploads\/Container-TPM-Icon-70x70.webp 70w, https:\/\/bioaffix.com\/wp-content\/uploads\/Container-TPM-Icon-100x100.webp 100w, https:\/\/bioaffix.com\/wp-content\/uploads\/Container-TPM-Icon-480x480.webp 480w, https:\/\/bioaffix.com\/wp-content\/uploads\/Container-TPM-Icon-370x370.webp 370w, https:\/\/bioaffix.com\/wp-content\/uploads\/Container-TPM-Icon-12x12.webp 12w, https:\/\/bioaffix.com\/wp-content\/uploads\/Container-TPM-Icon-75x75.webp 75w\" sizes=\"auto, (max-width: 494px) 100vw, 494px\" \/>\t\t\t\t\t\t\t\t\t\t\t\t\t\t\t<\/div>\n\t\t\t\t<\/div>\n\t\t\t\t<\/div>\n\t\t\t\t\t<\/div>\n\t\t\t\t<\/div>\n\t\t<div class=\"elementor-element elementor-element-4a6f23ae e-flex e-con-boxed e-con e-parent\" data-id=\"4a6f23ae\" data-element_type=\"container\" data-e-type=\"container\">\n\t\t\t\t\t<div class=\"e-con-inner\">\n\t\t<div class=\"elementor-element elementor-element-6c7c20bd e-con-full e-flex e-con e-child\" data-id=\"6c7c20bd\" data-element_type=\"container\" data-e-type=\"container\">\n\t\t\t\t<div class=\"elementor-element elementor-element-66d5ea34 elementor-widget elementor-widget-image\" data-id=\"66d5ea34\" data-element_type=\"widget\" data-e-type=\"widget\" data-widget_type=\"image.default\">\n\t\t\t\t<div class=\"elementor-widget-container\">\n\t\t\t\t\t\t\t\t\t\t\t\t\t\t\t<img loading=\"lazy\" decoding=\"async\" loading=\"lazy\" width=\"461\" height=\"461\" src=\"https:\/\/bioaffix.com\/wp-content\/uploads\/Container-Mul-Sec-Icon.webp\" class=\"attachment-full size-full wp-image-564\" alt=\"BioAffix \u00fcr\u00fcn ailesi cihazlar\u0131 ve OneServer aras\u0131ndaki ileti\u015fim MUL-SEC (Multi Layered Secure Communications) ad\u0131 verilen \u00e7ift katmanl\u0131 ileti\u015fim t\u00fcneli ile sa\u011flan\u0131r. Bu sayede veri trafi\u011fi \u015fifreli bir altyap\u0131 ile sa\u011flan\u0131r.\" srcset=\"https:\/\/bioaffix.com\/wp-content\/uploads\/Container-Mul-Sec-Icon.webp 461w, https:\/\/bioaffix.com\/wp-content\/uploads\/Container-Mul-Sec-Icon-300x300.webp 300w, https:\/\/bioaffix.com\/wp-content\/uploads\/Container-Mul-Sec-Icon-150x150.webp 150w, https:\/\/bioaffix.com\/wp-content\/uploads\/Container-Mul-Sec-Icon-80x80.webp 80w, https:\/\/bioaffix.com\/wp-content\/uploads\/Container-Mul-Sec-Icon-70x70.webp 70w, https:\/\/bioaffix.com\/wp-content\/uploads\/Container-Mul-Sec-Icon-100x100.webp 100w, https:\/\/bioaffix.com\/wp-content\/uploads\/Container-Mul-Sec-Icon-370x370.webp 370w, https:\/\/bioaffix.com\/wp-content\/uploads\/Container-Mul-Sec-Icon-12x12.webp 12w, https:\/\/bioaffix.com\/wp-content\/uploads\/Container-Mul-Sec-Icon-75x75.webp 75w\" sizes=\"auto, (max-width: 461px) 100vw, 461px\" \/>\t\t\t\t\t\t\t\t\t\t\t\t\t\t\t<\/div>\n\t\t\t\t<\/div>\n\t\t\t\t<\/div>\n\t\t<div class=\"elementor-element elementor-element-6e511341 e-con-full e-flex e-con e-child\" data-id=\"6e511341\" data-element_type=\"container\" data-e-type=\"container\">\n\t\t\t\t<div class=\"elementor-element elementor-element-1e54d9db elementor-widget elementor-widget-heading\" data-id=\"1e54d9db\" data-element_type=\"widget\" data-e-type=\"widget\" data-widget_type=\"heading.default\">\n\t\t\t\t<div class=\"elementor-widget-container\">\n\t\t\t\t\t<h2 class=\"elementor-heading-title elementor-size-default\">MUL-SEC (Multi Layered Secure Communications)<\/h2>\t\t\t\t<\/div>\n\t\t\t\t<\/div>\n\t\t\t\t<div class=\"elementor-element elementor-element-52778fde elementor-widget elementor-widget-text-editor\" data-id=\"52778fde\" data-element_type=\"widget\" data-e-type=\"widget\" data-widget_type=\"text-editor.default\">\n\t\t\t\t<div class=\"elementor-widget-container\">\n\t\t\t\t\t\t\t\t\t<p>Ones Technology taraf\u0131ndan geli\u015ftirilen \u00e7ift katl\u0131 MUL-SEC SSL t\u00fcneli sayesinde BioAffix \u00fcr\u00fcn ailesi cihazlar\u0131 ve BioAffix OneServer aras\u0131ndaki veri trafi\u011fi, \u00e7ift katl\u0131 SSL t\u00fcneli ile \u00e7evrelenmi\u015f \u015fifreli bir ileti\u015fim altyap\u0131s\u0131 ile ger\u00e7ekle\u015fir. BioAffix cihazlar\u0131 ve BioAffix OneServer aras\u0131ndaki ileti\u015fimi MUL-SEC ile koruma alt\u0131na al\u0131nd\u0131\u011f\u0131nda, mevcut y\u00fck dengeleyici cihaz\u0131n\u0131z (Load Balancer) SSL korumas\u0131n\u0131 sonland\u0131rsa bile, BioAffix \u00fcr\u00fcn ailesi ve OneServer aras\u0131nda ileti\u015fim MUL-SEC g\u00fcvenlik teknolojisi ile daima koruma alt\u0131ndad\u0131r.<\/p>\t\t\t\t\t\t\t\t<\/div>\n\t\t\t\t<\/div>\n\t\t\t\t<\/div>\n\t\t\t\t\t<\/div>\n\t\t\t\t<\/div>\n\t\t<div class=\"elementor-element elementor-element-29bf77fc e-flex e-con-boxed e-con e-parent\" data-id=\"29bf77fc\" data-element_type=\"container\" data-e-type=\"container\">\n\t\t\t\t\t<div class=\"e-con-inner\">\n\t\t<div class=\"elementor-element elementor-element-4675847a e-con-full e-flex e-con e-child\" data-id=\"4675847a\" data-element_type=\"container\" data-e-type=\"container\">\n\t\t\t\t<div class=\"elementor-element elementor-element-51d9e3b9 elementor-widget elementor-widget-image\" data-id=\"51d9e3b9\" data-element_type=\"widget\" data-e-type=\"widget\" data-widget_type=\"image.default\">\n\t\t\t\t<div class=\"elementor-widget-container\">\n\t\t\t\t\t\t\t\t\t\t\t\t\t\t\t<img loading=\"lazy\" decoding=\"async\" loading=\"lazy\" width=\"251\" height=\"131\" src=\"https:\/\/bioaffix.com\/wp-content\/uploads\/BioAffix-WinLogon-Gears.webp\" class=\"attachment-large size-large wp-image-223\" alt=\"\" srcset=\"https:\/\/bioaffix.com\/wp-content\/uploads\/BioAffix-WinLogon-Gears.webp 251w, https:\/\/bioaffix.com\/wp-content\/uploads\/BioAffix-WinLogon-Gears-18x9.webp 18w\" sizes=\"auto, (max-width: 251px) 100vw, 251px\" \/>\t\t\t\t\t\t\t\t\t\t\t\t\t\t\t<\/div>\n\t\t\t\t<\/div>\n\t\t\t\t<div class=\"elementor-element elementor-element-610547d3 elementor-widget elementor-widget-heading\" data-id=\"610547d3\" data-element_type=\"widget\" data-e-type=\"widget\" data-widget_type=\"heading.default\">\n\t\t\t\t<div class=\"elementor-widget-container\">\n\t\t\t\t\t<h3 class=\"elementor-heading-title elementor-size-default\">BioAffix\u00ae Gate Smart Teknik \u00d6zelliklerini Ke\u015ffedin<\/h3>\t\t\t\t<\/div>\n\t\t\t\t<\/div>\n\t\t\t\t<div class=\"elementor-element elementor-element-7850320c elementor-widget elementor-widget-text-editor\" data-id=\"7850320c\" data-element_type=\"widget\" data-e-type=\"widget\" data-widget_type=\"text-editor.default\">\n\t\t\t\t<div class=\"elementor-widget-container\">\n\t\t\t\t\t\t\t\t\t<p><span style=\"color: #ca171e;\"><strong>Geli\u015fmi\u015f donan\u0131m mimarisine <\/strong><\/span>sahip teknik \u00f6zelliklerine daha yak\u0131ndan bak\u0131n<\/p>\t\t\t\t\t\t\t\t<\/div>\n\t\t\t\t<\/div>\n\t\t\t\t<div class=\"elementor-element elementor-element-18f82b74 elementor-align-center elementor-widget elementor-widget-button\" data-id=\"18f82b74\" data-element_type=\"widget\" data-e-type=\"widget\" data-widget_type=\"button.default\">\n\t\t\t\t<div class=\"elementor-widget-container\">\n\t\t\t\t\t\t\t\t\t<div class=\"elementor-button-wrapper\">\n\t\t\t\t\t<a class=\"elementor-button elementor-button-link elementor-size-sm\" href=\"https:\/\/bioaffix.com\/tr\/gecis-kontrol\/bioaffix-gate-smart\/teknik-ozellikleri\/\">\n\t\t\t\t\t\t<span class=\"elementor-button-content-wrapper\">\n\t\t\t\t\t\t\t\t\t<span class=\"elementor-button-text\">Daha Fazla Bilgi  &gt;<\/span>\n\t\t\t\t\t<\/span>\n\t\t\t\t\t<\/a>\n\t\t\t\t<\/div>\n\t\t\t\t\t\t\t\t<\/div>\n\t\t\t\t<\/div>\n\t\t\t\t<\/div>\n\t\t\t\t\t<\/div>\n\t\t\t\t<\/div>\n\t\t\t\t<\/div>\n\t\t","protected":false},"excerpt":{"rendered":"<p>Sahip oldu\u011fu NATO standartlar\u0131 ile y\u00fcksek g\u00fcvenlik sa\u011flayan BioAffix Gate Smart g\u00fcvenlik \u00f6zellikerine daha yak\u0131ndan bak\u0131n<\/p>\n","protected":false},"author":1,"featured_media":0,"parent":272,"menu_order":0,"comment_status":"closed","ping_status":"closed","template":"","meta":{"nf_dc_page":"","footnotes":""},"class_list":["post-681","page","type-page","status-publish","hentry","no-post-thumbnail"],"acf":[],"_links":{"self":[{"href":"https:\/\/bioaffix.com\/tr\/wp-json\/wp\/v2\/pages\/681","targetHints":{"allow":["GET"]}}],"collection":[{"href":"https:\/\/bioaffix.com\/tr\/wp-json\/wp\/v2\/pages"}],"about":[{"href":"https:\/\/bioaffix.com\/tr\/wp-json\/wp\/v2\/types\/page"}],"author":[{"embeddable":true,"href":"https:\/\/bioaffix.com\/tr\/wp-json\/wp\/v2\/users\/1"}],"replies":[{"embeddable":true,"href":"https:\/\/bioaffix.com\/tr\/wp-json\/wp\/v2\/comments?post=681"}],"version-history":[{"count":0,"href":"https:\/\/bioaffix.com\/tr\/wp-json\/wp\/v2\/pages\/681\/revisions"}],"up":[{"embeddable":true,"href":"https:\/\/bioaffix.com\/tr\/wp-json\/wp\/v2\/pages\/272"}],"wp:attachment":[{"href":"https:\/\/bioaffix.com\/tr\/wp-json\/wp\/v2\/media?parent=681"}],"curies":[{"name":"wp","href":"https:\/\/api.w.org\/{rel}","templated":true}]}}