{"id":679,"date":"2023-06-21T11:08:51","date_gmt":"2023-06-21T08:08:51","guid":{"rendered":"https:\/\/bioaffix.com\/?page_id=679"},"modified":"2025-05-29T16:21:57","modified_gmt":"2025-05-29T13:21:57","slug":"teknik-ozellikleri","status":"publish","type":"page","link":"https:\/\/bioaffix.com\/tr\/gecis-kontrol\/bioaffix-gate-force-mini\/teknik-ozellikleri\/","title":{"rendered":"BioAffix Gate Force Mini Teknik \u00d6zellikleri"},"content":{"rendered":"\t\t<div data-elementor-type=\"wp-page\" data-elementor-id=\"679\" class=\"elementor elementor-679\">\n\t\t\t\t<div class=\"elementor-element elementor-element-070f244 submenuSticky e-flex e-con-boxed e-con e-parent\" data-id=\"070f244\" data-element_type=\"container\" data-e-type=\"container\" data-settings=\"{&quot;background_background&quot;:&quot;classic&quot;}\">\n\t\t\t\t\t<div class=\"e-con-inner\">\n\t\t<div class=\"elementor-element elementor-element-8f546bf e-con-full elementor-hidden-mobile e-flex e-con e-child\" data-id=\"8f546bf\" data-element_type=\"container\" data-e-type=\"container\">\n\t\t\t\t<div class=\"elementor-element elementor-element-5e2497a elementor-widget elementor-widget-image\" data-id=\"5e2497a\" data-element_type=\"widget\" data-e-type=\"widget\" data-widget_type=\"image.default\">\n\t\t\t\t<div class=\"elementor-widget-container\">\n\t\t\t\t\t\t\t\t\t\t\t\t\t\t\t\t<a href=\"https:\/\/bioaffix.com\/tr\/gecis-kontrol\/bioaffix-gate-force-mini\/\">\n\t\t\t\t\t\t\t<img loading=\"lazy\" decoding=\"async\" loading=\"lazy\" width=\"106\" height=\"41\" src=\"https:\/\/bioaffix.com\/wp-content\/uploads\/Sticky-Menu-BioAffix-Gate-Logo.webp\" class=\"attachment-full size-full wp-image-1715\" alt=\"\" srcset=\"https:\/\/bioaffix.com\/wp-content\/uploads\/Sticky-Menu-BioAffix-Gate-Logo.webp 106w, https:\/\/bioaffix.com\/wp-content\/uploads\/Sticky-Menu-BioAffix-Gate-Logo-18x7.webp 18w\" sizes=\"auto, (max-width: 106px) 100vw, 106px\" \/>\t\t\t\t\t\t\t\t<\/a>\n\t\t\t\t\t\t\t\t\t\t\t\t\t\t\t<\/div>\n\t\t\t\t<\/div>\n\t\t\t\t<\/div>\n\t\t<div class=\"elementor-element elementor-element-80a54ca e-con-full e-flex e-con e-child\" data-id=\"80a54ca\" data-element_type=\"container\" data-e-type=\"container\">\n\t\t\t\t<div class=\"elementor-element elementor-element-f1b4025 customNavMenu elementor-widget elementor-widget-wp-widget-nav_menu\" data-id=\"f1b4025\" data-element_type=\"widget\" data-e-type=\"widget\" data-widget_type=\"wp-widget-nav_menu.default\">\n\t\t\t\t<div class=\"elementor-widget-container\">\n\t\t\t\t\t<div class=\"menu-bioaffix-gate-force-mini-tr-container\"><ul id=\"menu-bioaffix-gate-force-mini-tr\" class=\"menu\"><li id=\"menu-item-3047\" class=\"menu-item menu-item-type-post_type menu-item-object-page menu-item-3047\"><a href=\"https:\/\/bioaffix.com\/tr\/gecis-kontrol\/bioaffix-gate-force-mini\/\"   class=\"nav-link\">Genel Bak\u0131\u015f <\/a><\/li>\n<li id=\"menu-item-3048\" class=\"menu-item menu-item-type-post_type menu-item-object-page menu-item-3048\"><a href=\"https:\/\/bioaffix.com\/tr\/gecis-kontrol\/bioaffix-gate-force-mini\/guvenlik-ozellikleri\/\"   class=\"nav-link\">G\u00fcvenlik \u00d6zellikleri <\/a><\/li>\n<li id=\"menu-item-3049\" class=\"menu-item menu-item-type-post_type menu-item-object-page menu-item-3049\"><a href=\"https:\/\/bioaffix.com\/tr\/gecis-kontrol\/bioaffix-gate-force-mini\/teknik-ozellikleri\/\"   class=\"nav-link\">Teknik \u00d6zellikleri <\/a><\/li>\n<li id=\"menu-item-3050\" class=\"menu-item menu-item-type-custom menu-item-object-custom menu-item-3050\"><a href=\"https:\/\/file.ones.com.tr\/s\/bioaffix-gate-force-mini-tr\" class=\"nav-link\" target=\"_blank\" rel=\"noopener\">\u0130ndir <\/a><\/li>\n<li id=\"menu-item-14622\" class=\"menu-item menu-item-type-custom menu-item-object-custom menu-item-14622\"><a href=\"https:\/\/file.ones.com.tr\/s\/BioAffixGateForceMiniMedia\" class=\"nav-link\" target=\"_blank\" rel=\"noopener\">Medya <\/a><\/li>\n<\/ul><\/div>\t\t\t\t<\/div>\n\t\t\t\t<\/div>\n\t\t\t\t<\/div>\n\t\t\t\t\t<\/div>\n\t\t\t\t<\/div>\n\t\t<div class=\"elementor-element elementor-element-66164528 e-con-full e-flex e-con e-parent\" data-id=\"66164528\" data-element_type=\"container\" data-e-type=\"container\" id=\"banner-area\" data-settings=\"{&quot;background_background&quot;:&quot;gradient&quot;}\">\n\t\t\t\t<div class=\"elementor-element elementor-element-2245f97f elementor-widget elementor-widget-heading\" data-id=\"2245f97f\" data-element_type=\"widget\" data-e-type=\"widget\" data-widget_type=\"heading.default\">\n\t\t\t\t<div class=\"elementor-widget-container\">\n\t\t\t\t\t<h1 class=\"elementor-heading-title elementor-size-default\">BioAffix Gate Force Mini Teknik \u00d6zellikleri<\/h1>\t\t\t\t<\/div>\n\t\t\t\t<\/div>\n\t\t\t\t<\/div>\n\t\t<div class=\"elementor-element elementor-element-2301fb2e e-flex e-con-boxed e-con e-parent\" data-id=\"2301fb2e\" data-element_type=\"container\" data-e-type=\"container\" id=\"technical-specs\">\n\t\t\t\t\t<div class=\"e-con-inner\">\n\t\t\t\t<div class=\"elementor-element elementor-element-4493b4df elementor-widget elementor-widget-image\" data-id=\"4493b4df\" data-element_type=\"widget\" data-e-type=\"widget\" data-widget_type=\"image.default\">\n\t\t\t\t<div class=\"elementor-widget-container\">\n\t\t\t\t\t\t\t\t\t\t\t\t\t\t\t<img loading=\"lazy\" decoding=\"async\" loading=\"lazy\" width=\"650\" height=\"480\" src=\"https:\/\/bioaffix.com\/wp-content\/uploads\/BioAffix-Gate-Force-Dimension-Technical-Spec.webp\" class=\"attachment-large size-large wp-image-706\" alt=\"BioAffix Gate Force Mini&#039;nin \u00f6l\u00e7\u00fcleri\" srcset=\"https:\/\/bioaffix.com\/wp-content\/uploads\/BioAffix-Gate-Force-Dimension-Technical-Spec.webp 650w, https:\/\/bioaffix.com\/wp-content\/uploads\/BioAffix-Gate-Force-Dimension-Technical-Spec-300x222.webp 300w, https:\/\/bioaffix.com\/wp-content\/uploads\/BioAffix-Gate-Force-Dimension-Technical-Spec-16x12.webp 16w, https:\/\/bioaffix.com\/wp-content\/uploads\/BioAffix-Gate-Force-Dimension-Technical-Spec-110x80.webp 110w\" sizes=\"auto, (max-width: 650px) 100vw, 650px\" \/>\t\t\t\t\t\t\t\t\t\t\t\t\t\t\t<\/div>\n\t\t\t\t<\/div>\n\t\t<div class=\"elementor-element elementor-element-53f6dbda e-flex e-con-boxed e-con e-child\" data-id=\"53f6dbda\" data-element_type=\"container\" data-e-type=\"container\">\n\t\t\t\t\t<div class=\"e-con-inner\">\n\t\t<div class=\"elementor-element elementor-element-63ea2f49 e-con-full e-flex e-con e-child\" data-id=\"63ea2f49\" data-element_type=\"container\" data-e-type=\"container\" id=\"tech-icon\">\n\t\t\t\t<div class=\"elementor-element elementor-element-a71c9d4 elementor-hidden-mobile elementor-view-default elementor-widget elementor-widget-icon\" data-id=\"a71c9d4\" data-element_type=\"widget\" data-e-type=\"widget\" data-widget_type=\"icon.default\">\n\t\t\t\t<div class=\"elementor-widget-container\">\n\t\t\t\t\t\t\t<div class=\"elementor-icon-wrapper\">\n\t\t\t<div class=\"elementor-icon\">\n\t\t\t<svg aria-hidden=\"true\" class=\"e-font-icon-svg e-fas-ruler-combined\" viewBox=\"0 0 512 512\" xmlns=\"http:\/\/www.w3.org\/2000\/svg\"><path d=\"M160 288h-56c-4.42 0-8-3.58-8-8v-16c0-4.42 3.58-8 8-8h56v-64h-56c-4.42 0-8-3.58-8-8v-16c0-4.42 3.58-8 8-8h56V96h-56c-4.42 0-8-3.58-8-8V72c0-4.42 3.58-8 8-8h56V32c0-17.67-14.33-32-32-32H32C14.33 0 0 14.33 0 32v448c0 2.77.91 5.24 1.57 7.8L160 329.38V288zm320 64h-32v56c0 4.42-3.58 8-8 8h-16c-4.42 0-8-3.58-8-8v-56h-64v56c0 4.42-3.58 8-8 8h-16c-4.42 0-8-3.58-8-8v-56h-64v56c0 4.42-3.58 8-8 8h-16c-4.42 0-8-3.58-8-8v-56h-41.37L24.2 510.43c2.56.66 5.04 1.57 7.8 1.57h448c17.67 0 32-14.33 32-32v-96c0-17.67-14.33-32-32-32z\"><\/path><\/svg>\t\t\t<\/div>\n\t\t<\/div>\n\t\t\t\t\t\t<\/div>\n\t\t\t\t<\/div>\n\t\t\t\t<\/div>\n\t\t<div class=\"elementor-element elementor-element-334665ee e-con-full e-flex e-con e-child\" data-id=\"334665ee\" data-element_type=\"container\" data-e-type=\"container\">\n\t\t\t\t<div class=\"elementor-element elementor-element-331294cc elementor-widget elementor-widget-heading\" data-id=\"331294cc\" data-element_type=\"widget\" data-e-type=\"widget\" data-widget_type=\"heading.default\">\n\t\t\t\t<div class=\"elementor-widget-container\">\n\t\t\t\t\t<h3 class=\"elementor-heading-title elementor-size-default\">\u00d6l\u00e7\u00fcler<\/h3>\t\t\t\t<\/div>\n\t\t\t\t<\/div>\n\t\t\t\t<\/div>\n\t\t<div class=\"elementor-element elementor-element-344b72ea e-con-full e-flex e-con e-child\" data-id=\"344b72ea\" data-element_type=\"container\" data-e-type=\"container\">\n\t\t\t\t<div class=\"elementor-element elementor-element-41b8fc1d elementor-widget elementor-widget-text-editor\" data-id=\"41b8fc1d\" data-element_type=\"widget\" data-e-type=\"widget\" data-widget_type=\"text-editor.default\">\n\t\t\t\t<div class=\"elementor-widget-container\">\n\t\t\t\t\t\t\t\t\t<p><strong>Y\u00fckseklik:<\/strong> 102 mm<\/p><p><strong style=\"color: var( --e-global-color-text ); font-family: var( --e-global-typography-text-font-family ), Sans-serif; font-size: var( --e-global-typography-text-font-size ); text-align: var(--text-align); background-color: var(--bs-body-bg);\">Geni\u015flik: <\/strong><span style=\"color: var( --e-global-color-text ); font-family: var( --e-global-typography-text-font-family ), Sans-serif; font-size: var( --e-global-typography-text-font-size ); font-weight: var( --e-global-typography-text-font-weight ); text-align: var(--text-align); background-color: var(--bs-body-bg);\">126 mm<\/span><\/p><p><strong style=\"color: var( --e-global-color-text ); font-family: var( --e-global-typography-text-font-family ), Sans-serif; font-size: var( --e-global-typography-text-font-size ); text-align: var(--text-align); background-color: var(--bs-body-bg);\">Kal\u0131nl\u0131k:\u00a0<\/strong>65 mm<\/p>\t\t\t\t\t\t\t\t<\/div>\n\t\t\t\t<\/div>\n\t\t\t\t<\/div>\n\t\t\t\t\t<\/div>\n\t\t\t\t<\/div>\n\t\t\t\t<div class=\"elementor-element elementor-element-270302c0 elementor-widget-divider--view-line elementor-widget elementor-widget-divider\" data-id=\"270302c0\" data-element_type=\"widget\" data-e-type=\"widget\" id=\"line\" data-widget_type=\"divider.default\">\n\t\t\t\t<div class=\"elementor-widget-container\">\n\t\t\t\t\t\t\t<div class=\"elementor-divider\">\n\t\t\t<span class=\"elementor-divider-separator\">\n\t\t\t\t\t\t<\/span>\n\t\t<\/div>\n\t\t\t\t\t\t<\/div>\n\t\t\t\t<\/div>\n\t\t<div class=\"elementor-element elementor-element-190f49a4 e-flex e-con-boxed e-con e-child\" data-id=\"190f49a4\" data-element_type=\"container\" data-e-type=\"container\">\n\t\t\t\t\t<div class=\"e-con-inner\">\n\t\t<div class=\"elementor-element elementor-element-2bc60d52 e-con-full e-flex e-con e-child\" data-id=\"2bc60d52\" data-element_type=\"container\" data-e-type=\"container\" id=\"icon\">\n\t\t\t\t<div class=\"elementor-element elementor-element-5b275e9c elementor-hidden-mobile elementor-view-default elementor-widget elementor-widget-icon\" data-id=\"5b275e9c\" data-element_type=\"widget\" data-e-type=\"widget\" data-widget_type=\"icon.default\">\n\t\t\t\t<div class=\"elementor-widget-container\">\n\t\t\t\t\t\t\t<div class=\"elementor-icon-wrapper\">\n\t\t\t<div class=\"elementor-icon\">\n\t\t\t<svg aria-hidden=\"true\" class=\"e-font-icon-svg e-fas-microchip\" viewBox=\"0 0 512 512\" xmlns=\"http:\/\/www.w3.org\/2000\/svg\"><path d=\"M416 48v416c0 26.51-21.49 48-48 48H144c-26.51 0-48-21.49-48-48V48c0-26.51 21.49-48 48-48h224c26.51 0 48 21.49 48 48zm96 58v12a6 6 0 0 1-6 6h-18v6a6 6 0 0 1-6 6h-42V88h42a6 6 0 0 1 6 6v6h18a6 6 0 0 1 6 6zm0 96v12a6 6 0 0 1-6 6h-18v6a6 6 0 0 1-6 6h-42v-48h42a6 6 0 0 1 6 6v6h18a6 6 0 0 1 6 6zm0 96v12a6 6 0 0 1-6 6h-18v6a6 6 0 0 1-6 6h-42v-48h42a6 6 0 0 1 6 6v6h18a6 6 0 0 1 6 6zm0 96v12a6 6 0 0 1-6 6h-18v6a6 6 0 0 1-6 6h-42v-48h42a6 6 0 0 1 6 6v6h18a6 6 0 0 1 6 6zM30 376h42v48H30a6 6 0 0 1-6-6v-6H6a6 6 0 0 1-6-6v-12a6 6 0 0 1 6-6h18v-6a6 6 0 0 1 6-6zm0-96h42v48H30a6 6 0 0 1-6-6v-6H6a6 6 0 0 1-6-6v-12a6 6 0 0 1 6-6h18v-6a6 6 0 0 1 6-6zm0-96h42v48H30a6 6 0 0 1-6-6v-6H6a6 6 0 0 1-6-6v-12a6 6 0 0 1 6-6h18v-6a6 6 0 0 1 6-6zm0-96h42v48H30a6 6 0 0 1-6-6v-6H6a6 6 0 0 1-6-6v-12a6 6 0 0 1 6-6h18v-6a6 6 0 0 1 6-6z\"><\/path><\/svg>\t\t\t<\/div>\n\t\t<\/div>\n\t\t\t\t\t\t<\/div>\n\t\t\t\t<\/div>\n\t\t\t\t<\/div>\n\t\t<div class=\"elementor-element elementor-element-7624216a e-con-full e-flex e-con e-child\" data-id=\"7624216a\" data-element_type=\"container\" data-e-type=\"container\">\n\t\t\t\t<div class=\"elementor-element elementor-element-7d75b0ff elementor-widget elementor-widget-heading\" data-id=\"7d75b0ff\" data-element_type=\"widget\" data-e-type=\"widget\" data-widget_type=\"heading.default\">\n\t\t\t\t<div class=\"elementor-widget-container\">\n\t\t\t\t\t<h3 class=\"elementor-heading-title elementor-size-default\">Performans<\/h3>\t\t\t\t<\/div>\n\t\t\t\t<\/div>\n\t\t\t\t<\/div>\n\t\t<div class=\"elementor-element elementor-element-5cd68513 e-con-full e-flex e-con e-child\" data-id=\"5cd68513\" data-element_type=\"container\" data-e-type=\"container\">\n\t\t<div class=\"elementor-element elementor-element-138fccf1 e-flex e-con-boxed e-con e-child\" data-id=\"138fccf1\" data-element_type=\"container\" data-e-type=\"container\">\n\t\t\t\t\t<div class=\"e-con-inner\">\n\t\t\t\t<div class=\"elementor-element elementor-element-dc03652 elementor-widget elementor-widget-heading\" data-id=\"dc03652\" data-element_type=\"widget\" data-e-type=\"widget\" data-widget_type=\"heading.default\">\n\t\t\t\t<div class=\"elementor-widget-container\">\n\t\t\t\t\t<h3 class=\"elementor-heading-title elementor-size-default\">\u0130\u015flemci<\/h3>\t\t\t\t<\/div>\n\t\t\t\t<\/div>\n\t\t\t\t<div class=\"elementor-element elementor-element-63e87f44 elementor-widget elementor-widget-text-editor\" data-id=\"63e87f44\" data-element_type=\"widget\" data-e-type=\"widget\" data-widget_type=\"text-editor.default\">\n\t\t\t\t<div class=\"elementor-widget-container\">\n\t\t\t\t\t\t\t\t\t<p><strong style=\"color: var( --e-global-color-text ); font-family: var( --e-global-typography-f20955e-font-family ), Sans-serif; font-size: var( --e-global-typography-f20955e-font-size ); letter-spacing: var( --e-global-typography-f20955e-letter-spacing ); word-spacing: var( --e-global-typography-f20955e-word-spacing ); text-align: var(--text-align); background-color: var(--bs-body-bg);\">\u00c7ekirdek Say\u0131s\u0131:<\/strong><span style=\"color: var( --e-global-color-text ); font-family: var( --e-global-typography-f20955e-font-family ), Sans-serif; font-size: var( --e-global-typography-f20955e-font-size ); font-weight: var( --e-global-typography-f20955e-font-weight ); letter-spacing: var( --e-global-typography-f20955e-letter-spacing ); word-spacing: var( --e-global-typography-f20955e-word-spacing ); text-align: var(--text-align); background-color: var(--bs-body-bg);\"> 4<\/span><\/p><p><strong>H\u0131z\u0131:<\/strong> 2.4 Ghz<\/p>\t\t\t\t\t\t\t\t<\/div>\n\t\t\t\t<\/div>\n\t\t\t\t\t<\/div>\n\t\t\t\t<\/div>\n\t\t<div class=\"elementor-element elementor-element-4f718b9d e-flex e-con-boxed e-con e-child\" data-id=\"4f718b9d\" data-element_type=\"container\" data-e-type=\"container\">\n\t\t\t\t\t<div class=\"e-con-inner\">\n\t\t\t\t<div class=\"elementor-element elementor-element-17b7341b elementor-widget elementor-widget-heading\" data-id=\"17b7341b\" data-element_type=\"widget\" data-e-type=\"widget\" data-widget_type=\"heading.default\">\n\t\t\t\t<div class=\"elementor-widget-container\">\n\t\t\t\t\t<h3 class=\"elementor-heading-title elementor-size-default\">Haf\u0131za (RAM)<\/h3>\t\t\t\t<\/div>\n\t\t\t\t<\/div>\n\t\t\t\t<div class=\"elementor-element elementor-element-796326e2 elementor-widget elementor-widget-text-editor\" data-id=\"796326e2\" data-element_type=\"widget\" data-e-type=\"widget\" data-widget_type=\"text-editor.default\">\n\t\t\t\t<div class=\"elementor-widget-container\">\n\t\t\t\t\t\t\t\t\t<p><strong>Kapasite:<\/strong> 4 GB<\/p><p>\u00a0<\/p>\t\t\t\t\t\t\t\t<\/div>\n\t\t\t\t<\/div>\n\t\t\t\t\t<\/div>\n\t\t\t\t<\/div>\n\t\t<div class=\"elementor-element elementor-element-14f949d8 e-flex e-con-boxed e-con e-child\" data-id=\"14f949d8\" data-element_type=\"container\" data-e-type=\"container\">\n\t\t\t\t\t<div class=\"e-con-inner\">\n\t\t\t\t<div class=\"elementor-element elementor-element-76807e3c elementor-widget elementor-widget-heading\" data-id=\"76807e3c\" data-element_type=\"widget\" data-e-type=\"widget\" data-widget_type=\"heading.default\">\n\t\t\t\t<div class=\"elementor-widget-container\">\n\t\t\t\t\t<h3 class=\"elementor-heading-title elementor-size-default\">Depolama Alan\u0131<\/h3>\t\t\t\t<\/div>\n\t\t\t\t<\/div>\n\t\t\t\t<div class=\"elementor-element elementor-element-524fe394 elementor-widget elementor-widget-text-editor\" data-id=\"524fe394\" data-element_type=\"widget\" data-e-type=\"widget\" data-widget_type=\"text-editor.default\">\n\t\t\t\t<div class=\"elementor-widget-container\">\n\t\t\t\t\t\t\t\t\t<p><strong>T\u00fcr\u00fc:<\/strong> SSD<\/p><p><strong>Kapasite:<\/strong> 60 GB<\/p>\t\t\t\t\t\t\t\t<\/div>\n\t\t\t\t<\/div>\n\t\t\t\t\t<\/div>\n\t\t\t\t<\/div>\n\t\t\t\t<\/div>\n\t\t\t\t\t<\/div>\n\t\t\t\t<\/div>\n\t\t<div class=\"elementor-element elementor-element-217c09c9 e-flex e-con-boxed e-con e-child\" data-id=\"217c09c9\" data-element_type=\"container\" data-e-type=\"container\">\n\t\t\t\t\t<div class=\"e-con-inner\">\n\t\t<div class=\"elementor-element elementor-element-11f353d4 e-con-full e-flex e-con e-child\" data-id=\"11f353d4\" data-element_type=\"container\" data-e-type=\"container\" id=\"icon\">\n\t\t\t\t<div class=\"elementor-element elementor-element-147620a3 elementor-hidden-mobile elementor-view-default elementor-widget elementor-widget-icon\" data-id=\"147620a3\" data-element_type=\"widget\" data-e-type=\"widget\" data-widget_type=\"icon.default\">\n\t\t\t\t<div class=\"elementor-widget-container\">\n\t\t\t\t\t\t\t<div class=\"elementor-icon-wrapper\">\n\t\t\t<div class=\"elementor-icon\">\n\t\t\t<svg aria-hidden=\"true\" class=\"e-font-icon-svg e-fas-clipboard-list\" viewBox=\"0 0 384 512\" xmlns=\"http:\/\/www.w3.org\/2000\/svg\"><path d=\"M336 64h-80c0-35.3-28.7-64-64-64s-64 28.7-64 64H48C21.5 64 0 85.5 0 112v352c0 26.5 21.5 48 48 48h288c26.5 0 48-21.5 48-48V112c0-26.5-21.5-48-48-48zM96 424c-13.3 0-24-10.7-24-24s10.7-24 24-24 24 10.7 24 24-10.7 24-24 24zm0-96c-13.3 0-24-10.7-24-24s10.7-24 24-24 24 10.7 24 24-10.7 24-24 24zm0-96c-13.3 0-24-10.7-24-24s10.7-24 24-24 24 10.7 24 24-10.7 24-24 24zm96-192c13.3 0 24 10.7 24 24s-10.7 24-24 24-24-10.7-24-24 10.7-24 24-24zm128 368c0 4.4-3.6 8-8 8H168c-4.4 0-8-3.6-8-8v-16c0-4.4 3.6-8 8-8h144c4.4 0 8 3.6 8 8v16zm0-96c0 4.4-3.6 8-8 8H168c-4.4 0-8-3.6-8-8v-16c0-4.4 3.6-8 8-8h144c4.4 0 8 3.6 8 8v16zm0-96c0 4.4-3.6 8-8 8H168c-4.4 0-8-3.6-8-8v-16c0-4.4 3.6-8 8-8h144c4.4 0 8 3.6 8 8v16z\"><\/path><\/svg>\t\t\t<\/div>\n\t\t<\/div>\n\t\t\t\t\t\t<\/div>\n\t\t\t\t<\/div>\n\t\t\t\t<\/div>\n\t\t<div class=\"elementor-element elementor-element-58c37de7 e-con-full e-flex e-con e-child\" data-id=\"58c37de7\" data-element_type=\"container\" data-e-type=\"container\">\n\t\t\t\t<div class=\"elementor-element elementor-element-3ceebd3e elementor-widget elementor-widget-heading\" data-id=\"3ceebd3e\" data-element_type=\"widget\" data-e-type=\"widget\" data-widget_type=\"heading.default\">\n\t\t\t\t<div class=\"elementor-widget-container\">\n\t\t\t\t\t<h3 class=\"elementor-heading-title elementor-size-default\">Di\u011fer \u00d6zellikler<\/h3>\t\t\t\t<\/div>\n\t\t\t\t<\/div>\n\t\t\t\t<\/div>\n\t\t<div class=\"elementor-element elementor-element-512149f1 e-con-full e-flex e-con e-child\" data-id=\"512149f1\" data-element_type=\"container\" data-e-type=\"container\">\n\t\t<div class=\"elementor-element elementor-element-7591d5e8 e-flex e-con-boxed e-con e-child\" data-id=\"7591d5e8\" data-element_type=\"container\" data-e-type=\"container\">\n\t\t\t\t\t<div class=\"e-con-inner\">\n\t\t\t\t<div class=\"elementor-element elementor-element-30e47722 elementor-widget elementor-widget-text-editor\" data-id=\"30e47722\" data-element_type=\"widget\" data-e-type=\"widget\" data-widget_type=\"text-editor.default\">\n\t\t\t\t<div class=\"elementor-widget-container\">\n\t\t\t\t\t\t\t\t\t<p><strong>Hoparl\u00f6r:<\/strong> 2X4W<\/p>\n<p><strong>Kendi Ba\u015f\u0131na \u00c7al\u0131\u015fabilme:<\/strong> <img decoding=\"async\" loading=\"lazy\" class=\"emoji\" role=\"img\" draggable=\"false\" src=\"https:\/\/s.w.org\/images\/core\/emoji\/14.0.0\/svg\/2705.svg\" alt=\"\u2705\"><\/p>\n<p><strong>Entegre TPM:<\/strong> <img decoding=\"async\" loading=\"lazy\" class=\"emoji\" role=\"img\" draggable=\"false\" src=\"https:\/\/s.w.org\/images\/core\/emoji\/14.0.0\/svg\/2705.svg\" alt=\"\u2705\"><\/p>\n<p><strong>Wiegand:<\/strong> <img decoding=\"async\" loading=\"lazy\" class=\"emoji\" role=\"img\" draggable=\"false\" src=\"https:\/\/s.w.org\/images\/core\/emoji\/14.0.0\/svg\/2705.svg\" alt=\"\u2705\"><\/p>\n<p><strong>RS485:<\/strong> 1 Adet<\/p><p><strong style=\"color: var( --e-global-color-text ); text-align: var(--text-align); background-color: var(--bs-body-bg);\">HDMI:<\/strong><span style=\"color: var( --e-global-color-text ); text-align: var(--text-align); background-color: var(--bs-body-bg);\"> 1 Adet<\/span><\/p>\n<p><strong>USB Client:<\/strong> 6 Adet<\/p>\n<p><strong>USB Host:<\/strong> 1 Adet<\/p>\n<p><strong>\u0130\u015fletim Sistemi:<\/strong> 32 Bit G\u00f6m\u00fcl\u00fc<\/p>\n<p><strong>\u00c7al\u0131\u015fma S\u0131cakl\u0131\u011f\u0131:<\/strong> 0-60 \u00b0C<\/p>\n<p><strong style=\"letter-spacing: 0px;\">MTBF:<\/strong><span style=\"letter-spacing: 0px;\"> 500.000 saat<\/span><\/p>\t\t\t\t\t\t\t\t<\/div>\n\t\t\t\t<\/div>\n\t\t\t\t\t<\/div>\n\t\t\t\t<\/div>\n\t\t\t\t<\/div>\n\t\t\t\t\t<\/div>\n\t\t\t\t<\/div>\n\t\t\t\t\t<\/div>\n\t\t\t\t<\/div>\n\t\t<div class=\"elementor-element elementor-element-6fa4b9fb e-flex e-con-boxed e-con e-parent\" data-id=\"6fa4b9fb\" data-element_type=\"container\" data-e-type=\"container\">\n\t\t\t\t\t<div class=\"e-con-inner\">\n\t\t\t\t<div class=\"elementor-element elementor-element-409096ec elementor-widget elementor-widget-heading\" data-id=\"409096ec\" data-element_type=\"widget\" data-e-type=\"widget\" data-widget_type=\"heading.default\">\n\t\t\t\t<div class=\"elementor-widget-container\">\n\t\t\t\t\t<h3 class=\"elementor-heading-title elementor-size-default\">BioAffix\u00ae Gate Force Mini Modelleri<\/h3>\t\t\t\t<\/div>\n\t\t\t\t<\/div>\n\t\t\t\t\t<\/div>\n\t\t\t\t<\/div>\n\t\t<div class=\"elementor-element elementor-element-19e6f8a9 e-flex e-con-boxed e-con e-parent\" data-id=\"19e6f8a9\" data-element_type=\"container\" data-e-type=\"container\">\n\t\t\t\t\t<div class=\"e-con-inner\">\n\t\t\t\t<div class=\"elementor-element elementor-element-3021d15c elementor-widget elementor-widget-text-editor\" data-id=\"3021d15c\" data-element_type=\"widget\" data-e-type=\"widget\" data-widget_type=\"text-editor.default\">\n\t\t\t\t<div class=\"elementor-widget-container\">\n\t\t\t\t\t\t\t\t\t<div style=\"overflow-x: auto;\">\n<table width=\"100%\" cellspacing=\"0\" cellpadding=\"5\">\n<tbody>\n<tr style=\"text-align: left; background-color: #ca171e; color: white; font-weight: 500;\">\n<td style=\"width: 50%;\">Model<\/td>\n<td>A\u00e7\u0131klama<\/td>\n<\/tr>\n<tr>\n<td>DON-BIO-GAT-FOR-MIN-O<\/td>\n<td>Biyometrik Kimlik Do\u011frulama Mod\u00fcl\u00fc OSDP V2 Mod\u00fcll\u00fc<\/td>\n<\/tr>\n<tr>\n<td>DON-BIO-GAT-FOR-MIN-U<\/td>\n<td>Biyometrik Kimlik Do\u011frulama Mod\u00fcl\u00fc USB Mod\u00fcll\u00fc<\/td>\n<\/tr>\n<tr>\n<td>DON-BIO-GAT-FOR-MIN-P<\/td>\n<td>Biyometrik Kimlik Do\u011frulama Mod\u00fcl\u00fc Yaz\u0131c\u0131 Mod\u00fcll\u00fc<\/td>\n<\/tr>\n<tr>\n<td>DON-BIO-GAT-FOR-MIN-TO<\/td>\n<td>Biyometrik Kimlik Do\u011frulama Mod\u00fcl\u00fc TPM Entegreli, OSDP V2 Mod\u00fcll\u00fc<\/td>\n<\/tr>\n<tr>\n<td>DON-BIO-GAT-FOR-MIN-TU<\/td>\n<td>Biyometrik Kimlik Do\u011frulama Mod\u00fcl\u00fc TPM Entegreli, USB Mod\u00fcll\u00fc<\/td>\n<\/tr>\n<tr>\n<td>DON-BIO-GAT-FOR-MIN-TP<\/td>\n<td>Biyometrik Kimlik Do\u011frulama Mod\u00fcl\u00fc TPM Entegreli, Yaz\u0131c\u0131 Mod\u00fcll\u00fc<\/td>\n<\/tr>\n<\/tbody>\n<\/table>\n<\/div>\t\t\t\t\t\t\t\t<\/div>\n\t\t\t\t<\/div>\n\t\t\t\t\t<\/div>\n\t\t\t\t<\/div>\n\t\t\t\t<\/div>\n\t\t","protected":false},"excerpt":{"rendered":"<p>T\u00fcm biyometrik tiplerini okuyabilen ve yay\u0131n olarak kullan\u0131lan ak\u0131ll\u0131 kartlar\u0131n neredeyse tamam\u0131 ile \u00e7al\u0131\u015fabilen biyometrik kimlik do\u011frulama cihaz\u0131 BioAffix Gate Force Mini teknik \u00f6zelliklerine yak\u0131ndan bak\u0131n<\/p>\n","protected":false},"author":1,"featured_media":0,"parent":363,"menu_order":0,"comment_status":"closed","ping_status":"closed","template":"","meta":{"nf_dc_page":"","footnotes":""},"class_list":["post-679","page","type-page","status-publish","hentry","no-post-thumbnail"],"acf":[],"_links":{"self":[{"href":"https:\/\/bioaffix.com\/tr\/wp-json\/wp\/v2\/pages\/679","targetHints":{"allow":["GET"]}}],"collection":[{"href":"https:\/\/bioaffix.com\/tr\/wp-json\/wp\/v2\/pages"}],"about":[{"href":"https:\/\/bioaffix.com\/tr\/wp-json\/wp\/v2\/types\/page"}],"author":[{"embeddable":true,"href":"https:\/\/bioaffix.com\/tr\/wp-json\/wp\/v2\/users\/1"}],"replies":[{"embeddable":true,"href":"https:\/\/bioaffix.com\/tr\/wp-json\/wp\/v2\/comments?post=679"}],"version-history":[{"count":0,"href":"https:\/\/bioaffix.com\/tr\/wp-json\/wp\/v2\/pages\/679\/revisions"}],"up":[{"embeddable":true,"href":"https:\/\/bioaffix.com\/tr\/wp-json\/wp\/v2\/pages\/363"}],"wp:attachment":[{"href":"https:\/\/bioaffix.com\/tr\/wp-json\/wp\/v2\/media?parent=679"}],"curies":[{"name":"wp","href":"https:\/\/api.w.org\/{rel}","templated":true}]}}