{"id":6774,"date":"2024-07-31T23:39:37","date_gmt":"2024-07-31T20:39:37","guid":{"rendered":"https:\/\/bioaffix.com\/?page_id=6774"},"modified":"2025-05-29T17:10:55","modified_gmt":"2025-05-29T14:10:55","slug":"teknik-ozellikleri","status":"publish","type":"page","link":"https:\/\/bioaffix.com\/tr\/biyometrik-sensor\/bioaffix-sensor-3depthface\/teknik-ozellikleri\/","title":{"rendered":"BioAffix Sensor 3DepthFace Teknik \u00d6zellikleri"},"content":{"rendered":"\t\t<div data-elementor-type=\"wp-page\" data-elementor-id=\"6774\" class=\"elementor elementor-6774\">\n\t\t\t\t<div class=\"elementor-element elementor-element-94d823c submenuSticky e-flex e-con-boxed e-con e-parent\" data-id=\"94d823c\" data-element_type=\"container\" data-e-type=\"container\" data-settings=\"{&quot;background_background&quot;:&quot;classic&quot;}\">\n\t\t\t\t\t<div class=\"e-con-inner\">\n\t\t<div class=\"elementor-element elementor-element-9bea292 e-con-full elementor-hidden-mobile e-flex e-con e-child\" data-id=\"9bea292\" data-element_type=\"container\" data-e-type=\"container\">\n\t\t\t\t<div class=\"elementor-element elementor-element-9725793 elementor-widget elementor-widget-image\" data-id=\"9725793\" data-element_type=\"widget\" data-e-type=\"widget\" data-widget_type=\"image.default\">\n\t\t\t\t<div class=\"elementor-widget-container\">\n\t\t\t\t\t\t\t\t\t\t\t\t\t\t\t\t<a href=\"https:\/\/bioaffix.com\/tr\/biyometrik-sensor\/bioaffix-sensor-3depthface\/\">\n\t\t\t\t\t\t\t<img loading=\"lazy\" decoding=\"async\" loading=\"lazy\" width=\"107\" height=\"38\" src=\"https:\/\/bioaffix.com\/wp-content\/uploads\/BioAffix-Sensor-Logo.webp\" class=\"attachment-full size-full wp-image-8875\" alt=\"\" \/>\t\t\t\t\t\t\t\t<\/a>\n\t\t\t\t\t\t\t\t\t\t\t\t\t\t\t<\/div>\n\t\t\t\t<\/div>\n\t\t\t\t<\/div>\n\t\t<div class=\"elementor-element elementor-element-3e746e6 e-con-full e-flex e-con e-child\" data-id=\"3e746e6\" data-element_type=\"container\" data-e-type=\"container\">\n\t\t\t\t<div class=\"elementor-element elementor-element-d224fef customNavMenu elementor-widget elementor-widget-wp-widget-nav_menu\" data-id=\"d224fef\" data-element_type=\"widget\" data-e-type=\"widget\" data-widget_type=\"wp-widget-nav_menu.default\">\n\t\t\t\t<div class=\"elementor-widget-container\">\n\t\t\t\t\t<div class=\"menu-bioaffix-sensor-3depthface-tr-container\"><ul id=\"menu-bioaffix-sensor-3depthface-tr\" class=\"menu\"><li id=\"menu-item-6796\" class=\"menu-item menu-item-type-post_type menu-item-object-page menu-item-6796\"><a href=\"https:\/\/bioaffix.com\/tr\/biyometrik-sensor\/bioaffix-sensor-3depthface\/\"   class=\"nav-link\">Genel Bak\u0131\u015f <\/a><\/li>\n<li id=\"menu-item-6797\" class=\"menu-item menu-item-type-post_type menu-item-object-page menu-item-6797\"><a href=\"https:\/\/bioaffix.com\/tr\/biyometrik-sensor\/bioaffix-sensor-3depthface\/teknik-ozellikleri\/\"   class=\"nav-link\">Teknik \u00d6zellikleri <\/a><\/li>\n<\/ul><\/div>\t\t\t\t<\/div>\n\t\t\t\t<\/div>\n\t\t\t\t<\/div>\n\t\t\t\t\t<\/div>\n\t\t\t\t<\/div>\n\t\t<div class=\"elementor-element elementor-element-ccade7a e-con-full e-flex e-con e-parent\" data-id=\"ccade7a\" data-element_type=\"container\" data-e-type=\"container\" data-settings=\"{&quot;background_background&quot;:&quot;gradient&quot;}\">\n\t\t\t\t<div class=\"elementor-element elementor-element-72be11f elementor-widget elementor-widget-heading\" data-id=\"72be11f\" data-element_type=\"widget\" data-e-type=\"widget\" data-widget_type=\"heading.default\">\n\t\t\t\t<div class=\"elementor-widget-container\">\n\t\t\t\t\t<h2 class=\"elementor-heading-title elementor-size-default\">BioAffix Sensor 3DepthFace Teknik \u00d6zellikleri<\/h2>\t\t\t\t<\/div>\n\t\t\t\t<\/div>\n\t\t\t\t<\/div>\n\t\t<div class=\"elementor-element elementor-element-281db8d e-flex e-con-boxed e-con e-parent\" data-id=\"281db8d\" data-element_type=\"container\" data-e-type=\"container\">\n\t\t\t\t\t<div class=\"e-con-inner\">\n\t\t\t\t<div class=\"elementor-element elementor-element-63e088f elementor-widget elementor-widget-image\" data-id=\"63e088f\" data-element_type=\"widget\" data-e-type=\"widget\" data-widget_type=\"image.default\">\n\t\t\t\t<div class=\"elementor-widget-container\">\n\t\t\t\t\t\t\t\t\t\t\t\t\t\t\t<img loading=\"lazy\" decoding=\"async\" loading=\"lazy\" width=\"399\" height=\"400\" src=\"https:\/\/bioaffix.com\/wp-content\/uploads\/BioAffix-Sensor-3DepthFace-Dimensions.webp\" class=\"attachment-full size-full wp-image-6776\" alt=\"BioAffix 3DepthFace 3 boyutlu y\u00fcz tan\u0131ma cihaz\u0131 \u00f6l\u00e7\u00fcleri\" srcset=\"https:\/\/bioaffix.com\/wp-content\/uploads\/BioAffix-Sensor-3DepthFace-Dimensions.webp 399w, https:\/\/bioaffix.com\/wp-content\/uploads\/BioAffix-Sensor-3DepthFace-Dimensions-300x300.webp 300w, https:\/\/bioaffix.com\/wp-content\/uploads\/BioAffix-Sensor-3DepthFace-Dimensions-150x150.webp 150w, https:\/\/bioaffix.com\/wp-content\/uploads\/BioAffix-Sensor-3DepthFace-Dimensions-80x80.webp 80w, https:\/\/bioaffix.com\/wp-content\/uploads\/BioAffix-Sensor-3DepthFace-Dimensions-70x70.webp 70w, https:\/\/bioaffix.com\/wp-content\/uploads\/BioAffix-Sensor-3DepthFace-Dimensions-100x100.webp 100w, https:\/\/bioaffix.com\/wp-content\/uploads\/BioAffix-Sensor-3DepthFace-Dimensions-370x370.webp 370w, https:\/\/bioaffix.com\/wp-content\/uploads\/BioAffix-Sensor-3DepthFace-Dimensions-75x75.webp 75w\" sizes=\"auto, (max-width: 399px) 100vw, 399px\" \/>\t\t\t\t\t\t\t\t\t\t\t\t\t\t\t<\/div>\n\t\t\t\t<\/div>\n\t\t<div class=\"elementor-element elementor-element-903301b e-flex e-con-boxed e-con e-child\" data-id=\"903301b\" data-element_type=\"container\" data-e-type=\"container\">\n\t\t\t\t\t<div class=\"e-con-inner\">\n\t\t<div class=\"elementor-element elementor-element-b8b3649 e-con-full e-flex e-con e-child\" data-id=\"b8b3649\" data-element_type=\"container\" data-e-type=\"container\">\n\t\t\t\t<div class=\"elementor-element elementor-element-1e54ce6 elementor-hidden-mobile elementor-view-default elementor-widget elementor-widget-icon\" data-id=\"1e54ce6\" data-element_type=\"widget\" data-e-type=\"widget\" data-widget_type=\"icon.default\">\n\t\t\t\t<div class=\"elementor-widget-container\">\n\t\t\t\t\t\t\t<div class=\"elementor-icon-wrapper\">\n\t\t\t<div class=\"elementor-icon\">\n\t\t\t<svg aria-hidden=\"true\" class=\"e-font-icon-svg e-fas-ruler-combined\" viewBox=\"0 0 512 512\" xmlns=\"http:\/\/www.w3.org\/2000\/svg\"><path d=\"M160 288h-56c-4.42 0-8-3.58-8-8v-16c0-4.42 3.58-8 8-8h56v-64h-56c-4.42 0-8-3.58-8-8v-16c0-4.42 3.58-8 8-8h56V96h-56c-4.42 0-8-3.58-8-8V72c0-4.42 3.58-8 8-8h56V32c0-17.67-14.33-32-32-32H32C14.33 0 0 14.33 0 32v448c0 2.77.91 5.24 1.57 7.8L160 329.38V288zm320 64h-32v56c0 4.42-3.58 8-8 8h-16c-4.42 0-8-3.58-8-8v-56h-64v56c0 4.42-3.58 8-8 8h-16c-4.42 0-8-3.58-8-8v-56h-64v56c0 4.42-3.58 8-8 8h-16c-4.42 0-8-3.58-8-8v-56h-41.37L24.2 510.43c2.56.66 5.04 1.57 7.8 1.57h448c17.67 0 32-14.33 32-32v-96c0-17.67-14.33-32-32-32z\"><\/path><\/svg>\t\t\t<\/div>\n\t\t<\/div>\n\t\t\t\t\t\t<\/div>\n\t\t\t\t<\/div>\n\t\t\t\t<\/div>\n\t\t<div class=\"elementor-element elementor-element-fe63e8b e-con-full e-flex e-con e-child\" data-id=\"fe63e8b\" data-element_type=\"container\" data-e-type=\"container\">\n\t\t\t\t<div class=\"elementor-element elementor-element-0b413bd elementor-widget elementor-widget-heading\" data-id=\"0b413bd\" data-element_type=\"widget\" data-e-type=\"widget\" data-widget_type=\"heading.default\">\n\t\t\t\t<div class=\"elementor-widget-container\">\n\t\t\t\t\t<h3 class=\"elementor-heading-title elementor-size-default\">\u00d6l\u00e7\u00fcler<\/h3>\t\t\t\t<\/div>\n\t\t\t\t<\/div>\n\t\t\t\t<\/div>\n\t\t<div class=\"elementor-element elementor-element-364e0f8 e-con-full e-flex e-con e-child\" data-id=\"364e0f8\" data-element_type=\"container\" data-e-type=\"container\">\n\t\t\t\t<div class=\"elementor-element elementor-element-407796f elementor-widget elementor-widget-text-editor\" data-id=\"407796f\" data-element_type=\"widget\" data-e-type=\"widget\" data-widget_type=\"text-editor.default\">\n\t\t\t\t<div class=\"elementor-widget-container\">\n\t\t\t\t\t\t\t\t\t<p><strong>Y\u00fckseklik:<\/strong> 46 mm<\/p><p><strong style=\"color: var( --e-global-color-text ); font-family: var( --e-global-typography-text-font-family ), Sans-serif; font-size: var( --e-global-typography-text-font-size ); text-align: var(--text-align); background-color: var(--bs-body-bg);\">Geni\u015flik:\u00a0<\/strong><span style=\"color: var( --e-global-color-text ); font-family: var( --e-global-typography-text-font-family ), Sans-serif; font-size: var( --e-global-typography-text-font-size ); font-weight: var( --e-global-typography-text-font-weight ); text-align: var(--text-align); background-color: var(--bs-body-bg);\">65 mm<\/span><\/p><p><strong style=\"color: var( --e-global-color-text ); font-family: var( --e-global-typography-text-font-family ), Sans-serif; font-size: var( --e-global-typography-text-font-size ); text-align: var(--text-align); background-color: var(--bs-body-bg);\">Derinlik:\u00a0<\/strong><span style=\"color: var( --e-global-color-text ); font-family: var( --e-global-typography-text-font-family ), Sans-serif; font-size: var( --e-global-typography-text-font-size ); font-weight: var( --e-global-typography-text-font-weight ); text-align: var(--text-align); background-color: var(--bs-body-bg);\">12 mm<\/span><\/p>\t\t\t\t\t\t\t\t<\/div>\n\t\t\t\t<\/div>\n\t\t\t\t<\/div>\n\t\t\t\t\t<\/div>\n\t\t\t\t<\/div>\n\t\t\t\t<div class=\"elementor-element elementor-element-144456c elementor-widget-divider--view-line elementor-widget elementor-widget-divider\" data-id=\"144456c\" data-element_type=\"widget\" data-e-type=\"widget\" data-widget_type=\"divider.default\">\n\t\t\t\t<div class=\"elementor-widget-container\">\n\t\t\t\t\t\t\t<div class=\"elementor-divider\">\n\t\t\t<span class=\"elementor-divider-separator\">\n\t\t\t\t\t\t<\/span>\n\t\t<\/div>\n\t\t\t\t\t\t<\/div>\n\t\t\t\t<\/div>\n\t\t<div class=\"elementor-element elementor-element-b6d8e7d e-con-full e-flex e-con e-child\" data-id=\"b6d8e7d\" data-element_type=\"container\" data-e-type=\"container\">\n\t\t<div class=\"elementor-element elementor-element-0710d9b e-con-full e-flex e-con e-child\" data-id=\"0710d9b\" data-element_type=\"container\" data-e-type=\"container\">\n\t\t\t\t<div class=\"elementor-element elementor-element-e081a1d elementor-hidden-mobile elementor-view-default elementor-widget elementor-widget-icon\" data-id=\"e081a1d\" data-element_type=\"widget\" data-e-type=\"widget\" data-widget_type=\"icon.default\">\n\t\t\t\t<div class=\"elementor-widget-container\">\n\t\t\t\t\t\t\t<div class=\"elementor-icon-wrapper\">\n\t\t\t<div class=\"elementor-icon\">\n\t\t\t<svg aria-hidden=\"true\" class=\"e-font-icon-svg e-fas-camera\" viewBox=\"0 0 512 512\" xmlns=\"http:\/\/www.w3.org\/2000\/svg\"><path d=\"M512 144v288c0 26.5-21.5 48-48 48H48c-26.5 0-48-21.5-48-48V144c0-26.5 21.5-48 48-48h88l12.3-32.9c7-18.7 24.9-31.1 44.9-31.1h125.5c20 0 37.9 12.4 44.9 31.1L376 96h88c26.5 0 48 21.5 48 48zM376 288c0-66.2-53.8-120-120-120s-120 53.8-120 120 53.8 120 120 120 120-53.8 120-120zm-32 0c0 48.5-39.5 88-88 88s-88-39.5-88-88 39.5-88 88-88 88 39.5 88 88z\"><\/path><\/svg>\t\t\t<\/div>\n\t\t<\/div>\n\t\t\t\t\t\t<\/div>\n\t\t\t\t<\/div>\n\t\t\t\t<\/div>\n\t\t<div class=\"elementor-element elementor-element-678dd43 e-con-full e-flex e-con e-child\" data-id=\"678dd43\" data-element_type=\"container\" data-e-type=\"container\">\n\t\t\t\t<div class=\"elementor-element elementor-element-79ffc4c elementor-widget elementor-widget-heading\" data-id=\"79ffc4c\" data-element_type=\"widget\" data-e-type=\"widget\" data-widget_type=\"heading.default\">\n\t\t\t\t<div class=\"elementor-widget-container\">\n\t\t\t\t\t<h3 class=\"elementor-heading-title elementor-size-default\">Kamera<\/h3>\t\t\t\t<\/div>\n\t\t\t\t<\/div>\n\t\t\t\t<\/div>\n\t\t<div class=\"elementor-element elementor-element-70ddbcd e-flex e-con-boxed e-con e-child\" data-id=\"70ddbcd\" data-element_type=\"container\" data-e-type=\"container\">\n\t\t\t\t\t<div class=\"e-con-inner\">\n\t\t<div class=\"elementor-element elementor-element-c7bddd9 e-con-full e-flex e-con e-child\" data-id=\"c7bddd9\" data-element_type=\"container\" data-e-type=\"container\">\n\t\t\t\t<div class=\"elementor-element elementor-element-3818b31 elementor-widget elementor-widget-text-editor\" data-id=\"3818b31\" data-element_type=\"widget\" data-e-type=\"widget\" data-widget_type=\"text-editor.default\">\n\t\t\t\t<div class=\"elementor-widget-container\">\n\t\t\t\t\t\t\t\t\t<p><strong>G\u00f6r\u00fcnt\u00fc A\u00e7\u0131s\u0131:<\/strong> 59\u00b0\u00d7 80\u00b0<\/p><p><strong>K\u0131z\u0131l\u00f6tesi LED:<\/strong> \u2705<\/p><p><strong>\u00c7al\u0131\u015fma Sistemi:<\/strong> Biyometrik Y\u00fcz Do\u011frulama<\/p><p><strong style=\"color: var( --e-global-color-text ); font-family: var( --e-global-typography-f20955e-font-family ), Sans-serif; font-size: var( --e-global-typography-f20955e-font-size ); letter-spacing: var( --e-global-typography-f20955e-letter-spacing ); word-spacing: var( --e-global-typography-f20955e-word-spacing ); text-align: var(--text-align); background-color: var(--bs-body-bg);\">FAR (Yanl\u0131\u015f Kabul Oran\u0131):<\/strong><span style=\"color: var( --e-global-color-text ); font-family: var( --e-global-typography-f20955e-font-family ), Sans-serif; font-size: var( --e-global-typography-f20955e-font-size ); font-weight: var( --e-global-typography-f20955e-font-weight ); letter-spacing: var( --e-global-typography-f20955e-letter-spacing ); word-spacing: var( --e-global-typography-f20955e-word-spacing ); text-align: var(--text-align); background-color: var(--bs-body-bg);\"> 1:1M<\/span><\/p><p><strong style=\"color: var( --e-global-color-text ); font-family: var( --e-global-typography-f20955e-font-family ), Sans-serif; font-size: var( --e-global-typography-f20955e-font-size ); letter-spacing: var( --e-global-typography-f20955e-letter-spacing ); word-spacing: var( --e-global-typography-f20955e-word-spacing ); text-align: var(--text-align); background-color: var(--bs-body-bg);\">TAR (Do\u011fru Kabul Oran\u0131):<\/strong><span style=\"color: var( --e-global-color-text ); font-family: var( --e-global-typography-f20955e-font-family ), Sans-serif; font-size: var( --e-global-typography-f20955e-font-size ); font-weight: var( --e-global-typography-f20955e-font-weight ); letter-spacing: var( --e-global-typography-f20955e-letter-spacing ); word-spacing: var( --e-global-typography-f20955e-word-spacing ); text-align: var(--text-align); background-color: var(--bs-body-bg);\"> 99.76%<\/span><\/p><p><strong style=\"color: var( --e-global-color-text ); font-family: var( --e-global-typography-f20955e-font-family ), Sans-serif; font-size: var( --e-global-typography-f20955e-font-size ); letter-spacing: var( --e-global-typography-f20955e-letter-spacing ); word-spacing: var( --e-global-typography-f20955e-word-spacing ); text-align: var(--text-align); background-color: var(--bs-body-bg);\">SAR (Sahtecilik Kabul Oran\u0131):<\/strong><span style=\"color: var( --e-global-color-text ); font-family: var( --e-global-typography-f20955e-font-family ), Sans-serif; font-size: var( --e-global-typography-f20955e-font-size ); font-weight: var( --e-global-typography-f20955e-font-weight ); letter-spacing: var( --e-global-typography-f20955e-letter-spacing ); word-spacing: var( --e-global-typography-f20955e-word-spacing ); text-align: var(--text-align); background-color: var(--bs-body-bg);\"> &lt;0.1%<\/span><\/p><p><strong style=\"color: var( --e-global-color-text ); font-family: var( --e-global-typography-f20955e-font-family ), Sans-serif; font-size: var( --e-global-typography-f20955e-font-size ); letter-spacing: var( --e-global-typography-f20955e-letter-spacing ); word-spacing: var( --e-global-typography-f20955e-word-spacing ); text-align: var(--text-align); background-color: var(--bs-body-bg);\">\u00d6nerilen Do\u011frulama Mesafesi:<\/strong><span style=\"color: var( --e-global-color-text ); font-family: var( --e-global-typography-f20955e-font-family ), Sans-serif; font-size: var( --e-global-typography-f20955e-font-size ); font-weight: var( --e-global-typography-f20955e-font-weight ); letter-spacing: var( --e-global-typography-f20955e-letter-spacing ); word-spacing: var( --e-global-typography-f20955e-word-spacing ); text-align: var(--text-align); background-color: var(--bs-body-bg);\"> 0.3 m &#8211; 1m<\/span><\/p>\t\t\t\t\t\t\t\t<\/div>\n\t\t\t\t<\/div>\n\t\t\t\t<\/div>\n\t\t\t\t\t<\/div>\n\t\t\t\t<\/div>\n\t\t\t\t<\/div>\n\t\t\t\t<div class=\"elementor-element elementor-element-4a17f97 elementor-widget-divider--view-line elementor-widget elementor-widget-divider\" data-id=\"4a17f97\" data-element_type=\"widget\" data-e-type=\"widget\" data-widget_type=\"divider.default\">\n\t\t\t\t<div class=\"elementor-widget-container\">\n\t\t\t\t\t\t\t<div class=\"elementor-divider\">\n\t\t\t<span class=\"elementor-divider-separator\">\n\t\t\t\t\t\t<\/span>\n\t\t<\/div>\n\t\t\t\t\t\t<\/div>\n\t\t\t\t<\/div>\n\t\t<div class=\"elementor-element elementor-element-84703c7 e-flex e-con-boxed e-con e-child\" data-id=\"84703c7\" data-element_type=\"container\" data-e-type=\"container\">\n\t\t\t\t\t<div class=\"e-con-inner\">\n\t\t<div class=\"elementor-element elementor-element-6617ef1 e-con-full e-flex e-con e-child\" data-id=\"6617ef1\" data-element_type=\"container\" data-e-type=\"container\">\n\t\t\t\t<div class=\"elementor-element elementor-element-e199383 elementor-hidden-mobile elementor-view-default elementor-widget elementor-widget-icon\" data-id=\"e199383\" data-element_type=\"widget\" data-e-type=\"widget\" data-widget_type=\"icon.default\">\n\t\t\t\t<div class=\"elementor-widget-container\">\n\t\t\t\t\t\t\t<div class=\"elementor-icon-wrapper\">\n\t\t\t<div class=\"elementor-icon\">\n\t\t\t<svg aria-hidden=\"true\" class=\"e-font-icon-svg e-fas-clipboard-list\" viewBox=\"0 0 384 512\" xmlns=\"http:\/\/www.w3.org\/2000\/svg\"><path d=\"M336 64h-80c0-35.3-28.7-64-64-64s-64 28.7-64 64H48C21.5 64 0 85.5 0 112v352c0 26.5 21.5 48 48 48h288c26.5 0 48-21.5 48-48V112c0-26.5-21.5-48-48-48zM96 424c-13.3 0-24-10.7-24-24s10.7-24 24-24 24 10.7 24 24-10.7 24-24 24zm0-96c-13.3 0-24-10.7-24-24s10.7-24 24-24 24 10.7 24 24-10.7 24-24 24zm0-96c-13.3 0-24-10.7-24-24s10.7-24 24-24 24 10.7 24 24-10.7 24-24 24zm96-192c13.3 0 24 10.7 24 24s-10.7 24-24 24-24-10.7-24-24 10.7-24 24-24zm128 368c0 4.4-3.6 8-8 8H168c-4.4 0-8-3.6-8-8v-16c0-4.4 3.6-8 8-8h144c4.4 0 8 3.6 8 8v16zm0-96c0 4.4-3.6 8-8 8H168c-4.4 0-8-3.6-8-8v-16c0-4.4 3.6-8 8-8h144c4.4 0 8 3.6 8 8v16zm0-96c0 4.4-3.6 8-8 8H168c-4.4 0-8-3.6-8-8v-16c0-4.4 3.6-8 8-8h144c4.4 0 8 3.6 8 8v16z\"><\/path><\/svg>\t\t\t<\/div>\n\t\t<\/div>\n\t\t\t\t\t\t<\/div>\n\t\t\t\t<\/div>\n\t\t\t\t<\/div>\n\t\t<div class=\"elementor-element elementor-element-aaf996e e-con-full e-flex e-con e-child\" data-id=\"aaf996e\" data-element_type=\"container\" data-e-type=\"container\">\n\t\t\t\t<div class=\"elementor-element elementor-element-a4b2f1d elementor-widget elementor-widget-heading\" data-id=\"a4b2f1d\" data-element_type=\"widget\" data-e-type=\"widget\" data-widget_type=\"heading.default\">\n\t\t\t\t<div class=\"elementor-widget-container\">\n\t\t\t\t\t<h3 class=\"elementor-heading-title elementor-size-default\">Di\u011fer \u00d6zellikler<\/h3>\t\t\t\t<\/div>\n\t\t\t\t<\/div>\n\t\t\t\t<\/div>\n\t\t<div class=\"elementor-element elementor-element-61deb8d e-con-full e-flex e-con e-child\" data-id=\"61deb8d\" data-element_type=\"container\" data-e-type=\"container\">\n\t\t<div class=\"elementor-element elementor-element-78d5f57 e-flex e-con-boxed e-con e-child\" data-id=\"78d5f57\" data-element_type=\"container\" data-e-type=\"container\">\n\t\t\t\t\t<div class=\"e-con-inner\">\n\t\t\t\t<div class=\"elementor-element elementor-element-3759b65 elementor-widget elementor-widget-text-editor\" data-id=\"3759b65\" data-element_type=\"widget\" data-e-type=\"widget\" data-widget_type=\"text-editor.default\">\n\t\t\t\t<div class=\"elementor-widget-container\">\n\t\t\t\t\t\t\t\t\t<p><strong>\u00c7al\u0131\u015fma S\u0131cakl\u0131\u011f\u0131:<\/strong> 0-55 \u00b0C<\/p>\t\t\t\t\t\t\t\t<\/div>\n\t\t\t\t<\/div>\n\t\t\t\t\t<\/div>\n\t\t\t\t<\/div>\n\t\t\t\t<\/div>\n\t\t\t\t\t<\/div>\n\t\t\t\t<\/div>\n\t\t\t\t\t<\/div>\n\t\t\t\t<\/div>\n\t\t\t\t<\/div>\n\t\t","protected":false},"excerpt":{"rendered":"<p>K\u0131z\u0131l\u00f6tesi 3 boyutlu kameras\u0131 ile y\u00fcksek g\u00fcvenlik \u00f6zellikleri sunan BioAffix 3DepthFace Sensor&#8217;un teknik \u00f6zelliklerini yak\u0131ndan inceleyin<\/p>\n","protected":false},"author":2,"featured_media":0,"parent":6743,"menu_order":0,"comment_status":"closed","ping_status":"closed","template":"","meta":{"nf_dc_page":"","footnotes":""},"class_list":["post-6774","page","type-page","status-publish","hentry","no-post-thumbnail"],"acf":[],"_links":{"self":[{"href":"https:\/\/bioaffix.com\/tr\/wp-json\/wp\/v2\/pages\/6774","targetHints":{"allow":["GET"]}}],"collection":[{"href":"https:\/\/bioaffix.com\/tr\/wp-json\/wp\/v2\/pages"}],"about":[{"href":"https:\/\/bioaffix.com\/tr\/wp-json\/wp\/v2\/types\/page"}],"author":[{"embeddable":true,"href":"https:\/\/bioaffix.com\/tr\/wp-json\/wp\/v2\/users\/2"}],"replies":[{"embeddable":true,"href":"https:\/\/bioaffix.com\/tr\/wp-json\/wp\/v2\/comments?post=6774"}],"version-history":[{"count":0,"href":"https:\/\/bioaffix.com\/tr\/wp-json\/wp\/v2\/pages\/6774\/revisions"}],"up":[{"embeddable":true,"href":"https:\/\/bioaffix.com\/tr\/wp-json\/wp\/v2\/pages\/6743"}],"wp:attachment":[{"href":"https:\/\/bioaffix.com\/tr\/wp-json\/wp\/v2\/media?parent=6774"}],"curies":[{"name":"wp","href":"https:\/\/api.w.org\/{rel}","templated":true}]}}