{"id":6683,"date":"2024-07-25T13:47:10","date_gmt":"2024-07-25T10:47:10","guid":{"rendered":"https:\/\/bioaffix.com\/?page_id=6683"},"modified":"2026-02-04T14:35:32","modified_gmt":"2026-02-04T11:35:32","slug":"sensor","status":"publish","type":"page","link":"https:\/\/bioaffix.com\/tr\/sensor\/","title":{"rendered":"Sens\u00f6r"},"content":{"rendered":"\t\t<div data-elementor-type=\"wp-page\" data-elementor-id=\"6683\" class=\"elementor elementor-6683\">\n\t\t\t\t<div class=\"elementor-element elementor-element-6909803 e-con-full e-flex e-con e-parent\" data-id=\"6909803\" data-element_type=\"container\" data-e-type=\"container\" data-settings=\"{&quot;background_background&quot;:&quot;classic&quot;}\">\n\t\t<div class=\"elementor-element elementor-element-7da9fa2 e-con-full e-flex e-con e-child\" data-id=\"7da9fa2\" data-element_type=\"container\" data-e-type=\"container\">\n\t\t\t\t<div class=\"elementor-element elementor-element-6d3af35 elementor-widget elementor-widget-heading\" data-id=\"6d3af35\" data-element_type=\"widget\" data-e-type=\"widget\" data-widget_type=\"heading.default\">\n\t\t\t\t<div class=\"elementor-widget-container\">\n\t\t\t\t\t<h1 class=\"elementor-heading-title elementor-size-large\">BioAffix Sens\u00f6r \u00dcr\u00fcn Ailesi<\/h1>\t\t\t\t<\/div>\n\t\t\t\t<\/div>\n\t\t\t\t<div class=\"elementor-element elementor-element-e7b9641 elementor-widget elementor-widget-text-editor\" data-id=\"e7b9641\" data-element_type=\"widget\" data-e-type=\"widget\" data-widget_type=\"text-editor.default\">\n\t\t\t\t<div class=\"elementor-widget-container\">\n\t\t\t\t\t\t\t\t\t<p style=\"text-align: center;\">BioAffix sens\u00f6rleri ile ge\u00e7i\u015f i\u015flemlerinizde g\u00fcvenli\u011fi ve rahatl\u0131\u011f\u0131 sa\u011flayabilirsiniz.<\/p>\t\t\t\t\t\t\t\t<\/div>\n\t\t\t\t<\/div>\n\t\t\t\t<\/div>\n\t\t\t\t<\/div>\n\t\t\t\t<section class=\"elementor-section elementor-top-section elementor-element elementor-element-3497d72 elementor-section-height-min-height elementor-section-boxed elementor-section-height-default elementor-section-items-middle\" data-id=\"3497d72\" data-element_type=\"section\" data-e-type=\"section\" data-settings=\"{&quot;background_background&quot;:&quot;classic&quot;}\">\n\t\t\t\t\t\t<div class=\"elementor-container elementor-column-gap-default\">\n\t\t\t\t\t<div class=\"elementor-column elementor-col-100 elementor-top-column elementor-element elementor-element-5e311120\" data-id=\"5e311120\" data-element_type=\"column\" data-e-type=\"column\">\n\t\t\t<div class=\"elementor-widget-wrap elementor-element-populated\">\n\t\t\t\t<div class=\"elementor-element elementor-element-54946193 e-con-full e-flex e-con e-parent\" data-id=\"54946193\" data-element_type=\"container\" data-e-type=\"container\">\n\t\t<a class=\"elementor-element elementor-element-6f53f7fb e-con-full e-flex e-con e-child\" data-id=\"6f53f7fb\" data-element_type=\"container\" data-e-type=\"container\" href=\"https:\/\/bioaffix.com\/tr\/sensor\/bioaffix-sensor-no-touch-button\/\">\n\t\t\t\t<div class=\"elementor-element elementor-element-545907f9 elementor-widget elementor-widget-image\" data-id=\"545907f9\" data-element_type=\"widget\" data-e-type=\"widget\" data-widget_type=\"image.default\">\n\t\t\t\t<div class=\"elementor-widget-container\">\n\t\t\t\t\t\t\t\t\t\t\t\t\t\t\t<img loading=\"lazy\" decoding=\"async\" loading=\"lazy\" width=\"253\" height=\"143\" src=\"https:\/\/bioaffix.com\/wp-content\/uploads\/Related-Product-BioAffix-Sensor-No-Touch-Button.webp\" class=\"attachment-large size-large wp-image-14788\" alt=\"\" \/>\t\t\t\t\t\t\t\t\t\t\t\t\t\t\t<\/div>\n\t\t\t\t<\/div>\n\t\t\t\t<div class=\"elementor-element elementor-element-3d813b61 elementor-widget elementor-widget-heading\" data-id=\"3d813b61\" data-element_type=\"widget\" data-e-type=\"widget\" data-widget_type=\"heading.default\">\n\t\t\t\t<div class=\"elementor-widget-container\">\n\t\t\t\t\t<h2 class=\"elementor-heading-title elementor-size-default\">BioAffix\u00ae Sensor No Touch Button<\/h2>\t\t\t\t<\/div>\n\t\t\t\t<\/div>\n\t\t\t\t<\/a>\n\t\t<a class=\"elementor-element elementor-element-3b1cfc4a e-con-full e-flex e-con e-child\" data-id=\"3b1cfc4a\" data-element_type=\"container\" data-e-type=\"container\" href=\"https:\/\/bioaffix.com\/sensor\/bioaffix-sensor-touch-button\/\">\n\t\t\t\t<div class=\"elementor-element elementor-element-3102b7af elementor-widget elementor-widget-image\" data-id=\"3102b7af\" data-element_type=\"widget\" data-e-type=\"widget\" data-widget_type=\"image.default\">\n\t\t\t\t<div class=\"elementor-widget-container\">\n\t\t\t\t\t\t\t\t\t\t\t\t\t\t\t<img loading=\"lazy\" decoding=\"async\" loading=\"lazy\" width=\"253\" height=\"143\" src=\"https:\/\/bioaffix.com\/wp-content\/uploads\/Related-Product-BioAffix-Sensor-Touch-Button.webp\" class=\"attachment-large size-large wp-image-14099\" alt=\"\" \/>\t\t\t\t\t\t\t\t\t\t\t\t\t\t\t<\/div>\n\t\t\t\t<\/div>\n\t\t\t\t<div class=\"elementor-element elementor-element-34fbaf20 elementor-widget elementor-widget-heading\" data-id=\"34fbaf20\" data-element_type=\"widget\" data-e-type=\"widget\" data-widget_type=\"heading.default\">\n\t\t\t\t<div class=\"elementor-widget-container\">\n\t\t\t\t\t<h2 class=\"elementor-heading-title elementor-size-default\">BioAffix\u00ae Sensor Touch Button<\/h2>\t\t\t\t<\/div>\n\t\t\t\t<\/div>\n\t\t\t\t<\/a>\n\t\t<div class=\"elementor-element elementor-element-40d33cc7 e-con-full e-flex e-con e-child\" data-id=\"40d33cc7\" data-element_type=\"container\" data-e-type=\"container\">\n\t\t\t\t<\/div>\n\t\t<div class=\"elementor-element elementor-element-fe16f33 e-con-full e-flex e-con e-child\" data-id=\"fe16f33\" data-element_type=\"container\" data-e-type=\"container\">\n\t\t\t\t<\/div>\n\t\t\t\t<\/div>\n\t\t\t\t\t<\/div>\n\t\t<\/div>\n\t\t\t\t\t<\/div>\n\t\t<\/section>\n\t\t\t\t<\/div>\n\t\t","protected":false},"excerpt":{"rendered":"<p>BioAffix Sens\u00f6r \u00dcr\u00fcn Ailesi BioAffix sens\u00f6rleri ile ge\u00e7i\u015f i\u015flemlerinizde g\u00fcvenli\u011fi ve rahatl\u0131\u011f\u0131 sa\u011flayabilirsiniz. BioAffix\u00ae Sensor No Touch Button BioAffix\u00ae Sensor Touch Button<\/p>\n","protected":false},"author":2,"featured_media":0,"parent":0,"menu_order":0,"comment_status":"closed","ping_status":"closed","template":"elementor_header_footer","meta":{"nf_dc_page":"","footnotes":""},"class_list":["post-6683","page","type-page","status-publish","hentry","no-post-thumbnail"],"acf":[],"_links":{"self":[{"href":"https:\/\/bioaffix.com\/tr\/wp-json\/wp\/v2\/pages\/6683","targetHints":{"allow":["GET"]}}],"collection":[{"href":"https:\/\/bioaffix.com\/tr\/wp-json\/wp\/v2\/pages"}],"about":[{"href":"https:\/\/bioaffix.com\/tr\/wp-json\/wp\/v2\/types\/page"}],"author":[{"embeddable":true,"href":"https:\/\/bioaffix.com\/tr\/wp-json\/wp\/v2\/users\/2"}],"replies":[{"embeddable":true,"href":"https:\/\/bioaffix.com\/tr\/wp-json\/wp\/v2\/comments?post=6683"}],"version-history":[{"count":0,"href":"https:\/\/bioaffix.com\/tr\/wp-json\/wp\/v2\/pages\/6683\/revisions"}],"wp:attachment":[{"href":"https:\/\/bioaffix.com\/tr\/wp-json\/wp\/v2\/media?parent=6683"}],"curies":[{"name":"wp","href":"https:\/\/api.w.org\/{rel}","templated":true}]}}