{"id":5907,"date":"2024-03-21T12:54:52","date_gmt":"2024-03-21T09:54:52","guid":{"rendered":"https:\/\/bioaffix.com\/?page_id=5907"},"modified":"2025-05-29T16:35:06","modified_gmt":"2025-05-29T13:35:06","slug":"nasil-calisir","status":"publish","type":"page","link":"https:\/\/bioaffix.com\/tr\/yazilim\/bioaffix-linlogon\/nasil-calisir\/","title":{"rendered":"BioAffix LinLogon Nas\u0131l \u00c7al\u0131\u015f\u0131r?"},"content":{"rendered":"\t\t<div data-elementor-type=\"wp-page\" data-elementor-id=\"5907\" class=\"elementor elementor-5907\">\n\t\t\t\t<div class=\"elementor-element elementor-element-dd0bd59 submenuSticky e-flex e-con-boxed e-con e-parent\" data-id=\"dd0bd59\" data-element_type=\"container\" data-e-type=\"container\" data-settings=\"{&quot;background_background&quot;:&quot;classic&quot;}\">\n\t\t\t\t\t<div class=\"e-con-inner\">\n\t\t<div class=\"elementor-element elementor-element-8d6db20 e-con-full elementor-hidden-mobile e-flex e-con e-child\" data-id=\"8d6db20\" data-element_type=\"container\" data-e-type=\"container\">\n\t\t\t\t<div class=\"elementor-element elementor-element-97855f8 elementor-widget elementor-widget-image\" data-id=\"97855f8\" data-element_type=\"widget\" data-e-type=\"widget\" data-widget_type=\"image.default\">\n\t\t\t\t<div class=\"elementor-widget-container\">\n\t\t\t\t\t\t\t\t\t\t\t\t\t\t\t\t<a href=\"https:\/\/bioaffix.com\/tr\/yazilim\/bioaffix-linlogon\/\">\n\t\t\t\t\t\t\t<img loading=\"lazy\" decoding=\"async\" loading=\"lazy\" width=\"105\" height=\"41\" src=\"https:\/\/bioaffix.com\/wp-content\/uploads\/BioAffix-LinLogon-Sub-Menu-Logo.webp\" class=\"attachment-full size-full wp-image-5902\" alt=\"\" srcset=\"https:\/\/bioaffix.com\/wp-content\/uploads\/BioAffix-LinLogon-Sub-Menu-Logo.webp 105w, https:\/\/bioaffix.com\/wp-content\/uploads\/BioAffix-LinLogon-Sub-Menu-Logo-18x7.webp 18w\" sizes=\"auto, (max-width: 105px) 100vw, 105px\" \/>\t\t\t\t\t\t\t\t<\/a>\n\t\t\t\t\t\t\t\t\t\t\t\t\t\t\t<\/div>\n\t\t\t\t<\/div>\n\t\t\t\t<\/div>\n\t\t<div class=\"elementor-element elementor-element-9c86290 e-con-full e-flex e-con e-child\" data-id=\"9c86290\" data-element_type=\"container\" data-e-type=\"container\">\n\t\t\t\t<div class=\"elementor-element elementor-element-54eb26b customNavMenu elementor-widget elementor-widget-wp-widget-nav_menu\" data-id=\"54eb26b\" data-element_type=\"widget\" data-e-type=\"widget\" data-widget_type=\"wp-widget-nav_menu.default\">\n\t\t\t\t<div class=\"elementor-widget-container\">\n\t\t\t\t\t<div class=\"menu-bioaffix-linlogon-tr-container\"><ul id=\"menu-bioaffix-linlogon-tr\" class=\"menu\"><li id=\"menu-item-5956\" class=\"menu-item menu-item-type-post_type menu-item-object-page menu-item-5956\"><a href=\"https:\/\/bioaffix.com\/tr\/yazilim\/bioaffix-linlogon\/\"   class=\"nav-link\">Genel Bak\u0131\u015f <\/a><\/li>\n<li id=\"menu-item-5955\" class=\"menu-item menu-item-type-post_type menu-item-object-page menu-item-5955\"><a href=\"https:\/\/bioaffix.com\/tr\/yazilim\/bioaffix-linlogon\/nasil-calisir\/\"   class=\"nav-link\">Nas\u0131l \u00c7al\u0131\u015f\u0131r? <\/a><\/li>\n<li id=\"menu-item-5954\" class=\"menu-item menu-item-type-post_type menu-item-object-page menu-item-5954\"><a href=\"https:\/\/bioaffix.com\/tr\/yazilim\/bioaffix-linlogon\/entegrasyon-yetenekleri\/\"   class=\"nav-link\">Entegrasyon <\/a><\/li>\n<\/ul><\/div>\t\t\t\t<\/div>\n\t\t\t\t<\/div>\n\t\t\t\t<\/div>\n\t\t\t\t\t<\/div>\n\t\t\t\t<\/div>\n\t\t<div class=\"elementor-element elementor-element-9c29c49 e-con-full e-flex e-con e-parent\" data-id=\"9c29c49\" data-element_type=\"container\" data-e-type=\"container\" data-settings=\"{&quot;background_background&quot;:&quot;gradient&quot;}\">\n\t\t\t\t<div class=\"elementor-element elementor-element-5a088c0 elementor-widget elementor-widget-heading\" data-id=\"5a088c0\" data-element_type=\"widget\" data-e-type=\"widget\" data-widget_type=\"heading.default\">\n\t\t\t\t<div class=\"elementor-widget-container\">\n\t\t\t\t\t<h1 class=\"elementor-heading-title elementor-size-default\">BioAffix LinLogon Nas\u0131l \u00c7al\u0131\u015f\u0131r?<\/h1>\t\t\t\t<\/div>\n\t\t\t\t<\/div>\n\t\t\t\t<div class=\"elementor-element elementor-element-d13e3e2 elementor-widget elementor-widget-text-editor\" data-id=\"d13e3e2\" data-element_type=\"widget\" data-e-type=\"widget\" data-widget_type=\"text-editor.default\">\n\t\t\t\t<div class=\"elementor-widget-container\">\n\t\t\t\t\t\t\t\t\t<p>BioAffix LinLogon&#8217;un \u00e7al\u0131\u015fma \u00f6zelliklerini ke\u015ffedin!<\/p>\t\t\t\t\t\t\t\t<\/div>\n\t\t\t\t<\/div>\n\t\t\t\t<\/div>\n\t\t<div class=\"elementor-element elementor-element-01ab327 e-con-full e-flex elementor-invisible e-con e-parent\" data-id=\"01ab327\" data-element_type=\"container\" data-e-type=\"container\" data-settings=\"{&quot;animation&quot;:&quot;fadeIn&quot;}\">\n\t\t\t\t<div class=\"elementor-element elementor-element-842218d e-transform elementor-invisible elementor-widget elementor-widget-Saasland_processes\" data-id=\"842218d\" data-element_type=\"widget\" data-e-type=\"widget\" data-settings=\"{&quot;_animation&quot;:&quot;fadeIn&quot;,&quot;_transform_scale_effect&quot;:{&quot;unit&quot;:&quot;px&quot;,&quot;size&quot;:&quot;&quot;,&quot;sizes&quot;:[]},&quot;_transform_scale_effect_tablet&quot;:{&quot;unit&quot;:&quot;px&quot;,&quot;size&quot;:&quot;&quot;,&quot;sizes&quot;:[]},&quot;_transform_scale_effect_mobile&quot;:{&quot;unit&quot;:&quot;px&quot;,&quot;size&quot;:&quot;&quot;,&quot;sizes&quot;:[]}}\" data-widget_type=\"Saasland_processes.default\">\n\t\t\t\t<div class=\"elementor-widget-container\">\n\t\t\t\t\t            <section class=\"agency_featured_area\">\r\n                <div class=\"container\">\r\n                                        <div class=\"features_info\">\r\n                                                    <img decoding=\"async\" loading=\"lazy\" class=\"dot_img\" src=\"https:\/\/bioaffix.com\/wp-content\/plugins\/saasland-core\/widgets\/images\/dot_5_items.png\" alt=\"Shape\">\r\n                                                                                    <div class=\"row agency_featured_item elementor-repeater-item-3587417 flex-row-reverse\">\r\n                                    <div class=\"col-lg-6\">\r\n                                        <div class=\"agency_featured_img text-right wow fadeInRight\"\r\n                                             data-wow-delay=\"0.4s\">\r\n                                            <img loading=\"lazy\" decoding=\"async\" loading=\"lazy\" width=\"426\" height=\"344\" src=\"https:\/\/bioaffix.com\/wp-content\/uploads\/BioAffix-WinLogon-How-Its-Work-Step-1.webp\" class=\"attachment-full size-full\" alt=\"\" srcset=\"https:\/\/bioaffix.com\/wp-content\/uploads\/BioAffix-WinLogon-How-Its-Work-Step-1.webp 426w, https:\/\/bioaffix.com\/wp-content\/uploads\/BioAffix-WinLogon-How-Its-Work-Step-1-300x242.webp 300w, https:\/\/bioaffix.com\/wp-content\/uploads\/BioAffix-WinLogon-How-Its-Work-Step-1-370x300.webp 370w, https:\/\/bioaffix.com\/wp-content\/uploads\/BioAffix-WinLogon-How-Its-Work-Step-1-85x70.webp 85w, https:\/\/bioaffix.com\/wp-content\/uploads\/BioAffix-WinLogon-How-Its-Work-Step-1-15x12.webp 15w\" sizes=\"auto, (max-width: 426px) 100vw, 426px\" \/>                                        <\/div>\r\n                                    <\/div>\r\n                                    <div class=\"col-lg-6\">\r\n                                        <div class=\"agency_featured_content pr_70 pl_70 wow fadeInLeft\"\r\n                                             data-wow-delay=\"0.6s\">\r\n                                            <div class=\"dot\"><span class=\"dot1\"><\/span><span class=\"dot2\"><\/span><\/div>\r\n                                            <img loading=\"lazy\" decoding=\"async\" loading=\"lazy\" width=\"121\" height=\"101\" src=\"https:\/\/bioaffix.com\/wp-content\/uploads\/BioAffix-WinLogon-How-Its-Work-Step-Number-01.webp\" class=\"attachment-full size-full\" alt=\"\" srcset=\"https:\/\/bioaffix.com\/wp-content\/uploads\/BioAffix-WinLogon-How-Its-Work-Step-Number-01.webp 121w, https:\/\/bioaffix.com\/wp-content\/uploads\/BioAffix-WinLogon-How-Its-Work-Step-Number-01-85x70.webp 85w, https:\/\/bioaffix.com\/wp-content\/uploads\/BioAffix-WinLogon-How-Its-Work-Step-Number-01-14x12.webp 14w\" sizes=\"auto, (max-width: 121px) 100vw, 121px\" \/>                                                                                            <h3> Biyometrik Giri\u015fi Se\u00e7in <\/h3>\r\n                                                                                        <p>Aktif olarak \u00e7al\u0131\u015fan Linux i\u015fletim sisteminin kullan\u0131c\u0131 giri\u015f ekran\u0131n\u0131 a\u00e7\u0131n. Oturum a\u00e7ma i\u00e7in \"Biyometrik Giri\u015f\" se\u00e7ene\u011fini se\u00e7erek BioAffix LinLogon uygulamas\u0131n\u0131 aktifle\u015ftirin.<\/p>\n                                                                                            <a href=\"#\"                                                    class=\"icon mt_30 btn_icon\"><i\r\n                                                            class=\"ti-angle-right\"><\/i><\/a>\r\n                                                                                        <\/div>\r\n                                    <\/div>\r\n                                <\/div>\r\n                                                                <div class=\"row agency_featured_item elementor-repeater-item-c724f6b agency_featured_item_two\">\r\n                                    <div class=\"col-lg-6\">\r\n                                        <div class=\"agency_featured_img text-right wow fadeInRight\"\r\n                                             data-wow-delay=\"0.4s\">\r\n                                            <img loading=\"lazy\" decoding=\"async\" loading=\"lazy\" width=\"500\" height=\"346\" src=\"https:\/\/bioaffix.com\/wp-content\/uploads\/BioAffix-WinLogon-How-Its-Work-Step2.webp\" class=\"attachment-full size-full\" alt=\"\" \/>                                        <\/div>\r\n                                    <\/div>\r\n                                    <div class=\"col-lg-6\">\r\n                                        <div class=\"agency_featured_content pr_70 pl_100 wow fadeInLeft\"\r\n                                             data-wow-delay=\"0.6s\">\r\n                                            <div class=\"dot\"><span class=\"dot1\"><\/span><span class=\"dot2\"><\/span><\/div>\r\n                                            <img loading=\"lazy\" decoding=\"async\" loading=\"lazy\" width=\"121\" height=\"101\" src=\"https:\/\/bioaffix.com\/wp-content\/uploads\/BioAffix-WinLogon-How-Its-Work-Step-Number-02.webp\" class=\"attachment-full size-full\" alt=\"\" srcset=\"https:\/\/bioaffix.com\/wp-content\/uploads\/BioAffix-WinLogon-How-Its-Work-Step-Number-02.webp 121w, https:\/\/bioaffix.com\/wp-content\/uploads\/BioAffix-WinLogon-How-Its-Work-Step-Number-02-85x70.webp 85w, https:\/\/bioaffix.com\/wp-content\/uploads\/BioAffix-WinLogon-How-Its-Work-Step-Number-02-14x12.webp 14w\" sizes=\"auto, (max-width: 121px) 100vw, 121px\" \/>                                                                                            <h3> Parma\u011f\u0131n\u0131z\u0131 \/ Avucunuzu \/ Y\u00fcz\u00fcn\u00fcz\u00fc Okutun <\/h3>\r\n                                                                                        <p>A\u00e7\u0131lan BioAffix LinLogon uygulamas\u0131nda, aktif biyometrik sens\u00f6r\u00fc kullanarak avucunuzu \/ parma\u011f\u0131n\u0131z\u0131 \/ y\u00fcz\u00fcn\u00fcz\u00fc biyometrik sens\u00f6re okutun. BioAffix LinLogon biyometrik verinizi okuyarak g\u00fcvenli bir \u015fekilde BioAffix OneServer\u2019a g\u00f6nderir.<\/p>\n                                                                                            <a href=\"#\"                                                    class=\"icon mt_30 btn_icon\"><i\r\n                                                            class=\"ti-angle-right\"><\/i><\/a>\r\n                                                                                        <\/div>\r\n                                    <\/div>\r\n                                <\/div>\r\n                                                                <div class=\"row agency_featured_item elementor-repeater-item-b5a4c35 flex-row-reverse\">\r\n                                    <div class=\"col-lg-6\">\r\n                                        <div class=\"agency_featured_img text-right wow fadeInRight\"\r\n                                             data-wow-delay=\"0.4s\">\r\n                                            <img loading=\"lazy\" decoding=\"async\" loading=\"lazy\" width=\"502\" height=\"381\" src=\"https:\/\/bioaffix.com\/wp-content\/uploads\/BioAffix-WinLogon-How-Its-Work-Step3.webp\" class=\"attachment-full size-full\" alt=\"\" srcset=\"https:\/\/bioaffix.com\/wp-content\/uploads\/BioAffix-WinLogon-How-Its-Work-Step3.webp 502w, https:\/\/bioaffix.com\/wp-content\/uploads\/BioAffix-WinLogon-How-Its-Work-Step3-300x228.webp 300w, https:\/\/bioaffix.com\/wp-content\/uploads\/BioAffix-WinLogon-How-Its-Work-Step3-370x280.webp 370w, https:\/\/bioaffix.com\/wp-content\/uploads\/BioAffix-WinLogon-How-Its-Work-Step3-16x12.webp 16w\" sizes=\"auto, (max-width: 502px) 100vw, 502px\" \/>                                        <\/div>\r\n                                    <\/div>\r\n                                    <div class=\"col-lg-6\">\r\n                                        <div class=\"agency_featured_content pr_70 pl_70 wow fadeInLeft\"\r\n                                             data-wow-delay=\"0.6s\">\r\n                                            <div class=\"dot\"><span class=\"dot1\"><\/span><span class=\"dot2\"><\/span><\/div>\r\n                                            <img loading=\"lazy\" decoding=\"async\" loading=\"lazy\" width=\"121\" height=\"101\" src=\"https:\/\/bioaffix.com\/wp-content\/uploads\/BioAffix-WinLogon-How-Its-Work-Step-Number-03.webp\" class=\"attachment-full size-full\" alt=\"\" srcset=\"https:\/\/bioaffix.com\/wp-content\/uploads\/BioAffix-WinLogon-How-Its-Work-Step-Number-03.webp 121w, https:\/\/bioaffix.com\/wp-content\/uploads\/BioAffix-WinLogon-How-Its-Work-Step-Number-03-85x70.webp 85w, https:\/\/bioaffix.com\/wp-content\/uploads\/BioAffix-WinLogon-How-Its-Work-Step-Number-03-14x12.webp 14w\" sizes=\"auto, (max-width: 121px) 100vw, 121px\" \/>                                                                                            <h3> BioAffix\u00ae OneServer ile Biyometrik Verinizin Do\u011frulanmas\u0131n\u0131 Bekleyin <\/h3>\r\n                                                                                        <p>BioAffix LinLogon'dan gelen biyometrik veri, BioAffix OneServer sunucusunda g\u00fcvenli bir \u015fekilde saklanan biyometrik veriniz kar\u015f\u0131la\u015ft\u0131r\u0131l\u0131r ve LDAP sunucusu ile ileti\u015fime ge\u00e7ilerek oturum a\u00e7ma biletiniz elde edilir.<\/p>\n                                                                                            <a href=\"#\"                                                    class=\"icon mt_30 btn_icon\"><i\r\n                                                            class=\"ti-angle-right\"><\/i><\/a>\r\n                                                                                        <\/div>\r\n                                    <\/div>\r\n                                <\/div>\r\n                                                                <div class=\"row agency_featured_item elementor-repeater-item-af71f35 agency_featured_item_two\">\r\n                                    <div class=\"col-lg-6\">\r\n                                        <div class=\"agency_featured_img text-right wow fadeInRight\"\r\n                                             data-wow-delay=\"0.4s\">\r\n                                            <img loading=\"lazy\" decoding=\"async\" loading=\"lazy\" width=\"500\" height=\"384\" src=\"https:\/\/bioaffix.com\/wp-content\/uploads\/BioAffix-WinLogon-How-Its-Work-Step-4.webp\" class=\"attachment-full size-full\" alt=\"\" srcset=\"https:\/\/bioaffix.com\/wp-content\/uploads\/BioAffix-WinLogon-How-Its-Work-Step-4.webp 500w, https:\/\/bioaffix.com\/wp-content\/uploads\/BioAffix-WinLogon-How-Its-Work-Step-4-300x230.webp 300w, https:\/\/bioaffix.com\/wp-content\/uploads\/BioAffix-WinLogon-How-Its-Work-Step-4-16x12.webp 16w\" sizes=\"auto, (max-width: 500px) 100vw, 500px\" \/>                                        <\/div>\r\n                                    <\/div>\r\n                                    <div class=\"col-lg-6\">\r\n                                        <div class=\"agency_featured_content pr_70 pl_100 wow fadeInLeft\"\r\n                                             data-wow-delay=\"0.6s\">\r\n                                            <div class=\"dot\"><span class=\"dot1\"><\/span><span class=\"dot2\"><\/span><\/div>\r\n                                            <img loading=\"lazy\" decoding=\"async\" loading=\"lazy\" width=\"121\" height=\"101\" src=\"https:\/\/bioaffix.com\/wp-content\/uploads\/BioAffix-WinLogon-How-Its-Work-Step-Number-04.webp\" class=\"attachment-full size-full\" alt=\"\" srcset=\"https:\/\/bioaffix.com\/wp-content\/uploads\/BioAffix-WinLogon-How-Its-Work-Step-Number-04.webp 121w, https:\/\/bioaffix.com\/wp-content\/uploads\/BioAffix-WinLogon-How-Its-Work-Step-Number-04-85x70.webp 85w, https:\/\/bioaffix.com\/wp-content\/uploads\/BioAffix-WinLogon-How-Its-Work-Step-Number-04-14x12.webp 14w\" sizes=\"auto, (max-width: 121px) 100vw, 121px\" \/>                                                                                            <h3> Giri\u015f Bilgisinin Elde Edilmesi\n <\/h3>\r\n                                                                                        <p>BioAffix OneServer taraf\u0131ndan biyometrik verisi do\u011frulanm\u0131\u015f kullan\u0131c\u0131n\u0131n elde edilmi\u015f giri\u015f bileti BioAffix LinLogon'a g\u00f6nderilir.<\/p>\n                                                                                            <a href=\"#\"                                                    class=\"icon mt_30 btn_icon\"><i\r\n                                                            class=\"ti-angle-right\"><\/i><\/a>\r\n                                                                                        <\/div>\r\n                                    <\/div>\r\n                                <\/div>\r\n                                                                <div class=\"row agency_featured_item elementor-repeater-item-c9e4dbc flex-row-reverse\">\r\n                                    <div class=\"col-lg-6\">\r\n                                        <div class=\"agency_featured_img text-right wow fadeInRight\"\r\n                                             data-wow-delay=\"0.4s\">\r\n                                            <img loading=\"lazy\" decoding=\"async\" loading=\"lazy\" width=\"500\" height=\"344\" src=\"https:\/\/bioaffix.com\/wp-content\/uploads\/BioAffix-WinLogon-How-Its-Work-Step-5.webp\" class=\"attachment-full size-full\" alt=\"\" srcset=\"https:\/\/bioaffix.com\/wp-content\/uploads\/BioAffix-WinLogon-How-Its-Work-Step-5.webp 500w, https:\/\/bioaffix.com\/wp-content\/uploads\/BioAffix-WinLogon-How-Its-Work-Step-5-300x206.webp 300w, https:\/\/bioaffix.com\/wp-content\/uploads\/BioAffix-WinLogon-How-Its-Work-Step-5-18x12.webp 18w\" sizes=\"auto, (max-width: 500px) 100vw, 500px\" \/>                                        <\/div>\r\n                                    <\/div>\r\n                                    <div class=\"col-lg-6\">\r\n                                        <div class=\"agency_featured_content pr_70 pl_70 wow fadeInLeft\"\r\n                                             data-wow-delay=\"0.6s\">\r\n                                            <div class=\"dot\"><span class=\"dot1\"><\/span><span class=\"dot2\"><\/span><\/div>\r\n                                            <img loading=\"lazy\" decoding=\"async\" loading=\"lazy\" width=\"121\" height=\"101\" src=\"https:\/\/bioaffix.com\/wp-content\/uploads\/BioAffix-WinLogon-How-Its-Work-Step-Number-05.webp\" class=\"attachment-full size-full\" alt=\"\" srcset=\"https:\/\/bioaffix.com\/wp-content\/uploads\/BioAffix-WinLogon-How-Its-Work-Step-Number-05.webp 121w, https:\/\/bioaffix.com\/wp-content\/uploads\/BioAffix-WinLogon-How-Its-Work-Step-Number-05-85x70.webp 85w, https:\/\/bioaffix.com\/wp-content\/uploads\/BioAffix-WinLogon-How-Its-Work-Step-Number-05-14x12.webp 14w\" sizes=\"auto, (max-width: 121px) 100vw, 121px\" \/>                                                                                            <h3> Biyometrik ile Oturum A\u00e7\u0131lmas\u0131 <\/h3>\r\n                                                                                        <p>BioAffix OneServer ile biyometrik verisi do\u011frulanan kullan\u0131c\u0131n\u0131n, giri\u015f yetkisi var ise BioAffix LinLogon penceresi kapan\u0131r ve oturum a\u00e7\u0131l\u0131r.<\/p>\n                                                                                            <a href=\"#\"                                                    class=\"icon mt_30 btn_icon\"><i\r\n                                                            class=\"ti-angle-right\"><\/i><\/a>\r\n                                                                                        <\/div>\r\n                                    <\/div>\r\n                                <\/div>\r\n                                                        <div class=\"dot middle_dot middle_dot6\"><span class=\"dot1\"><\/span><span\r\n                                    class=\"dot2\"><\/span><\/div>\r\n                    <\/div>\r\n                <\/div>\r\n            <\/section>\r\n            \t\t\t\t<\/div>\n\t\t\t\t<\/div>\n\t\t\t\t<\/div>\n\t\t<div class=\"elementor-element elementor-element-589ea62 e-con-full e-flex e-con e-parent\" data-id=\"589ea62\" data-element_type=\"container\" data-e-type=\"container\">\n\t\t\t\t<div class=\"elementor-element elementor-element-927bd38 elementor-widget elementor-widget-image\" data-id=\"927bd38\" data-element_type=\"widget\" data-e-type=\"widget\" data-widget_type=\"image.default\">\n\t\t\t\t<div class=\"elementor-widget-container\">\n\t\t\t\t\t\t\t\t\t\t\t\t\t\t\t<img loading=\"lazy\" decoding=\"async\" loading=\"lazy\" width=\"251\" height=\"131\" src=\"https:\/\/bioaffix.com\/wp-content\/uploads\/BioAffix-WinLogon-Gears.webp\" class=\"attachment-large size-large wp-image-223\" alt=\"\" srcset=\"https:\/\/bioaffix.com\/wp-content\/uploads\/BioAffix-WinLogon-Gears.webp 251w, https:\/\/bioaffix.com\/wp-content\/uploads\/BioAffix-WinLogon-Gears-18x9.webp 18w\" sizes=\"auto, (max-width: 251px) 100vw, 251px\" \/>\t\t\t\t\t\t\t\t\t\t\t\t\t\t\t<\/div>\n\t\t\t\t<\/div>\n\t\t\t\t<div class=\"elementor-element elementor-element-bb0568e elementor-widget elementor-widget-heading\" data-id=\"bb0568e\" data-element_type=\"widget\" data-e-type=\"widget\" data-widget_type=\"heading.default\">\n\t\t\t\t<div class=\"elementor-widget-container\">\n\t\t\t\t\t<h3 class=\"elementor-heading-title elementor-size-default\">BioAffix\u00ae LinLogon'un Entegrasyon \u00d6zelliklerini \u0130nceleyin<\/h3>\t\t\t\t<\/div>\n\t\t\t\t<\/div>\n\t\t\t\t<div class=\"elementor-element elementor-element-5ba22ae elementor-widget elementor-widget-text-editor\" data-id=\"5ba22ae\" data-element_type=\"widget\" data-e-type=\"widget\" data-widget_type=\"text-editor.default\">\n\t\t\t\t<div class=\"elementor-widget-container\">\n\t\t\t\t\t\t\t\t\t<p><span style=\"color: #ca171e;\"><strong>Geli\u015fmi\u015f entegrasyon<\/strong><\/span> yetenekleri ile BioAffix LinLogon her altyap\u0131 i\u00e7in uygundur<\/p>\t\t\t\t\t\t\t\t<\/div>\n\t\t\t\t<\/div>\n\t\t\t\t<div class=\"elementor-element elementor-element-8c28dad elementor-align-center elementor-widget elementor-widget-button\" data-id=\"8c28dad\" data-element_type=\"widget\" data-e-type=\"widget\" data-widget_type=\"button.default\">\n\t\t\t\t<div class=\"elementor-widget-container\">\n\t\t\t\t\t\t\t\t\t<div class=\"elementor-button-wrapper\">\n\t\t\t\t\t<a class=\"elementor-button elementor-button-link elementor-size-sm\" href=\"https:\/\/bioaffix.com\/tr\/yazilim\/bioaffix-linlogon\/entegrasyon-yetenekleri\/\">\n\t\t\t\t\t\t<span class=\"elementor-button-content-wrapper\">\n\t\t\t\t\t\t\t\t\t<span class=\"elementor-button-text\">Daha Fazla Bilgi  &gt;<\/span>\n\t\t\t\t\t<\/span>\n\t\t\t\t\t<\/a>\n\t\t\t\t<\/div>\n\t\t\t\t\t\t\t\t<\/div>\n\t\t\t\t<\/div>\n\t\t\t\t<\/div>\n\t\t\t\t<\/div>\n\t\t","protected":false},"excerpt":{"rendered":"<p>BioAffix LinLogon Nas\u0131l \u00c7al\u0131\u015f\u0131r? BioAffix LinLogon&#8217;un \u00e7al\u0131\u015fma \u00f6zelliklerini ke\u015ffedin! Biyometrik Giri\u015fi Se\u00e7in Aktif olarak \u00e7al\u0131\u015fan Linux i\u015fletim sisteminin kullan\u0131c\u0131 giri\u015f ekran\u0131n\u0131 a\u00e7\u0131n. Oturum a\u00e7ma i\u00e7in &#8220;Biyometrik Giri\u015f&#8221; se\u00e7ene\u011fini se\u00e7erek BioAffix LinLogon uygulamas\u0131n\u0131 aktifle\u015ftirin. Parma\u011f\u0131n\u0131z\u0131 \/ Avucunuzu \/ Y\u00fcz\u00fcn\u00fcz\u00fc Okutun A\u00e7\u0131lan BioAffix LinLogon uygulamas\u0131nda, aktif biyometrik sens\u00f6r\u00fc kullanarak avucunuzu \/ parma\u011f\u0131n\u0131z\u0131 \/ y\u00fcz\u00fcn\u00fcz\u00fc biyometrik sens\u00f6re okutun. [&hellip;]<\/p>\n","protected":false},"author":1,"featured_media":0,"parent":5893,"menu_order":0,"comment_status":"closed","ping_status":"closed","template":"elementor_header_footer","meta":{"nf_dc_page":"","footnotes":""},"class_list":["post-5907","page","type-page","status-publish","hentry","no-post-thumbnail"],"acf":[],"_links":{"self":[{"href":"https:\/\/bioaffix.com\/tr\/wp-json\/wp\/v2\/pages\/5907","targetHints":{"allow":["GET"]}}],"collection":[{"href":"https:\/\/bioaffix.com\/tr\/wp-json\/wp\/v2\/pages"}],"about":[{"href":"https:\/\/bioaffix.com\/tr\/wp-json\/wp\/v2\/types\/page"}],"author":[{"embeddable":true,"href":"https:\/\/bioaffix.com\/tr\/wp-json\/wp\/v2\/users\/1"}],"replies":[{"embeddable":true,"href":"https:\/\/bioaffix.com\/tr\/wp-json\/wp\/v2\/comments?post=5907"}],"version-history":[{"count":0,"href":"https:\/\/bioaffix.com\/tr\/wp-json\/wp\/v2\/pages\/5907\/revisions"}],"up":[{"embeddable":true,"href":"https:\/\/bioaffix.com\/tr\/wp-json\/wp\/v2\/pages\/5893"}],"wp:attachment":[{"href":"https:\/\/bioaffix.com\/tr\/wp-json\/wp\/v2\/media?parent=5907"}],"curies":[{"name":"wp","href":"https:\/\/api.w.org\/{rel}","templated":true}]}}