{"id":5843,"date":"2024-03-19T13:39:27","date_gmt":"2024-03-19T10:39:27","guid":{"rendered":"https:\/\/bioaffix.com\/?page_id=5843"},"modified":"2026-02-04T14:33:14","modified_gmt":"2026-02-04T11:33:14","slug":"biyometrik-sensor","status":"publish","type":"page","link":"https:\/\/bioaffix.com\/tr\/biyometrik-sensor\/","title":{"rendered":"Biyometrik Sens\u00f6r"},"content":{"rendered":"\t\t<div data-elementor-type=\"wp-page\" data-elementor-id=\"5843\" class=\"elementor elementor-5843\">\n\t\t\t\t<div class=\"elementor-element elementor-element-4cfa20c e-con-full e-flex e-con e-parent\" data-id=\"4cfa20c\" data-element_type=\"container\" data-e-type=\"container\" data-settings=\"{&quot;background_background&quot;:&quot;classic&quot;}\">\n\t\t<div class=\"elementor-element elementor-element-1417f9c e-con-full e-flex e-con e-child\" data-id=\"1417f9c\" data-element_type=\"container\" data-e-type=\"container\">\n\t\t\t\t<div class=\"elementor-element elementor-element-dbc01c6 elementor-widget elementor-widget-heading\" data-id=\"dbc01c6\" data-element_type=\"widget\" data-e-type=\"widget\" data-widget_type=\"heading.default\">\n\t\t\t\t<div class=\"elementor-widget-container\">\n\t\t\t\t\t<h1 class=\"elementor-heading-title elementor-size-large\">BioAffix Biyometrik Sens\u00f6r \u00dcr\u00fcn Ailesi<\/h1>\t\t\t\t<\/div>\n\t\t\t\t<\/div>\n\t\t\t\t<div class=\"elementor-element elementor-element-8b8531e elementor-widget elementor-widget-text-editor\" data-id=\"8b8531e\" data-element_type=\"widget\" data-e-type=\"widget\" data-widget_type=\"text-editor.default\">\n\t\t\t\t<div class=\"elementor-widget-container\">\n\t\t\t\t\t\t\t\t\t<p style=\"text-align: center;\">D\u00fcnyan\u0131n en geli\u015fmi\u015f biyometrik tabanl\u0131 ge\u00e7i\u015f kontrol \u00e7\u00f6z\u00fcmleriyle hem g\u00fcvenli\u011fi sa\u011flay\u0131n hem de operasyon verimlili\u011fini art\u0131r\u0131n.<\/p>\t\t\t\t\t\t\t\t<\/div>\n\t\t\t\t<\/div>\n\t\t\t\t<\/div>\n\t\t\t\t<\/div>\n\t\t\t\t<section class=\"elementor-section elementor-top-section elementor-element elementor-element-7205090 elementor-section-height-min-height elementor-section-boxed elementor-section-height-default elementor-section-items-middle\" data-id=\"7205090\" data-element_type=\"section\" data-e-type=\"section\" data-settings=\"{&quot;background_background&quot;:&quot;classic&quot;}\">\n\t\t\t\t\t\t<div class=\"elementor-container elementor-column-gap-default\">\n\t\t\t\t\t<div class=\"elementor-column elementor-col-100 elementor-top-column elementor-element elementor-element-7e5f8e8\" data-id=\"7e5f8e8\" data-element_type=\"column\" data-e-type=\"column\">\n\t\t\t<div class=\"elementor-widget-wrap elementor-element-populated\">\n\t\t\t\t<div class=\"elementor-element elementor-element-ec3901c e-con-full e-flex e-con e-parent\" data-id=\"ec3901c\" data-element_type=\"container\" data-e-type=\"container\">\n\t\t<a class=\"elementor-element elementor-element-8e37ce3 e-con-full e-flex e-con e-child\" data-id=\"8e37ce3\" data-element_type=\"container\" data-e-type=\"container\" href=\"https:\/\/bioaffix.com\/tr\/biyometrik-sensor\/bioaffix-palmguide\/\">\n\t\t\t\t<div class=\"elementor-element elementor-element-7d8f383 elementor-widget elementor-widget-image\" data-id=\"7d8f383\" data-element_type=\"widget\" data-e-type=\"widget\" data-widget_type=\"image.default\">\n\t\t\t\t<div class=\"elementor-widget-container\">\n\t\t\t\t\t\t\t\t\t\t\t\t\t\t\t<img loading=\"lazy\" decoding=\"async\" loading=\"lazy\" width=\"270\" height=\"152\" src=\"https:\/\/bioaffix.com\/wp-content\/uploads\/Related-Products-BioAffix-PalmGuide-Touchless.webp\" class=\"attachment-large size-large wp-image-4972\" alt=\"\" srcset=\"https:\/\/bioaffix.com\/wp-content\/uploads\/Related-Products-BioAffix-PalmGuide-Touchless.webp 270w, https:\/\/bioaffix.com\/wp-content\/uploads\/Related-Products-BioAffix-PalmGuide-Touchless-18x10.webp 18w\" sizes=\"auto, (max-width: 270px) 100vw, 270px\" \/>\t\t\t\t\t\t\t\t\t\t\t\t\t\t\t<\/div>\n\t\t\t\t<\/div>\n\t\t\t\t<div class=\"elementor-element elementor-element-4ea8177 elementor-widget elementor-widget-heading\" data-id=\"4ea8177\" data-element_type=\"widget\" data-e-type=\"widget\" data-widget_type=\"heading.default\">\n\t\t\t\t<div class=\"elementor-widget-container\">\n\t\t\t\t\t<h2 class=\"elementor-heading-title elementor-size-default\">BioAffix\u00ae PalmGuide<\/h2>\t\t\t\t<\/div>\n\t\t\t\t<\/div>\n\t\t\t\t<\/a>\n\t\t<a class=\"elementor-element elementor-element-aaefdb3 e-con-full e-flex e-con e-child\" data-id=\"aaefdb3\" data-element_type=\"container\" data-e-type=\"container\" href=\"https:\/\/bioaffix.com\/tr\/biyometrik-sensor\/bioaffix-palmguide-touchless\/\">\n\t\t\t\t<div class=\"elementor-element elementor-element-c980605 elementor-widget elementor-widget-image\" data-id=\"c980605\" data-element_type=\"widget\" data-e-type=\"widget\" data-widget_type=\"image.default\">\n\t\t\t\t<div class=\"elementor-widget-container\">\n\t\t\t\t\t\t\t\t\t\t\t\t\t\t\t<img loading=\"lazy\" decoding=\"async\" loading=\"lazy\" width=\"270\" height=\"152\" src=\"https:\/\/bioaffix.com\/wp-content\/uploads\/Related-Products-BioAffix-PalmGuide-Touchless.webp\" class=\"attachment-large size-large wp-image-4972\" alt=\"\" srcset=\"https:\/\/bioaffix.com\/wp-content\/uploads\/Related-Products-BioAffix-PalmGuide-Touchless.webp 270w, https:\/\/bioaffix.com\/wp-content\/uploads\/Related-Products-BioAffix-PalmGuide-Touchless-18x10.webp 18w\" sizes=\"auto, (max-width: 270px) 100vw, 270px\" \/>\t\t\t\t\t\t\t\t\t\t\t\t\t\t\t<\/div>\n\t\t\t\t<\/div>\n\t\t\t\t<div class=\"elementor-element elementor-element-51870e6 elementor-widget elementor-widget-heading\" data-id=\"51870e6\" data-element_type=\"widget\" data-e-type=\"widget\" data-widget_type=\"heading.default\">\n\t\t\t\t<div class=\"elementor-widget-container\">\n\t\t\t\t\t<h2 class=\"elementor-heading-title elementor-size-default\">BioAffix\u00ae PalmGuide Touchless<\/h2>\t\t\t\t<\/div>\n\t\t\t\t<\/div>\n\t\t\t\t<\/a>\n\t\t<a class=\"elementor-element elementor-element-16d9931 e-con-full e-flex e-con e-child\" data-id=\"16d9931\" data-element_type=\"container\" data-e-type=\"container\" href=\"https:\/\/bioaffix.com\/tr\/biyometrik-sensor\/bioaffix-palmguide-foldable\/\">\n\t\t\t\t<div class=\"elementor-element elementor-element-91578da elementor-widget elementor-widget-image\" data-id=\"91578da\" data-element_type=\"widget\" data-e-type=\"widget\" data-widget_type=\"image.default\">\n\t\t\t\t<div class=\"elementor-widget-container\">\n\t\t\t\t\t\t\t\t\t\t\t\t\t\t\t<img loading=\"lazy\" decoding=\"async\" loading=\"lazy\" width=\"270\" height=\"152\" src=\"https:\/\/bioaffix.com\/wp-content\/uploads\/Related-Products-BioAffix-PalmGuide-Foldable.webp\" class=\"attachment-large size-large wp-image-227\" alt=\"BioAffix PalmGuide Foldable\" \/>\t\t\t\t\t\t\t\t\t\t\t\t\t\t\t<\/div>\n\t\t\t\t<\/div>\n\t\t\t\t<div class=\"elementor-element elementor-element-8beeba1 elementor-widget elementor-widget-heading\" data-id=\"8beeba1\" data-element_type=\"widget\" data-e-type=\"widget\" data-widget_type=\"heading.default\">\n\t\t\t\t<div class=\"elementor-widget-container\">\n\t\t\t\t\t<h2 class=\"elementor-heading-title elementor-size-default\">BioAffix\u00ae PalmGuide Foldable<\/h2>\t\t\t\t<\/div>\n\t\t\t\t<\/div>\n\t\t\t\t<\/a>\n\t\t<a class=\"elementor-element elementor-element-92828b1 e-con-full e-flex e-con e-child\" data-id=\"92828b1\" data-element_type=\"container\" data-e-type=\"container\" href=\"https:\/\/bioaffix.com\/tr\/biyometrik-sensor\/bioaffix-sensor-fingerprint\/\">\n\t\t\t\t<div class=\"elementor-element elementor-element-6c1c9ce elementor-widget elementor-widget-image\" data-id=\"6c1c9ce\" data-element_type=\"widget\" data-e-type=\"widget\" data-widget_type=\"image.default\">\n\t\t\t\t<div class=\"elementor-widget-container\">\n\t\t\t\t\t\t\t\t\t\t\t\t\t\t\t<img loading=\"lazy\" decoding=\"async\" loading=\"lazy\" width=\"270\" height=\"152\" src=\"https:\/\/bioaffix.com\/wp-content\/uploads\/Related-Products-BioAffix-Sensor-Fingerprint.webp\" class=\"attachment-large size-large wp-image-9743\" alt=\"\" \/>\t\t\t\t\t\t\t\t\t\t\t\t\t\t\t<\/div>\n\t\t\t\t<\/div>\n\t\t\t\t<div class=\"elementor-element elementor-element-e6dd003 elementor-widget elementor-widget-heading\" data-id=\"e6dd003\" data-element_type=\"widget\" data-e-type=\"widget\" data-widget_type=\"heading.default\">\n\t\t\t\t<div class=\"elementor-widget-container\">\n\t\t\t\t\t<h2 class=\"elementor-heading-title elementor-size-default\">BioAffix\u00ae Sensor FingerPrint<\/h2>\t\t\t\t<\/div>\n\t\t\t\t<\/div>\n\t\t\t\t<\/a>\n\t\t\t\t<\/div>\n\t\t<div class=\"elementor-element elementor-element-d8b0d0a e-con-full e-flex e-con e-parent\" data-id=\"d8b0d0a\" data-element_type=\"container\" data-e-type=\"container\">\n\t\t<a class=\"elementor-element elementor-element-b76d111 e-con-full e-flex e-con e-child\" data-id=\"b76d111\" data-element_type=\"container\" data-e-type=\"container\" href=\"https:\/\/bioaffix.com\/tr\/biyometrik-sensor\/bioaffix-sensor-3depthface\/\">\n\t\t\t\t<div class=\"elementor-element elementor-element-2cde5e8 elementor-widget elementor-widget-image\" data-id=\"2cde5e8\" data-element_type=\"widget\" data-e-type=\"widget\" data-widget_type=\"image.default\">\n\t\t\t\t<div class=\"elementor-widget-container\">\n\t\t\t\t\t\t\t\t\t\t\t\t\t\t\t<img loading=\"lazy\" decoding=\"async\" loading=\"lazy\" width=\"270\" height=\"152\" src=\"https:\/\/bioaffix.com\/wp-content\/uploads\/Related-Products-BioAffix-Sensor-3Depth-Face.webp\" class=\"attachment-large size-large wp-image-9740\" alt=\"\" \/>\t\t\t\t\t\t\t\t\t\t\t\t\t\t\t<\/div>\n\t\t\t\t<\/div>\n\t\t\t\t<div class=\"elementor-element elementor-element-bc356e4 elementor-widget elementor-widget-heading\" data-id=\"bc356e4\" data-element_type=\"widget\" data-e-type=\"widget\" data-widget_type=\"heading.default\">\n\t\t\t\t<div class=\"elementor-widget-container\">\n\t\t\t\t\t<h2 class=\"elementor-heading-title elementor-size-default\">BioAffix\u00ae Sensor 3DepthFace<\/h2>\t\t\t\t<\/div>\n\t\t\t\t<\/div>\n\t\t\t\t<\/a>\n\t\t<div class=\"elementor-element elementor-element-37a9b54 e-con-full e-flex e-con e-child\" data-id=\"37a9b54\" data-element_type=\"container\" data-e-type=\"container\">\n\t\t\t\t<\/div>\n\t\t<div class=\"elementor-element elementor-element-11aaf93 e-con-full e-flex e-con e-child\" data-id=\"11aaf93\" data-element_type=\"container\" data-e-type=\"container\">\n\t\t\t\t<\/div>\n\t\t<div class=\"elementor-element elementor-element-fae6f5b e-con-full e-flex e-con e-child\" data-id=\"fae6f5b\" data-element_type=\"container\" data-e-type=\"container\">\n\t\t\t\t<\/div>\n\t\t\t\t<\/div>\n\t\t\t\t\t<\/div>\n\t\t<\/div>\n\t\t\t\t\t<\/div>\n\t\t<\/section>\n\t\t\t\t<\/div>\n\t\t","protected":false},"excerpt":{"rendered":"<p>BioAffix PalmGuide \u00fcr\u00fcn ailesi cihazlar\u0131na daha yak\u0131ndan bak\u0131n<\/p>\n","protected":false},"author":2,"featured_media":0,"parent":0,"menu_order":0,"comment_status":"closed","ping_status":"closed","template":"","meta":{"nf_dc_page":"","footnotes":""},"class_list":["post-5843","page","type-page","status-publish","hentry","no-post-thumbnail"],"acf":[],"_links":{"self":[{"href":"https:\/\/bioaffix.com\/tr\/wp-json\/wp\/v2\/pages\/5843","targetHints":{"allow":["GET"]}}],"collection":[{"href":"https:\/\/bioaffix.com\/tr\/wp-json\/wp\/v2\/pages"}],"about":[{"href":"https:\/\/bioaffix.com\/tr\/wp-json\/wp\/v2\/types\/page"}],"author":[{"embeddable":true,"href":"https:\/\/bioaffix.com\/tr\/wp-json\/wp\/v2\/users\/2"}],"replies":[{"embeddable":true,"href":"https:\/\/bioaffix.com\/tr\/wp-json\/wp\/v2\/comments?post=5843"}],"version-history":[{"count":0,"href":"https:\/\/bioaffix.com\/tr\/wp-json\/wp\/v2\/pages\/5843\/revisions"}],"wp:attachment":[{"href":"https:\/\/bioaffix.com\/tr\/wp-json\/wp\/v2\/media?parent=5843"}],"curies":[{"name":"wp","href":"https:\/\/api.w.org\/{rel}","templated":true}]}}