{"id":5820,"date":"2024-03-12T16:12:16","date_gmt":"2024-03-12T13:12:16","guid":{"rendered":"https:\/\/bioaffix.com\/?page_id=5820"},"modified":"2026-02-04T14:21:53","modified_gmt":"2026-02-04T11:21:53","slug":"gecis-kontrol","status":"publish","type":"page","link":"https:\/\/bioaffix.com\/tr\/gecis-kontrol\/","title":{"rendered":"BioAffix Ge\u00e7i\u015f Kontrol Cihazlar\u0131"},"content":{"rendered":"\t\t<div data-elementor-type=\"wp-page\" data-elementor-id=\"5820\" class=\"elementor elementor-5820\">\n\t\t\t\t<div class=\"elementor-element elementor-element-f57cc11 e-con-full e-flex e-con e-parent\" data-id=\"f57cc11\" data-element_type=\"container\" data-e-type=\"container\" data-settings=\"{&quot;background_background&quot;:&quot;classic&quot;}\">\n\t\t<div class=\"elementor-element elementor-element-3ec2c9d e-con-full e-flex e-con e-child\" data-id=\"3ec2c9d\" data-element_type=\"container\" data-e-type=\"container\">\n\t\t\t\t<div class=\"elementor-element elementor-element-9152f47 elementor-widget elementor-widget-heading\" data-id=\"9152f47\" data-element_type=\"widget\" data-e-type=\"widget\" data-widget_type=\"heading.default\">\n\t\t\t\t<div class=\"elementor-widget-container\">\n\t\t\t\t\t<h1 class=\"elementor-heading-title elementor-size-large\">BioAffix Ge\u00e7i\u015f Kontrol \u00dcr\u00fcn Ailesi<\/h1>\t\t\t\t<\/div>\n\t\t\t\t<\/div>\n\t\t\t\t<div class=\"elementor-element elementor-element-c909ff1 elementor-widget elementor-widget-text-editor\" data-id=\"c909ff1\" data-element_type=\"widget\" data-e-type=\"widget\" data-widget_type=\"text-editor.default\">\n\t\t\t\t<div class=\"elementor-widget-container\">\n\t\t\t\t\t\t\t\t\t<p style=\"text-align: center;\">Biyometrik ve ak\u0131ll\u0131 kart tabanl\u0131 BioAffix ge\u00e7i\u015f kontrol cihazlar\u0131 \u00fcr\u00fcn ailesi ile fiziksel g\u00fcvenli\u011finizi kontrol alt\u0131na al\u0131n.<\/p>\t\t\t\t\t\t\t\t<\/div>\n\t\t\t\t<\/div>\n\t\t\t\t<\/div>\n\t\t\t\t<\/div>\n\t\t\t\t<section class=\"elementor-section elementor-top-section elementor-element elementor-element-2155dc3 elementor-section-height-min-height elementor-section-boxed elementor-section-height-default elementor-section-items-middle\" data-id=\"2155dc3\" data-element_type=\"section\" data-e-type=\"section\" data-settings=\"{&quot;background_background&quot;:&quot;classic&quot;}\">\n\t\t\t\t\t\t<div class=\"elementor-container elementor-column-gap-default\">\n\t\t\t\t\t<div class=\"elementor-column elementor-col-100 elementor-top-column elementor-element elementor-element-3ea5ef3\" data-id=\"3ea5ef3\" data-element_type=\"column\" data-e-type=\"column\">\n\t\t\t<div class=\"elementor-widget-wrap elementor-element-populated\">\n\t\t\t\t<div class=\"elementor-element elementor-element-51c3649 e-con-full e-flex e-con e-parent\" data-id=\"51c3649\" data-element_type=\"container\" data-e-type=\"container\">\n\t\t<a class=\"elementor-element elementor-element-4c45da4 e-con-full e-flex e-con e-child\" data-id=\"4c45da4\" data-element_type=\"container\" data-e-type=\"container\" href=\"https:\/\/bioaffix.com\/tr\/gecis-kontrol\/bioaffix-gate-extreme\/\">\n\t\t\t\t<div class=\"elementor-element elementor-element-e386b7f elementor-widget elementor-widget-image\" data-id=\"e386b7f\" data-element_type=\"widget\" data-e-type=\"widget\" data-widget_type=\"image.default\">\n\t\t\t\t<div class=\"elementor-widget-container\">\n\t\t\t\t\t\t\t\t\t\t\t\t\t\t\t<img loading=\"lazy\" decoding=\"async\" loading=\"lazy\" width=\"270\" height=\"152\" src=\"https:\/\/bioaffix.com\/wp-content\/uploads\/Related-Products-BioAffix-Gate-Extreme-1.webp\" class=\"attachment-large size-large wp-image-4959\" alt=\"\" srcset=\"https:\/\/bioaffix.com\/wp-content\/uploads\/Related-Products-BioAffix-Gate-Extreme-1.webp 270w, https:\/\/bioaffix.com\/wp-content\/uploads\/Related-Products-BioAffix-Gate-Extreme-1-18x10.webp 18w\" sizes=\"auto, (max-width: 270px) 100vw, 270px\" \/>\t\t\t\t\t\t\t\t\t\t\t\t\t\t\t<\/div>\n\t\t\t\t<\/div>\n\t\t\t\t<div class=\"elementor-element elementor-element-5d9915e elementor-widget elementor-widget-heading\" data-id=\"5d9915e\" data-element_type=\"widget\" data-e-type=\"widget\" data-widget_type=\"heading.default\">\n\t\t\t\t<div class=\"elementor-widget-container\">\n\t\t\t\t\t<h2 class=\"elementor-heading-title elementor-size-default\">BioAffix\u00ae Gate Extreme<\/h2>\t\t\t\t<\/div>\n\t\t\t\t<\/div>\n\t\t\t\t<\/a>\n\t\t<a class=\"elementor-element elementor-element-5d23f7c e-con-full e-flex e-con e-child\" data-id=\"5d23f7c\" data-element_type=\"container\" data-e-type=\"container\" href=\"https:\/\/bioaffix.com\/tr\/gecis-kontrol\/bioaffix-gate-vision\/\">\n\t\t\t\t<div class=\"elementor-element elementor-element-f6faa3e elementor-widget elementor-widget-image\" data-id=\"f6faa3e\" data-element_type=\"widget\" data-e-type=\"widget\" data-widget_type=\"image.default\">\n\t\t\t\t<div class=\"elementor-widget-container\">\n\t\t\t\t\t\t\t\t\t\t\t\t\t\t\t<img loading=\"lazy\" decoding=\"async\" loading=\"lazy\" width=\"270\" height=\"152\" src=\"https:\/\/bioaffix.com\/wp-content\/uploads\/BioAffix-Gate-Vision-Gate-Family-Main-Page.webp\" class=\"attachment-large size-large wp-image-5834\" alt=\"\" srcset=\"https:\/\/bioaffix.com\/wp-content\/uploads\/BioAffix-Gate-Vision-Gate-Family-Main-Page.webp 270w, https:\/\/bioaffix.com\/wp-content\/uploads\/BioAffix-Gate-Vision-Gate-Family-Main-Page-18x10.webp 18w\" sizes=\"auto, (max-width: 270px) 100vw, 270px\" \/>\t\t\t\t\t\t\t\t\t\t\t\t\t\t\t<\/div>\n\t\t\t\t<\/div>\n\t\t\t\t<div class=\"elementor-element elementor-element-b13ae03 elementor-widget elementor-widget-heading\" data-id=\"b13ae03\" data-element_type=\"widget\" data-e-type=\"widget\" data-widget_type=\"heading.default\">\n\t\t\t\t<div class=\"elementor-widget-container\">\n\t\t\t\t\t<h2 class=\"elementor-heading-title elementor-size-default\">BioAffix\u00ae Gate Vision<\/h2>\t\t\t\t<\/div>\n\t\t\t\t<\/div>\n\t\t\t\t<\/a>\n\t\t<a class=\"elementor-element elementor-element-cc04991 e-con-full e-flex e-con e-child\" data-id=\"cc04991\" data-element_type=\"container\" data-e-type=\"container\" href=\"https:\/\/bioaffix.com\/tr\/gecis-kontrol\/bioaffix-gate-smart\/\">\n\t\t\t\t<div class=\"elementor-element elementor-element-80b22ff elementor-widget elementor-widget-image\" data-id=\"80b22ff\" data-element_type=\"widget\" data-e-type=\"widget\" data-widget_type=\"image.default\">\n\t\t\t\t<div class=\"elementor-widget-container\">\n\t\t\t\t\t\t\t\t\t\t\t\t\t\t\t<img loading=\"lazy\" decoding=\"async\" loading=\"lazy\" width=\"270\" height=\"152\" src=\"https:\/\/bioaffix.com\/wp-content\/uploads\/Related-Products-BioAffix-Gate-Smart-1.webp\" class=\"attachment-large size-large wp-image-4960\" alt=\"\" srcset=\"https:\/\/bioaffix.com\/wp-content\/uploads\/Related-Products-BioAffix-Gate-Smart-1.webp 270w, https:\/\/bioaffix.com\/wp-content\/uploads\/Related-Products-BioAffix-Gate-Smart-1-18x10.webp 18w\" sizes=\"auto, (max-width: 270px) 100vw, 270px\" \/>\t\t\t\t\t\t\t\t\t\t\t\t\t\t\t<\/div>\n\t\t\t\t<\/div>\n\t\t\t\t<div class=\"elementor-element elementor-element-bda3a1e elementor-widget elementor-widget-heading\" data-id=\"bda3a1e\" data-element_type=\"widget\" data-e-type=\"widget\" data-widget_type=\"heading.default\">\n\t\t\t\t<div class=\"elementor-widget-container\">\n\t\t\t\t\t<h2 class=\"elementor-heading-title elementor-size-default\">BioAffix\u00ae Gate Smart<\/h2>\t\t\t\t<\/div>\n\t\t\t\t<\/div>\n\t\t\t\t<\/a>\n\t\t<a class=\"elementor-element elementor-element-7c93a92 e-con-full e-flex e-con e-child\" data-id=\"7c93a92\" data-element_type=\"container\" data-e-type=\"container\" href=\"https:\/\/bioaffix.com\/tr\/gecis-kontrol\/bioaffix-gate-vision-mobile\/\">\n\t\t\t\t<div class=\"elementor-element elementor-element-de67a8d elementor-widget elementor-widget-image\" data-id=\"de67a8d\" data-element_type=\"widget\" data-e-type=\"widget\" data-widget_type=\"image.default\">\n\t\t\t\t<div class=\"elementor-widget-container\">\n\t\t\t\t\t\t\t\t\t\t\t\t\t\t\t<img loading=\"lazy\" decoding=\"async\" loading=\"lazy\" width=\"270\" height=\"152\" src=\"https:\/\/bioaffix.com\/wp-content\/uploads\/Related-Products-BioAffix-Gate-Vision-Mobile.webp\" class=\"attachment-large size-large wp-image-11890\" alt=\"\" \/>\t\t\t\t\t\t\t\t\t\t\t\t\t\t\t<\/div>\n\t\t\t\t<\/div>\n\t\t\t\t<div class=\"elementor-element elementor-element-6d307f9 elementor-widget elementor-widget-heading\" data-id=\"6d307f9\" data-element_type=\"widget\" data-e-type=\"widget\" data-widget_type=\"heading.default\">\n\t\t\t\t<div class=\"elementor-widget-container\">\n\t\t\t\t\t<h2 class=\"elementor-heading-title elementor-size-default\">BioAffix\u00ae Gate Vision Mobile<\/h2>\t\t\t\t<\/div>\n\t\t\t\t<\/div>\n\t\t\t\t<\/a>\n\t\t\t\t<\/div>\n\t\t<div class=\"elementor-element elementor-element-dbf2ab2 e-con-full e-flex e-con e-parent\" data-id=\"dbf2ab2\" data-element_type=\"container\" data-e-type=\"container\">\n\t\t<a class=\"elementor-element elementor-element-66a3372 e-con-full e-flex e-con e-child\" data-id=\"66a3372\" data-element_type=\"container\" data-e-type=\"container\" href=\"https:\/\/bioaffix.com\/tr\/gecis-kontrol\/bioaffix-gate-power-v2\/\">\n\t\t\t\t<div class=\"elementor-element elementor-element-126f8ce elementor-widget elementor-widget-image\" data-id=\"126f8ce\" data-element_type=\"widget\" data-e-type=\"widget\" data-widget_type=\"image.default\">\n\t\t\t\t<div class=\"elementor-widget-container\">\n\t\t\t\t\t\t\t\t\t\t\t\t\t\t\t<img loading=\"lazy\" decoding=\"async\" loading=\"lazy\" width=\"270\" height=\"152\" src=\"https:\/\/bioaffix.com\/wp-content\/uploads\/BioAffix-Gate-Power-V2-Gate-Family-Main-Page.webp\" class=\"attachment-large size-large wp-image-5825\" alt=\"\" srcset=\"https:\/\/bioaffix.com\/wp-content\/uploads\/BioAffix-Gate-Power-V2-Gate-Family-Main-Page.webp 270w, https:\/\/bioaffix.com\/wp-content\/uploads\/BioAffix-Gate-Power-V2-Gate-Family-Main-Page-18x10.webp 18w\" sizes=\"auto, (max-width: 270px) 100vw, 270px\" \/>\t\t\t\t\t\t\t\t\t\t\t\t\t\t\t<\/div>\n\t\t\t\t<\/div>\n\t\t\t\t<div class=\"elementor-element elementor-element-362f048 elementor-widget elementor-widget-heading\" data-id=\"362f048\" data-element_type=\"widget\" data-e-type=\"widget\" data-widget_type=\"heading.default\">\n\t\t\t\t<div class=\"elementor-widget-container\">\n\t\t\t\t\t<h2 class=\"elementor-heading-title elementor-size-default\">BioAffix\u00ae Gate Power V2<\/h2>\t\t\t\t<\/div>\n\t\t\t\t<\/div>\n\t\t\t\t<\/a>\n\t\t<a class=\"elementor-element elementor-element-3aa1fe3 e-con-full e-flex e-con e-child\" data-id=\"3aa1fe3\" data-element_type=\"container\" data-e-type=\"container\" href=\"https:\/\/bioaffix.com\/tr\/gecis-kontrol\/bioaffix-gate-handheld\/\">\n\t\t\t\t<div class=\"elementor-element elementor-element-04201e1 elementor-widget elementor-widget-image\" data-id=\"04201e1\" data-element_type=\"widget\" data-e-type=\"widget\" data-widget_type=\"image.default\">\n\t\t\t\t<div class=\"elementor-widget-container\">\n\t\t\t\t\t\t\t\t\t\t\t\t\t\t\t<img loading=\"lazy\" decoding=\"async\" loading=\"lazy\" width=\"270\" height=\"152\" src=\"https:\/\/bioaffix.com\/wp-content\/uploads\/Related-Products-BioAffix-Gate-Handheld.webp\" class=\"attachment-large size-large wp-image-4963\" alt=\"\" srcset=\"https:\/\/bioaffix.com\/wp-content\/uploads\/Related-Products-BioAffix-Gate-Handheld.webp 270w, https:\/\/bioaffix.com\/wp-content\/uploads\/Related-Products-BioAffix-Gate-Handheld-18x10.webp 18w\" sizes=\"auto, (max-width: 270px) 100vw, 270px\" \/>\t\t\t\t\t\t\t\t\t\t\t\t\t\t\t<\/div>\n\t\t\t\t<\/div>\n\t\t\t\t<div class=\"elementor-element elementor-element-8d0de16 elementor-widget elementor-widget-heading\" data-id=\"8d0de16\" data-element_type=\"widget\" data-e-type=\"widget\" data-widget_type=\"heading.default\">\n\t\t\t\t<div class=\"elementor-widget-container\">\n\t\t\t\t\t<h2 class=\"elementor-heading-title elementor-size-default\">BioAffix\u00ae Gate Handheld<\/h2>\t\t\t\t<\/div>\n\t\t\t\t<\/div>\n\t\t\t\t<\/a>\n\t\t<a class=\"elementor-element elementor-element-2e6f522 e-con-full e-flex e-con e-child\" data-id=\"2e6f522\" data-element_type=\"container\" data-e-type=\"container\" href=\"https:\/\/bioaffix.com\/tr\/gecis-kontrol\/bioaffix-gate-force-mini\/\">\n\t\t\t\t<div class=\"elementor-element elementor-element-71d729c elementor-widget elementor-widget-image\" data-id=\"71d729c\" data-element_type=\"widget\" data-e-type=\"widget\" data-widget_type=\"image.default\">\n\t\t\t\t<div class=\"elementor-widget-container\">\n\t\t\t\t\t\t\t\t\t\t\t\t\t\t\t<img loading=\"lazy\" decoding=\"async\" loading=\"lazy\" width=\"270\" height=\"152\" src=\"https:\/\/bioaffix.com\/wp-content\/uploads\/Related-Products-BioAffix-Gate-Force.webp\" class=\"attachment-large size-large wp-image-1049\" alt=\"\" srcset=\"https:\/\/bioaffix.com\/wp-content\/uploads\/Related-Products-BioAffix-Gate-Force.webp 270w, https:\/\/bioaffix.com\/wp-content\/uploads\/Related-Products-BioAffix-Gate-Force-18x10.webp 18w\" sizes=\"auto, (max-width: 270px) 100vw, 270px\" \/>\t\t\t\t\t\t\t\t\t\t\t\t\t\t\t<\/div>\n\t\t\t\t<\/div>\n\t\t\t\t<div class=\"elementor-element elementor-element-3aba68c elementor-widget elementor-widget-heading\" data-id=\"3aba68c\" data-element_type=\"widget\" data-e-type=\"widget\" data-widget_type=\"heading.default\">\n\t\t\t\t<div class=\"elementor-widget-container\">\n\t\t\t\t\t<h2 class=\"elementor-heading-title elementor-size-default\">BioAffix\u00ae Gate Force Mini<\/h2>\t\t\t\t<\/div>\n\t\t\t\t<\/div>\n\t\t\t\t<\/a>\n\t\t<a class=\"elementor-element elementor-element-638a8b0 e-con-full e-flex e-con e-child\" data-id=\"638a8b0\" data-element_type=\"container\" data-e-type=\"container\">\n\t\t\t\t<\/a>\n\t\t\t\t<\/div>\n\t\t\t\t\t<\/div>\n\t\t<\/div>\n\t\t\t\t\t<\/div>\n\t\t<\/section>\n\t\t\t\t<\/div>\n\t\t","protected":false},"excerpt":{"rendered":"<p>BioAffix Ge\u00e7i\u015f Kontrol \u00dcr\u00fcn Ailesi Biyometrik ve ak\u0131ll\u0131 kart tabanl\u0131 BioAffix ge\u00e7i\u015f kontrol cihazlar\u0131 \u00fcr\u00fcn ailesi ile fiziksel g\u00fcvenli\u011finizi kontrol alt\u0131na al\u0131n. BioAffix\u00ae Gate Extreme BioAffix\u00ae Gate Vision BioAffix\u00ae Gate Smart BioAffix\u00ae Gate Vision Mobile BioAffix\u00ae Gate Power V2 BioAffix\u00ae Gate Handheld BioAffix\u00ae Gate Force Mini<\/p>\n","protected":false},"author":3,"featured_media":0,"parent":0,"menu_order":0,"comment_status":"closed","ping_status":"closed","template":"","meta":{"nf_dc_page":"","footnotes":""},"class_list":["post-5820","page","type-page","status-publish","hentry","no-post-thumbnail"],"acf":[],"_links":{"self":[{"href":"https:\/\/bioaffix.com\/tr\/wp-json\/wp\/v2\/pages\/5820","targetHints":{"allow":["GET"]}}],"collection":[{"href":"https:\/\/bioaffix.com\/tr\/wp-json\/wp\/v2\/pages"}],"about":[{"href":"https:\/\/bioaffix.com\/tr\/wp-json\/wp\/v2\/types\/page"}],"author":[{"embeddable":true,"href":"https:\/\/bioaffix.com\/tr\/wp-json\/wp\/v2\/users\/3"}],"replies":[{"embeddable":true,"href":"https:\/\/bioaffix.com\/tr\/wp-json\/wp\/v2\/comments?post=5820"}],"version-history":[{"count":0,"href":"https:\/\/bioaffix.com\/tr\/wp-json\/wp\/v2\/pages\/5820\/revisions"}],"wp:attachment":[{"href":"https:\/\/bioaffix.com\/tr\/wp-json\/wp\/v2\/media?parent=5820"}],"curies":[{"name":"wp","href":"https:\/\/api.w.org\/{rel}","templated":true}]}}