{"id":5793,"date":"2024-03-11T21:36:06","date_gmt":"2024-03-11T18:36:06","guid":{"rendered":"https:\/\/bioaffix.com\/?page_id=5793"},"modified":"2026-02-04T14:26:30","modified_gmt":"2026-02-04T11:26:30","slug":"giris-cikis-uniteleri","status":"publish","type":"page","link":"https:\/\/bioaffix.com\/tr\/giris-cikis-uniteleri\/","title":{"rendered":"BioAffix Giri\u015f \u00c7\u0131k\u0131\u015f \u00dcniteleri"},"content":{"rendered":"\t\t<div data-elementor-type=\"wp-page\" data-elementor-id=\"5793\" class=\"elementor elementor-5793\">\n\t\t\t\t<div class=\"elementor-element elementor-element-c8c7b29 e-con-full e-flex e-con e-parent\" data-id=\"c8c7b29\" data-element_type=\"container\" data-e-type=\"container\" data-settings=\"{&quot;background_background&quot;:&quot;classic&quot;}\">\n\t\t<div class=\"elementor-element elementor-element-41be55a e-con-full e-flex e-con e-child\" data-id=\"41be55a\" data-element_type=\"container\" data-e-type=\"container\">\n\t\t\t\t<div class=\"elementor-element elementor-element-545add5 elementor-widget elementor-widget-heading\" data-id=\"545add5\" data-element_type=\"widget\" data-e-type=\"widget\" data-widget_type=\"heading.default\">\n\t\t\t\t<div class=\"elementor-widget-container\">\n\t\t\t\t\t<h1 class=\"elementor-heading-title elementor-size-large\">BioAffix Giri\u015f-\u00c7\u0131k\u0131\u015f \u00dcnitesi \u00dcr\u00fcn Ailesi<\/h1>\t\t\t\t<\/div>\n\t\t\t\t<\/div>\n\t\t\t\t<div class=\"elementor-element elementor-element-8964091 elementor-widget elementor-widget-text-editor\" data-id=\"8964091\" data-element_type=\"widget\" data-e-type=\"widget\" data-widget_type=\"text-editor.default\">\n\t\t\t\t<div class=\"elementor-widget-container\">\n\t\t\t\t\t\t\t\t\t<p style=\"text-align: center;\">\u00dcst d\u00fczey g\u00fcvenlik teknolojisyle donat\u0131lm\u0131\u015f giri\u015f \u00e7\u0131k\u0131\u015f \u00fcniteleri, i\u015fletmenizin kapsaml\u0131 g\u00fcvenlik gereksinimlerini kar\u015f\u0131lamak i\u00e7in tasarland\u0131<\/p>\t\t\t\t\t\t\t\t<\/div>\n\t\t\t\t<\/div>\n\t\t\t\t<\/div>\n\t\t\t\t<\/div>\n\t\t\t\t<section class=\"elementor-section elementor-top-section elementor-element elementor-element-25c2bd2 elementor-section-height-min-height elementor-section-boxed elementor-section-height-default elementor-section-items-middle\" data-id=\"25c2bd2\" data-element_type=\"section\" data-e-type=\"section\" data-settings=\"{&quot;background_background&quot;:&quot;classic&quot;}\">\n\t\t\t\t\t\t<div class=\"elementor-container elementor-column-gap-default\">\n\t\t\t\t\t<div class=\"elementor-column elementor-col-100 elementor-top-column elementor-element elementor-element-b95892b\" data-id=\"b95892b\" data-element_type=\"column\" data-e-type=\"column\">\n\t\t\t<div class=\"elementor-widget-wrap elementor-element-populated\">\n\t\t\t\t<div class=\"elementor-element elementor-element-cf3846d e-con-full e-flex e-con e-parent\" data-id=\"cf3846d\" data-element_type=\"container\" data-e-type=\"container\">\n\t\t<a class=\"elementor-element elementor-element-42d8abd e-con-full e-flex e-con e-child\" data-id=\"42d8abd\" data-element_type=\"container\" data-e-type=\"container\" href=\"https:\/\/bioaffix.com\/tr\/giris-cikis-uniteleri\/bioaffix-secure-io-distributor-v2\/\">\n\t\t\t\t<div class=\"elementor-element elementor-element-f288446 elementor-widget elementor-widget-image\" data-id=\"f288446\" data-element_type=\"widget\" data-e-type=\"widget\" data-widget_type=\"image.default\">\n\t\t\t\t<div class=\"elementor-widget-container\">\n\t\t\t\t\t\t\t\t\t\t\t\t\t\t\t<img loading=\"lazy\" decoding=\"async\" loading=\"lazy\" width=\"270\" height=\"152\" src=\"https:\/\/bioaffix.com\/wp-content\/uploads\/Related-Product-BioAffix-Secure-IO-Distributor-V2.webp\" class=\"attachment-large size-large wp-image-15382\" alt=\"\" \/>\t\t\t\t\t\t\t\t\t\t\t\t\t\t\t<\/div>\n\t\t\t\t<\/div>\n\t\t\t\t<div class=\"elementor-element elementor-element-62ee5ba elementor-widget elementor-widget-heading\" data-id=\"62ee5ba\" data-element_type=\"widget\" data-e-type=\"widget\" data-widget_type=\"heading.default\">\n\t\t\t\t<div class=\"elementor-widget-container\">\n\t\t\t\t\t<h2 class=\"elementor-heading-title elementor-size-default\">BioAffix Secure I\/O Distributor V2<\/h2>\t\t\t\t<\/div>\n\t\t\t\t<\/div>\n\t\t\t\t<\/a>\n\t\t<a class=\"elementor-element elementor-element-91a2d42 e-con-full e-flex e-con e-child\" data-id=\"91a2d42\" data-element_type=\"container\" data-e-type=\"container\" href=\"https:\/\/bioaffix.com\/tr\/giris-cikis-uniteleri\/bioaffix-secure-io-plus-terminal-b32\/\">\n\t\t\t\t<div class=\"elementor-element elementor-element-d6d84d0 elementor-widget elementor-widget-image\" data-id=\"d6d84d0\" data-element_type=\"widget\" data-e-type=\"widget\" data-widget_type=\"image.default\">\n\t\t\t\t<div class=\"elementor-widget-container\">\n\t\t\t\t\t\t\t\t\t\t\t\t\t\t\t<img loading=\"lazy\" decoding=\"async\" loading=\"lazy\" width=\"270\" height=\"152\" src=\"https:\/\/bioaffix.com\/wp-content\/uploads\/BioAffix-Secure-IO-Plus-Terminal-B32-IO-Family-Main-Page.webp\" class=\"attachment-large size-large wp-image-5800\" alt=\"\" srcset=\"https:\/\/bioaffix.com\/wp-content\/uploads\/BioAffix-Secure-IO-Plus-Terminal-B32-IO-Family-Main-Page.webp 270w, https:\/\/bioaffix.com\/wp-content\/uploads\/BioAffix-Secure-IO-Plus-Terminal-B32-IO-Family-Main-Page-18x10.webp 18w\" sizes=\"auto, (max-width: 270px) 100vw, 270px\" \/>\t\t\t\t\t\t\t\t\t\t\t\t\t\t\t<\/div>\n\t\t\t\t<\/div>\n\t\t\t\t<div class=\"elementor-element elementor-element-cbabdb1 elementor-widget elementor-widget-heading\" data-id=\"cbabdb1\" data-element_type=\"widget\" data-e-type=\"widget\" data-widget_type=\"heading.default\">\n\t\t\t\t<div class=\"elementor-widget-container\">\n\t\t\t\t\t<h2 class=\"elementor-heading-title elementor-size-default\">BioAffix Secure I\/O Plus Terminal B32<\/h2>\t\t\t\t<\/div>\n\t\t\t\t<\/div>\n\t\t\t\t<\/a>\n\t\t<a class=\"elementor-element elementor-element-e9e1ff7 e-con-full e-flex e-con e-child\" data-id=\"e9e1ff7\" data-element_type=\"container\" data-e-type=\"container\" href=\"https:\/\/bioaffix.com\/tr\/giris-cikis-uniteleri\/bioaffix-secure-io-plus-1632\/\">\n\t\t\t\t<div class=\"elementor-element elementor-element-bcaab69 elementor-widget elementor-widget-image\" data-id=\"bcaab69\" data-element_type=\"widget\" data-e-type=\"widget\" data-widget_type=\"image.default\">\n\t\t\t\t<div class=\"elementor-widget-container\">\n\t\t\t\t\t\t\t\t\t\t\t\t\t\t\t<img loading=\"lazy\" decoding=\"async\" loading=\"lazy\" width=\"270\" height=\"152\" src=\"https:\/\/bioaffix.com\/wp-content\/uploads\/BioAffix-Secure-IO-Plus-1632-IO-Family-Main-Page.webp\" class=\"attachment-large size-large wp-image-5796\" alt=\"\" srcset=\"https:\/\/bioaffix.com\/wp-content\/uploads\/BioAffix-Secure-IO-Plus-1632-IO-Family-Main-Page.webp 270w, https:\/\/bioaffix.com\/wp-content\/uploads\/BioAffix-Secure-IO-Plus-1632-IO-Family-Main-Page-18x10.webp 18w\" sizes=\"auto, (max-width: 270px) 100vw, 270px\" \/>\t\t\t\t\t\t\t\t\t\t\t\t\t\t\t<\/div>\n\t\t\t\t<\/div>\n\t\t\t\t<div class=\"elementor-element elementor-element-07c496a elementor-widget elementor-widget-heading\" data-id=\"07c496a\" data-element_type=\"widget\" data-e-type=\"widget\" data-widget_type=\"heading.default\">\n\t\t\t\t<div class=\"elementor-widget-container\">\n\t\t\t\t\t<h2 class=\"elementor-heading-title elementor-size-default\">BioAffix Secure I\/O Plus 1632<\/h2>\t\t\t\t<\/div>\n\t\t\t\t<\/div>\n\t\t\t\t<\/a>\n\t\t<a class=\"elementor-element elementor-element-5b50a43 e-con-full e-flex e-con e-child\" data-id=\"5b50a43\" data-element_type=\"container\" data-e-type=\"container\" href=\"https:\/\/bioaffix.com\/tr\/giris-cikis-uniteleri\/bioaffix-secure-io-plus-422\/\">\n\t\t\t\t<div class=\"elementor-element elementor-element-1b609ce elementor-widget elementor-widget-image\" data-id=\"1b609ce\" data-element_type=\"widget\" data-e-type=\"widget\" data-widget_type=\"image.default\">\n\t\t\t\t<div class=\"elementor-widget-container\">\n\t\t\t\t\t\t\t\t\t\t\t\t\t\t\t<img loading=\"lazy\" decoding=\"async\" loading=\"lazy\" width=\"270\" height=\"152\" src=\"https:\/\/bioaffix.com\/wp-content\/uploads\/BioAffix-Secure-IO-Plus-422-IO-Family-Main-Page.webp\" class=\"attachment-large size-large wp-image-5806\" alt=\"\" srcset=\"https:\/\/bioaffix.com\/wp-content\/uploads\/BioAffix-Secure-IO-Plus-422-IO-Family-Main-Page.webp 270w, https:\/\/bioaffix.com\/wp-content\/uploads\/BioAffix-Secure-IO-Plus-422-IO-Family-Main-Page-18x10.webp 18w\" sizes=\"auto, (max-width: 270px) 100vw, 270px\" \/>\t\t\t\t\t\t\t\t\t\t\t\t\t\t\t<\/div>\n\t\t\t\t<\/div>\n\t\t\t\t<div class=\"elementor-element elementor-element-02efa88 elementor-widget elementor-widget-heading\" data-id=\"02efa88\" data-element_type=\"widget\" data-e-type=\"widget\" data-widget_type=\"heading.default\">\n\t\t\t\t<div class=\"elementor-widget-container\">\n\t\t\t\t\t<h2 class=\"elementor-heading-title elementor-size-default\">BioAffix Secure I\/O Plus 422<\/h2>\t\t\t\t<\/div>\n\t\t\t\t<\/div>\n\t\t\t\t<\/a>\n\t\t\t\t<\/div>\n\t\t<div class=\"elementor-element elementor-element-f22a364 e-con-full e-flex e-con e-parent\" data-id=\"f22a364\" data-element_type=\"container\" data-e-type=\"container\">\n\t\t<a class=\"elementor-element elementor-element-7fafc68 e-con-full e-flex e-con e-child\" data-id=\"7fafc68\" data-element_type=\"container\" data-e-type=\"container\" href=\"https:\/\/bioaffix.com\/tr\/giris-cikis-uniteleri\/bioaffix-secure-io-maxi\/\">\n\t\t\t\t<div class=\"elementor-element elementor-element-46d4e79 elementor-widget elementor-widget-image\" data-id=\"46d4e79\" data-element_type=\"widget\" data-e-type=\"widget\" data-widget_type=\"image.default\">\n\t\t\t\t<div class=\"elementor-widget-container\">\n\t\t\t\t\t\t\t\t\t\t\t\t\t\t\t<img loading=\"lazy\" decoding=\"async\" loading=\"lazy\" width=\"270\" height=\"152\" src=\"https:\/\/bioaffix.com\/wp-content\/uploads\/Related-Products-BioAffix-Secure-IO-Maxi-1.webp\" class=\"attachment-large size-large wp-image-4967\" alt=\"\" srcset=\"https:\/\/bioaffix.com\/wp-content\/uploads\/Related-Products-BioAffix-Secure-IO-Maxi-1.webp 270w, https:\/\/bioaffix.com\/wp-content\/uploads\/Related-Products-BioAffix-Secure-IO-Maxi-1-18x10.webp 18w\" sizes=\"auto, (max-width: 270px) 100vw, 270px\" \/>\t\t\t\t\t\t\t\t\t\t\t\t\t\t\t<\/div>\n\t\t\t\t<\/div>\n\t\t\t\t<div class=\"elementor-element elementor-element-01c9d87 elementor-widget elementor-widget-heading\" data-id=\"01c9d87\" data-element_type=\"widget\" data-e-type=\"widget\" data-widget_type=\"heading.default\">\n\t\t\t\t<div class=\"elementor-widget-container\">\n\t\t\t\t\t<h2 class=\"elementor-heading-title elementor-size-default\">BioAffix Secure I\/O Maxi<\/h2>\t\t\t\t<\/div>\n\t\t\t\t<\/div>\n\t\t\t\t<\/a>\n\t\t<a class=\"elementor-element elementor-element-f6b3c96 e-con-full e-flex e-con e-child\" data-id=\"f6b3c96\" data-element_type=\"container\" data-e-type=\"container\">\n\t\t\t\t<\/a>\n\t\t<a class=\"elementor-element elementor-element-9873289 e-con-full e-flex e-con e-child\" data-id=\"9873289\" data-element_type=\"container\" data-e-type=\"container\">\n\t\t\t\t<\/a>\n\t\t<a class=\"elementor-element elementor-element-6552594 e-con-full e-flex e-con e-child\" data-id=\"6552594\" data-element_type=\"container\" data-e-type=\"container\">\n\t\t\t\t<\/a>\n\t\t\t\t<\/div>\n\t\t\t\t\t<\/div>\n\t\t<\/div>\n\t\t\t\t\t<\/div>\n\t\t<\/section>\n\t\t\t\t<\/div>\n\t\t","protected":false},"excerpt":{"rendered":"<p>BioAffix Giri\u015f-\u00c7\u0131k\u0131\u015f \u00dcnitesi \u00dcr\u00fcn Ailesi \u00dcst d\u00fczey g\u00fcvenlik teknolojisyle donat\u0131lm\u0131\u015f giri\u015f \u00e7\u0131k\u0131\u015f \u00fcniteleri, i\u015fletmenizin kapsaml\u0131 g\u00fcvenlik gereksinimlerini kar\u015f\u0131lamak i\u00e7in tasarland\u0131 BioAffix Secure I\/O Distributor V2 BioAffix Secure I\/O Plus Terminal B32 BioAffix Secure I\/O Plus 1632 BioAffix Secure I\/O Plus 422 BioAffix Secure I\/O Maxi<\/p>\n","protected":false},"author":2,"featured_media":0,"parent":0,"menu_order":0,"comment_status":"closed","ping_status":"closed","template":"","meta":{"nf_dc_page":"","footnotes":""},"class_list":["post-5793","page","type-page","status-publish","hentry","no-post-thumbnail"],"acf":[],"_links":{"self":[{"href":"https:\/\/bioaffix.com\/tr\/wp-json\/wp\/v2\/pages\/5793","targetHints":{"allow":["GET"]}}],"collection":[{"href":"https:\/\/bioaffix.com\/tr\/wp-json\/wp\/v2\/pages"}],"about":[{"href":"https:\/\/bioaffix.com\/tr\/wp-json\/wp\/v2\/types\/page"}],"author":[{"embeddable":true,"href":"https:\/\/bioaffix.com\/tr\/wp-json\/wp\/v2\/users\/2"}],"replies":[{"embeddable":true,"href":"https:\/\/bioaffix.com\/tr\/wp-json\/wp\/v2\/comments?post=5793"}],"version-history":[{"count":0,"href":"https:\/\/bioaffix.com\/tr\/wp-json\/wp\/v2\/pages\/5793\/revisions"}],"wp:attachment":[{"href":"https:\/\/bioaffix.com\/tr\/wp-json\/wp\/v2\/media?parent=5793"}],"curies":[{"name":"wp","href":"https:\/\/api.w.org\/{rel}","templated":true}]}}