{"id":555,"date":"2023-06-20T15:01:48","date_gmt":"2023-06-20T12:01:48","guid":{"rendered":"https:\/\/bioaffix.com\/?page_id=555"},"modified":"2025-05-29T16:01:20","modified_gmt":"2025-05-29T13:01:20","slug":"guvenlik-ozellikleri","status":"publish","type":"page","link":"https:\/\/bioaffix.com\/tr\/gecis-kontrol\/bioaffix-gate-extreme\/guvenlik-ozellikleri\/","title":{"rendered":"BioAffix\u00ae Gate Extreme G\u00fcvenlik \u00d6zellikleri"},"content":{"rendered":"\t\t<div data-elementor-type=\"wp-page\" data-elementor-id=\"555\" class=\"elementor elementor-555\">\n\t\t\t\t<div class=\"elementor-element elementor-element-d911e21 e-con-full e-flex e-con e-parent\" data-id=\"d911e21\" data-element_type=\"container\" data-e-type=\"container\" data-settings=\"{&quot;background_background&quot;:&quot;gradient&quot;}\">\n\t\t\t\t<div class=\"elementor-element elementor-element-eaf7fbc elementor-widget elementor-widget-heading\" data-id=\"eaf7fbc\" data-element_type=\"widget\" data-e-type=\"widget\" data-widget_type=\"heading.default\">\n\t\t\t\t<div class=\"elementor-widget-container\">\n\t\t\t\t\t<h1 class=\"elementor-heading-title elementor-size-default\">BioAffix Gate Extreme G\u00fcvenlik \u00d6zellikleri<\/h1>\t\t\t\t<\/div>\n\t\t\t\t<\/div>\n\t\t\t\t<div class=\"elementor-element elementor-element-43526f6 elementor-widget elementor-widget-text-editor\" data-id=\"43526f6\" data-element_type=\"widget\" data-e-type=\"widget\" data-widget_type=\"text-editor.default\">\n\t\t\t\t<div class=\"elementor-widget-container\">\n\t\t\t\t\t\t\t\t\t<p>NATO standartlar\u0131ndaki g\u00fcvenlik \u00f6zellikleri ile organizasyonunuz daima g\u00fcvende kals\u0131n.<\/p>\t\t\t\t\t\t\t\t<\/div>\n\t\t\t\t<\/div>\n\t\t\t\t<\/div>\n\t\t<div class=\"elementor-element elementor-element-5ddf529 e-flex e-con-boxed e-con e-parent\" data-id=\"5ddf529\" data-element_type=\"container\" data-e-type=\"container\">\n\t\t\t\t\t<div class=\"e-con-inner\">\n\t\t<div class=\"elementor-element elementor-element-b8cc3d2 e-con-full elementor-hidden-mobile e-flex e-con e-child\" data-id=\"b8cc3d2\" data-element_type=\"container\" data-e-type=\"container\">\n\t\t\t\t<div class=\"elementor-element elementor-element-df27668 elementor-widget elementor-widget-image\" data-id=\"df27668\" data-element_type=\"widget\" data-e-type=\"widget\" data-widget_type=\"image.default\">\n\t\t\t\t<div class=\"elementor-widget-container\">\n\t\t\t\t\t\t\t\t\t\t\t\t\t\t\t<img loading=\"lazy\" decoding=\"async\" loading=\"lazy\" width=\"300\" height=\"300\" src=\"https:\/\/bioaffix.com\/wp-content\/uploads\/Container-Security-icon.webp\" class=\"attachment-full size-full wp-image-565\" alt=\"HSM (Hardware Security Module) ile OneServer ve BioAffix cihazlar\u0131 aras\u0131ndaki ki\u015fisel verilern tamam\u0131 \u015fifreli bir \u015fekilde veri taban\u0131na yaz\u0131l\u0131r.\" srcset=\"https:\/\/bioaffix.com\/wp-content\/uploads\/Container-Security-icon.webp 300w, https:\/\/bioaffix.com\/wp-content\/uploads\/Container-Security-icon-150x150.webp 150w, https:\/\/bioaffix.com\/wp-content\/uploads\/Container-Security-icon-80x80.webp 80w, https:\/\/bioaffix.com\/wp-content\/uploads\/Container-Security-icon-70x70.webp 70w, https:\/\/bioaffix.com\/wp-content\/uploads\/Container-Security-icon-100x100.webp 100w, https:\/\/bioaffix.com\/wp-content\/uploads\/Container-Security-icon-12x12.webp 12w, https:\/\/bioaffix.com\/wp-content\/uploads\/Container-Security-icon-75x75.webp 75w\" sizes=\"auto, (max-width: 300px) 100vw, 300px\" \/>\t\t\t\t\t\t\t\t\t\t\t\t\t\t\t<\/div>\n\t\t\t\t<\/div>\n\t\t\t\t<\/div>\n\t\t<div class=\"elementor-element elementor-element-51b7816 e-con-full e-flex e-con e-child\" data-id=\"51b7816\" data-element_type=\"container\" data-e-type=\"container\">\n\t\t\t\t<div class=\"elementor-element elementor-element-6d1f5f5 elementor-widget elementor-widget-heading\" data-id=\"6d1f5f5\" data-element_type=\"widget\" data-e-type=\"widget\" data-widget_type=\"heading.default\">\n\t\t\t\t<div class=\"elementor-widget-container\">\n\t\t\t\t\t<h2 class=\"elementor-heading-title elementor-size-default\">HSM (Hardware Security Module \/ Fiziksel G\u00fcvenlik Mod\u00fcl\u00fc)<\/h2>\t\t\t\t<\/div>\n\t\t\t\t<\/div>\n\t\t\t\t<div class=\"elementor-element elementor-element-7baa254 elementor-widget elementor-widget-text-editor\" data-id=\"7baa254\" data-element_type=\"widget\" data-e-type=\"widget\" data-widget_type=\"text-editor.default\">\n\t\t\t\t<div class=\"elementor-widget-container\">\n\t\t\t\t\t\t\t\t\t<p>BioAffix OneServer sunucusunun HSM (Hardware Security Module) ile sa\u011flad\u0131\u011f\u0131 entegrasyon sayesinde kullan\u0131c\u0131lar\u0131n kimlik, biyometrik ve ge\u00e7i\u015f bilgileri gibi ki\u015fiye \u00f6zel olan t\u00fcm veriler \u015fifreli bir \u015fekilde veritaban\u0131na yaz\u0131l\u0131r ve veritaban\u0131ndan okunur. BioAffix \u00fcr\u00fcn ailesi cihazlar\u0131n\u0131n ge\u00e7i\u015f ve do\u011frulama i\u015flemleri i\u00e7in kullanaca\u011f\u0131 t\u00fcm veriler, yazma ve okuma i\u015flemleri s\u0131ras\u0131nda geli\u015fmi\u015f, g\u00fcncel ve y\u00fcksek g\u00fcvenlikli kriptografi i\u015flemlerinden ge\u00e7erek, d\u0131\u015far\u0131dan dinlenmesi ve okunmas\u0131 imkans\u0131z hale getirilir. Bu sayede bilgi i\u015flem biriminde g\u00f6rev alan personeller de dahil olmak \u00fczere, HSM ile \u015fifrelenmi\u015f veriler \u00fc\u00e7\u00fcnc\u00fc ki\u015filer taraf\u0131ndan hi\u00e7bir \u015fekilde okunamaz.<\/p>\t\t\t\t\t\t\t\t<\/div>\n\t\t\t\t<\/div>\n\t\t\t\t<\/div>\n\t\t\t\t\t<\/div>\n\t\t\t\t<\/div>\n\t\t<div class=\"elementor-element elementor-element-43ac56d e-flex e-con-boxed e-con e-parent\" data-id=\"43ac56d\" data-element_type=\"container\" data-e-type=\"container\">\n\t\t\t\t\t<div class=\"e-con-inner\">\n\t\t<div class=\"elementor-element elementor-element-177f5b9 e-con-full e-flex e-con e-child\" data-id=\"177f5b9\" data-element_type=\"container\" data-e-type=\"container\">\n\t\t\t\t<div class=\"elementor-element elementor-element-0d72bf2 elementor-widget elementor-widget-heading\" data-id=\"0d72bf2\" data-element_type=\"widget\" data-e-type=\"widget\" data-widget_type=\"heading.default\">\n\t\t\t\t<div class=\"elementor-widget-container\">\n\t\t\t\t\t<h2 class=\"elementor-heading-title elementor-size-default\">TPM (Trusted Platform Module)<\/h2>\t\t\t\t<\/div>\n\t\t\t\t<\/div>\n\t\t\t\t<div class=\"elementor-element elementor-element-c569b3b elementor-widget elementor-widget-text-editor\" data-id=\"c569b3b\" data-element_type=\"widget\" data-e-type=\"widget\" data-widget_type=\"text-editor.default\">\n\t\t\t\t<div class=\"elementor-widget-container\">\n\t\t\t\t\t\t\t\t\t<p>BioAffix cihazlar\u0131n\u0131n dahili diskinde yer alan t\u00fcm veriler, TPM (Trusted Platform Module) ile uluslararas\u0131 ve NATO standartlarda \u015fifrelenerek saklan\u0131r. Bu sayede cihaz\u0131n veri bar\u0131nd\u0131rma alan\u0131na y\u00f6nelik t\u00fcm sabotaj giri\u015fimlerinin \u00f6n\u00fcne ge\u00e7ilerek verileriniz daima g\u00fcvenli \u015fekilde saklan\u0131r. Depolama alan\u0131na d\u0131\u015far\u0131dan herhangi bir m\u00fcdahale ger\u00e7ekle\u015ftirilmesi durumunda, disk i\u00e7erisinde yer alan t\u00fcm veriler okunamaz bir \u015fekilde kaydedildi\u011fi i\u00e7in diskte yer alan bilgilerin anlaml\u0131 bir \u015fekilde okunmas\u0131 m\u00fcmk\u00fcn de\u011fildir.<\/p>\t\t\t\t\t\t\t\t<\/div>\n\t\t\t\t<\/div>\n\t\t\t\t<\/div>\n\t\t<div class=\"elementor-element elementor-element-e835ba3 e-con-full e-flex e-con e-child\" data-id=\"e835ba3\" data-element_type=\"container\" data-e-type=\"container\">\n\t\t\t\t<div class=\"elementor-element elementor-element-8c68a13 elementor-widget elementor-widget-image\" data-id=\"8c68a13\" data-element_type=\"widget\" data-e-type=\"widget\" data-widget_type=\"image.default\">\n\t\t\t\t<div class=\"elementor-widget-container\">\n\t\t\t\t\t\t\t\t\t\t\t\t\t\t\t<img loading=\"lazy\" decoding=\"async\" loading=\"lazy\" width=\"494\" height=\"495\" src=\"https:\/\/bioaffix.com\/wp-content\/uploads\/Container-TPM-Icon.webp\" class=\"attachment-full size-full wp-image-566\" alt=\"\" srcset=\"https:\/\/bioaffix.com\/wp-content\/uploads\/Container-TPM-Icon.webp 494w, https:\/\/bioaffix.com\/wp-content\/uploads\/Container-TPM-Icon-300x300.webp 300w, https:\/\/bioaffix.com\/wp-content\/uploads\/Container-TPM-Icon-150x150.webp 150w, https:\/\/bioaffix.com\/wp-content\/uploads\/Container-TPM-Icon-80x80.webp 80w, https:\/\/bioaffix.com\/wp-content\/uploads\/Container-TPM-Icon-70x70.webp 70w, https:\/\/bioaffix.com\/wp-content\/uploads\/Container-TPM-Icon-100x100.webp 100w, https:\/\/bioaffix.com\/wp-content\/uploads\/Container-TPM-Icon-480x480.webp 480w, https:\/\/bioaffix.com\/wp-content\/uploads\/Container-TPM-Icon-370x370.webp 370w, https:\/\/bioaffix.com\/wp-content\/uploads\/Container-TPM-Icon-12x12.webp 12w, https:\/\/bioaffix.com\/wp-content\/uploads\/Container-TPM-Icon-75x75.webp 75w\" sizes=\"auto, (max-width: 494px) 100vw, 494px\" \/>\t\t\t\t\t\t\t\t\t\t\t\t\t\t\t<\/div>\n\t\t\t\t<\/div>\n\t\t\t\t<\/div>\n\t\t\t\t\t<\/div>\n\t\t\t\t<\/div>\n\t\t<div class=\"elementor-element elementor-element-814b705 e-flex e-con-boxed e-con e-parent\" data-id=\"814b705\" data-element_type=\"container\" data-e-type=\"container\">\n\t\t\t\t\t<div class=\"e-con-inner\">\n\t\t<div class=\"elementor-element elementor-element-9285c24 e-con-full e-flex e-con e-child\" data-id=\"9285c24\" data-element_type=\"container\" data-e-type=\"container\">\n\t\t\t\t<div class=\"elementor-element elementor-element-5dc6d12 elementor-widget elementor-widget-image\" data-id=\"5dc6d12\" data-element_type=\"widget\" data-e-type=\"widget\" data-widget_type=\"image.default\">\n\t\t\t\t<div class=\"elementor-widget-container\">\n\t\t\t\t\t\t\t\t\t\t\t\t\t\t\t<img loading=\"lazy\" decoding=\"async\" loading=\"lazy\" width=\"461\" height=\"461\" src=\"https:\/\/bioaffix.com\/wp-content\/uploads\/Container-Mul-Sec-Icon.webp\" class=\"attachment-full size-full wp-image-564\" alt=\"BioAffix \u00fcr\u00fcn ailesi cihazlar\u0131 ve OneServer aras\u0131ndaki ileti\u015fim MUL-SEC (Multi Layered Secure Communications) ad\u0131 verilen \u00e7ift katmanl\u0131 ileti\u015fim t\u00fcneli ile sa\u011flan\u0131r. Bu sayede veri trafi\u011fi \u015fifreli bir altyap\u0131 ile sa\u011flan\u0131r.\" srcset=\"https:\/\/bioaffix.com\/wp-content\/uploads\/Container-Mul-Sec-Icon.webp 461w, https:\/\/bioaffix.com\/wp-content\/uploads\/Container-Mul-Sec-Icon-300x300.webp 300w, https:\/\/bioaffix.com\/wp-content\/uploads\/Container-Mul-Sec-Icon-150x150.webp 150w, https:\/\/bioaffix.com\/wp-content\/uploads\/Container-Mul-Sec-Icon-80x80.webp 80w, https:\/\/bioaffix.com\/wp-content\/uploads\/Container-Mul-Sec-Icon-70x70.webp 70w, https:\/\/bioaffix.com\/wp-content\/uploads\/Container-Mul-Sec-Icon-100x100.webp 100w, https:\/\/bioaffix.com\/wp-content\/uploads\/Container-Mul-Sec-Icon-370x370.webp 370w, https:\/\/bioaffix.com\/wp-content\/uploads\/Container-Mul-Sec-Icon-12x12.webp 12w, https:\/\/bioaffix.com\/wp-content\/uploads\/Container-Mul-Sec-Icon-75x75.webp 75w\" sizes=\"auto, (max-width: 461px) 100vw, 461px\" \/>\t\t\t\t\t\t\t\t\t\t\t\t\t\t\t<\/div>\n\t\t\t\t<\/div>\n\t\t\t\t<\/div>\n\t\t<div class=\"elementor-element elementor-element-1ccf6c4 e-con-full e-flex e-con e-child\" data-id=\"1ccf6c4\" data-element_type=\"container\" data-e-type=\"container\">\n\t\t\t\t<div class=\"elementor-element elementor-element-b4f4fa5 elementor-widget elementor-widget-heading\" data-id=\"b4f4fa5\" data-element_type=\"widget\" data-e-type=\"widget\" data-widget_type=\"heading.default\">\n\t\t\t\t<div class=\"elementor-widget-container\">\n\t\t\t\t\t<h2 class=\"elementor-heading-title elementor-size-default\">MUL-SEC (Multi Layered Secure Communications)<\/h2>\t\t\t\t<\/div>\n\t\t\t\t<\/div>\n\t\t\t\t<div class=\"elementor-element elementor-element-03a91f5 elementor-widget elementor-widget-text-editor\" data-id=\"03a91f5\" data-element_type=\"widget\" data-e-type=\"widget\" data-widget_type=\"text-editor.default\">\n\t\t\t\t<div class=\"elementor-widget-container\">\n\t\t\t\t\t\t\t\t\t<p>Ones Technology taraf\u0131ndan geli\u015ftirilen \u00e7ift katl\u0131 MUL-SEC SSL t\u00fcneli sayesinde BioAffix \u00fcr\u00fcn ailesi cihazlar\u0131 ve BioAffix OneServer aras\u0131ndaki veri trafi\u011fi, \u00e7ift katl\u0131 SSL t\u00fcneli ile \u00e7evrelenmi\u015f \u015fifreli bir ileti\u015fim altyap\u0131s\u0131 ile ger\u00e7ekle\u015fir. BioAffix cihazlar\u0131 ve BioAffix OneServer aras\u0131ndaki ileti\u015fimi MUL-SEC ile koruma alt\u0131na al\u0131nd\u0131\u011f\u0131nda, mevcut y\u00fck dengeleyici cihaz\u0131n\u0131z (Load Balancer) SSL korumas\u0131n\u0131 sonland\u0131rsa bile, BioAffix \u00fcr\u00fcn ailesi ve OneServer aras\u0131nda ileti\u015fim MUL-SEC g\u00fcvenlik teknolojisi ile daima koruma alt\u0131ndad\u0131r.<\/p>\t\t\t\t\t\t\t\t<\/div>\n\t\t\t\t<\/div>\n\t\t\t\t<\/div>\n\t\t<div class=\"elementor-element elementor-element-12cc1e9 submenuSticky e-flex e-con-boxed e-con e-child\" data-id=\"12cc1e9\" data-element_type=\"container\" data-e-type=\"container\" data-settings=\"{&quot;background_background&quot;:&quot;classic&quot;}\">\n\t\t\t\t\t<div class=\"e-con-inner\">\n\t\t<div class=\"elementor-element elementor-element-68cccd2 e-con-full e-flex e-con e-child\" data-id=\"68cccd2\" data-element_type=\"container\" data-e-type=\"container\">\n\t\t\t\t<div class=\"elementor-element elementor-element-7f69cc0 elementor-widget elementor-widget-image\" data-id=\"7f69cc0\" data-element_type=\"widget\" data-e-type=\"widget\" data-widget_type=\"image.default\">\n\t\t\t\t<div class=\"elementor-widget-container\">\n\t\t\t\t\t\t\t\t\t\t\t\t\t\t\t\t<a href=\"https:\/\/bioaffix.com\/tr\/gecis-kontrol\/bioaffix-gate-extreme\/\">\n\t\t\t\t\t\t\t<img loading=\"lazy\" decoding=\"async\" loading=\"lazy\" width=\"106\" height=\"41\" src=\"https:\/\/bioaffix.com\/wp-content\/uploads\/Sticky-Menu-BioAffix-Gate-Logo.webp\" class=\"attachment-full size-full wp-image-1715\" alt=\"\" srcset=\"https:\/\/bioaffix.com\/wp-content\/uploads\/Sticky-Menu-BioAffix-Gate-Logo.webp 106w, https:\/\/bioaffix.com\/wp-content\/uploads\/Sticky-Menu-BioAffix-Gate-Logo-18x7.webp 18w\" sizes=\"auto, (max-width: 106px) 100vw, 106px\" \/>\t\t\t\t\t\t\t\t<\/a>\n\t\t\t\t\t\t\t\t\t\t\t\t\t\t\t<\/div>\n\t\t\t\t<\/div>\n\t\t\t\t<\/div>\n\t\t<div class=\"elementor-element elementor-element-0c7e7c3 e-con-full e-flex e-con e-child\" data-id=\"0c7e7c3\" data-element_type=\"container\" data-e-type=\"container\">\n\t\t\t\t<div class=\"elementor-element elementor-element-e5bf7f2 customNavMenu elementor-widget elementor-widget-wp-widget-nav_menu\" data-id=\"e5bf7f2\" data-element_type=\"widget\" data-e-type=\"widget\" data-widget_type=\"wp-widget-nav_menu.default\">\n\t\t\t\t<div class=\"elementor-widget-container\">\n\t\t\t\t\t<div class=\"menu-bioaffix-gate-extreme-tr-container\"><ul id=\"menu-bioaffix-gate-extreme-tr\" class=\"menu\"><li id=\"menu-item-1452\" class=\"menu-item menu-item-type-post_type menu-item-object-page menu-item-1452\"><a href=\"https:\/\/bioaffix.com\/tr\/gecis-kontrol\/bioaffix-gate-extreme\/\"   class=\"nav-link\">Genel Bak\u0131\u015f <\/a><\/li>\n<li id=\"menu-item-1455\" class=\"menu-item menu-item-type-post_type menu-item-object-page menu-item-1455\"><a href=\"https:\/\/bioaffix.com\/tr\/gecis-kontrol\/bioaffix-gate-extreme\/yetenekleri\/\"   class=\"nav-link\">Yetenekleri <\/a><\/li>\n<li id=\"menu-item-1453\" class=\"menu-item menu-item-type-post_type menu-item-object-page menu-item-1453\"><a href=\"https:\/\/bioaffix.com\/tr\/gecis-kontrol\/bioaffix-gate-extreme\/guvenlik-ozellikleri\/\"   class=\"nav-link\">G\u00fcvenlik \u00d6zellikleri <\/a><\/li>\n<li id=\"menu-item-1454\" class=\"menu-item menu-item-type-post_type menu-item-object-page menu-item-1454\"><a href=\"https:\/\/bioaffix.com\/tr\/gecis-kontrol\/bioaffix-gate-extreme\/teknik-ozellikleri\/\"   class=\"nav-link\">Teknik \u00d6zellikleri <\/a><\/li>\n<li id=\"menu-item-3986\" class=\"menu-item menu-item-type-custom menu-item-object-custom menu-item-3986\"><a href=\"https:\/\/file.ones.com.tr\/s\/bioaffixgateextremetr\" class=\"nav-link\" target=\"_blank\" rel=\"noopener\">\u0130ndir <\/a><\/li>\n<li id=\"menu-item-14623\" class=\"menu-item menu-item-type-custom menu-item-object-custom menu-item-14623\"><a href=\"https:\/\/file.ones.com.tr\/s\/BioAffixGateExtremeMedia\" class=\"nav-link\" target=\"_blank\" rel=\"noopener\">Medya <\/a><\/li>\n<\/ul><\/div>\t\t\t\t<\/div>\n\t\t\t\t<\/div>\n\t\t\t\t<\/div>\n\t\t\t\t\t<\/div>\n\t\t\t\t<\/div>\n\t\t\t\t\t<\/div>\n\t\t\t\t<\/div>\n\t\t<div class=\"elementor-element elementor-element-82d5eed e-flex e-con-boxed e-con e-parent\" data-id=\"82d5eed\" data-element_type=\"container\" data-e-type=\"container\">\n\t\t\t\t\t<div class=\"e-con-inner\">\n\t\t<div class=\"elementor-element elementor-element-eacd371 e-con-full e-flex e-con e-child\" data-id=\"eacd371\" data-element_type=\"container\" data-e-type=\"container\">\n\t\t\t\t<div class=\"elementor-element elementor-element-45dafe9 elementor-widget elementor-widget-image\" data-id=\"45dafe9\" data-element_type=\"widget\" data-e-type=\"widget\" data-widget_type=\"image.default\">\n\t\t\t\t<div class=\"elementor-widget-container\">\n\t\t\t\t\t\t\t\t\t\t\t\t\t\t\t<img loading=\"lazy\" decoding=\"async\" loading=\"lazy\" width=\"251\" height=\"131\" src=\"https:\/\/bioaffix.com\/wp-content\/uploads\/BioAffix-WinLogon-Gears.webp\" class=\"attachment-large size-large wp-image-223\" alt=\"\" srcset=\"https:\/\/bioaffix.com\/wp-content\/uploads\/BioAffix-WinLogon-Gears.webp 251w, https:\/\/bioaffix.com\/wp-content\/uploads\/BioAffix-WinLogon-Gears-18x9.webp 18w\" sizes=\"auto, (max-width: 251px) 100vw, 251px\" \/>\t\t\t\t\t\t\t\t\t\t\t\t\t\t\t<\/div>\n\t\t\t\t<\/div>\n\t\t\t\t<div class=\"elementor-element elementor-element-fa1d20a elementor-widget elementor-widget-heading\" data-id=\"fa1d20a\" data-element_type=\"widget\" data-e-type=\"widget\" data-widget_type=\"heading.default\">\n\t\t\t\t<div class=\"elementor-widget-container\">\n\t\t\t\t\t<h3 class=\"elementor-heading-title elementor-size-default\">BioAffix\u00ae Gate Extreme Teknik \u00d6zelliklerini Ke\u015ffedin<\/h3>\t\t\t\t<\/div>\n\t\t\t\t<\/div>\n\t\t\t\t<div class=\"elementor-element elementor-element-e4d448b elementor-widget elementor-widget-text-editor\" data-id=\"e4d448b\" data-element_type=\"widget\" data-e-type=\"widget\" data-widget_type=\"text-editor.default\">\n\t\t\t\t<div class=\"elementor-widget-container\">\n\t\t\t\t\t\t\t\t\t<p><span style=\"color: #ca171e;\"><strong>Geli\u015fmi\u015f donan\u0131m mimarisine <\/strong><\/span>sahip teknik \u00f6zelliklerine daha yak\u0131ndan bak\u0131n<\/p>\t\t\t\t\t\t\t\t<\/div>\n\t\t\t\t<\/div>\n\t\t\t\t<div class=\"elementor-element elementor-element-f5fec9d elementor-align-center elementor-widget elementor-widget-button\" data-id=\"f5fec9d\" data-element_type=\"widget\" data-e-type=\"widget\" data-widget_type=\"button.default\">\n\t\t\t\t<div class=\"elementor-widget-container\">\n\t\t\t\t\t\t\t\t\t<div class=\"elementor-button-wrapper\">\n\t\t\t\t\t<a class=\"elementor-button elementor-button-link elementor-size-md\" href=\"https:\/\/bioaffix.com\/tr\/gecis-kontrol\/bioaffix-gate-extreme\/teknik-ozellikleri\/\">\n\t\t\t\t\t\t<span class=\"elementor-button-content-wrapper\">\n\t\t\t\t\t\t\t\t\t<span class=\"elementor-button-text\">Daha Fazla Bilgi  &gt;<\/span>\n\t\t\t\t\t<\/span>\n\t\t\t\t\t<\/a>\n\t\t\t\t<\/div>\n\t\t\t\t\t\t\t\t<\/div>\n\t\t\t\t<\/div>\n\t\t\t\t<\/div>\n\t\t\t\t\t<\/div>\n\t\t\t\t<\/div>\n\t\t\t\t<\/div>\n\t\t","protected":false},"excerpt":{"rendered":"<p>Sahip oldu\u011fu NATO standartlar\u0131 ile y\u00fcksek g\u00fcvenlik sa\u011flayan BioAffix Gate Extreme g\u00fcvenlik \u00f6zellikerine daha yak\u0131ndan bak\u0131n<\/p>\n","protected":false},"author":1,"featured_media":0,"parent":46,"menu_order":0,"comment_status":"closed","ping_status":"closed","template":"","meta":{"nf_dc_page":"","footnotes":""},"class_list":["post-555","page","type-page","status-publish","hentry","no-post-thumbnail"],"acf":[],"_links":{"self":[{"href":"https:\/\/bioaffix.com\/tr\/wp-json\/wp\/v2\/pages\/555","targetHints":{"allow":["GET"]}}],"collection":[{"href":"https:\/\/bioaffix.com\/tr\/wp-json\/wp\/v2\/pages"}],"about":[{"href":"https:\/\/bioaffix.com\/tr\/wp-json\/wp\/v2\/types\/page"}],"author":[{"embeddable":true,"href":"https:\/\/bioaffix.com\/tr\/wp-json\/wp\/v2\/users\/1"}],"replies":[{"embeddable":true,"href":"https:\/\/bioaffix.com\/tr\/wp-json\/wp\/v2\/comments?post=555"}],"version-history":[{"count":0,"href":"https:\/\/bioaffix.com\/tr\/wp-json\/wp\/v2\/pages\/555\/revisions"}],"up":[{"embeddable":true,"href":"https:\/\/bioaffix.com\/tr\/wp-json\/wp\/v2\/pages\/46"}],"wp:attachment":[{"href":"https:\/\/bioaffix.com\/tr\/wp-json\/wp\/v2\/media?parent=555"}],"curies":[{"name":"wp","href":"https:\/\/api.w.org\/{rel}","templated":true}]}}