{"id":5308,"date":"2023-12-13T15:01:41","date_gmt":"2023-12-13T12:01:41","guid":{"rendered":"https:\/\/bioaffix.com\/?page_id=5308"},"modified":"2023-12-13T15:01:42","modified_gmt":"2023-12-13T12:01:42","slug":"cerez-politikasi","status":"publish","type":"page","link":"https:\/\/bioaffix.com\/tr\/cerez-politikasi\/","title":{"rendered":"\u00c7erez Politikas\u0131"},"content":{"rendered":"\n<p>BioAffix Hizmetlerimizde \u00e7erezler, t\u0131klama dizisi yakalama, pikseller, web i\u015faret\u00e7ileri, web toplama formlar\u0131 ve di\u011fer benzeri teknolojileri (toplu olarak \u201cOtomatik Veri Toplama Ara\u00e7lar\u0131\u201d) kullan\u0131r\u0131z ve belirli i\u015f ortaklar\u0131n\u0131n bunlar\u0131 kullanmalar\u0131na izin veririz. Bunu, BioAffix Hizmetlerini kullan\u0131m\u0131n\u0131z\u0131 anlamak; kullan\u0131c\u0131 deneyiminizi geli\u015ftirmek ve ki\u015fiselle\u015ftirilmi\u015f \u00f6zellikleri ve i\u00e7erikleri etkinle\u015ftirmek; reklamlar\u0131m\u0131z\u0131 ve pazarlamam\u0131z\u0131 en iyi duruma getirmek; ve \u00fc\u00e7\u00fcnc\u00fc taraf reklam \u015firketlerinin internette ilgi alanlar\u0131n\u0131za \u00f6zel reklamlar sunulmas\u0131nda bize yard\u0131mc\u0131 olmas\u0131n\u0131 sa\u011flamak i\u00e7in yapar\u0131z.<\/p>\n\n\n\n<p>Bu teknolojilerle ilgili daha fazla bilgiyi a\u015fa\u011f\u0131daki adreste bulabilirsiniz:&nbsp;<a href=\"https:\/\/web.archive.org\/web\/20220626212329\/https:\/www.allaboutcookies.org\/\" target=\"_blank\" rel=\"noopener\">www.allaboutcookies.org<\/a>.<\/p>\n\n\n\n<h2 class=\"wp-block-heading\">\u00c7evrimi\u00e7i Otomatik Veri Toplama Ara\u00e7lar\u0131<\/h2>\n\n\n\n<p>Ziyaret etti\u011finiz herhangi bir BioAffix  web sitesi, genellikle \u00e7erezler bi\u00e7iminde olmak \u00fczere taray\u0131c\u0131n\u0131zdan bilgi depolayabilir ya da alabilir. Bu bilgiler; hakk\u0131n\u0131zda veya ayg\u0131tlar\u0131n\u0131z ve tercihleriniz hakk\u0131nda olabilir ve genellikle sitenin bekledi\u011finiz \u015fekilde \u00e7al\u0131\u015fmas\u0131n\u0131 sa\u011flamak \u00fczere kullan\u0131l\u0131r ve size daha ki\u015fisel bir web deneyimi sa\u011flayabilir.<\/p>\n\n\n\n<p>BioAffix , Otomatik Veri Toplama Ara\u00e7lar\u0131n\u0131 a\u015fa\u011f\u0131daki ama\u00e7lar i\u00e7in kullan\u0131r:<\/p>\n\n\n\n<p><strong>Kesinlikle Gerekli Ara\u00e7lar:<\/strong>&nbsp;Bunlar, web sitesinin i\u015flemesi i\u00e7in gereklidir ve bunlar\u0131n kapat\u0131lmas\u0131 m\u00fcmk\u00fcn de\u011fildir. Bunlar olmad\u0131\u011f\u0131nda, talep etti\u011finiz web sitesi veya hizmetin temel i\u015flevleri (\u00f6deme gibi) sa\u011flamas\u0131 veya kulland\u0131\u011f\u0131n\u0131z ayg\u0131t\u0131n t\u00fcr\u00fcne g\u00f6re uygun i\u00e7eri\u011fi g\u00f6stermesi imkans\u0131zd\u0131r.<\/p>\n\n\n\n<p><strong>Performans ve Analitik Ara\u00e7lar\u0131:<\/strong>\u00a0Bu ara\u00e7lar, BioAffix&#8217;in web sitelerinin i\u00e7eri\u011fi, kalitesi ve performans\u0131n\u0131 \u00f6l\u00e7mesi, optimize etmesi ve iyile\u015ftirmesini sa\u011flamak i\u00e7in birle\u015ftirilmi\u015f, anonim, istatistik t\u00fcr\u00fc bilgileri toplar.<\/p>\n\n\n\n<p><strong>Kendimizin ve\/veya \u00fc\u00e7\u00fcnc\u00fc taraflar<\/strong><strong>\u0131<\/strong><strong>n Otomatik Veri Toplama Ara\u00e7lar<\/strong><strong>\u0131<\/strong><strong>n<\/strong><strong>\u0131<\/strong>, web sitelerimizi ve hizmetlerimizi nas\u0131l kulland\u0131\u011f\u0131n\u0131z\u0131 g\u00f6rmek i\u00e7in kullan\u0131r\u0131z, b\u00f6ylece web sitelerimizin ve hizmetlerimizin performanslar\u0131n\u0131 art\u0131rabilir ve onlar\u0131 m\u00fc\u015fterilerimizin ve ziyaret\u00e7ilerimizin tercihlerine uygun olarak geli\u015ftirebiliriz. \u00d6rne\u011fin, Otomatik Veri Toplama Ara\u00e7lar\u0131 a\u015fa\u011f\u0131daki ama\u00e7larla kullan\u0131labilir: farkl\u0131 tasar\u0131mlar\u0131 test etmek ve web sitelerimizde uyumlu bir g\u00f6r\u00fcn\u00fcm ve kullan\u0131m sa\u011flamak; kullan\u0131c\u0131lar\u0131m\u0131z\u0131n web sitelerimizle ve ileti\u015fimlerimizle nas\u0131l etkile\u015fim kurdu\u011funu izlemek ve bu konuda e\u011filim analizi sunmak; hatalar\u0131 izlemek ve tan\u0131t\u0131m kampanyalar\u0131m\u0131z\u0131n etkinli\u011fini \u00f6l\u00e7mek. Adobe Analytics ve Google Analytics gibi web sitesi kullan\u0131m\u0131n\u0131 ve etkinli\u011fini izlemek i\u00e7in \u00fc\u00e7\u00fcnc\u00fc taraf ara\u00e7lar\u0131 kullan\u0131r\u0131z.<\/p>\n\n\n\n<p>Toplanan veriler genelde i\u015f analizi, site\/platform iyile\u015ftirmesi ve performans \u00f6l\u00e7\u00fcmleri sunmak i\u00e7in birle\u015ftirilir. Otomatik Veri Toplama Ara\u00e7lar\u0131m\u0131z veya ortaya \u00e7\u0131kan analiz ayr\u0131ca i\u015f ortaklar\u0131m\u0131zla payla\u015f\u0131labilir. Toplad\u0131\u011f\u0131m\u0131z bilgi t\u00fcrleri aras\u0131nda web sitelerimizi ka\u00e7 ziyaret\u00e7inin ziyaret etti\u011fi, ka\u00e7 m\u00fc\u015fterinin oturum a\u00e7t\u0131\u011f\u0131, ne zaman ziyaret ettikleri, web sitelerimizin ve hizmetlerimizin hangi alanlar\u0131n\u0131 ne kadar s\u00fcreyle ziyaret ettikleri gibi bilgiler yer al\u0131r, ancak bu bilgiler genelde ki\u015fisel olarak kimli\u011finizi tan\u0131mlamak i\u00e7in kullan\u0131lmaz. \u0130\u015f orta\u011f\u0131 web sitelerimizin ziyaret\u00e7ileri hakk\u0131nda da benzer bilgiler alabiliriz.<\/p>\n\n\n\n<p><strong>Ki<\/strong><strong>\u015f<\/strong><strong>iselle<\/strong><strong>\u015f<\/strong><strong>tirme Ara\u00e7lar<\/strong><strong>\u0131<\/strong><strong>:<\/strong>&nbsp;Bunlar, web sitelerimizde yapt\u0131\u011f\u0131n\u0131z se\u00e7imleri hat\u0131rlamam\u0131z\u0131 (tercih etti\u011finiz dil veya bulundu\u011funuz b\u00f6lge gibi) ve geli\u015ftirilmi\u015f, daha fazla ki\u015fiselle\u015ftirilmi\u015f \u00f6zellikler sunmam\u0131z\u0131 sa\u011flar. Bu teknolojiler ayn\u0131 zamanda ge\u00e7mi\u015fteki davran\u0131\u015flar\u0131n\u0131zla veya ilgi alanlar\u0131n\u0131zla uyumlu i\u00e7erik sa\u011flamak i\u00e7in de kullan\u0131l\u0131r.<\/p>\n\n\n\n<p>Otomatik Veri Toplama Ara\u00e7lar\u0131n\u0131, web sitelerimizdeki davran\u0131\u015f\u0131n\u0131zdan \u00e7\u0131kard\u0131\u011f\u0131m\u0131z bilgilerle veya hakk\u0131n\u0131zda zaten sahip oldu\u011fumuz bilgilerle (\u00f6rne\u011fin, kay\u0131tl\u0131 bir m\u00fc\u015fteri olman\u0131z nedeniyle) deneyiminizi ki\u015fiselle\u015ftirmek amac\u0131yla web sitelerimizin davran\u0131\u015f\u0131n\u0131 veya g\u00f6r\u00fcn\u00fcm\u00fcn\u00fc de\u011fi\u015ftirmek i\u00e7in de kullan\u0131r\u0131z. Bunlar, bizden ald\u0131\u011f\u0131n\u0131z hizmetleri veya web sitelerimizde sonradan a\u00e7t\u0131\u011f\u0131n\u0131z oturumlarda size sunulan i\u00e7erik, g\u00f6r\u00fcn\u00fcm ve kullan\u0131m\u0131 uyarlamak i\u00e7in kullan\u0131labilir. \u00d6rne\u011fin, web sayfalar\u0131n\u0131 ki\u015fiselle\u015ftirmeniz veya \u00fcr\u00fcn ya da hizmetler i\u00e7in kaydolman\u0131z durumunda Otomatik Veri Toplama Ara\u00e7lar\u0131, web sayfas\u0131 sunucumuzun sizinle ilgili \u00f6zel bilgileri hat\u0131rlamas\u0131na yard\u0131mc\u0131 olur. Web sitemizi bir sonraki ziyaretinizde \u00f6nceden sa\u011flad\u0131\u011f\u0131n\u0131z bilgiler geri \u00e7a\u011fr\u0131labilir, b\u00f6ylece \u00f6nceden se\u00e7mi\u015f oldu\u011funuz web sitesi \u00f6zelliklerini kolayca kullanabilirsiniz. D\u00fczenli olarak birden fazla ayg\u0131t veya bilgisayar kullanman\u0131z durumunda ki\u015fiselle\u015ftirilmi\u015f bir \u00e7evrimi\u00e7i deneyim ya\u015faman\u0131z i\u00e7in Otomatik Veri Toplama Ara\u00e7lar\u0131n\u0131 birlikte ili\u015fkilendirebiliriz. Ayr\u0131ca hakk\u0131n\u0131zda bildiklerimize g\u00f6re g\u00f6rd\u00fc\u011f\u00fcn\u00fcz bilgileri de ki\u015fiselle\u015ftirebiliriz, b\u00f6ylece bir \u015feyler aramaya daha az zaman harcars\u0131n\u0131z. Otomatik Veri Toplama Ara\u00e7lar\u0131 sayesinde sitemizi ziyaret eden her ziyaret\u00e7i kendisine \u00f6zel bir web deneyimi ya\u015fayabilir.<\/p>\n\n\n\n<p><strong>Hedefleme Ara\u00e7lar\u0131:<\/strong>\u00a0Bunlar BioAffix ve di\u011fer \u00fc\u00e7\u00fcnc\u00fc taraflarca (belirli perakende veya reklam a\u011flar\u0131 gibi) ayarlan\u0131r ve BioAffix web siteleri ve uygulamalar\u0131 d\u0131\u015f\u0131nda size daha fazla hitap edecek ve sizin i\u00e7in daha faydal\u0131 olacak hedeflenmi\u015f reklamlar sunmak \u00fczere bir profil olu\u015fturmak i\u00e7in kullan\u0131l\u0131r. Bunlar, kimliksizle\u015ftirilmi\u015f demografik verileri veya bize g\u00f6n\u00fcll\u00fc olarak sunmu\u015f oldu\u011funuz verilerle (\u00f6r. e-posta adresiniz) ili\u015fkili di\u011fer verileri yans\u0131tabilir.<\/p>\n\n\n\n<p>Bunlar\u0131 ayn\u0131 zamanda, BioAffix sitesi ve ziyaret etti\u011finiz sayfan\u0131n yan\u0131 s\u0131ra BioAffix sitesindeki aktivitelerinizle ilgili veriler toplamam\u0131z\u0131 sa\u011flar. \u00d6rne\u011fin, \u00fcr\u00fcn sayfalar\u0131m\u0131zdan birini ziyaret ettiyseniz i\u015f ortaklar\u0131m\u0131z\u0131n sitelerindeyken sizi, \u00e7erezleri kullanarak belirli bir s\u00fcre i\u00e7in ek teklifler ve promosyonlarla yeniden hedefleyebiliriz.<\/p>\n\n\n\n<p>Kay\u0131tl\u0131 bir kullan\u0131c\u0131ysan\u0131z web sitelerimizden toplanan bilgiler anonim de\u011fildir ve bu bilgileri, size y\u00f6nelik i\u00e7eri\u011fi, hizmetleri, reklamlar\u0131 ve teklifleri uyarlamak amac\u0131yla tercihleriniz de dahil olmak \u00fczere hakk\u0131n\u0131zda bildi\u011fimiz veya \u00e7\u0131kar\u0131m yapt\u0131\u011f\u0131m\u0131z di\u011fer bilgilerle birlikte kullanabiliriz.<\/p>\n\n\n\n<p>Kesinlikle Gerekli olan veya Performans ve Analiz ya da Ki\u015fiselle\u015ftirme i\u00e7in kullan\u0131lan Otomatik Veri Toplama Ara\u00e7lar\u0131 ve \u00fc\u00e7\u00fcnc\u00fc taraf teknolojileri, end\u00fcstri standard\u0131na g\u00f6re 2 y\u0131l sonra s\u00fcreleri dolacak \u015fekilde ayarlan\u0131r. Hedefleme i\u00e7in kullan\u0131lan Otomatik Veri Toplama Ara\u00e7lar\u0131, son ziyaretinizden 90 g\u00fcn sonra sona erecek \u015fekilde ayarlan\u0131r.<\/p>\n\n\n\n<p>BioAffix web sitelerinde sosyal medya payla\u015f\u0131m d\u00fc\u011fmesini kullanarak bilgi payla\u015ft\u0131\u011f\u0131n\u0131zda sosyal a\u011f, bu i\u015fleminizi kaydeder. Bu bilgiler, hedef belirleme\/reklamc\u0131l\u0131k etkinlikleriyle ili\u015fkilendirilebilir. \u00dc\u00e7\u00fcnc\u00fc taraflarca kullan\u0131lan ara\u00e7lar\u0131n t\u00fcrleri ve bu ara\u00e7lar\u0131n \u00fcretti\u011fi bilgileri nas\u0131l kulland\u0131klar\u0131, s\u00f6z konusu \u015firketlerin gizlilik politikalar\u0131na tabidir.<\/p>\n\n\n\n<h2 class=\"wp-block-heading\">\u00c7erez Ayarlar\u0131<\/h2>\n\n\n\n<p>\u00c7erezleri hi\u00e7 istemiyorsan\u0131z l\u00fctfen taray\u0131c\u0131 ayarlar\u0131n\u0131za ba\u015fvurun. Belirli \u00e7erez kategorilerini devre d\u0131\u015f\u0131 b\u0131rakt\u0131\u011f\u0131n\u0131zda, sitelerimizin baz\u0131 \u00f6zelliklerine eri\u015fiminizin engellenebilece\u011fini veya belirli i\u00e7eriklerin veya i\u015flevlerin kullan\u0131lamayabilece\u011fini unutmay\u0131n. Belirli taray\u0131c\u0131lar, gizli veya \u00f6zel modda web sitelerinde gezinmenize izin verir. Genellikle taray\u0131c\u0131 oturumu kapat\u0131ld\u0131\u011f\u0131nda oturum s\u0131ras\u0131nda toplanan t\u00fcm \u00e7erezler otomatik olarak yok edilir. Performans ve Analitik takibi ve Hedeflemeden \u00e7\u0131ksan\u0131z bile i\u015f ortaklar\u0131m\u0131z arac\u0131l\u0131\u011f\u0131yla verilen BioAffix&#8217;in ki\u015fiselle\u015ftirilmemi\u015f reklamlar\u0131n\u0131 g\u00f6rmeye devam edebilirsiniz. \u00d6rne\u011fin, Ki\u015fisel Bilgisayar \u00f6zelli\u011fi kar\u015f\u0131la\u015ft\u0131rmalar\u0131 i\u00e7eren bir web sitesini ziyaret ettiniz. \u0130\u015f ortaklar\u0131m\u0131z, ilgi alanlar\u0131n\u0131za dayanarak size BioAffix \u00fcr\u00fcn reklamlar\u0131 g\u00f6sterebilir.<\/p>\n\n\n\n<p>Baz\u0131 web siteleri \u201cDo Not Track\u201d \u00f6zellikleri i\u00e7erir. \u015eu anda \u201cDo Not Track\u201d isteklerinin i\u015fleme al\u0131nmas\u0131 i\u00e7in herhangi bir end\u00fcstri standard\u0131 mevcut de\u011fildir; dolay\u0131s\u0131yla \u015fu anda web sitelerimiz \u201cDo Not Track\u201d isteklerine ve bu taray\u0131c\u0131lardan gelen ba\u011flant\u0131lara yan\u0131t veremez.<\/p>\n\n\n\n<h2 class=\"wp-block-heading\">\u00dc\u00e7\u00fcnc\u00fc Taraf Web Sitelerindeki BioAffix Reklamlar\u0131 Ve Teklifleri<\/h2>\n\n\n\n<p>BioAffix, \u00fc\u00e7\u00fcnc\u00fc taraflara ait web sitelerine reklam vermek i\u00e7in hizmet sa\u011flay\u0131c\u0131lar\u0131yla anla\u015fma yapar. Zaman zaman bu anla\u015fmalar \u00dc\u00e7\u00fcnc\u00fc Taraf Reklam Tan\u0131mlama Bilgileri ve Sosyal Medya Tan\u0131mlama Bilgileri b\u00f6l\u00fcm\u00fcnde a\u00e7\u0131kland\u0131\u011f\u0131 gibi baz\u0131 ki\u015fisel verilerin payla\u015f\u0131lmas\u0131yla ger\u00e7ekle\u015ftirilir.<\/p>\n\n\n\n<p>Ayr\u0131ca web sitelerimiz, ileti\u015fimler, hizmetler ve se\u00e7ili i\u015f orta\u011f\u0131 web siteleriyle nas\u0131l etkile\u015fim kurdu\u011funuzu belirlemek ve sizin en \u00e7ok ilginizi \u00e7ekecek ve sizin i\u00e7in yararl\u0131 olacak reklamlar\u0131 sunmak \u00fczere ilgi alanlar\u0131n\u0131z\u0131 tan\u0131mlamak, profiller ve ilgi alan\u0131 segmentleri olu\u015fturmak i\u00e7in tan\u0131mlama bilgilerini ve di\u011fer Otomatik Veri Toplama Ara\u00e7lar\u0131n\u0131 kullan\u0131r\u0131z ve reklam a\u011flar\u0131na ve di\u011fer \u00fc\u00e7\u00fcnc\u00fc taraflara kullanmalar\u0131 i\u00e7in izin veririz.<\/p>\n\n\n\n<h2 class=\"wp-block-heading\">\u0130\u015f Ortaklar\u0131yla Payla\u015f\u0131m<\/h2>\n\n\n\n<p>\u00c7erez ayarlar\u0131m\u0131zla verdi\u011finiz onaya g\u00f6re BioAffix, hedef kitleme se\u00e7imi ve reklam tan\u0131t\u0131m\u0131 ama\u00e7lar\u0131 i\u00e7in belirli i\u015f ortaklar\u0131yla \u00e7erez veri payla\u015f\u0131m\u0131n\u0131 hedefleyebilir.<\/p>\n","protected":false},"excerpt":{"rendered":"<p>BioAffix Hizmetlerimizde \u00e7erezler, t\u0131klama dizisi yakalama, pikseller, web i\u015faret\u00e7ileri, web toplama formlar\u0131 ve di\u011fer benzeri teknolojileri (toplu olarak \u201cOtomatik Veri Toplama Ara\u00e7lar\u0131\u201d) kullan\u0131r\u0131z ve belirli i\u015f ortaklar\u0131n\u0131n bunlar\u0131 kullanmalar\u0131na izin veririz. Bunu, BioAffix Hizmetlerini kullan\u0131m\u0131n\u0131z\u0131 anlamak; kullan\u0131c\u0131 deneyiminizi geli\u015ftirmek ve ki\u015fiselle\u015ftirilmi\u015f \u00f6zellikleri ve i\u00e7erikleri etkinle\u015ftirmek; reklamlar\u0131m\u0131z\u0131 ve pazarlamam\u0131z\u0131 en iyi duruma getirmek; ve \u00fc\u00e7\u00fcnc\u00fc taraf [&hellip;]<\/p>\n","protected":false},"author":2,"featured_media":0,"parent":0,"menu_order":0,"comment_status":"closed","ping_status":"closed","template":"","meta":{"nf_dc_page":"","footnotes":""},"class_list":["post-5308","page","type-page","status-publish","hentry","no-post-thumbnail"],"acf":[],"_links":{"self":[{"href":"https:\/\/bioaffix.com\/tr\/wp-json\/wp\/v2\/pages\/5308","targetHints":{"allow":["GET"]}}],"collection":[{"href":"https:\/\/bioaffix.com\/tr\/wp-json\/wp\/v2\/pages"}],"about":[{"href":"https:\/\/bioaffix.com\/tr\/wp-json\/wp\/v2\/types\/page"}],"author":[{"embeddable":true,"href":"https:\/\/bioaffix.com\/tr\/wp-json\/wp\/v2\/users\/2"}],"replies":[{"embeddable":true,"href":"https:\/\/bioaffix.com\/tr\/wp-json\/wp\/v2\/comments?post=5308"}],"version-history":[{"count":0,"href":"https:\/\/bioaffix.com\/tr\/wp-json\/wp\/v2\/pages\/5308\/revisions"}],"wp:attachment":[{"href":"https:\/\/bioaffix.com\/tr\/wp-json\/wp\/v2\/media?parent=5308"}],"curies":[{"name":"wp","href":"https:\/\/api.w.org\/{rel}","templated":true}]}}