{"id":4543,"date":"2023-10-03T18:59:56","date_gmt":"2023-10-03T15:59:56","guid":{"rendered":"https:\/\/bioaffix.com\/?page_id=4543"},"modified":"2025-05-29T16:05:33","modified_gmt":"2025-05-29T13:05:33","slug":"guvenlik-ozellikleri","status":"publish","type":"page","link":"https:\/\/bioaffix.com\/tr\/gecis-kontrol\/bioaffix-gate-vision\/guvenlik-ozellikleri\/","title":{"rendered":"BioAffix\u00ae Gate Vision G\u00fcvenlik \u00d6zellikleri"},"content":{"rendered":"\t\t<div data-elementor-type=\"wp-page\" data-elementor-id=\"4543\" class=\"elementor elementor-4543\">\n\t\t\t\t<div class=\"elementor-element elementor-element-eb485bf submenuSticky e-flex e-con-boxed e-con e-parent\" data-id=\"eb485bf\" data-element_type=\"container\" data-e-type=\"container\" data-settings=\"{&quot;background_background&quot;:&quot;classic&quot;}\">\n\t\t\t\t\t<div class=\"e-con-inner\">\n\t\t<div class=\"elementor-element elementor-element-29d5a03 e-con-full elementor-hidden-mobile e-flex e-con e-child\" data-id=\"29d5a03\" data-element_type=\"container\" data-e-type=\"container\">\n\t\t\t\t<div class=\"elementor-element elementor-element-9a9aa6b elementor-widget elementor-widget-image\" data-id=\"9a9aa6b\" data-element_type=\"widget\" data-e-type=\"widget\" data-widget_type=\"image.default\">\n\t\t\t\t<div class=\"elementor-widget-container\">\n\t\t\t\t\t\t\t\t\t\t\t\t\t\t\t\t<a href=\"https:\/\/bioaffix.com\/tr\/gecis-kontrol\/bioaffix-gate-vision\/\">\n\t\t\t\t\t\t\t<img loading=\"lazy\" decoding=\"async\" loading=\"lazy\" width=\"106\" height=\"41\" src=\"https:\/\/bioaffix.com\/wp-content\/uploads\/Sticky-Menu-BioAffix-Gate-Logo.webp\" class=\"attachment-full size-full wp-image-1715\" alt=\"\" srcset=\"https:\/\/bioaffix.com\/wp-content\/uploads\/Sticky-Menu-BioAffix-Gate-Logo.webp 106w, https:\/\/bioaffix.com\/wp-content\/uploads\/Sticky-Menu-BioAffix-Gate-Logo-18x7.webp 18w\" sizes=\"auto, (max-width: 106px) 100vw, 106px\" \/>\t\t\t\t\t\t\t\t<\/a>\n\t\t\t\t\t\t\t\t\t\t\t\t\t\t\t<\/div>\n\t\t\t\t<\/div>\n\t\t\t\t<\/div>\n\t\t<div class=\"elementor-element elementor-element-89afcc7 e-con-full e-flex e-con e-child\" data-id=\"89afcc7\" data-element_type=\"container\" data-e-type=\"container\">\n\t\t\t\t<div class=\"elementor-element elementor-element-68bb6af customNavMenu elementor-widget elementor-widget-wp-widget-nav_menu\" data-id=\"68bb6af\" data-element_type=\"widget\" data-e-type=\"widget\" data-widget_type=\"wp-widget-nav_menu.default\">\n\t\t\t\t<div class=\"elementor-widget-container\">\n\t\t\t\t\t<div class=\"menu-bioaffix-gate-vision-tr-container\"><ul id=\"menu-bioaffix-gate-vision-tr\" class=\"menu\"><li id=\"menu-item-5040\" class=\"menu-item menu-item-type-post_type menu-item-object-page menu-item-5040\"><a href=\"https:\/\/bioaffix.com\/tr\/gecis-kontrol\/bioaffix-gate-vision\/\"   class=\"nav-link\">Genel Bak\u0131\u015f <\/a><\/li>\n<li id=\"menu-item-5037\" class=\"menu-item menu-item-type-post_type menu-item-object-page menu-item-5037\"><a href=\"https:\/\/bioaffix.com\/tr\/gecis-kontrol\/bioaffix-gate-vision\/yetenekleri\/\"   class=\"nav-link\">Yetenekleri <\/a><\/li>\n<li id=\"menu-item-5039\" class=\"menu-item menu-item-type-post_type menu-item-object-page menu-item-5039\"><a href=\"https:\/\/bioaffix.com\/tr\/gecis-kontrol\/bioaffix-gate-vision\/guvenlik-ozellikleri\/\"   class=\"nav-link\">G\u00fcvenlik \u00d6zellikleri <\/a><\/li>\n<li id=\"menu-item-13005\" class=\"menu-item menu-item-type-post_type menu-item-object-page menu-item-13005\"><a href=\"https:\/\/bioaffix.com\/tr\/gecis-kontrol\/bioaffix-gate-vision\/kimlik-dogrulama-yontemleri\/\"   class=\"nav-link\">Do\u011frulama Metotlar\u0131 <\/a><\/li>\n<li id=\"menu-item-5038\" class=\"menu-item menu-item-type-post_type menu-item-object-page menu-item-5038\"><a href=\"https:\/\/bioaffix.com\/tr\/gecis-kontrol\/bioaffix-gate-vision\/teknik-ozellikleri\/\"   class=\"nav-link\">Teknik \u00d6zellikleri <\/a><\/li>\n<li id=\"menu-item-6062\" class=\"menu-item menu-item-type-custom menu-item-object-custom menu-item-6062\"><a href=\"https:\/\/file.ones.com.tr\/s\/bioaffixgatevisiontr\" target=\"_blank\" class=\"nav-link\" rel=\"noopener\">\u0130ndir <\/a><\/li>\n<li id=\"menu-item-14618\" class=\"menu-item menu-item-type-custom menu-item-object-custom menu-item-14618\"><a href=\"https:\/\/file.ones.com.tr\/s\/BioAffixGateVisionMedia\" class=\"nav-link\" target=\"_blank\" rel=\"noopener\">Medya <\/a><\/li>\n<\/ul><\/div>\t\t\t\t<\/div>\n\t\t\t\t<\/div>\n\t\t\t\t<\/div>\n\t\t\t\t\t<\/div>\n\t\t\t\t<\/div>\n\t\t<div class=\"elementor-element elementor-element-46897fc e-con-full e-flex e-con e-parent\" data-id=\"46897fc\" data-element_type=\"container\" data-e-type=\"container\" data-settings=\"{&quot;background_background&quot;:&quot;gradient&quot;}\">\n\t\t\t\t<div class=\"elementor-element elementor-element-dfe1bc5 elementor-widget elementor-widget-heading\" data-id=\"dfe1bc5\" data-element_type=\"widget\" data-e-type=\"widget\" data-widget_type=\"heading.default\">\n\t\t\t\t<div class=\"elementor-widget-container\">\n\t\t\t\t\t<h1 class=\"elementor-heading-title elementor-size-default\">BioAffix Gate Vision G\u00fcvenlik \u00d6zellikleri<\/h1>\t\t\t\t<\/div>\n\t\t\t\t<\/div>\n\t\t\t\t<div class=\"elementor-element elementor-element-7460d9d elementor-widget elementor-widget-text-editor\" data-id=\"7460d9d\" data-element_type=\"widget\" data-e-type=\"widget\" data-widget_type=\"text-editor.default\">\n\t\t\t\t<div class=\"elementor-widget-container\">\n\t\t\t\t\t\t\t\t\t<p>NATO standartlar\u0131ndaki g\u00fcvenlik \u00f6zellikleri ile organizasyonunuz daima g\u00fcvende kals\u0131n.<\/p>\t\t\t\t\t\t\t\t<\/div>\n\t\t\t\t<\/div>\n\t\t\t\t<\/div>\n\t\t<div class=\"elementor-element elementor-element-028d039 e-flex e-con-boxed e-con e-parent\" data-id=\"028d039\" data-element_type=\"container\" data-e-type=\"container\">\n\t\t\t\t\t<div class=\"e-con-inner\">\n\t\t<div class=\"elementor-element elementor-element-b5d6678 e-con-full e-flex e-con e-child\" data-id=\"b5d6678\" data-element_type=\"container\" data-e-type=\"container\">\n\t\t\t\t<div class=\"elementor-element elementor-element-b215760 elementor-widget elementor-widget-image\" data-id=\"b215760\" data-element_type=\"widget\" data-e-type=\"widget\" data-widget_type=\"image.default\">\n\t\t\t\t<div class=\"elementor-widget-container\">\n\t\t\t\t\t\t\t\t\t\t\t\t\t\t\t<img loading=\"lazy\" decoding=\"async\" loading=\"lazy\" width=\"300\" height=\"300\" src=\"https:\/\/bioaffix.com\/wp-content\/uploads\/Container-Security-icon.webp\" class=\"attachment-full size-full wp-image-565\" alt=\"HSM (Hardware Security Module) ile OneServer ve BioAffix cihazlar\u0131 aras\u0131ndaki ki\u015fisel verilern tamam\u0131 \u015fifreli bir \u015fekilde veri taban\u0131na yaz\u0131l\u0131r.\" srcset=\"https:\/\/bioaffix.com\/wp-content\/uploads\/Container-Security-icon.webp 300w, https:\/\/bioaffix.com\/wp-content\/uploads\/Container-Security-icon-150x150.webp 150w, https:\/\/bioaffix.com\/wp-content\/uploads\/Container-Security-icon-80x80.webp 80w, https:\/\/bioaffix.com\/wp-content\/uploads\/Container-Security-icon-70x70.webp 70w, https:\/\/bioaffix.com\/wp-content\/uploads\/Container-Security-icon-100x100.webp 100w, https:\/\/bioaffix.com\/wp-content\/uploads\/Container-Security-icon-12x12.webp 12w, https:\/\/bioaffix.com\/wp-content\/uploads\/Container-Security-icon-75x75.webp 75w\" sizes=\"auto, (max-width: 300px) 100vw, 300px\" \/>\t\t\t\t\t\t\t\t\t\t\t\t\t\t\t<\/div>\n\t\t\t\t<\/div>\n\t\t\t\t<\/div>\n\t\t<div class=\"elementor-element elementor-element-c444ab8 e-con-full e-flex e-con e-child\" data-id=\"c444ab8\" data-element_type=\"container\" data-e-type=\"container\">\n\t\t\t\t<div class=\"elementor-element elementor-element-230a66a elementor-widget elementor-widget-heading\" data-id=\"230a66a\" data-element_type=\"widget\" data-e-type=\"widget\" data-widget_type=\"heading.default\">\n\t\t\t\t<div class=\"elementor-widget-container\">\n\t\t\t\t\t<h2 class=\"elementor-heading-title elementor-size-default\">HSM (Hardware Security Module \/ Fiziksel G\u00fcvenlik Mod\u00fcl\u00fc)<\/h2>\t\t\t\t<\/div>\n\t\t\t\t<\/div>\n\t\t\t\t<div class=\"elementor-element elementor-element-752b6b2 elementor-widget elementor-widget-text-editor\" data-id=\"752b6b2\" data-element_type=\"widget\" data-e-type=\"widget\" data-widget_type=\"text-editor.default\">\n\t\t\t\t<div class=\"elementor-widget-container\">\n\t\t\t\t\t\t\t\t\t<p>BioAffix OneServer sunucusunun HSM (Hardware Security Module) ile sa\u011flad\u0131\u011f\u0131 entegrasyon sayesinde kullan\u0131c\u0131lar\u0131n kimlik, biyometrik ve ge\u00e7i\u015f bilgileri gibi ki\u015fiye \u00f6zel olan t\u00fcm veriler \u015fifreli bir \u015fekilde veritaban\u0131na yaz\u0131l\u0131r ve veritaban\u0131ndan okunur. BioAffix \u00fcr\u00fcn ailesi cihazlar\u0131n\u0131n ge\u00e7i\u015f ve do\u011frulama i\u015flemleri i\u00e7in kullanaca\u011f\u0131 t\u00fcm veriler, yazma ve okuma i\u015flemleri s\u0131ras\u0131nda geli\u015fmi\u015f, g\u00fcncel ve y\u00fcksek g\u00fcvenlikli kriptografi i\u015flemlerinden ge\u00e7erek, d\u0131\u015far\u0131dan dinlenmesi ve okunmas\u0131 imkans\u0131z hale getirilir. Bu sayede bilgi i\u015flem biriminde g\u00f6rev alan personeller de dahil olmak \u00fczere, HSM ile \u015fifrelenmi\u015f veriler \u00fc\u00e7\u00fcnc\u00fc ki\u015filer taraf\u0131ndan hi\u00e7bir \u015fekilde okunamaz.<\/p>\t\t\t\t\t\t\t\t<\/div>\n\t\t\t\t<\/div>\n\t\t\t\t<\/div>\n\t\t\t\t\t<\/div>\n\t\t\t\t<\/div>\n\t\t<div class=\"elementor-element elementor-element-568f139 e-flex e-con-boxed e-con e-parent\" data-id=\"568f139\" data-element_type=\"container\" data-e-type=\"container\">\n\t\t\t\t\t<div class=\"e-con-inner\">\n\t\t<div class=\"elementor-element elementor-element-53546f6 e-con-full e-flex e-con e-child\" data-id=\"53546f6\" data-element_type=\"container\" data-e-type=\"container\">\n\t\t\t\t<div class=\"elementor-element elementor-element-fa79c7f elementor-widget elementor-widget-heading\" data-id=\"fa79c7f\" data-element_type=\"widget\" data-e-type=\"widget\" data-widget_type=\"heading.default\">\n\t\t\t\t<div class=\"elementor-widget-container\">\n\t\t\t\t\t<h2 class=\"elementor-heading-title elementor-size-default\">TPM (Trusted Platform Module)<\/h2>\t\t\t\t<\/div>\n\t\t\t\t<\/div>\n\t\t\t\t<div class=\"elementor-element elementor-element-f2cdd8b elementor-widget elementor-widget-text-editor\" data-id=\"f2cdd8b\" data-element_type=\"widget\" data-e-type=\"widget\" data-widget_type=\"text-editor.default\">\n\t\t\t\t<div class=\"elementor-widget-container\">\n\t\t\t\t\t\t\t\t\t<p>BioAffix cihazlar\u0131n\u0131n dahili diskinde yer alan t\u00fcm veriler, TPM (Trusted Platform Module) ile uluslararas\u0131 ve NATO standartlarda \u015fifrelenerek saklan\u0131r. Bu sayede cihaz\u0131n veri bar\u0131nd\u0131rma alan\u0131na y\u00f6nelik t\u00fcm sabotaj giri\u015fimlerinin \u00f6n\u00fcne ge\u00e7ilerek verileriniz daima g\u00fcvenli \u015fekilde saklan\u0131r. Depolama alan\u0131na d\u0131\u015far\u0131dan herhangi bir m\u00fcdahale ger\u00e7ekle\u015ftirilmesi durumunda, disk i\u00e7erisinde yer alan t\u00fcm veriler okunamaz bir \u015fekilde kaydedildi\u011fi i\u00e7in diskte yer alan bilgilerin anlaml\u0131 bir \u015fekilde okunmas\u0131 m\u00fcmk\u00fcn de\u011fildir.<\/p>\t\t\t\t\t\t\t\t<\/div>\n\t\t\t\t<\/div>\n\t\t\t\t<\/div>\n\t\t<div class=\"elementor-element elementor-element-698a36c e-con-full e-flex e-con e-child\" data-id=\"698a36c\" data-element_type=\"container\" data-e-type=\"container\">\n\t\t\t\t<div class=\"elementor-element elementor-element-21959f7 elementor-widget elementor-widget-image\" data-id=\"21959f7\" data-element_type=\"widget\" data-e-type=\"widget\" data-widget_type=\"image.default\">\n\t\t\t\t<div class=\"elementor-widget-container\">\n\t\t\t\t\t\t\t\t\t\t\t\t\t\t\t<img loading=\"lazy\" decoding=\"async\" loading=\"lazy\" width=\"494\" height=\"495\" src=\"https:\/\/bioaffix.com\/wp-content\/uploads\/Container-TPM-Icon.webp\" class=\"attachment-full size-full wp-image-566\" alt=\"\" srcset=\"https:\/\/bioaffix.com\/wp-content\/uploads\/Container-TPM-Icon.webp 494w, https:\/\/bioaffix.com\/wp-content\/uploads\/Container-TPM-Icon-300x300.webp 300w, https:\/\/bioaffix.com\/wp-content\/uploads\/Container-TPM-Icon-150x150.webp 150w, https:\/\/bioaffix.com\/wp-content\/uploads\/Container-TPM-Icon-80x80.webp 80w, https:\/\/bioaffix.com\/wp-content\/uploads\/Container-TPM-Icon-70x70.webp 70w, https:\/\/bioaffix.com\/wp-content\/uploads\/Container-TPM-Icon-100x100.webp 100w, https:\/\/bioaffix.com\/wp-content\/uploads\/Container-TPM-Icon-480x480.webp 480w, https:\/\/bioaffix.com\/wp-content\/uploads\/Container-TPM-Icon-370x370.webp 370w, https:\/\/bioaffix.com\/wp-content\/uploads\/Container-TPM-Icon-12x12.webp 12w, https:\/\/bioaffix.com\/wp-content\/uploads\/Container-TPM-Icon-75x75.webp 75w\" sizes=\"auto, (max-width: 494px) 100vw, 494px\" \/>\t\t\t\t\t\t\t\t\t\t\t\t\t\t\t<\/div>\n\t\t\t\t<\/div>\n\t\t\t\t<\/div>\n\t\t\t\t\t<\/div>\n\t\t\t\t<\/div>\n\t\t<div class=\"elementor-element elementor-element-936bd5b e-flex e-con-boxed e-con e-parent\" data-id=\"936bd5b\" data-element_type=\"container\" data-e-type=\"container\">\n\t\t\t\t\t<div class=\"e-con-inner\">\n\t\t<div class=\"elementor-element elementor-element-85a809a e-con-full e-flex e-con e-child\" data-id=\"85a809a\" data-element_type=\"container\" data-e-type=\"container\">\n\t\t\t\t<div class=\"elementor-element elementor-element-9f6c911 elementor-widget elementor-widget-image\" data-id=\"9f6c911\" data-element_type=\"widget\" data-e-type=\"widget\" data-widget_type=\"image.default\">\n\t\t\t\t<div class=\"elementor-widget-container\">\n\t\t\t\t\t\t\t\t\t\t\t\t\t\t\t<img loading=\"lazy\" decoding=\"async\" loading=\"lazy\" width=\"461\" height=\"461\" src=\"https:\/\/bioaffix.com\/wp-content\/uploads\/Container-Mul-Sec-Icon.webp\" class=\"attachment-full size-full wp-image-564\" alt=\"BioAffix \u00fcr\u00fcn ailesi cihazlar\u0131 ve OneServer aras\u0131ndaki ileti\u015fim MUL-SEC (Multi Layered Secure Communications) ad\u0131 verilen \u00e7ift katmanl\u0131 ileti\u015fim t\u00fcneli ile sa\u011flan\u0131r. Bu sayede veri trafi\u011fi \u015fifreli bir altyap\u0131 ile sa\u011flan\u0131r.\" srcset=\"https:\/\/bioaffix.com\/wp-content\/uploads\/Container-Mul-Sec-Icon.webp 461w, https:\/\/bioaffix.com\/wp-content\/uploads\/Container-Mul-Sec-Icon-300x300.webp 300w, https:\/\/bioaffix.com\/wp-content\/uploads\/Container-Mul-Sec-Icon-150x150.webp 150w, https:\/\/bioaffix.com\/wp-content\/uploads\/Container-Mul-Sec-Icon-80x80.webp 80w, https:\/\/bioaffix.com\/wp-content\/uploads\/Container-Mul-Sec-Icon-70x70.webp 70w, https:\/\/bioaffix.com\/wp-content\/uploads\/Container-Mul-Sec-Icon-100x100.webp 100w, https:\/\/bioaffix.com\/wp-content\/uploads\/Container-Mul-Sec-Icon-370x370.webp 370w, https:\/\/bioaffix.com\/wp-content\/uploads\/Container-Mul-Sec-Icon-12x12.webp 12w, https:\/\/bioaffix.com\/wp-content\/uploads\/Container-Mul-Sec-Icon-75x75.webp 75w\" sizes=\"auto, (max-width: 461px) 100vw, 461px\" \/>\t\t\t\t\t\t\t\t\t\t\t\t\t\t\t<\/div>\n\t\t\t\t<\/div>\n\t\t\t\t<\/div>\n\t\t<div class=\"elementor-element elementor-element-7969cec e-con-full e-flex e-con e-child\" data-id=\"7969cec\" data-element_type=\"container\" data-e-type=\"container\">\n\t\t\t\t<div class=\"elementor-element elementor-element-cda7ba5 elementor-widget elementor-widget-heading\" data-id=\"cda7ba5\" data-element_type=\"widget\" data-e-type=\"widget\" data-widget_type=\"heading.default\">\n\t\t\t\t<div class=\"elementor-widget-container\">\n\t\t\t\t\t<h2 class=\"elementor-heading-title elementor-size-default\">MUL-SEC (Multi Layered Secure Communications)<\/h2>\t\t\t\t<\/div>\n\t\t\t\t<\/div>\n\t\t\t\t<div class=\"elementor-element elementor-element-2963653 elementor-widget elementor-widget-text-editor\" data-id=\"2963653\" data-element_type=\"widget\" data-e-type=\"widget\" data-widget_type=\"text-editor.default\">\n\t\t\t\t<div class=\"elementor-widget-container\">\n\t\t\t\t\t\t\t\t\t<p>Ones Technology taraf\u0131ndan geli\u015ftirilen \u00e7ift katl\u0131 MUL-SEC SSL t\u00fcneli sayesinde BioAffix \u00fcr\u00fcn ailesi cihazlar\u0131 ve BioAffix OneServer aras\u0131ndaki veri trafi\u011fi, \u00e7ift katl\u0131 SSL t\u00fcneli ile \u00e7evrelenmi\u015f \u015fifreli bir ileti\u015fim altyap\u0131s\u0131 ile ger\u00e7ekle\u015fir. BioAffix cihazlar\u0131 ve BioAffix OneServer aras\u0131ndaki ileti\u015fimi MUL-SEC ile koruma alt\u0131na al\u0131nd\u0131\u011f\u0131nda, mevcut y\u00fck dengeleyici cihaz\u0131n\u0131z (Load Balancer) SSL korumas\u0131n\u0131 sonland\u0131rsa bile, BioAffix \u00fcr\u00fcn ailesi ve OneServer aras\u0131nda ileti\u015fim MUL-SEC g\u00fcvenlik teknolojisi ile daima koruma alt\u0131ndad\u0131r.<\/p>\t\t\t\t\t\t\t\t<\/div>\n\t\t\t\t<\/div>\n\t\t\t\t<\/div>\n\t\t\t\t\t<\/div>\n\t\t\t\t<\/div>\n\t\t<div class=\"elementor-element elementor-element-ca995d5 e-flex e-con-boxed e-con e-parent\" data-id=\"ca995d5\" data-element_type=\"container\" data-e-type=\"container\">\n\t\t\t\t\t<div class=\"e-con-inner\">\n\t\t<div class=\"elementor-element elementor-element-155d6b6 e-con-full e-flex e-con e-child\" data-id=\"155d6b6\" data-element_type=\"container\" data-e-type=\"container\">\n\t\t\t\t<div class=\"elementor-element elementor-element-7780bd5 elementor-widget elementor-widget-image\" data-id=\"7780bd5\" data-element_type=\"widget\" data-e-type=\"widget\" data-widget_type=\"image.default\">\n\t\t\t\t<div class=\"elementor-widget-container\">\n\t\t\t\t\t\t\t\t\t\t\t\t\t\t\t<img loading=\"lazy\" decoding=\"async\" loading=\"lazy\" width=\"251\" height=\"131\" src=\"https:\/\/bioaffix.com\/wp-content\/uploads\/BioAffix-WinLogon-Gears.webp\" class=\"attachment-large size-large wp-image-223\" alt=\"\" srcset=\"https:\/\/bioaffix.com\/wp-content\/uploads\/BioAffix-WinLogon-Gears.webp 251w, https:\/\/bioaffix.com\/wp-content\/uploads\/BioAffix-WinLogon-Gears-18x9.webp 18w\" sizes=\"auto, (max-width: 251px) 100vw, 251px\" \/>\t\t\t\t\t\t\t\t\t\t\t\t\t\t\t<\/div>\n\t\t\t\t<\/div>\n\t\t\t\t<div class=\"elementor-element elementor-element-6b763c1 elementor-widget elementor-widget-heading\" data-id=\"6b763c1\" data-element_type=\"widget\" data-e-type=\"widget\" data-widget_type=\"heading.default\">\n\t\t\t\t<div class=\"elementor-widget-container\">\n\t\t\t\t\t<h3 class=\"elementor-heading-title elementor-size-default\">BioAffix\u00ae Gate Vision Teknik \u00d6zelliklerini Ke\u015ffedin<\/h3>\t\t\t\t<\/div>\n\t\t\t\t<\/div>\n\t\t\t\t<div class=\"elementor-element elementor-element-ed8fffe elementor-widget elementor-widget-text-editor\" data-id=\"ed8fffe\" data-element_type=\"widget\" data-e-type=\"widget\" data-widget_type=\"text-editor.default\">\n\t\t\t\t<div class=\"elementor-widget-container\">\n\t\t\t\t\t\t\t\t\t<p><span style=\"color: #ca171e;\"><strong>Geli\u015fmi\u015f donan\u0131m mimarisine <\/strong><\/span>sahip teknik \u00f6zelliklerine daha yak\u0131ndan bak\u0131n<\/p>\t\t\t\t\t\t\t\t<\/div>\n\t\t\t\t<\/div>\n\t\t\t\t<div class=\"elementor-element elementor-element-2dd1795 elementor-align-center elementor-widget elementor-widget-button\" data-id=\"2dd1795\" data-element_type=\"widget\" data-e-type=\"widget\" data-widget_type=\"button.default\">\n\t\t\t\t<div class=\"elementor-widget-container\">\n\t\t\t\t\t\t\t\t\t<div class=\"elementor-button-wrapper\">\n\t\t\t\t\t<a class=\"elementor-button elementor-button-link elementor-size-md\" href=\"https:\/\/bioaffix.com\/tr\/gecis-kontrol\/bioaffix-gate-vision\/teknik-ozellikleri\/\">\n\t\t\t\t\t\t<span class=\"elementor-button-content-wrapper\">\n\t\t\t\t\t\t\t\t\t<span class=\"elementor-button-text\">Daha Fazla Bilgi<\/span>\n\t\t\t\t\t<\/span>\n\t\t\t\t\t<\/a>\n\t\t\t\t<\/div>\n\t\t\t\t\t\t\t\t<\/div>\n\t\t\t\t<\/div>\n\t\t\t\t<\/div>\n\t\t\t\t\t<\/div>\n\t\t\t\t<\/div>\n\t\t\t\t<\/div>\n\t\t","protected":false},"excerpt":{"rendered":"<p>BioAffix Gate Vision NATO stndartlar\u0131ndaki g\u00fcvenlik \u00f6nlemleri ile organizasyonunuzun fiziksel g\u00fcvenli\u011fini kontrol alt\u0131na al\u0131n<\/p>\n","protected":false},"author":1,"featured_media":0,"parent":3581,"menu_order":0,"comment_status":"closed","ping_status":"closed","template":"","meta":{"nf_dc_page":"","footnotes":""},"class_list":["post-4543","page","type-page","status-publish","hentry","no-post-thumbnail"],"acf":[],"_links":{"self":[{"href":"https:\/\/bioaffix.com\/tr\/wp-json\/wp\/v2\/pages\/4543","targetHints":{"allow":["GET"]}}],"collection":[{"href":"https:\/\/bioaffix.com\/tr\/wp-json\/wp\/v2\/pages"}],"about":[{"href":"https:\/\/bioaffix.com\/tr\/wp-json\/wp\/v2\/types\/page"}],"author":[{"embeddable":true,"href":"https:\/\/bioaffix.com\/tr\/wp-json\/wp\/v2\/users\/1"}],"replies":[{"embeddable":true,"href":"https:\/\/bioaffix.com\/tr\/wp-json\/wp\/v2\/comments?post=4543"}],"version-history":[{"count":0,"href":"https:\/\/bioaffix.com\/tr\/wp-json\/wp\/v2\/pages\/4543\/revisions"}],"up":[{"embeddable":true,"href":"https:\/\/bioaffix.com\/tr\/wp-json\/wp\/v2\/pages\/3581"}],"wp:attachment":[{"href":"https:\/\/bioaffix.com\/tr\/wp-json\/wp\/v2\/media?parent=4543"}],"curies":[{"name":"wp","href":"https:\/\/api.w.org\/{rel}","templated":true}]}}