{"id":3,"date":"2023-06-13T11:21:04","date_gmt":"2023-06-13T10:21:04","guid":{"rendered":"https:\/\/bioaffix.com\/?page_id=3"},"modified":"2023-12-13T14:18:51","modified_gmt":"2023-12-13T11:18:51","slug":"gizlilik-politikasi","status":"publish","type":"page","link":"https:\/\/bioaffix.com\/tr\/gizlilik-politikasi\/","title":{"rendered":"Gizlilik Politikas\u0131"},"content":{"rendered":"\n<p>BioAffix (\u201cBioAffix,\u201d \u201cbiz,\u201d \u201cbize,\u201d \u201cbizim\u201d) gizlili\u011fin m\u00fc\u015fterilerimiz i\u00e7in ne kadar \u00f6nemli oldu\u011funu biliyoruz ve bilgilerinizi nas\u0131l toplad\u0131\u011f\u0131m\u0131z, kulland\u0131\u011f\u0131m\u0131z, if\u015fa ve transfer etti\u011fimiz ve saklad\u0131\u011f\u0131m\u0131z konusunda olduk\u00e7a net olmaya \u00e7al\u0131\u015f\u0131yoruz. \u0130\u015fbu Gizlilik Politikas\u0131 bilgi uygulamalar\u0131m\u0131zla ilgili genel bilgiler vermektedir. Gizlilik Politikas\u0131 bu Politikaya at\u0131fta bulunan veya ba\u011flant\u0131 veren t\u00fcm BioAffix cihazlar\u0131, web siteleri veya \u00e7evrimi\u00e7i uygulamalar (birlikte \u201cHizmetlerimiz\u201d) i\u00e7in ge\u00e7erlidir.<\/p>\n\n\n\n<p>\u0130\u015fbu Gizlilik Politikas\u0131 t\u00fcm Hizmetlerimiz i\u00e7in ge\u00e7erli olmakla birlikte, belirli Hizmetlere y\u00f6nelik uygulamalar\u0131m\u0131z hakk\u0131nda ek bilgiler i\u00e7eren baz\u0131 destekleyici dok\u00fcmanlar da temin etmi\u015f bulunmaktay\u0131z. Bu dok\u00fcmanlar i\u00e7eriklerinde yer alan Hizmetleri kullanma s\u00fcrecinize uygulan\u0131r. Baz\u0131 veri i\u015fleme faaliyetleri i\u00e7in ek onay al\u0131nacakt\u0131r.<\/p>\n\n\n\n<p>Gizlilik Politikas\u0131n\u0131n (web sitelerimiz ve \u00e7evrimi\u00e7i uygulamalar\u0131m\u0131z ile birlikte, i\u015fbu Gizlilik Politikas\u0131nda belirtilen Hizmetler aras\u0131nda olan) BioAffix cihazlar\u0131n\u0131 kullan\u0131m\u0131n\u0131za uyguland\u0131\u011f\u0131n\u0131 l\u00fctfen unutmay\u0131n\u0131z. Gizlilik Politikas\u0131, ayr\u0131ca, Hizmetlerimize nas\u0131l eri\u015fti\u011finize (bilgisayar, cep telefonu, tablet, TV veya di\u011fer yollarla) bak\u0131lmaks\u0131z\u0131n uygulanacakt\u0131r. Hizmetlerimizi her kulland\u0131\u011f\u0131n\u0131zda Gizlilik Politikas\u0131nda ve destekleyici dok\u00fcmanlarda a\u00e7\u0131klanan uygulamalar\u0131 kabul edece\u011finiz i\u00e7in, Gizlilik Politikas\u0131n\u0131 dikkatli bir \u015fekilde okuman\u0131z\u0131 \u00f6neririz. Gizlilik Politikas\u0131nda a\u00e7\u0131klanan uygulamalar\u0131 kabul etmemeniz halinde, Hizmetlerimizi kullanmaman\u0131z\u0131 \u00f6neririz.<\/p>\n\n\n\n<p>Gizlilik Politikas\u0131nda yap\u0131lacak g\u00fcncellemeleri s\u0131k s\u0131k kontrol etmeniz \u00f6nemlidir. Gizlilik Politikas\u0131n\u0131 g\u00fcncellememiz halinde ilgili Hizmetler \u00fczerine not d\u00fc\u015ferek sizi \u00f6nemli oldu\u011funu d\u00fc\u015f\u00fcnd\u00fc\u011f\u00fcm\u00fcz de\u011fi\u015fiklikler hakk\u0131nda bilgilendirece\u011fiz. Bu notu d\u00fc\u015ft\u00fckten sonra Hizmetlerimize eri\u015ferek veya Hizmetlerimizi kullanarak g\u00fcncellemede belirtilen yeni uygulamay\u0131\/uygulamalar\u0131 kabul etmi\u015f olursunuz. Gizlilik Politikas\u0131n\u0131n en g\u00fcncel s\u00fcr\u00fcm\u00fcn\u00fc her zaman burada bulabilirsiniz [https:\/\/bioaffix.com.tr\/gizlilik-politikasi\/].<\/p>\n\n\n\n<h2 class=\"wp-block-heading\">Hakk\u0131n\u0131zda Hangi Bilgileri Topluyoruz?<\/h2>\n\n\n\n<h3 class=\"wp-block-heading\">Do\u011frudan Sa\u011flad\u0131\u011f\u0131n\u0131z Bilgiler<\/h3>\n\n\n\n<p>Baz\u0131 Hizmetler taraf\u0131m\u0131za do\u011frudan bilgi vermenizi sa\u011flar. \u00d6rne\u011fin:<\/p>\n\n\n\n<p>\u2022 Baz\u0131 Hizmetlerimiz kullan\u0131c\u0131lar\u0131n hesaplar veya profiller olu\u015fturmalar\u0131n\u0131 sa\u011flar. Bu Hizmetler ile ba\u011flant\u0131l\u0131 olarak, hesap veya profil olu\u015fturmak i\u00e7in sizden kendiniz hakk\u0131nda baz\u0131 bilgiler vermenizi isteyebiliriz. \u00d6rne\u011fin, bir BioAffix hesab\u0131 olu\u015fturdu\u011funuzda ad\u0131n\u0131z ve e-posta adresiniz gibi kendiniz hakk\u0131nda baz\u0131 bilgiler verebilirsiniz.<\/p>\n\n\n\n<p>\u2022 Bizden bir \u00fcr\u00fcn veya \u00fccretli hizmet sipari\u015f etti\u011finizde, sipari\u015finizi i\u015fleme alabilmemiz i\u00e7in sizden ad\u0131n\u0131z\u0131, ileti\u015fim bilgilerinizi, g\u00f6nderi ve fatura adres(ler)inizi, ve kredi kart\u0131 bilgilerinizi talep edebiliriz.<\/p>\n\n\n\n<h3 class=\"wp-block-heading\">Hizmetleri Kullanman\u0131za \u0130li\u015fkin Bilgiler<\/h3>\n\n\n\n<p>Taraf\u0131m\u0131za sa\u011flad\u0131\u011f\u0131n\u0131z bilgilere ek olarak, cihaz\u0131n\u0131z \u00fczerindeki yaz\u0131l\u0131m yoluyla veya di\u011fer yollarla Hizmetleri kullan\u0131m\u0131n\u0131za ili\u015fkin bilgiler de toplayabiliriz. \u00d6rne\u011fin: a\u015fa\u011f\u0131daki bilgileri toplayabiliriz:<\/p>\n\n\n\n<p>\u2022 Cihaz bilgileri : Donan\u0131m modeliniz, benzersiz cihaz tan\u0131mlay\u0131c\u0131lar\u0131, MAC adresi, IP adresi, i\u015fletim sistemi s\u00fcr\u00fcm\u00fc ve Hizmetlere eri\u015firken kulland\u0131\u011f\u0131n\u0131z cihaz ayarlar\u0131 gibi.<\/p>\n\n\n\n<p>\u2022 Kay\u0131t bilgileri : Hizmetleri kullan\u0131m zaman\u0131n\u0131z ve s\u00fcreniz, Hizmetler yoluyla girdi\u011finiz arama sorgulama terimleri ve cihaz\u0131n\u0131z \u00fczerine yerle\u015ftirdi\u011fimiz \u00e7erezler i\u00e7inde saklanan her t\u00fcrl\u00fc bilgi gibi.<\/p>\n\n\n\n<p>\u2022 Di\u011fer bilgiler : Kulland\u0131\u011f\u0131n\u0131z uygulamalar, ziyaret etti\u011finiz web siteleri ve Hizmetler yoluyla teklif edilen i\u00e7eriklerle nas\u0131l etkile\u015fimde bulundu\u011funuz gibi, Hizmetleri kullan\u0131m\u0131n\u0131za ili\u015fkin di\u011fer bilgiler.<\/p>\n\n\n\n<h3 class=\"wp-block-heading\">\u00dc\u00e7\u00fcnc\u00fc Taraf Kaynaklardan Al\u0131nan Bilgiler<\/h3>\n\n\n\n<p>Hakk\u0131n\u0131zda (kanunlar taraf\u0131ndan izin verilen \u00f6l\u00e7\u00fcde) halka a\u00e7\u0131k ve ticari kaynaklardan bilgi alabilir ve bu bilgileri sizden veya hakk\u0131n\u0131zda ald\u0131\u011f\u0131m\u0131z di\u011fer bilgilerle birle\u015ftirebiliriz. Ayr\u0131ca, \u00fc\u00e7\u00fcnc\u00fc taraf sosyal a\u011f hizmetleri ile ba\u011flanman\u0131z halinde, hakk\u0131n\u0131zda bu sosyal payla\u015f\u0131m siteleri \u00fczerinden de bilgi alabiliriz.<\/p>\n\n\n\n<h3 class=\"wp-block-heading\">Toplad\u0131\u011f\u0131m\u0131z Di\u011fer Bilgiler<\/h3>\n\n\n\n<p>Ayr\u0131ca, siz, cihaz\u0131n\u0131z veya Hizmetleri kullan\u0131m\u0131n\u0131z hakk\u0131nda sizlere bilgi toplama an\u0131nda a\u00e7\u0131klad\u0131\u011f\u0131m\u0131z \u015fekillerde, veya onay\u0131n\u0131zla, di\u011fer bilgiler de toplayabiliriz.<br>Bizlere baz\u0131 tip bilgileri sa\u011flamak istemeyebilirsiniz (\u00f6rn.: BioAffix hesab\u0131 olu\u015fturma s\u0131ras\u0131nda talep etti\u011fimiz bilgiler) ancak bu durumda baz\u0131 Hizmetleri kullanamayabilirsiniz.<\/p>\n\n\n\n<h3 class=\"wp-block-heading\">Bilgilerinizi Nas\u0131l Kullan\u0131yoruz?<\/h3>\n\n\n\n<p>Toplad\u0131\u011f\u0131m\u0131z bilgileri a\u015fa\u011f\u0131daki ama\u00e7larla kullanabiliriz:<\/p>\n\n\n\n<p>\u2022 Sizi veya cihaz\u0131n\u0131z\u0131 bir Hizmet i\u00e7in kaydetmek<\/p>\n\n\n\n<p>\u2022 Talep etti\u011finiz bir hizmeti veya \u00f6zelli\u011fi sa\u011flamak<\/p>\n\n\n\n<p>\u2022 Hizmetlerimiz ile ilgili ge\u00e7mi\u015f deneyimlerinize dayal\u0131 \u00f6zelle\u015ftirilmi\u015f i\u00e7erik sa\u011flamak ve tavsiyelerde bulunmak<\/p>\n\n\n\n<p>\u2022 \u00d6zelle\u015ftirilmi\u015f reklamlar ve sponsorlu i\u00e7erik gibi reklamlar vermek ve size promosyon ama\u00e7l\u0131 bildirimler g\u00f6ndermek<\/p>\n\n\n\n<p>\u2022 Pazar\u0131m\u0131z\u0131n, m\u00fc\u015fterilerimizin, \u00fcr\u00fcnlerimizin ve hizmetlerimizin de\u011ferlendirmesini ve analizini yapmak (\u00fcr\u00fcn ve hizmetlerimizle ilgili g\u00f6r\u00fc\u015flerinizi almak ve m\u00fc\u015fteri anketleri yapmak dahil)<\/p>\n\n\n\n<p>\u2022 Hizmetlerimizi iyile\u015ftirebilmemiz ve yeni \u00fcr\u00fcn ve hizmetler geli\u015ftirebilmemiz i\u00e7in kullan\u0131c\u0131lar\u0131n Hizmetlerimizi kullanma \u015feklini \u00f6\u011frenmek<\/p>\n\n\n\n<p>\u2022 Cihaz\u0131n\u0131z i\u00e7in bak\u0131m hizmetleri sa\u011flamak<\/p>\n\n\n\n<p>\u2022 Kanunlar taraf\u0131ndan izin verilen \u00f6l\u00e7\u00fcde, \u00fccretsiz \u00f6d\u00fcl \u00e7ekili\u015fleri, \u00f6d\u00fcl yar\u0131\u015fmalar\u0131 veya promosyonlar d\u00fczenlemek ve di\u011fer durumlarda, onay\u0131n\u0131z ile<br>Sizden toplad\u0131\u011f\u0131m\u0131z bilgileri bir araya getirebilir ve ayr\u0131ca verece\u011finiz onaya ba\u011fl\u0131 olarak, bu Gizlilik Politikas\u0131 ile tutarl\u0131 ama\u00e7lar do\u011frultusunda kullanabiliriz.<\/p>\n\n\n\n<h2 class=\"wp-block-heading\">Bilgilerinizi Kimlere \u0130f\u015fa Ediyoruz?<\/h2>\n\n\n\n<p>Bilgilerinizi sizin onay\u0131n\u0131z olmadan \u00fc\u00e7\u00fcnc\u00fc taraflara pazarlama ve ticari ama\u00e7l\u0131 olarak if\u015fa etmiyoruz. Bununla birlikte, bilgilerinizi a\u015fa\u011f\u0131daki i\u015fletmelere if\u015fa edebiliriz:<br>\u2022 <strong>\u0130\u015f Ortaklar\u0131<\/strong>: Bilgilerinizi, ayr\u0131ca, kablosuz ta\u015f\u0131y\u0131c\u0131lar dahil, g\u00fcvenilir i\u015f ortaklar\u0131yla da payla\u015fabiliriz. Bu i\u015fletmeler, bilgilerinizi talep etti\u011finiz hizmetleri sa\u011flamak veya ilgi alanlar\u0131n\u0131z hakk\u0131nda tahminler yapmak i\u00e7in kullanabilirler ve size tan\u0131t\u0131m malzemeleri, reklamlar ve ba\u015fka materyaller g\u00f6nderebilirler.<br>\u2022 <strong>Hizmet Sa\u011flay\u0131c\u0131lar<\/strong>: Bilgilerinizi, ayr\u0131ca, bize faturaland\u0131rma konusunda yard\u0131mc\u0131 olan veya ad\u0131m\u0131za e-postalar g\u00f6nderen \u015firketler gibi, nam ve hesab\u0131m\u0131za hizmet veren \u015firketlere de if\u015fa edebiliriz. Bu i\u015fletmelerin bilgilerinizi bizim i\u00e7in hizmet sa\u011flama amac\u0131 d\u0131\u015f\u0131ndaki ama\u00e7larla kullanma becerileri s\u0131n\u0131rl\u0131d\u0131r.<br>\u2022 <strong>Kanunen Zorunlu K\u0131l\u0131nan Durumlarda veya Hizmetlerimizi Korumak Amac\u0131yla Di\u011fer Taraflar<\/strong>: A\u015fa\u011f\u0131daki ama\u00e7larla bilgilerinizi ba\u015fka taraflara if\u015fa edebiliriz:<br>o Kanunlara uymak veya zorunlu yasal s\u00fcre\u00e7lere cevap vermek (arama emri veya sair mahkeme karar\u0131 gibi)<br>o Hizmetlerimizin tabi oldu\u011fu politikalar\u0131 do\u011frulamak veya bu politikalara uygunlu\u011fu sa\u011flamak, ve<br>o BioAffix&#8217;in, i\u015f ortaklar\u0131m\u0131z\u0131n veya m\u00fc\u015fterilerimizin haklar\u0131n\u0131, mallar\u0131n\u0131 veya g\u00fcvenliklerini korumak<br>\u2022 Kurumsal \u0130\u015flemlerle Ba\u011flant\u0131l\u0131 Di\u011fer Taraflar: Birle\u015fme, devir veya iflas halinde bilgilerinizi \u00fc\u00e7\u00fcnc\u00fc taraflara if\u015fa edebiliriz.<br>\u2022 Onay\u0131n\u0131z ile ve, Kendi Takdirinize Ba\u011fl\u0131 Olarak, Di\u011fer Taraflar: \u0130\u015fbu Gizlilik Politikas\u0131nda a\u00e7\u0131klanan if\u015fa hallerine ek olarak, hakk\u0131n\u0131zdaki bilgileri \u00fc\u00e7\u00fcnc\u00fc taraflarla onay\u0131n\u0131z ile veya talep etmeniz halinde payla\u015fabiliriz.<\/p>\n\n\n\n<h2 class=\"wp-block-heading\">Tercihleriniz<\/h2>\n\n\n\n<p>Bilgilerinizi tercihinize ba\u011fl\u0131 olarak \u00e7ok \u00e7e\u015fitli \u015fekillerde kullanabiliriz. Size g\u00f6nderdi\u011fimiz postada yer alan \u201caboneli\u011fi iptal et\u201d talimatlar\u0131n\u0131 takip ederek bizden promosyon ama\u00e7l\u0131 bildirimler al\u0131p almamay\u0131 tercih edebilirsiniz. Ayr\u0131ca belirli Hizmetler ile ilgili olarak veya size anl\u0131k bildirim yollad\u0131\u011f\u0131m\u0131zda da tercih yapabilirsiniz.<\/p>\n\n\n\n<h3 class=\"wp-block-heading\">Bilgilerinizi g\u00fcvende tutmak i\u00e7in ne yap\u0131yoruz?<\/h3>\n\n\n\n<p>Hizmetler ile ilgili olarak toplad\u0131\u011f\u0131m\u0131z bilgileri korumak i\u00e7in makul fiziksel ve teknik tedbirleri hayata ge\u00e7irmi\u015f bulunuyoruz. Bununla birlikte, bilgilerinizi korumak i\u00e7in her ne kadar makul tedbirler alsak da, hi\u00e7bir web sitesinin, \u0130nternet iletiminin, bilgisayar sisteminin veya kablosuz ba\u011flant\u0131n\u0131n tamamen g\u00fcvenli olmad\u0131\u011f\u0131n\u0131 l\u00fctfen unutmay\u0131n\u0131z.<\/p>\n\n\n\n<h3 class=\"wp-block-heading\">Verilerin Uluslararas\u0131 Transferine \u0130li\u015fkin Onay<\/h3>\n\n\n\n<p>Hizmetleri kullanarak veya hizmetlere i\u015ftirak ederek ve\/veya bize bilgilerinizi sa\u011flayarak, bilgilerinizin i\u015fbu Gizlilik Politikas\u0131 \u00e7er\u00e7evesinde ikamet etti\u011finiz \u00fclke d\u0131\u015f\u0131nda toplanmas\u0131na, transferine, saklanmas\u0131na ve i\u015flenmesine onay verirsiniz. Bilgilerinizin transfer edilebilece\u011fi \u00fclkelerde y\u00fcr\u00fcrl\u00fckte olan veri koruma kanunlar\u0131n\u0131n ve sair kanunlar\u0131n \u00fclkenizdekiler kadar kapsaml\u0131 olamayabilece\u011fini l\u00fctfen unutmay\u0131n\u0131z.<\/p>\n\n\n\n<h3 class=\"wp-block-heading\">Bilgilerinize Eri\u015fim<\/h3>\n\n\n\n<p>Baz\u0131 yarg\u0131 yerlerinin kanunlar\u0131 uyar\u0131nca, toplad\u0131\u011f\u0131m\u0131z bilgilerin ayr\u0131nt\u0131lar\u0131n\u0131 talep etme ve s\u00f6z konusu bilgilerdeki hatalar\u0131 d\u00fczeltme hakk\u0131na sahip olabilirsiniz. Di\u011fer t\u00fcm yasal kullan\u0131c\u0131 haklar\u0131 aynen ge\u00e7erli olmaya devam edecektir. Kanunlar uyar\u0131nca izin verilmesi halinde, size sa\u011flad\u0131\u011f\u0131m\u0131z bu hak kar\u015f\u0131l\u0131\u011f\u0131nda d\u00fc\u015f\u00fck bir \u00fccret talep edebiliriz. Makul olmayan \u015fekilde tekrar eden, orant\u0131s\u0131z teknik \u00e7aba gerektiren, ba\u015fkalar\u0131n\u0131n gizlili\u011fini riske atan, a\u015f\u0131r\u0131 derecede uygulanamaz olan veya eri\u015fim yap\u0131lmas\u0131 yerel kanunlar taraf\u0131ndan sair suretlerle zorunlu k\u0131l\u0131nmayan talepleri i\u015fleme koymay\u0131 reddedebiliriz.<\/p>\n\n\n\n<h3 class=\"wp-block-heading\">Veri Saklama<\/h3>\n\n\n\n<p>Sizinle ilgili bilgileri yaln\u0131zca toplanma amac\u0131 i\u00e7in gerekli olmas\u0131 veya her t\u00fcrl\u00fc s\u00f6zle\u015fme veya y\u00fcr\u00fcrl\u00fckteki kanunlar taraf\u0131ndan zorunlu k\u0131l\u0131nmas\u0131 \u00f6l\u00e7\u00fcs\u00fcnde saklamak i\u00e7in t\u00fcm makul tedbirleri al\u0131yoruz.<\/p>\n\n\n\n<h3 class=\"wp-block-heading\">Hizmetlerimizle \u0130lgili \u00dc\u00e7\u00fcnc\u00fc Taraf Ba\u011flant\u0131lar\u0131 ve \u00dcr\u00fcnler<\/h3>\n\n\n\n<p>Hizmetlerimiz kontrol\u00fcm\u00fcz d\u0131\u015f\u0131ndaki \u00fc\u00e7\u00fcnc\u00fc taraf web sitelerine ve hizmetlere ba\u011flant\u0131lar verebilirler. Web siteleri veya sair hizmetler taraf\u0131ndan toplanan bilgilerin g\u00fcvenli\u011finden veya gizlili\u011finden sorumlu de\u011filiz. Bu konuda dikkatli olman\u0131z ve kulland\u0131\u011f\u0131n\u0131z \u00fc\u00e7\u00fcnc\u00fc taraf web siteleri ve hizmetleri i\u00e7in ge\u00e7erli gizlilik bildirimlerini okuman\u0131z \u00f6nerilir.<br>Ayr\u0131ca, \u00fc\u00e7\u00fcnc\u00fc taraflarca geli\u015ftirilen baz\u0131 \u00fcr\u00fcn veya hizmetlere eri\u015fiminizi sa\u011flayabiliriz (\u00f6rn.: BioAffix Uygulamalar\u0131 yoluyla indirilebilen uygulamalar). BioAffix bu \u00fc\u00e7\u00fcnc\u00fc taraf \u00fcr\u00fcn veya hizmetlerinden sorumlu de\u011fildir.<\/p>\n\n\n\n<h2 class=\"wp-block-heading\"><strong>\u00c7erezler, Web \u0130\u015faret\u00e7ileri ve Benzer Teknolojiler<\/strong><\/h2>\n\n\n\n<p>Biz ve Hizmetler ile ilgili i\u00e7erik, reklam veya sair i\u015flevsellikler sa\u011flayan \u00fc\u00e7\u00fcnc\u00fc taraflar Hizmetlerimizin belli alanlar\u0131nda \u00c7erezler, Web \u0130\u015faret\u00e7ileri ve Benzeri Teknolojiler kullanabiliriz.<\/p>\n\n\n\n<h3 class=\"wp-block-heading\"><strong>\u00c7erezler<\/strong><\/h3>\n\n\n\n<p>\u00c7erezler bilgisayar\u0131n\u0131zda, TV\u2019de, cep telefonunda veya sair cihazlarda bilgi saklayan k\u00fc\u00e7\u00fck dosyalard\u0131r. Cihaz\u0131n\u0131za \u00e7erez yerle\u015ftiren i\u015fletmenin sizi farkl\u0131 web siteleri, hizmetler ve\/veya tarama oturumlar\u0131 \u00fczerinden tan\u0131mas\u0131n\u0131 sa\u011flar. \u00c7erezler bir\u00e7ok ama\u00e7la kullan\u0131labilir. \u00d6rne\u011fin:<\/p>\n\n\n\n<p>\u00c7erezler oturum a\u00e7ma bilgilerinizi hat\u0131rlarlar, dolay\u0131s\u0131yla bir hizmet \u00fczerinde her oturum a\u00e7t\u0131\u011f\u0131n\u0131zda ayn\u0131 bilgileri tekrar girmeniz gerekmez. \u00c7erezler ziyaret\u00e7ilerin hangi sayfalara ve \u00f6zelliklere eri\u015fim yapt\u0131klar\u0131n\u0131 ve bu sayfalarda ne kadar zaman ge\u00e7irdiklerini g\u00f6rmemize yard\u0131mc\u0131 olduklar\u0131ndan, bizim ve \u00fc\u00e7\u00fcnc\u00fc taraflar\u0131n Hizmetlerimizin hangi b\u00f6l\u00fcmlerinin en pop\u00fcler oldu\u011funu anlamam\u0131za yard\u0131mc\u0131 olurlar. Bu tip bilgileri inceleyerek Hizmetleri daha iyi uyarlayabilir ve size daha geli\u015fmi\u015f bir deneyim sunabiliriz. \u00c7erezler Hizmetlere her eri\u015fim yapt\u0131\u011f\u0131n\u0131zda kar\u015f\u0131n\u0131za ayn\u0131 reklam\u0131n \u00e7\u0131kmamas\u0131 i\u00e7in bizim ve \u00fc\u00e7\u00fcnc\u00fc taraflar\u0131n hangi reklamlar\u0131 g\u00f6rd\u00fc\u011f\u00fcn\u00fcz\u00fc anlamam\u0131za yard\u0131mc\u0131 olurlar. \u00c7erezler bizim ve \u00fc\u00e7\u00fcnc\u00fc taraflar\u0131n Hizmetleri ve di\u011fer web sitelerini ve uygulamalar\u0131 kullan\u0131m\u0131n\u0131zla ilgili bilgiler toplayarak size en do\u011fru i\u00e7erikleri ve reklamlar\u0131 sunmam\u0131za yard\u0131mc\u0131 olurlar. Hizmetlere eri\u015fmek i\u00e7in bir web taray\u0131c\u0131s\u0131 kulland\u0131\u011f\u0131n\u0131zda, taray\u0131c\u0131n\u0131z\u0131 t\u00fcm \u00e7erezleri kabul et, t\u00fcm \u00e7erezleri reddet veya \u00e7erez g\u00f6nderildi\u011finde beni bilgilendir \u015feklinde yap\u0131land\u0131rabilirsiniz. Her bir taray\u0131c\u0131 farkl\u0131d\u0131r, dolay\u0131s\u0131yla \u00e7erez tercihlerinizi nas\u0131l de\u011fi\u015ftirece\u011finizi \u00f6\u011frenmek i\u00e7in taray\u0131c\u0131n\u0131z\u0131n \u201cYard\u0131m\u201d men\u00fcs\u00fcne bak\u0131n\u0131z. Cihaz\u0131n\u0131z\u0131n i\u015fletim sistemi \u00e7erezlere ili\u015fkin ek kontroller i\u00e7erebilir.<\/p>\n\n\n\n<p>Yine de baz\u0131 Hizmetlerin \u00e7erez kullanarak \u00e7al\u0131\u015facak \u015fekilde tasarlanm\u0131\u015f olabileceklerini ve \u00e7erezleri etkisizle\u015ftirmenin bu Hizmetleri veya belli b\u00f6l\u00fcmlerini kullanma becerinizi etkileyebilece\u011fini unutmay\u0131n\u0131z.kullanabiliriz.<\/p>\n\n\n\n<h3 class=\"wp-block-heading\"><strong>Di\u011fer Yerel Saklama Tipleri<\/strong><\/h3>\n\n\n\n<p>Biz, baz\u0131 \u00fc\u00e7\u00fcnc\u00fc taraflarla birlikte, Hizmetlerimiz ile ba\u011flant\u0131l\u0131 olarak Yerel Payla\u015f\u0131ml\u0131 Nesneler (Fla\u015f \u00c7erezler olarak da bilinirler) ve HTML5 yerel saklama gibi ba\u015fka t\u00fcrde yerel saklama teknolojileri de kullanabiliriz. Bu teknolojiler, cihaz\u0131n\u0131zda saklanmalar\u0131 ve faaliyetleriniz ve tercihleriniz ile ilgili baz\u0131 bilgileri saklamak amac\u0131yla kullanabilmeleri a\u00e7\u0131s\u0131ndan yukar\u0131da a\u00e7\u0131klanan \u00e7erezlerle benzerlik g\u00f6sterirler. Bununla birlikte, bu teknolojiler standart \u00e7erezlere k\u0131yasla cihaz\u0131n\u0131z\u0131n farkl\u0131 b\u00f6l\u00fcmlerinden yararlanabildikleri i\u00e7in, standart tarama ara\u00e7lar\u0131 ve ayarlar\u0131n\u0131 kullanarak onlar\u0131 kontrol edemeyebilirsiniz.<\/p>\n\n\n\n<h3 class=\"wp-block-heading\"><strong>Web \u0130\u015faret\u00e7ileri<\/strong><\/h3>\n\n\n\n<p>Biz, baz\u0131 \u00fc\u00e7\u00fcnc\u00fc taraflarla birlikte, cihaz\u0131n\u0131zdaki bilgileri sunucuya ileten ve Web \u0130\u015faret\u00e7ileri (veya \u201cpiksel etiketleri\u201d) olarak bilinen teknolojileri de kullanabiliriz. Web \u0130\u015faret\u00e7ileri \u00e7evrimi\u00e7i i\u00e7erikler, videolar ve e-postalar i\u00e7ine g\u00f6m\u00fclebilir ve bir sunucunun cihaz\u0131n\u0131zdaki belli tip bilgileri okumas\u0131n\u0131, belli bir i\u00e7eri\u011fi veya \u00f6zel bir e-posta mesaj\u0131n\u0131 ne zaman g\u00f6r\u00fcnt\u00fcledi\u011finizi bilmesini ve web i\u015faret\u00e7isini g\u00f6r\u00fcnt\u00fcledi\u011finiz zaman\u0131 ve tarihi ve cihaz\u0131n\u0131z\u0131n IP adresini belirlemesini sa\u011flayabilir. Bizler ve baz\u0131 \u00fc\u00e7\u00fcnc\u00fc taraflar Hizmetlerimizin kullan\u0131m\u0131n\u0131 analiz etmek ve (\u00e7erezlerle ba\u011flant\u0131l\u0131 olarak) sizi daha \u00e7ok ilgilendirebilecek i\u00e7erik ve reklamlar sa\u011flamak d\u00e2hil olmak \u00fczere, web i\u015faretlerini \u00e7ok \u00e7e\u015fitli ama\u00e7larla kullan\u0131yoruz.<\/p>\n\n\n\n<p>Hizmetlerimize eri\u015fim sa\u011flayarak ve Hizmetlerimizi kullanarak, cihazlar\u0131n\u0131zda \u00e7erezlerin, di\u011fer yerel saklama teknolojilerinin, web i\u015faretlerinin ve di\u011fer bilgilerin saklanmas\u0131na ve ayr\u0131ca s\u00f6z konusu \u00e7erezlere, di\u011fer yerel saklama teknolojilerine, web i\u015faret\u00e7ilerine ve di\u011fer bilgilere taraf\u0131m\u0131zca ve yukar\u0131da belirtilen \u00fc\u00e7\u00fcnc\u00fc taraflarca eri\u015fim sa\u011flanmas\u0131na onay veriyorsunuz.<\/p>\n\n\n\n<h3 class=\"wp-block-heading\"><strong>Ayr\u0131nt\u0131l\u0131 Bilgi<\/strong><\/h3>\n\n\n\n<p>Her t\u00fcrl\u00fc sorunuz i\u00e7in l\u00fctfen bizimle a\u015fa\u011f\u0131daki adresten ileti\u015fime ge\u00e7iniz:<br><a href=\"https:\/\/bioaffix.com\/iletisim\">https:\/\/bioaffix.com\/iletisim<\/a><\/p>\n","protected":false},"excerpt":{"rendered":"<p>BioAffix (\u201cBioAffix,\u201d \u201cbiz,\u201d \u201cbize,\u201d \u201cbizim\u201d) gizlili\u011fin m\u00fc\u015fterilerimiz i\u00e7in ne kadar \u00f6nemli oldu\u011funu biliyoruz ve bilgilerinizi nas\u0131l toplad\u0131\u011f\u0131m\u0131z, kulland\u0131\u011f\u0131m\u0131z, if\u015fa ve transfer etti\u011fimiz ve saklad\u0131\u011f\u0131m\u0131z konusunda olduk\u00e7a net olmaya \u00e7al\u0131\u015f\u0131yoruz. \u0130\u015fbu Gizlilik Politikas\u0131 bilgi uygulamalar\u0131m\u0131zla ilgili genel bilgiler vermektedir. Gizlilik Politikas\u0131 bu Politikaya at\u0131fta bulunan veya ba\u011flant\u0131 veren t\u00fcm BioAffix cihazlar\u0131, web siteleri veya \u00e7evrimi\u00e7i uygulamalar [&hellip;]<\/p>\n","protected":false},"author":1,"featured_media":0,"parent":0,"menu_order":0,"comment_status":"closed","ping_status":"open","template":"","meta":{"nf_dc_page":"","footnotes":""},"class_list":["post-3","page","type-page","status-publish","hentry","no-post-thumbnail"],"acf":[],"_links":{"self":[{"href":"https:\/\/bioaffix.com\/tr\/wp-json\/wp\/v2\/pages\/3","targetHints":{"allow":["GET"]}}],"collection":[{"href":"https:\/\/bioaffix.com\/tr\/wp-json\/wp\/v2\/pages"}],"about":[{"href":"https:\/\/bioaffix.com\/tr\/wp-json\/wp\/v2\/types\/page"}],"author":[{"embeddable":true,"href":"https:\/\/bioaffix.com\/tr\/wp-json\/wp\/v2\/users\/1"}],"replies":[{"embeddable":true,"href":"https:\/\/bioaffix.com\/tr\/wp-json\/wp\/v2\/comments?post=3"}],"version-history":[{"count":0,"href":"https:\/\/bioaffix.com\/tr\/wp-json\/wp\/v2\/pages\/3\/revisions"}],"wp:attachment":[{"href":"https:\/\/bioaffix.com\/tr\/wp-json\/wp\/v2\/media?parent=3"}],"curies":[{"name":"wp","href":"https:\/\/api.w.org\/{rel}","templated":true}]}}