{"id":2973,"date":"2023-07-07T11:27:24","date_gmt":"2023-07-07T08:27:24","guid":{"rendered":"https:\/\/bioaffix.com\/?page_id=2973"},"modified":"2025-05-29T17:15:50","modified_gmt":"2025-05-29T14:15:50","slug":"teknik-ozellikleri","status":"publish","type":"page","link":"https:\/\/bioaffix.com\/tr\/giris-cikis-uniteleri\/bioaffix-secure-io-plus-422\/teknik-ozellikleri\/","title":{"rendered":"BioAffix Secure I\/O Plus 422 Teknik \u00d6zellikleri"},"content":{"rendered":"\t\t<div data-elementor-type=\"wp-page\" data-elementor-id=\"2973\" class=\"elementor elementor-2973\">\n\t\t\t\t<div class=\"elementor-element elementor-element-650007a submenuSticky e-flex e-con-boxed e-con e-parent\" data-id=\"650007a\" data-element_type=\"container\" data-e-type=\"container\" data-settings=\"{&quot;background_background&quot;:&quot;classic&quot;}\">\n\t\t\t\t\t<div class=\"e-con-inner\">\n\t\t<div class=\"elementor-element elementor-element-0b96867 e-con-full elementor-hidden-mobile e-flex e-con e-child\" data-id=\"0b96867\" data-element_type=\"container\" data-e-type=\"container\">\n\t\t\t\t<div class=\"elementor-element elementor-element-a0bee79 elementor-widget elementor-widget-image\" data-id=\"a0bee79\" data-element_type=\"widget\" data-e-type=\"widget\" data-widget_type=\"image.default\">\n\t\t\t\t<div class=\"elementor-widget-container\">\n\t\t\t\t\t\t\t\t\t\t\t\t\t\t\t\t<a href=\"https:\/\/bioaffix.com\/tr\/giris-cikis-uniteleri\/bioaffix-secure-io-plus-422\/\">\n\t\t\t\t\t\t\t<img loading=\"lazy\" decoding=\"async\" loading=\"lazy\" width=\"106\" height=\"38\" src=\"https:\/\/bioaffix.com\/wp-content\/uploads\/BioAffix-Secure-IO-Sub-Menu-Logo.webp\" class=\"attachment-full size-full wp-image-3315\" alt=\"\" srcset=\"https:\/\/bioaffix.com\/wp-content\/uploads\/BioAffix-Secure-IO-Sub-Menu-Logo.webp 106w, https:\/\/bioaffix.com\/wp-content\/uploads\/BioAffix-Secure-IO-Sub-Menu-Logo-18x6.webp 18w\" sizes=\"auto, (max-width: 106px) 100vw, 106px\" \/>\t\t\t\t\t\t\t\t<\/a>\n\t\t\t\t\t\t\t\t\t\t\t\t\t\t\t<\/div>\n\t\t\t\t<\/div>\n\t\t\t\t<\/div>\n\t\t<div class=\"elementor-element elementor-element-4c845fc e-con-full e-flex e-con e-child\" data-id=\"4c845fc\" data-element_type=\"container\" data-e-type=\"container\">\n\t\t\t\t<div class=\"elementor-element elementor-element-dc4f286 customNavMenu elementor-widget elementor-widget-wp-widget-nav_menu\" data-id=\"dc4f286\" data-element_type=\"widget\" data-e-type=\"widget\" data-widget_type=\"wp-widget-nav_menu.default\">\n\t\t\t\t<div class=\"elementor-widget-container\">\n\t\t\t\t\t<div class=\"menu-bioaffix-secure-io-plus-422-tr-container\"><ul id=\"menu-bioaffix-secure-io-plus-422-tr\" class=\"menu\"><li id=\"menu-item-3422\" class=\"menu-item menu-item-type-post_type menu-item-object-page menu-item-3422\"><a href=\"https:\/\/bioaffix.com\/tr\/giris-cikis-uniteleri\/bioaffix-secure-io-plus-422\/\"   class=\"nav-link\">Genel Bak\u0131\u015f <\/a><\/li>\n<li id=\"menu-item-3421\" class=\"menu-item menu-item-type-post_type menu-item-object-page menu-item-3421\"><a href=\"https:\/\/bioaffix.com\/tr\/giris-cikis-uniteleri\/bioaffix-secure-io-plus-422\/teknik-ozellikleri\/\"   class=\"nav-link\">Teknik \u00d6zellikleri <\/a><\/li>\n<li id=\"menu-item-5275\" class=\"menu-item menu-item-type-custom menu-item-object-custom menu-item-5275\"><a href=\"https:\/\/file.ones.com.tr\/s\/bioaffix-secure-io-plus-422-tr\" class=\"nav-link\" target=\"_blank\" rel=\"noopener\">\u0130ndir <\/a><\/li>\n<li id=\"menu-item-14608\" class=\"menu-item menu-item-type-custom menu-item-object-custom menu-item-14608\"><a href=\"https:\/\/file.ones.com.tr\/s\/BioAffixSecureIOPlus422Media\" class=\"nav-link\" target=\"_blank\" rel=\"noopener\">Medya <\/a><\/li>\n<\/ul><\/div>\t\t\t\t<\/div>\n\t\t\t\t<\/div>\n\t\t\t\t<\/div>\n\t\t\t\t\t<\/div>\n\t\t\t\t<\/div>\n\t\t<div class=\"elementor-element elementor-element-f1a8afc e-con-full e-flex e-con e-parent\" data-id=\"f1a8afc\" data-element_type=\"container\" data-e-type=\"container\" data-settings=\"{&quot;background_background&quot;:&quot;gradient&quot;}\">\n\t\t<div class=\"elementor-element elementor-element-2fe841f e-flex e-con-boxed e-con e-child\" data-id=\"2fe841f\" data-element_type=\"container\" data-e-type=\"container\">\n\t\t\t\t\t<div class=\"e-con-inner\">\n\t\t\t\t<div class=\"elementor-element elementor-element-b54322d elementor-widget elementor-widget-heading\" data-id=\"b54322d\" data-element_type=\"widget\" data-e-type=\"widget\" data-widget_type=\"heading.default\">\n\t\t\t\t<div class=\"elementor-widget-container\">\n\t\t\t\t\t<h1 class=\"elementor-heading-title elementor-size-default\">BioAffix Secure I\/O Plus 422 Teknik \u00d6zellikleri<\/h1>\t\t\t\t<\/div>\n\t\t\t\t<\/div>\n\t\t\t\t\t<\/div>\n\t\t\t\t<\/div>\n\t\t\t\t<\/div>\n\t\t<div class=\"elementor-element elementor-element-d7a03db e-flex e-con-boxed e-con e-parent\" data-id=\"d7a03db\" data-element_type=\"container\" data-e-type=\"container\">\n\t\t\t\t\t<div class=\"e-con-inner\">\n\t\t\t\t<div class=\"elementor-element elementor-element-df59460 elementor-widget elementor-widget-image\" data-id=\"df59460\" data-element_type=\"widget\" data-e-type=\"widget\" data-widget_type=\"image.default\">\n\t\t\t\t<div class=\"elementor-widget-container\">\n\t\t\t\t\t\t\t\t\t\t\t\t\t\t\t<img loading=\"lazy\" decoding=\"async\" loading=\"lazy\" width=\"690\" height=\"393\" src=\"https:\/\/bioaffix.com\/wp-content\/uploads\/BioAffix-Secure-IO-Plus-422-Dimensions.webp\" class=\"attachment-large size-large wp-image-2980\" alt=\"\" srcset=\"https:\/\/bioaffix.com\/wp-content\/uploads\/BioAffix-Secure-IO-Plus-422-Dimensions.webp 690w, https:\/\/bioaffix.com\/wp-content\/uploads\/BioAffix-Secure-IO-Plus-422-Dimensions-300x171.webp 300w, https:\/\/bioaffix.com\/wp-content\/uploads\/BioAffix-Secure-IO-Plus-422-Dimensions-18x10.webp 18w\" sizes=\"auto, (max-width: 690px) 100vw, 690px\" \/>\t\t\t\t\t\t\t\t\t\t\t\t\t\t\t<\/div>\n\t\t\t\t<\/div>\n\t\t\t\t\t<\/div>\n\t\t\t\t<\/div>\n\t\t<div class=\"elementor-element elementor-element-1c73c2c e-flex e-con-boxed e-con e-parent\" data-id=\"1c73c2c\" data-element_type=\"container\" data-e-type=\"container\">\n\t\t\t\t\t<div class=\"e-con-inner\">\n\t\t\t\t<div class=\"elementor-element elementor-element-59f7348 elementor-widget elementor-widget-text-editor\" data-id=\"59f7348\" data-element_type=\"widget\" data-e-type=\"widget\" data-widget_type=\"text-editor.default\">\n\t\t\t\t<div class=\"elementor-widget-container\">\n\t\t\t\t\t\t\t\t\t<table class=\"tb\" cellspacing=\"0\" cellpadding=\"0\"><colgroup> <col style=\"background-color: #f7f7f7;\" \/> <\/colgroup>\n<tbody>\n<tr style=\"text-align: center; background-color: #ca171e; color: white; font-weight: 500;\">\n<th style=\"text-align: center;\" colspan=\"1\">Bilgi<\/th>\n<th style=\"text-align: center;\" colspan=\"1\">Ba\u015fl\u0131k<\/th>\n<th style=\"text-align: center;\" colspan=\"2\">A\u00e7\u0131klama<\/th>\n<\/tr>\n<tr>\n<td style=\"font-weight: 600; text-align: center; background-color: #f7f7f7;\" rowspan=\"7\">Ba\u011flant\u0131<\/td>\n<td><strong>Denetimli Giri\u015f[1]<\/strong><\/td>\n<td>4 Adet<\/td>\n<\/tr>\n<tr>\n<td><strong>Giri\u015f<\/strong><\/td>\n<td>2 Adet<\/td>\n<\/tr>\n<tr>\n<td><strong>\u00c7\u0131k\u0131\u015f[2]<\/strong><\/td>\n<td>2 Adet<\/td>\n<\/tr>\n<tr>\n<td><strong>G\u00fc\u00e7 Durum Bilgisi<\/strong><\/td>\n<td>Yok<\/td>\n<\/tr>\n<tr>\n<td><strong>RS485[3]<\/strong><\/td>\n<td>1 Adet<\/td>\n<\/tr>\n<tr>\n<td><strong>Baud H\u0131zlar\u0131[4]<\/strong><\/td>\n<td>9600,19200,34800,115200<\/td>\n<\/tr>\n<tr>\n<td><strong>\u00c7oklu Ba\u011flant\u0131[5]<\/strong><\/td>\n<td>32 Adet<\/td>\n<\/tr>\n<tr>\n<td style=\"font-weight: 600; text-align: center; background-color: #f7f7f7;\" rowspan=\"5\">Di\u011fer \u00d6zellikler<\/td>\n<\/tr>\n<tr>\n<td><strong>Kullan\u0131c\u0131 Butonu<\/strong><\/td>\n<td>Var<\/td>\n<\/tr>\n<tr>\n<td><strong>Buzzer Kontrol<\/strong><\/td>\n<td>Yok<\/td>\n<\/tr>\n<tr>\n<td><strong>Ekstra Led Kontrol<\/strong><\/td>\n<td>Yok<\/td>\n<\/tr>\n<tr>\n<td><strong>S\u0131cakl\u0131k Sens\u00f6r\u00fc<\/strong><\/td>\n<td>Var<\/td>\n<\/tr>\n<tr>\n<td style=\"font-weight: 600; text-align: center; background-color: #f7f7f7;\" rowspan=\"3\">\u00d6l\u00e7\u00fc<\/td>\n<td><strong>Y\u00fckseklik<\/strong><\/td>\n<td>141 mm<\/td>\n<\/tr>\n<tr>\n<td><strong>Geni\u015flik<\/strong><\/td>\n<td>98 mm<\/td>\n<\/tr>\n<tr>\n<td><strong>Kal\u0131nl\u0131k<\/strong><\/td>\n<td>23 mm<\/td>\n<\/tr>\n<tr>\n<td style=\"font-weight: 600; text-align: center; background-color: #f7f7f7;\" rowspan=\"1\">A\u011f\u0131rl\u0131k<\/td>\n<td><strong>A\u011f\u0131rl\u0131k<\/strong><\/td>\n<td>140 gr<\/td>\n<\/tr>\n<tr>\n<td style=\"font-weight: 600; text-align: center; background-color: #f7f7f7;\" rowspan=\"3\">Genel<\/td>\n<td><strong>\u00c7al\u0131\u015fma S\u0131cakl\u0131\u011f\u0131<\/strong><\/td>\n<td>-25\u00b0C ~ +85\u00b0C<\/td>\n<\/tr>\n<tr>\n<td><strong>Depolama S\u0131cakl\u0131\u011f\u0131<\/strong><\/td>\n<td>-55\u00b0C ~ +100\u00b0C<\/td>\n<\/tr>\n<tr>\n<td><strong>\u00c7al\u0131\u015fma Nemi<\/strong><\/td>\n<td>Nem 5% ile 95% Ba\u011f\u0131l Nem (Yo\u011fu\u015fmas\u0131z)<\/td>\n<\/tr>\n<tr>\n<td style=\"font-weight: 600; text-align: center; background-color: #f7f7f7;\" rowspan=\"1\">G\u00fc\u00e7<\/td>\n<td><strong>G\u00fc\u00e7 Giri\u015fi<\/strong><\/td>\n<td>9-24V DC<\/td>\n<\/tr>\n<tr>\n<td style=\"font-weight: 600; text-align: center; background-color: #f7f7f7;\" rowspan=\"6\">Led<\/td>\n<td><strong>Durum (\u00c7ok Renkli)<\/strong><\/td>\n<td>1 Adet<\/td>\n<\/tr>\n<tr>\n<td><strong>Denetimli Giri\u015f\/Giri\u015f (Ye\u015fil)<\/strong><\/td>\n<td>4 Adet<\/td>\n<\/tr>\n<tr>\n<td><strong>\u00c7\u0131k\u0131\u015f (Ye\u015fil)<\/strong><\/td>\n<td>16 Adet<\/td>\n<\/tr>\n<tr>\n<td><strong>G\u00fc\u00e7 (Ye\u015fil)<\/strong><\/td>\n<td>Yok<\/td>\n<\/tr>\n<tr>\n<td><strong>Giden \u0130\u015flem (RX) (Ye\u015fil)<\/strong><\/td>\n<td>1 Adet<\/td>\n<\/tr>\n<tr>\n<td><strong>Gelen \u0130\u015flem (TX) (Ye\u015fil)<\/strong><\/td>\n<td>1 Adet<\/td>\n<\/tr>\n<\/tbody>\n<\/table>\n1) Denetimli giri\u015f hat sonunda 4K7 1\/4W Diren\u00e7 \u0130le \u00e7al\u0131\u015f\u0131r.<br>\n2) Y\u00fcksek anahtarlama kapasitesi: 2A@30 Vdc \/ 2A@220 Vac &#8211; Maks. G\u00fc\u00e7 60W (Rezistif Y\u00fck).<br>\n3) DIP switch ile RS485 hat sonland\u0131rma direnci.<br>\n4) DIP switch ile se\u00e7ilebilir haberle\u015fme h\u0131zlar\u0131.<br>\n5) DIP switch ile 32 Adet&#8217;e kadar paralel ba\u011flanabilir.\t\t\t\t\t\t\t\t<\/div>\n\t\t\t\t<\/div>\n\t\t\t\t\t<\/div>\n\t\t\t\t<\/div>\n\t\t\t\t<\/div>\n\t\t","protected":false},"excerpt":{"rendered":"<p>BioAffix Secure I\/O Plus 422 teknik \u00f6zelliklerine yak\u0131ndan bak\u0131n.<\/p>\n","protected":false},"author":3,"featured_media":0,"parent":2831,"menu_order":0,"comment_status":"closed","ping_status":"closed","template":"","meta":{"nf_dc_page":"","footnotes":""},"class_list":["post-2973","page","type-page","status-publish","hentry","no-post-thumbnail"],"acf":[],"_links":{"self":[{"href":"https:\/\/bioaffix.com\/tr\/wp-json\/wp\/v2\/pages\/2973","targetHints":{"allow":["GET"]}}],"collection":[{"href":"https:\/\/bioaffix.com\/tr\/wp-json\/wp\/v2\/pages"}],"about":[{"href":"https:\/\/bioaffix.com\/tr\/wp-json\/wp\/v2\/types\/page"}],"author":[{"embeddable":true,"href":"https:\/\/bioaffix.com\/tr\/wp-json\/wp\/v2\/users\/3"}],"replies":[{"embeddable":true,"href":"https:\/\/bioaffix.com\/tr\/wp-json\/wp\/v2\/comments?post=2973"}],"version-history":[{"count":0,"href":"https:\/\/bioaffix.com\/tr\/wp-json\/wp\/v2\/pages\/2973\/revisions"}],"up":[{"embeddable":true,"href":"https:\/\/bioaffix.com\/tr\/wp-json\/wp\/v2\/pages\/2831"}],"wp:attachment":[{"href":"https:\/\/bioaffix.com\/tr\/wp-json\/wp\/v2\/media?parent=2973"}],"curies":[{"name":"wp","href":"https:\/\/api.w.org\/{rel}","templated":true}]}}