{"id":2845,"date":"2023-07-07T09:41:16","date_gmt":"2023-07-07T06:41:16","guid":{"rendered":"https:\/\/bioaffix.com\/?page_id=2845"},"modified":"2025-06-23T14:22:22","modified_gmt":"2025-06-23T11:22:22","slug":"teknik-ozellikleri","status":"publish","type":"page","link":"https:\/\/bioaffix.com\/tr\/giris-cikis-uniteleri\/bioaffix-secure-io-plus-1632\/teknik-ozellikleri\/","title":{"rendered":"BioAffix Secure I\/O Plus 1632 Teknik \u00d6zellikleri"},"content":{"rendered":"\t\t<div data-elementor-type=\"wp-page\" data-elementor-id=\"2845\" class=\"elementor elementor-2845\">\n\t\t\t\t<div class=\"elementor-element elementor-element-a8a63fd submenuSticky e-flex e-con-boxed e-con e-parent\" data-id=\"a8a63fd\" data-element_type=\"container\" data-e-type=\"container\" data-settings=\"{&quot;background_background&quot;:&quot;classic&quot;}\">\n\t\t\t\t\t<div class=\"e-con-inner\">\n\t\t<div class=\"elementor-element elementor-element-4ad20a1 e-con-full elementor-hidden-mobile e-flex e-con e-child\" data-id=\"4ad20a1\" data-element_type=\"container\" data-e-type=\"container\">\n\t\t\t\t<div class=\"elementor-element elementor-element-a56e3a8 elementor-widget elementor-widget-image\" data-id=\"a56e3a8\" data-element_type=\"widget\" data-e-type=\"widget\" data-widget_type=\"image.default\">\n\t\t\t\t<div class=\"elementor-widget-container\">\n\t\t\t\t\t\t\t\t\t\t\t\t\t\t\t\t<a href=\"https:\/\/bioaffix.com\/tr\/giris-cikis-uniteleri\/bioaffix-secure-io-plus-1632\/\">\n\t\t\t\t\t\t\t<img loading=\"lazy\" decoding=\"async\" loading=\"lazy\" width=\"106\" height=\"38\" src=\"https:\/\/bioaffix.com\/wp-content\/uploads\/BioAffix-Secure-IO-Sub-Menu-Logo.webp\" class=\"attachment-full size-full wp-image-3315\" alt=\"\" srcset=\"https:\/\/bioaffix.com\/wp-content\/uploads\/BioAffix-Secure-IO-Sub-Menu-Logo.webp 106w, https:\/\/bioaffix.com\/wp-content\/uploads\/BioAffix-Secure-IO-Sub-Menu-Logo-18x6.webp 18w\" sizes=\"auto, (max-width: 106px) 100vw, 106px\" \/>\t\t\t\t\t\t\t\t<\/a>\n\t\t\t\t\t\t\t\t\t\t\t\t\t\t\t<\/div>\n\t\t\t\t<\/div>\n\t\t\t\t<\/div>\n\t\t<div class=\"elementor-element elementor-element-115f5ff e-con-full e-flex e-con e-child\" data-id=\"115f5ff\" data-element_type=\"container\" data-e-type=\"container\">\n\t\t\t\t<div class=\"elementor-element elementor-element-6551e9a customNavMenu elementor-widget elementor-widget-wp-widget-nav_menu\" data-id=\"6551e9a\" data-element_type=\"widget\" data-e-type=\"widget\" data-widget_type=\"wp-widget-nav_menu.default\">\n\t\t\t\t<div class=\"elementor-widget-container\">\n\t\t\t\t\t<div class=\"menu-bioaffix-secure-io-plus-1632-tr-container\"><ul id=\"menu-bioaffix-secure-io-plus-1632-tr\" class=\"menu\"><li id=\"menu-item-3371\" class=\"menu-item menu-item-type-post_type menu-item-object-page menu-item-3371\"><a href=\"https:\/\/bioaffix.com\/tr\/giris-cikis-uniteleri\/bioaffix-secure-io-plus-1632\/\"   class=\"nav-link\">Genel Bak\u0131\u015f <\/a><\/li>\n<li id=\"menu-item-3370\" class=\"menu-item menu-item-type-post_type menu-item-object-page menu-item-3370\"><a href=\"https:\/\/bioaffix.com\/tr\/giris-cikis-uniteleri\/bioaffix-secure-io-plus-1632\/teknik-ozellikleri\/\"   class=\"nav-link\">Teknik \u00d6zellikleri <\/a><\/li>\n<li id=\"menu-item-14609\" class=\"menu-item menu-item-type-custom menu-item-object-custom menu-item-14609\"><a href=\"https:\/\/file.ones.com.tr\/s\/BioAffixSecureIOPlus1632Media\" class=\"nav-link\" target=\"_blank\" rel=\"noopener\">Medya <\/a><\/li>\n<\/ul><\/div>\t\t\t\t<\/div>\n\t\t\t\t<\/div>\n\t\t\t\t<\/div>\n\t\t\t\t\t<\/div>\n\t\t\t\t<\/div>\n\t\t<div class=\"elementor-element elementor-element-ac247fd e-con-full e-flex e-con e-parent\" data-id=\"ac247fd\" data-element_type=\"container\" data-e-type=\"container\" data-settings=\"{&quot;background_background&quot;:&quot;gradient&quot;}\">\n\t\t\t\t<div class=\"elementor-element elementor-element-ac2b1f4 elementor-widget elementor-widget-heading\" data-id=\"ac2b1f4\" data-element_type=\"widget\" data-e-type=\"widget\" data-widget_type=\"heading.default\">\n\t\t\t\t<div class=\"elementor-widget-container\">\n\t\t\t\t\t<h1 class=\"elementor-heading-title elementor-size-default\">BioAffix Secure I\/O Plus 1632 Teknik \u00d6zellikleri<\/h1>\t\t\t\t<\/div>\n\t\t\t\t<\/div>\n\t\t\t\t<\/div>\n\t\t<div class=\"elementor-element elementor-element-40cfac1 e-flex e-con-boxed e-con e-parent\" data-id=\"40cfac1\" data-element_type=\"container\" data-e-type=\"container\">\n\t\t\t\t\t<div class=\"e-con-inner\">\n\t\t\t\t<div class=\"elementor-element elementor-element-da2fc24 elementor-widget elementor-widget-image\" data-id=\"da2fc24\" data-element_type=\"widget\" data-e-type=\"widget\" data-widget_type=\"image.default\">\n\t\t\t\t<div class=\"elementor-widget-container\">\n\t\t\t\t\t\t\t\t\t\t\t\t\t\t\t<img loading=\"lazy\" decoding=\"async\" loading=\"lazy\" width=\"650\" height=\"396\" src=\"https:\/\/bioaffix.com\/wp-content\/uploads\/BioAffix-Secure-IO-Plus-1632-Dimensions.webp\" class=\"attachment-large size-large wp-image-2865\" alt=\"BioAffix Secure I\/O Plus 1632&#039;nin boyutlar\u0131\" srcset=\"https:\/\/bioaffix.com\/wp-content\/uploads\/BioAffix-Secure-IO-Plus-1632-Dimensions.webp 650w, https:\/\/bioaffix.com\/wp-content\/uploads\/BioAffix-Secure-IO-Plus-1632-Dimensions-300x183.webp 300w, https:\/\/bioaffix.com\/wp-content\/uploads\/BioAffix-Secure-IO-Plus-1632-Dimensions-18x12.webp 18w\" sizes=\"auto, (max-width: 650px) 100vw, 650px\" \/>\t\t\t\t\t\t\t\t\t\t\t\t\t\t\t<\/div>\n\t\t\t\t<\/div>\n\t\t\t\t\t<\/div>\n\t\t\t\t<\/div>\n\t\t<div class=\"elementor-element elementor-element-ed35092 elementor-hidden-desktop elementor-hidden-tablet e-con-full e-flex e-con e-child\" data-id=\"ed35092\" data-element_type=\"container\" data-e-type=\"container\">\n\t\t\t\t<div class=\"elementor-element elementor-element-eb7a3f2 elementor-view-default elementor-widget elementor-widget-icon\" data-id=\"eb7a3f2\" data-element_type=\"widget\" data-e-type=\"widget\" data-widget_type=\"icon.default\">\n\t\t\t\t<div class=\"elementor-widget-container\">\n\t\t\t\t\t\t\t<div class=\"elementor-icon-wrapper\">\n\t\t\t<div class=\"elementor-icon\">\n\t\t\t<svg aria-hidden=\"true\" class=\"e-font-icon-svg e-far-hand-point-right\" viewBox=\"0 0 512 512\" xmlns=\"http:\/\/www.w3.org\/2000\/svg\"><path d=\"M428.8 137.6h-86.177a115.52 115.52 0 0 0 2.176-22.4c0-47.914-35.072-83.2-92-83.2-45.314 0-57.002 48.537-75.707 78.784-7.735 12.413-16.994 23.317-25.851 33.253l-.131.146-.129.148C135.662 161.807 127.764 168 120.8 168h-2.679c-5.747-4.952-13.536-8-22.12-8H32c-17.673 0-32 12.894-32 28.8v230.4C0 435.106 14.327 448 32 448h64c8.584 0 16.373-3.048 22.12-8h2.679c28.688 0 67.137 40 127.2 40h21.299c62.542 0 98.8-38.658 99.94-91.145 12.482-17.813 18.491-40.785 15.985-62.791A93.148 93.148 0 0 0 393.152 304H428.8c45.435 0 83.2-37.584 83.2-83.2 0-45.099-38.101-83.2-83.2-83.2zm0 118.4h-91.026c12.837 14.669 14.415 42.825-4.95 61.05 11.227 19.646 1.687 45.624-12.925 53.625 6.524 39.128-10.076 61.325-50.6 61.325H248c-45.491 0-77.21-35.913-120-39.676V215.571c25.239-2.964 42.966-21.222 59.075-39.596 11.275-12.65 21.725-25.3 30.799-39.875C232.355 112.712 244.006 80 252.8 80c23.375 0 44 8.8 44 35.2 0 35.2-26.4 53.075-26.4 70.4h158.4c18.425 0 35.2 16.5 35.2 35.2 0 18.975-16.225 35.2-35.2 35.2zM88 384c0 13.255-10.745 24-24 24s-24-10.745-24-24 10.745-24 24-24 24 10.745 24 24z\"><\/path><\/svg>\t\t\t<\/div>\n\t\t<\/div>\n\t\t\t\t\t\t<\/div>\n\t\t\t\t<\/div>\n\t\t\t\t<div class=\"elementor-element elementor-element-2a857e5 elementor-widget elementor-widget-text-editor\" data-id=\"2a857e5\" data-element_type=\"widget\" data-e-type=\"widget\" data-widget_type=\"text-editor.default\">\n\t\t\t\t<div class=\"elementor-widget-container\">\n\t\t\t\t\t\t\t\t\t<p>Tabloyu kayd\u0131r\u0131n\u0131z<\/p>\t\t\t\t\t\t\t\t<\/div>\n\t\t\t\t<\/div>\n\t\t\t\t<\/div>\n\t\t<div class=\"elementor-element elementor-element-da037f9 e-flex e-con-boxed e-con e-parent\" data-id=\"da037f9\" data-element_type=\"container\" data-e-type=\"container\">\n\t\t\t\t\t<div class=\"e-con-inner\">\n\t\t\t\t<div class=\"elementor-element elementor-element-ca3b03b elementor-widget elementor-widget-text-editor\" data-id=\"ca3b03b\" data-element_type=\"widget\" data-e-type=\"widget\" data-widget_type=\"text-editor.default\">\n\t\t\t\t<div class=\"elementor-widget-container\">\n\t\t\t\t\t\t\t\t\t<div style=\"overflow-x: auto;\"><table class=\"tb\" cellspacing=\"0\" cellpadding=\"0\"><colgroup> <col style=\"background-color: #f7f7f7;\" \/> <\/colgroup><tbody style=\"text-align: center;\"><tr style=\"background-color: #ca171e; color: white; font-weight: 500;\"><th style=\"text-align: center;\" colspan=\"2\">A\u00e7\u0131klama<\/th><th style=\"text-align: center;\">I32O16-2D<\/th><th style=\"text-align: center;\">I32O16-3D<\/th><\/tr><tr><td style=\"font-weight: 600; text-align: center; background-color: #f7f7f7;\" rowspan=\"8\">Ba\u011flant\u0131<\/td><td><strong>Denetimli Giri\u015f[1]<\/strong><\/td><td>2 Adet<\/td><td>34 Adet<\/td><\/tr><tr><td><strong>Giri\u015f<\/strong><\/td><td>32 Adet<\/td><td>Yok<\/td><\/tr><tr><td><strong>\u00c7\u0131k\u0131\u015f[2]<\/strong><\/td><td>16 Adet<\/td><td>16 Adet<\/td><\/tr><tr><td><strong>G\u00fc\u00e7 Durum Bilgisi[3]<\/strong><\/td><td>Var<\/td><td>Var<\/td><\/tr><tr><td><strong>RS485[4]<\/strong><\/td><td>1 Adet<\/td><td>1 Adet<\/td><\/tr><tr><td><strong>OSDP[5]<\/strong><\/td><td>Var<\/td><td>Var<\/td><\/tr><tr><td><strong>Baud H\u0131zlar\u0131[6]<\/strong><\/td><td>9600bps,19200bps,34800bps,115200bps<\/td><td>9600bps,19200bps,34800bps,115200bps<\/td><\/tr><tr><td><strong>\u00c7oklu Ba\u011flant\u0131[7]<\/strong><\/td><td>31 Adet<\/td><td>31 Adet<\/td><\/tr><tr><td style=\"font-weight: 600; text-align: center; background-color: #f7f7f7;\" rowspan=\"4\">Di\u011fer \u00d6zellikler<\/td><td><strong>Kullan\u0131c\u0131 Butonu<\/strong><\/td><td>Var<\/td><td>Var<\/td><\/tr><tr><td><strong>Buzzer Kontrol<\/strong><\/td><td>Var<\/td><td>Var<\/td><\/tr><tr><td><strong>Ekstra Led Kontrol<\/strong><\/td><td>Var<\/td><td>Var<\/td><\/tr><tr><td><strong>S\u0131cakl\u0131k Sens\u00f6r\u00fc<\/strong><\/td><td>Var<\/td><td>Var<\/td><\/tr><tr><td style=\"font-weight: 600; text-align: center; background-color: #f7f7f7;\" rowspan=\"3\">\u00d6l\u00e7\u00fc<\/td><td><strong>Y\u00fckseklik<\/strong><\/td><td>25mm<\/td><td>25mm<\/td><\/tr><tr><td><strong>Geni\u015flik<\/strong><\/td><td>152mm<\/td><td>152mm<\/td><\/tr><tr><td><strong>Kal\u0131nl\u0131k<\/strong><\/td><td>203mm<\/td><td>203mm<\/td><\/tr><tr><td style=\"font-weight: 600; text-align: center; background-color: #f7f7f7;\">A\u011f\u0131rl\u0131k<\/td><td><strong>A\u011f\u0131rl\u0131k<\/strong><\/td><td>312gr<\/td><td>312gr<\/td><\/tr><tr><td style=\"font-weight: 600; text-align: center; background-color: #f7f7f7;\" rowspan=\"3\">Genel<\/td><td><strong>\u00c7al\u0131\u015fma S\u0131cakl\u0131\u011f\u0131<\/strong><\/td><td>-25\u00b0C ~ +85\u00b0C<\/td><td>-25\u00b0C ~ +85\u00b0C<\/td><\/tr><tr><td><strong>Depolama S\u0131cakl\u0131\u011f\u0131<\/strong><\/td><td>-55\u00b0C ~ +100\u00b0C<\/td><td>-55\u00b0C ~ +100\u00b0C<\/td><\/tr><tr><td><strong>\u00c7al\u0131\u015fma Nemi<\/strong><\/td><td>Nem 5% ile 95% Ba\u011f\u0131l Nem (Yo\u011fu\u015fmas\u0131z)<\/td><td>Nem 5% ile 95% Ba\u011f\u0131l Nem (Yo\u011fu\u015fmas\u0131z)<\/td><\/tr><tr><td style=\"font-weight: 600; text-align: center; background-color: #f7f7f7;\">G\u00fc\u00e7<\/td><td><strong>G\u00fc\u00e7 Giri\u015fi<\/strong><\/td><td>12V DC<\/td><td>12V DC<\/td><\/tr><\/tbody><\/table><\/div>\t\t\t\t\t\t\t\t<\/div>\n\t\t\t\t<\/div>\n\t\t\t\t\t<\/div>\n\t\t\t\t<\/div>\n\t\t<div class=\"elementor-element elementor-element-8849d99 e-flex e-con-boxed e-con e-parent\" data-id=\"8849d99\" data-element_type=\"container\" data-e-type=\"container\">\n\t\t\t\t\t<div class=\"e-con-inner\">\n\t\t\t\t<div class=\"elementor-element elementor-element-9c2d571 elementor-widget elementor-widget-text-editor\" data-id=\"9c2d571\" data-element_type=\"widget\" data-e-type=\"widget\" data-widget_type=\"text-editor.default\">\n\t\t\t\t<div class=\"elementor-widget-container\">\n\t\t\t\t\t\t\t\t\t<p>1) Denetimli giri\u015f hat sonunda 4K7 1\/4W Diren\u00e7 \u0130le \u00e7al\u0131\u015f\u0131r.<br \/>2) Y\u00fcksek anahtarlama kapasitesi: 2A@30 Vdc \/ 2A@220 Vac &#8211; Maks. G\u00fc\u00e7 60W (Rezistif Y\u00fck).<br \/>3) Sadece BioAffix Secure I\/O Distributor \u00fcr\u00fcn\u00fc ile beraber kullan\u0131ld\u0131\u011f\u0131nda AC g\u00fc\u00e7 kesilmesi ve ba\u011fl\u0131 olan ak\u00fc seviyesi d\u00fc\u015f\u00fck bilgisi verir.<br \/>4) DIP switch ile RS485 hat sonland\u0131rma direnci.<br \/>5) BioAffix Secure I\/O Plus 16\/32 ile Kartl\u0131 Ge\u00e7i\u015f Ana Kontrol Mod\u00fcl\u00fc&#8217;n\u00fcn ileti\u015fimi OSDP protokol\u00fc \u00fczerinden ger\u00e7ekle\u015fir.<br \/>6) DIP switch ile se\u00e7ilebilir haberle\u015fme h\u0131zlar\u0131.<br \/>7) DIP switch ile 32 Adet&#8217;e kadar paralel ba\u011flanabilir.<\/p>\t\t\t\t\t\t\t\t<\/div>\n\t\t\t\t<\/div>\n\t\t\t\t\t<\/div>\n\t\t\t\t<\/div>\n\t\t\t\t<\/div>\n\t\t","protected":false},"excerpt":{"rendered":"<p>BioAffix\u00ae Secure I\/O Plus 1632&#8217;nin teknik \u00f6zelliklerine g\u00f6z at\u0131n. <\/p>\n","protected":false},"author":2,"featured_media":0,"parent":2630,"menu_order":0,"comment_status":"closed","ping_status":"closed","template":"","meta":{"nf_dc_page":"","footnotes":""},"class_list":["post-2845","page","type-page","status-publish","hentry","no-post-thumbnail"],"acf":[],"_links":{"self":[{"href":"https:\/\/bioaffix.com\/tr\/wp-json\/wp\/v2\/pages\/2845","targetHints":{"allow":["GET"]}}],"collection":[{"href":"https:\/\/bioaffix.com\/tr\/wp-json\/wp\/v2\/pages"}],"about":[{"href":"https:\/\/bioaffix.com\/tr\/wp-json\/wp\/v2\/types\/page"}],"author":[{"embeddable":true,"href":"https:\/\/bioaffix.com\/tr\/wp-json\/wp\/v2\/users\/2"}],"replies":[{"embeddable":true,"href":"https:\/\/bioaffix.com\/tr\/wp-json\/wp\/v2\/comments?post=2845"}],"version-history":[{"count":0,"href":"https:\/\/bioaffix.com\/tr\/wp-json\/wp\/v2\/pages\/2845\/revisions"}],"up":[{"embeddable":true,"href":"https:\/\/bioaffix.com\/tr\/wp-json\/wp\/v2\/pages\/2630"}],"wp:attachment":[{"href":"https:\/\/bioaffix.com\/tr\/wp-json\/wp\/v2\/media?parent=2845"}],"curies":[{"name":"wp","href":"https:\/\/api.w.org\/{rel}","templated":true}]}}