{"id":2768,"date":"2023-07-06T19:26:14","date_gmt":"2023-07-06T16:26:14","guid":{"rendered":"https:\/\/bioaffix.com\/?page_id=2768"},"modified":"2025-05-29T17:13:14","modified_gmt":"2025-05-29T14:13:14","slug":"teknik-ozellikleri","status":"publish","type":"page","link":"https:\/\/bioaffix.com\/tr\/giris-cikis-uniteleri\/bioaffix-secure-io-plus-terminal-b32\/teknik-ozellikleri\/","title":{"rendered":"BioAffix Secure I\/O Plus Terminal B32 Teknik \u00d6zellikleri"},"content":{"rendered":"\t\t<div data-elementor-type=\"wp-page\" data-elementor-id=\"2768\" class=\"elementor elementor-2768\">\n\t\t\t\t<div class=\"elementor-element elementor-element-71eabbb submenuSticky e-flex e-con-boxed e-con e-parent\" data-id=\"71eabbb\" data-element_type=\"container\" data-e-type=\"container\" data-settings=\"{&quot;background_background&quot;:&quot;classic&quot;}\">\n\t\t\t\t\t<div class=\"e-con-inner\">\n\t\t<div class=\"elementor-element elementor-element-c68c81b e-con-full elementor-hidden-mobile e-flex e-con e-child\" data-id=\"c68c81b\" data-element_type=\"container\" data-e-type=\"container\">\n\t\t\t\t<div class=\"elementor-element elementor-element-09cc3e9 elementor-widget elementor-widget-image\" data-id=\"09cc3e9\" data-element_type=\"widget\" data-e-type=\"widget\" data-widget_type=\"image.default\">\n\t\t\t\t<div class=\"elementor-widget-container\">\n\t\t\t\t\t\t\t\t\t\t\t\t\t\t\t\t<a href=\"https:\/\/bioaffix.com\/tr\/giris-cikis-uniteleri\/bioaffix-secure-io-plus-terminal-b32\/\">\n\t\t\t\t\t\t\t<img loading=\"lazy\" decoding=\"async\" loading=\"lazy\" width=\"106\" height=\"38\" src=\"https:\/\/bioaffix.com\/wp-content\/uploads\/BioAffix-Secure-IO-Sub-Menu-Logo.webp\" class=\"attachment-full size-full wp-image-3315\" alt=\"\" srcset=\"https:\/\/bioaffix.com\/wp-content\/uploads\/BioAffix-Secure-IO-Sub-Menu-Logo.webp 106w, https:\/\/bioaffix.com\/wp-content\/uploads\/BioAffix-Secure-IO-Sub-Menu-Logo-18x6.webp 18w\" sizes=\"auto, (max-width: 106px) 100vw, 106px\" \/>\t\t\t\t\t\t\t\t<\/a>\n\t\t\t\t\t\t\t\t\t\t\t\t\t\t\t<\/div>\n\t\t\t\t<\/div>\n\t\t\t\t<\/div>\n\t\t<div class=\"elementor-element elementor-element-61dae88 e-con-full e-flex e-con e-child\" data-id=\"61dae88\" data-element_type=\"container\" data-e-type=\"container\">\n\t\t\t\t<div class=\"elementor-element elementor-element-0d62630 customNavMenu elementor-widget elementor-widget-wp-widget-nav_menu\" data-id=\"0d62630\" data-element_type=\"widget\" data-e-type=\"widget\" data-widget_type=\"wp-widget-nav_menu.default\">\n\t\t\t\t<div class=\"elementor-widget-container\">\n\t\t\t\t\t<div class=\"menu-bioaffix-secure-io-plus-terminal-b32-tr-container\"><ul id=\"menu-bioaffix-secure-io-plus-terminal-b32-tr\" class=\"menu\"><li id=\"menu-item-3399\" class=\"menu-item menu-item-type-post_type menu-item-object-page menu-item-3399\"><a href=\"https:\/\/bioaffix.com\/tr\/giris-cikis-uniteleri\/bioaffix-secure-io-plus-terminal-b32\/\"   class=\"nav-link\">Genel Bak\u0131\u015f <\/a><\/li>\n<li id=\"menu-item-3398\" class=\"menu-item menu-item-type-post_type menu-item-object-page menu-item-3398\"><a href=\"https:\/\/bioaffix.com\/tr\/giris-cikis-uniteleri\/bioaffix-secure-io-plus-terminal-b32\/teknik-ozellikleri\/\"   class=\"nav-link\">Teknik \u00d6zellikler <\/a><\/li>\n<li id=\"menu-item-14607\" class=\"menu-item menu-item-type-custom menu-item-object-custom menu-item-14607\"><a href=\"https:\/\/file.ones.com.tr\/s\/BioAffixSecureIOTerminalB32\" class=\"nav-link\" target=\"_blank\" rel=\"noopener\">Media <\/a><\/li>\n<\/ul><\/div>\t\t\t\t<\/div>\n\t\t\t\t<\/div>\n\t\t\t\t<\/div>\n\t\t\t\t\t<\/div>\n\t\t\t\t<\/div>\n\t\t<div class=\"elementor-element elementor-element-bca4a40 e-con-full e-flex e-con e-parent\" data-id=\"bca4a40\" data-element_type=\"container\" data-e-type=\"container\" data-settings=\"{&quot;background_background&quot;:&quot;gradient&quot;}\">\n\t\t\t\t<div class=\"elementor-element elementor-element-88745a9 elementor-widget elementor-widget-heading\" data-id=\"88745a9\" data-element_type=\"widget\" data-e-type=\"widget\" data-widget_type=\"heading.default\">\n\t\t\t\t<div class=\"elementor-widget-container\">\n\t\t\t\t\t<h1 class=\"elementor-heading-title elementor-size-default\">BioAffix Secure I\/O Plus Terminal B32 Teknik \u00d6zellikleri<\/h1>\t\t\t\t<\/div>\n\t\t\t\t<\/div>\n\t\t\t\t<\/div>\n\t\t<div class=\"elementor-element elementor-element-6494e73 e-flex e-con-boxed e-con e-parent\" data-id=\"6494e73\" data-element_type=\"container\" data-e-type=\"container\">\n\t\t\t\t\t<div class=\"e-con-inner\">\n\t\t\t\t<div class=\"elementor-element elementor-element-646c05f elementor-widget elementor-widget-image\" data-id=\"646c05f\" data-element_type=\"widget\" data-e-type=\"widget\" data-widget_type=\"image.default\">\n\t\t\t\t<div class=\"elementor-widget-container\">\n\t\t\t\t\t\t\t\t\t\t\t\t\t\t\t<img loading=\"lazy\" decoding=\"async\" loading=\"lazy\" width=\"650\" height=\"365\" src=\"https:\/\/bioaffix.com\/wp-content\/uploads\/BioAffix-Secure-IO-Plus-Terminal-B32-Dimensions.webp\" class=\"attachment-large size-large wp-image-2770\" alt=\"\" srcset=\"https:\/\/bioaffix.com\/wp-content\/uploads\/BioAffix-Secure-IO-Plus-Terminal-B32-Dimensions.webp 650w, https:\/\/bioaffix.com\/wp-content\/uploads\/BioAffix-Secure-IO-Plus-Terminal-B32-Dimensions-300x168.webp 300w, https:\/\/bioaffix.com\/wp-content\/uploads\/BioAffix-Secure-IO-Plus-Terminal-B32-Dimensions-18x10.webp 18w\" sizes=\"auto, (max-width: 650px) 100vw, 650px\" \/>\t\t\t\t\t\t\t\t\t\t\t\t\t\t\t<\/div>\n\t\t\t\t<\/div>\n\t\t\t\t\t<\/div>\n\t\t\t\t<\/div>\n\t\t<div class=\"elementor-element elementor-element-99035cf e-flex e-con-boxed e-con e-parent\" data-id=\"99035cf\" data-element_type=\"container\" data-e-type=\"container\">\n\t\t\t\t\t<div class=\"e-con-inner\">\n\t\t\t\t<div class=\"elementor-element elementor-element-a21de9a elementor-widget elementor-widget-text-editor\" data-id=\"a21de9a\" data-element_type=\"widget\" data-e-type=\"widget\" data-widget_type=\"text-editor.default\">\n\t\t\t\t<div class=\"elementor-widget-container\">\n\t\t\t\t\t\t\t\t\t<table class=\"tb\" cellspacing=\"0\" cellpadding=\"0\"><colgroup> <col style=\"background-color: #f7f7f7;\" \/> <\/colgroup><tbody><tr style=\"text-align: center; background-color: #ca171e; color: white; font-weight: 500;\"><th style=\"text-align: center;\" colspan=\"2\">Bilgi<\/th><th style=\"text-align: center;\" colspan=\"1\">A\u00e7\u0131klama<\/th><\/tr><tr><td style=\"font-weight: 600; text-align: center; background-color: #f7f7f7;\" rowspan=\"1\">Ba\u011flant\u0131<\/td><td><strong>Ba\u011flant\u0131 Say\u0131s\u0131<\/strong><\/td><td>32 Adet RS485<\/td><\/tr><tr><td style=\"font-weight: 600; text-align: center; background-color: #f7f7f7;\" rowspan=\"1\">G\u00fc\u00e7<\/td><td><strong>G\u00fc\u00e7 Giri\u015fi<\/strong><\/td><td>2 ayr\u0131 12V<\/td><\/tr><tr><td style=\"font-weight: 600; text-align: center; background-color: #f7f7f7;\" rowspan=\"3\">Di\u011fer \u00d6zellikler<\/td><td><strong>\u00c7al\u0131\u015fma S\u0131cakl\u0131\u011f\u0131<\/strong><\/td><td>-20\u00b0C ~ 60\u00b0C<\/td><\/tr><tr><td><strong>\u00c7al\u0131\u015fma Nemi<\/strong><\/td><td>%0 ~ %80<\/td><\/tr><tr><td><strong>A\u011f\u0131rl\u0131k<\/strong><\/td><td>345 gr<\/td><\/tr><\/tbody><\/table>\t\t\t\t\t\t\t\t<\/div>\n\t\t\t\t<\/div>\n\t\t\t\t\t<\/div>\n\t\t\t\t<\/div>\n\t\t\t\t<\/div>\n\t\t","protected":false},"excerpt":{"rendered":"<p>BioAffix Secure I\/O Plus Terminal B32 teknik \u00f6zelliklerine yak\u0131ndan bak\u0131n.<\/p>\n","protected":false},"author":3,"featured_media":0,"parent":2727,"menu_order":0,"comment_status":"closed","ping_status":"closed","template":"","meta":{"nf_dc_page":"","footnotes":""},"class_list":["post-2768","page","type-page","status-publish","hentry","no-post-thumbnail"],"acf":[],"_links":{"self":[{"href":"https:\/\/bioaffix.com\/tr\/wp-json\/wp\/v2\/pages\/2768","targetHints":{"allow":["GET"]}}],"collection":[{"href":"https:\/\/bioaffix.com\/tr\/wp-json\/wp\/v2\/pages"}],"about":[{"href":"https:\/\/bioaffix.com\/tr\/wp-json\/wp\/v2\/types\/page"}],"author":[{"embeddable":true,"href":"https:\/\/bioaffix.com\/tr\/wp-json\/wp\/v2\/users\/3"}],"replies":[{"embeddable":true,"href":"https:\/\/bioaffix.com\/tr\/wp-json\/wp\/v2\/comments?post=2768"}],"version-history":[{"count":0,"href":"https:\/\/bioaffix.com\/tr\/wp-json\/wp\/v2\/pages\/2768\/revisions"}],"up":[{"embeddable":true,"href":"https:\/\/bioaffix.com\/tr\/wp-json\/wp\/v2\/pages\/2727"}],"wp:attachment":[{"href":"https:\/\/bioaffix.com\/tr\/wp-json\/wp\/v2\/media?parent=2768"}],"curies":[{"name":"wp","href":"https:\/\/api.w.org\/{rel}","templated":true}]}}