{"id":2622,"date":"2023-07-06T15:28:37","date_gmt":"2023-07-06T12:28:37","guid":{"rendered":"https:\/\/bioaffix.com\/?page_id=2622"},"modified":"2024-10-28T11:03:58","modified_gmt":"2024-10-28T08:03:58","slug":"teknik-ozellikleri","status":"publish","type":"page","link":"https:\/\/bioaffix.com\/tr\/uretimi-sonlandirilmis-cihazlar\/bioaffix-secure-io-slim\/teknik-ozellikleri\/","title":{"rendered":"BioAffix Secure I\/O Slim Teknik \u00d6zellikleri"},"content":{"rendered":"\t\t<div data-elementor-type=\"wp-page\" data-elementor-id=\"2622\" class=\"elementor elementor-2622\">\n\t\t\t\t<div class=\"elementor-element elementor-element-a9f9d51 submenuSticky e-flex e-con-boxed e-con e-parent\" data-id=\"a9f9d51\" data-element_type=\"container\" data-e-type=\"container\" data-settings=\"{&quot;background_background&quot;:&quot;classic&quot;}\">\n\t\t\t\t\t<div class=\"e-con-inner\">\n\t\t<div class=\"elementor-element elementor-element-bd1beab e-con-full e-flex e-con e-child\" data-id=\"bd1beab\" data-element_type=\"container\" data-e-type=\"container\">\n\t\t\t\t<div class=\"elementor-element elementor-element-a5a27f6 elementor-widget elementor-widget-image\" data-id=\"a5a27f6\" data-element_type=\"widget\" data-e-type=\"widget\" data-widget_type=\"image.default\">\n\t\t\t\t<div class=\"elementor-widget-container\">\n\t\t\t\t\t\t\t\t\t\t\t\t\t\t\t\t<a href=\"https:\/\/bioaffix.com\/tr\/giris-cikis-uniteleri\/bioaffix-secure-io-slim\/\">\n\t\t\t\t\t\t\t<img loading=\"lazy\" decoding=\"async\" loading=\"lazy\" width=\"106\" height=\"38\" src=\"https:\/\/bioaffix.com\/wp-content\/uploads\/BioAffix-Secure-IO-Sub-Menu-Logo.webp\" class=\"attachment-full size-full wp-image-3315\" alt=\"\" srcset=\"https:\/\/bioaffix.com\/wp-content\/uploads\/BioAffix-Secure-IO-Sub-Menu-Logo.webp 106w, https:\/\/bioaffix.com\/wp-content\/uploads\/BioAffix-Secure-IO-Sub-Menu-Logo-18x6.webp 18w\" sizes=\"auto, (max-width: 106px) 100vw, 106px\" \/>\t\t\t\t\t\t\t\t<\/a>\n\t\t\t\t\t\t\t\t\t\t\t\t\t\t\t<\/div>\n\t\t\t\t<\/div>\n\t\t\t\t<\/div>\n\t\t<div class=\"elementor-element elementor-element-bd12634 e-con-full e-flex e-con e-child\" data-id=\"bd12634\" data-element_type=\"container\" data-e-type=\"container\">\n\t\t\t\t<div class=\"elementor-element elementor-element-ead4fbe customNavMenu elementor-widget elementor-widget-wp-widget-nav_menu\" data-id=\"ead4fbe\" data-element_type=\"widget\" data-e-type=\"widget\" data-widget_type=\"wp-widget-nav_menu.default\">\n\t\t\t\t<div class=\"elementor-widget-container\">\n\t\t\t\t\t<div class=\"menu-bioaffix-secure-io-slim-tr-container\"><ul id=\"menu-bioaffix-secure-io-slim-tr\" class=\"menu\"><li id=\"menu-item-3334\" class=\"menu-item menu-item-type-post_type menu-item-object-page menu-item-3334\"><a href=\"https:\/\/bioaffix.com\/tr\/uretimi-sonlandirilmis-cihazlar\/bioaffix-secure-io-slim\/\"   class=\"nav-link\">Genel Bak\u0131\u015f <\/a><\/li>\n<li id=\"menu-item-3335\" class=\"menu-item menu-item-type-post_type menu-item-object-page menu-item-3335\"><a href=\"https:\/\/bioaffix.com\/tr\/uretimi-sonlandirilmis-cihazlar\/bioaffix-secure-io-slim\/teknik-ozellikleri\/\"   class=\"nav-link\">Teknik \u00d6zellikleri <\/a><\/li>\n<\/ul><\/div>\t\t\t\t<\/div>\n\t\t\t\t<\/div>\n\t\t\t\t<\/div>\n\t\t\t\t\t<\/div>\n\t\t\t\t<\/div>\n\t\t<div class=\"elementor-element elementor-element-4a85c215 e-con-full e-flex e-con e-parent\" data-id=\"4a85c215\" data-element_type=\"container\" data-e-type=\"container\" id=\"banner-area\" data-settings=\"{&quot;background_background&quot;:&quot;gradient&quot;}\">\n\t\t\t\t<div class=\"elementor-element elementor-element-1e71315d elementor-widget elementor-widget-heading\" data-id=\"1e71315d\" data-element_type=\"widget\" data-e-type=\"widget\" data-widget_type=\"heading.default\">\n\t\t\t\t<div class=\"elementor-widget-container\">\n\t\t\t\t\t<h1 class=\"elementor-heading-title elementor-size-default\">BioAffix Secure I\/O Slim Teknik \u00d6zellikleri<\/h1>\t\t\t\t<\/div>\n\t\t\t\t<\/div>\n\t\t\t\t<\/div>\n\t\t<div class=\"elementor-element elementor-element-7cb94cf1 e-flex e-con-boxed e-con e-parent\" data-id=\"7cb94cf1\" data-element_type=\"container\" data-e-type=\"container\" id=\"technical-specs\">\n\t\t\t\t\t<div class=\"e-con-inner\">\n\t\t\t\t<div class=\"elementor-element elementor-element-3a39784 elementor-widget elementor-widget-image\" data-id=\"3a39784\" data-element_type=\"widget\" data-e-type=\"widget\" data-widget_type=\"image.default\">\n\t\t\t\t<div class=\"elementor-widget-container\">\n\t\t\t\t\t\t\t\t\t\t\t\t\t\t\t<img loading=\"lazy\" decoding=\"async\" loading=\"lazy\" width=\"760\" height=\"500\" src=\"https:\/\/bioaffix.com\/wp-content\/uploads\/BioAffix-Secure-IO-Slim-Dimension.webp\" class=\"attachment-large size-large wp-image-2626\" alt=\"BioAffix Secure I\/O Slim \u00f6l\u00e7\u00fcleri\" srcset=\"https:\/\/bioaffix.com\/wp-content\/uploads\/BioAffix-Secure-IO-Slim-Dimension.webp 760w, https:\/\/bioaffix.com\/wp-content\/uploads\/BioAffix-Secure-IO-Slim-Dimension-300x197.webp 300w, https:\/\/bioaffix.com\/wp-content\/uploads\/BioAffix-Secure-IO-Slim-Dimension-18x12.webp 18w\" sizes=\"auto, (max-width: 760px) 100vw, 760px\" \/>\t\t\t\t\t\t\t\t\t\t\t\t\t\t\t<\/div>\n\t\t\t\t<\/div>\n\t\t<div class=\"elementor-element elementor-element-b518108 e-flex e-con-boxed e-con e-child\" data-id=\"b518108\" data-element_type=\"container\" data-e-type=\"container\">\n\t\t\t\t\t<div class=\"e-con-inner\">\n\t\t<div class=\"elementor-element elementor-element-38b655b3 e-con-full e-flex e-con e-child\" data-id=\"38b655b3\" data-element_type=\"container\" data-e-type=\"container\" id=\"tech-icon\">\n\t\t\t\t<div class=\"elementor-element elementor-element-6a6fdde elementor-hidden-mobile elementor-view-default elementor-widget elementor-widget-icon\" data-id=\"6a6fdde\" data-element_type=\"widget\" data-e-type=\"widget\" data-widget_type=\"icon.default\">\n\t\t\t\t<div class=\"elementor-widget-container\">\n\t\t\t\t\t\t\t<div class=\"elementor-icon-wrapper\">\n\t\t\t<div class=\"elementor-icon\">\n\t\t\t<svg aria-hidden=\"true\" class=\"e-font-icon-svg e-fas-ruler-combined\" viewBox=\"0 0 512 512\" xmlns=\"http:\/\/www.w3.org\/2000\/svg\"><path d=\"M160 288h-56c-4.42 0-8-3.58-8-8v-16c0-4.42 3.58-8 8-8h56v-64h-56c-4.42 0-8-3.58-8-8v-16c0-4.42 3.58-8 8-8h56V96h-56c-4.42 0-8-3.58-8-8V72c0-4.42 3.58-8 8-8h56V32c0-17.67-14.33-32-32-32H32C14.33 0 0 14.33 0 32v448c0 2.77.91 5.24 1.57 7.8L160 329.38V288zm320 64h-32v56c0 4.42-3.58 8-8 8h-16c-4.42 0-8-3.58-8-8v-56h-64v56c0 4.42-3.58 8-8 8h-16c-4.42 0-8-3.58-8-8v-56h-64v56c0 4.42-3.58 8-8 8h-16c-4.42 0-8-3.58-8-8v-56h-41.37L24.2 510.43c2.56.66 5.04 1.57 7.8 1.57h448c17.67 0 32-14.33 32-32v-96c0-17.67-14.33-32-32-32z\"><\/path><\/svg>\t\t\t<\/div>\n\t\t<\/div>\n\t\t\t\t\t\t<\/div>\n\t\t\t\t<\/div>\n\t\t\t\t<\/div>\n\t\t<div class=\"elementor-element elementor-element-7645b2d e-con-full e-flex e-con e-child\" data-id=\"7645b2d\" data-element_type=\"container\" data-e-type=\"container\">\n\t\t\t\t<div class=\"elementor-element elementor-element-5669dc33 elementor-widget elementor-widget-heading\" data-id=\"5669dc33\" data-element_type=\"widget\" data-e-type=\"widget\" data-widget_type=\"heading.default\">\n\t\t\t\t<div class=\"elementor-widget-container\">\n\t\t\t\t\t<h3 class=\"elementor-heading-title elementor-size-default\">\u00d6l\u00e7\u00fcler<\/h3>\t\t\t\t<\/div>\n\t\t\t\t<\/div>\n\t\t\t\t<\/div>\n\t\t<div class=\"elementor-element elementor-element-311fd987 e-con-full e-flex e-con e-child\" data-id=\"311fd987\" data-element_type=\"container\" data-e-type=\"container\">\n\t\t\t\t<div class=\"elementor-element elementor-element-35267c65 elementor-widget elementor-widget-text-editor\" data-id=\"35267c65\" data-element_type=\"widget\" data-e-type=\"widget\" data-widget_type=\"text-editor.default\">\n\t\t\t\t<div class=\"elementor-widget-container\">\n\t\t\t\t\t\t\t\t\t<p><strong>Y\u00fckseklik:<\/strong> 134.5 mm<\/p><p><strong style=\"color: var( --e-global-color-text ); font-family: var( --e-global-typography-text-font-family ), Sans-serif; font-size: var( --e-global-typography-text-font-size ); text-align: var(--text-align); background-color: var(--bs-body-bg);\">Geni\u015flik: <\/strong><span style=\"color: var( --e-global-color-text ); font-family: var( --e-global-typography-text-font-family ), Sans-serif; font-size: var( --e-global-typography-text-font-size ); font-weight: var( --e-global-typography-text-font-weight ); text-align: var(--text-align); background-color: var(--bs-body-bg);\">165 mm<\/span><\/p><p><strong style=\"color: var( --e-global-color-text ); font-family: var( --e-global-typography-text-font-family ), Sans-serif; font-size: var( --e-global-typography-text-font-size ); text-align: var(--text-align); background-color: var(--bs-body-bg);\">Kal\u0131nl\u0131k:\u00a0<\/strong><span style=\"color: var( --e-global-color-text ); font-family: var( --e-global-typography-text-font-family ), Sans-serif; font-size: var( --e-global-typography-text-font-size ); font-weight: var( --e-global-typography-text-font-weight ); text-align: var(--text-align); background-color: var(--bs-body-bg);\">43 mm<\/span><\/p>\t\t\t\t\t\t\t\t<\/div>\n\t\t\t\t<\/div>\n\t\t\t\t<\/div>\n\t\t\t\t\t<\/div>\n\t\t\t\t<\/div>\n\t\t\t\t<div class=\"elementor-element elementor-element-6bd9b73 elementor-widget-divider--view-line elementor-widget elementor-widget-divider\" data-id=\"6bd9b73\" data-element_type=\"widget\" data-e-type=\"widget\" id=\"line\" data-widget_type=\"divider.default\">\n\t\t\t\t<div class=\"elementor-widget-container\">\n\t\t\t\t\t\t\t<div class=\"elementor-divider\">\n\t\t\t<span class=\"elementor-divider-separator\">\n\t\t\t\t\t\t<\/span>\n\t\t<\/div>\n\t\t\t\t\t\t<\/div>\n\t\t\t\t<\/div>\n\t\t<div class=\"elementor-element elementor-element-5740a076 e-flex e-con-boxed e-con e-child\" data-id=\"5740a076\" data-element_type=\"container\" data-e-type=\"container\">\n\t\t\t\t\t<div class=\"e-con-inner\">\n\t\t<div class=\"elementor-element elementor-element-46c13a0e e-con-full e-flex e-con e-child\" data-id=\"46c13a0e\" data-element_type=\"container\" data-e-type=\"container\" id=\"icon\">\n\t\t\t\t<div class=\"elementor-element elementor-element-1c1b7d58 elementor-hidden-mobile elementor-view-default elementor-widget elementor-widget-icon\" data-id=\"1c1b7d58\" data-element_type=\"widget\" data-e-type=\"widget\" data-widget_type=\"icon.default\">\n\t\t\t\t<div class=\"elementor-widget-container\">\n\t\t\t\t\t\t\t<div class=\"elementor-icon-wrapper\">\n\t\t\t<div class=\"elementor-icon\">\n\t\t\t<svg aria-hidden=\"true\" class=\"e-font-icon-svg e-fas-power-off\" viewBox=\"0 0 512 512\" xmlns=\"http:\/\/www.w3.org\/2000\/svg\"><path d=\"M400 54.1c63 45 104 118.6 104 201.9 0 136.8-110.8 247.7-247.5 248C120 504.3 8.2 393 8 256.4 7.9 173.1 48.9 99.3 111.8 54.2c11.7-8.3 28-4.8 35 7.7L162.6 90c5.9 10.5 3.1 23.8-6.6 31-41.5 30.8-68 79.6-68 134.9-.1 92.3 74.5 168.1 168 168.1 91.6 0 168.6-74.2 168-169.1-.3-51.8-24.7-101.8-68.1-134-9.7-7.2-12.4-20.5-6.5-30.9l15.8-28.1c7-12.4 23.2-16.1 34.8-7.8zM296 264V24c0-13.3-10.7-24-24-24h-32c-13.3 0-24 10.7-24 24v240c0 13.3 10.7 24 24 24h32c13.3 0 24-10.7 24-24z\"><\/path><\/svg>\t\t\t<\/div>\n\t\t<\/div>\n\t\t\t\t\t\t<\/div>\n\t\t\t\t<\/div>\n\t\t\t\t<\/div>\n\t\t<div class=\"elementor-element elementor-element-369446f6 e-con-full e-flex e-con e-child\" data-id=\"369446f6\" data-element_type=\"container\" data-e-type=\"container\">\n\t\t\t\t<div class=\"elementor-element elementor-element-22cbcfee elementor-widget elementor-widget-heading\" data-id=\"22cbcfee\" data-element_type=\"widget\" data-e-type=\"widget\" data-widget_type=\"heading.default\">\n\t\t\t\t<div class=\"elementor-widget-container\">\n\t\t\t\t\t<h3 class=\"elementor-heading-title elementor-size-default\">G\u00fc\u00e7<\/h3>\t\t\t\t<\/div>\n\t\t\t\t<\/div>\n\t\t\t\t<\/div>\n\t\t<div class=\"elementor-element elementor-element-2391f4ef e-flex e-con-boxed e-con e-child\" data-id=\"2391f4ef\" data-element_type=\"container\" data-e-type=\"container\">\n\t\t\t\t\t<div class=\"e-con-inner\">\n\t\t<div class=\"elementor-element elementor-element-172d7b22 e-con-full e-flex e-con e-child\" data-id=\"172d7b22\" data-element_type=\"container\" data-e-type=\"container\">\n\t\t\t\t<div class=\"elementor-element elementor-element-631cf3a3 elementor-widget elementor-widget-text-editor\" data-id=\"631cf3a3\" data-element_type=\"widget\" data-e-type=\"widget\" data-widget_type=\"text-editor.default\">\n\t\t\t\t<div class=\"elementor-widget-container\">\n\t\t\t\t\t\t\t\t\t<p><strong>Giri\u015f:<\/strong> 220V AC<\/p><p><strong style=\"color: var( --e-global-color-text ); font-family: var( --e-global-typography-f20955e-font-family ), Sans-serif; font-size: var( --e-global-typography-f20955e-font-size ); letter-spacing: var( --e-global-typography-f20955e-letter-spacing ); word-spacing: var( --e-global-typography-f20955e-word-spacing ); text-align: var(--text-align); background-color: var(--bs-body-bg);\">\u00c7\u0131k\u0131\u015f:<\/strong><span style=\"color: var( --e-global-color-text ); font-family: var( --e-global-typography-f20955e-font-family ), Sans-serif; font-size: var( --e-global-typography-f20955e-font-size ); font-weight: var( --e-global-typography-f20955e-font-weight ); letter-spacing: var( --e-global-typography-f20955e-letter-spacing ); word-spacing: var( --e-global-typography-f20955e-word-spacing ); text-align: var(--text-align); background-color: var(--bs-body-bg);\"> 2 Adet 12V DC 4.2A<\/span><\/p>\t\t\t\t\t\t\t\t<\/div>\n\t\t\t\t<\/div>\n\t\t\t\t<\/div>\n\t\t\t\t\t<\/div>\n\t\t\t\t<\/div>\n\t\t\t\t\t<\/div>\n\t\t\t\t<\/div>\n\t\t\t\t<div class=\"elementor-element elementor-element-22838910 elementor-widget-divider--view-line elementor-widget elementor-widget-divider\" data-id=\"22838910\" data-element_type=\"widget\" data-e-type=\"widget\" id=\"line\" data-widget_type=\"divider.default\">\n\t\t\t\t<div class=\"elementor-widget-container\">\n\t\t\t\t\t\t\t<div class=\"elementor-divider\">\n\t\t\t<span class=\"elementor-divider-separator\">\n\t\t\t\t\t\t<\/span>\n\t\t<\/div>\n\t\t\t\t\t\t<\/div>\n\t\t\t\t<\/div>\n\t\t<div class=\"elementor-element elementor-element-1f538da2 e-flex e-con-boxed e-con e-child\" data-id=\"1f538da2\" data-element_type=\"container\" data-e-type=\"container\">\n\t\t\t\t\t<div class=\"e-con-inner\">\n\t\t<div class=\"elementor-element elementor-element-366c66e6 e-con-full e-flex e-con e-child\" data-id=\"366c66e6\" data-element_type=\"container\" data-e-type=\"container\" id=\"icon\">\n\t\t\t\t<div class=\"elementor-element elementor-element-106e4414 elementor-hidden-mobile elementor-view-default elementor-widget elementor-widget-icon\" data-id=\"106e4414\" data-element_type=\"widget\" data-e-type=\"widget\" data-widget_type=\"icon.default\">\n\t\t\t\t<div class=\"elementor-widget-container\">\n\t\t\t\t\t\t\t<div class=\"elementor-icon-wrapper\">\n\t\t\t<div class=\"elementor-icon\">\n\t\t\t<svg aria-hidden=\"true\" class=\"e-font-icon-svg e-fab-connectdevelop\" viewBox=\"0 0 576 512\" xmlns=\"http:\/\/www.w3.org\/2000\/svg\"><path d=\"M550.5 241l-50.089-86.786c1.071-2.142 1.875-4.553 1.875-7.232 0-8.036-6.696-14.733-14.732-15.001l-55.447-95.893c.536-1.607 1.071-3.214 1.071-4.821 0-8.571-6.964-15.268-15.268-15.268-4.821 0-8.839 2.143-11.786 5.625H299.518C296.839 18.143 292.821 16 288 16s-8.839 2.143-11.518 5.625H170.411C167.464 18.143 163.447 16 158.625 16c-8.303 0-15.268 6.696-15.268 15.268 0 1.607.536 3.482 1.072 4.821l-55.983 97.233c-5.356 2.41-9.107 7.5-9.107 13.661 0 .535.268 1.071.268 1.607l-53.304 92.143c-7.232 1.339-12.59 7.5-12.59 15 0 7.232 5.089 13.393 12.054 15l55.179 95.358c-.536 1.607-.804 2.946-.804 4.821 0 7.232 5.089 13.393 12.054 14.732l51.697 89.732c-.536 1.607-1.071 3.482-1.071 5.357 0 8.571 6.964 15.268 15.268 15.268 4.821 0 8.839-2.143 11.518-5.357h106.875C279.161 493.857 283.447 496 288 496s8.839-2.143 11.518-5.357h107.143c2.678 2.946 6.696 4.821 10.982 4.821 8.571 0 15.268-6.964 15.268-15.268 0-1.607-.267-2.946-.803-4.285l51.697-90.268c6.964-1.339 12.054-7.5 12.054-14.732 0-1.607-.268-3.214-.804-4.821l54.911-95.358c6.964-1.339 12.322-7.5 12.322-15-.002-7.232-5.092-13.393-11.788-14.732zM153.535 450.732l-43.66-75.803h43.66v75.803zm0-83.839h-43.66c-.268-1.071-.804-2.142-1.339-3.214l44.999-47.41v50.624zm0-62.411l-50.357 53.304c-1.339-.536-2.679-1.34-4.018-1.607L43.447 259.75c.535-1.339.535-2.679.535-4.018s0-2.41-.268-3.482l51.965-90c2.679-.268 5.357-1.072 7.768-2.679l50.089 51.965v92.946zm0-102.322l-45.803-47.41c1.339-2.143 2.143-4.821 2.143-7.767 0-.268-.268-.804-.268-1.072l43.928-15.804v72.053zm0-80.625l-43.66 15.804 43.66-75.536v59.732zm326.519 39.108l.804 1.339L445.5 329.125l-63.75-67.232 98.036-101.518.268.268zM291.75 355.107l11.518 11.786H280.5l11.25-11.786zm-.268-11.25l-83.303-85.446 79.553-84.375 83.036 87.589-79.286 82.232zm5.357 5.893l79.286-82.232 67.5 71.25-5.892 28.125H313.714l-16.875-17.143zM410.411 44.393c1.071.536 2.142 1.072 3.482 1.34l57.857 100.714v.536c0 2.946.803 5.624 2.143 7.767L376.393 256l-83.035-87.589L410.411 44.393zm-9.107-2.143L287.732 162.518l-57.054-60.268 166.339-60h4.287zm-123.483 0c2.678 2.678 6.16 4.285 10.179 4.285s7.5-1.607 10.179-4.285h75L224.786 95.821 173.893 42.25h103.928zm-116.249 5.625l1.071-2.142a33.834 33.834 0 0 0 2.679-.804l51.161 53.84-54.911 19.821V47.875zm0 79.286l60.803-21.964 59.732 63.214-79.553 84.107-40.982-42.053v-83.304zm0 92.678L198 257.607l-36.428 38.304v-76.072zm0 87.858l42.053-44.464 82.768 85.982-17.143 17.678H161.572v-59.196zm6.964 162.053c-1.607-1.607-3.482-2.678-5.893-3.482l-1.071-1.607v-89.732h99.91l-91.607 94.821h-1.339zm129.911 0c-2.679-2.41-6.428-4.285-10.447-4.285s-7.767 1.875-10.447 4.285h-96.429l91.607-94.821h38.304l91.607 94.821H298.447zm120-11.786l-4.286 7.5c-1.339.268-2.41.803-3.482 1.339l-89.196-91.875h114.376l-17.412 83.036zm12.856-22.232l12.858-60.803h21.964l-34.822 60.803zm34.822-68.839h-20.357l4.553-21.16 17.143 18.214c-.535.803-1.071 1.874-1.339 2.946zm66.161-107.411l-55.447 96.697c-1.339.535-2.679 1.071-4.018 1.874l-20.625-21.964 34.554-163.928 45.803 79.286c-.267 1.339-.803 2.678-.803 4.285 0 1.339.268 2.411.536 3.75z\"><\/path><\/svg>\t\t\t<\/div>\n\t\t<\/div>\n\t\t\t\t\t\t<\/div>\n\t\t\t\t<\/div>\n\t\t\t\t<\/div>\n\t\t<div class=\"elementor-element elementor-element-5de17d18 e-con-full e-flex e-con e-child\" data-id=\"5de17d18\" data-element_type=\"container\" data-e-type=\"container\">\n\t\t\t\t<div class=\"elementor-element elementor-element-968b5f7 elementor-widget elementor-widget-heading\" data-id=\"968b5f7\" data-element_type=\"widget\" data-e-type=\"widget\" data-widget_type=\"heading.default\">\n\t\t\t\t<div class=\"elementor-widget-container\">\n\t\t\t\t\t<h3 class=\"elementor-heading-title elementor-size-default\">Ba\u011flant\u0131<\/h3>\t\t\t\t<\/div>\n\t\t\t\t<\/div>\n\t\t\t\t<\/div>\n\t\t<div class=\"elementor-element elementor-element-381b1ca7 e-con-full e-flex e-con e-child\" data-id=\"381b1ca7\" data-element_type=\"container\" data-e-type=\"container\">\n\t\t\t\t<div class=\"elementor-element elementor-element-622707be elementor-widget elementor-widget-text-editor\" data-id=\"622707be\" data-element_type=\"widget\" data-e-type=\"widget\" data-widget_type=\"text-editor.default\">\n\t\t\t\t<div class=\"elementor-widget-container\">\n\t\t\t\t\t\t\t\t\t<p><strong>Giri\u015f:<\/strong> 8 Adet<\/p><p><strong style=\"color: var( --e-global-color-text ); font-family: var( --e-global-typography-f20955e-font-family ), Sans-serif; font-size: var( --e-global-typography-f20955e-font-size ); letter-spacing: var( --e-global-typography-f20955e-letter-spacing ); word-spacing: var( --e-global-typography-f20955e-word-spacing ); text-align: var(--text-align); background-color: var(--bs-body-bg);\">\u00c7\u0131k\u0131\u015f:<\/strong><span style=\"color: var( --e-global-color-text ); font-family: var( --e-global-typography-f20955e-font-family ), Sans-serif; font-size: var( --e-global-typography-f20955e-font-size ); font-weight: var( --e-global-typography-f20955e-font-weight ); letter-spacing: var( --e-global-typography-f20955e-letter-spacing ); word-spacing: var( --e-global-typography-f20955e-word-spacing ); text-align: var(--text-align); background-color: var(--bs-body-bg);\"> 8 Adet<\/span><\/p><p><strong style=\"color: var( --e-global-color-text ); font-family: var( --e-global-typography-f20955e-font-family ), Sans-serif; font-size: var( --e-global-typography-f20955e-font-size ); letter-spacing: var( --e-global-typography-f20955e-letter-spacing ); word-spacing: var( --e-global-typography-f20955e-word-spacing ); text-align: var(--text-align); background-color: var(--bs-body-bg);\">Wiegand Giri\u015f:<\/strong> \u2705<\/p><p><strong>RS232:<\/strong> \u2705<\/p><p><strong>RS485:<\/strong> \u2705<\/p><p><strong style=\"color: var( --e-global-color-text ); font-family: var( --e-global-typography-f20955e-font-family ), Sans-serif; font-size: var( --e-global-typography-f20955e-font-size ); letter-spacing: var( --e-global-typography-f20955e-letter-spacing ); word-spacing: var( --e-global-typography-f20955e-word-spacing ); text-align: var(--text-align); background-color: var(--bs-body-bg);\">\u00c7oklu Ba\u011flant\u0131:<\/strong><span style=\"color: var( --e-global-color-text ); font-family: var( --e-global-typography-f20955e-font-family ), Sans-serif; font-size: var( --e-global-typography-f20955e-font-size ); font-weight: var( --e-global-typography-f20955e-font-weight ); letter-spacing: var( --e-global-typography-f20955e-letter-spacing ); word-spacing: var( --e-global-typography-f20955e-word-spacing ); text-align: var(--text-align); background-color: var(--bs-body-bg);\"> 16 adete kadar<\/span><\/p>\t\t\t\t\t\t\t\t<\/div>\n\t\t\t\t<\/div>\n\t\t\t\t<\/div>\n\t\t\t\t\t<\/div>\n\t\t\t\t<\/div>\n\t\t\t\t<div class=\"elementor-element elementor-element-5a8babb4 elementor-widget-divider--view-line elementor-widget elementor-widget-divider\" data-id=\"5a8babb4\" data-element_type=\"widget\" data-e-type=\"widget\" id=\"line\" data-widget_type=\"divider.default\">\n\t\t\t\t<div class=\"elementor-widget-container\">\n\t\t\t\t\t\t\t<div class=\"elementor-divider\">\n\t\t\t<span class=\"elementor-divider-separator\">\n\t\t\t\t\t\t<\/span>\n\t\t<\/div>\n\t\t\t\t\t\t<\/div>\n\t\t\t\t<\/div>\n\t\t<div class=\"elementor-element elementor-element-7315c9ea e-flex e-con-boxed e-con e-child\" data-id=\"7315c9ea\" data-element_type=\"container\" data-e-type=\"container\">\n\t\t\t\t\t<div class=\"e-con-inner\">\n\t\t<div class=\"elementor-element elementor-element-6cb0348a e-con-full e-flex e-con e-child\" data-id=\"6cb0348a\" data-element_type=\"container\" data-e-type=\"container\" id=\"icon\">\n\t\t\t\t<div class=\"elementor-element elementor-element-609c640 elementor-hidden-mobile elementor-view-default elementor-widget elementor-widget-icon\" data-id=\"609c640\" data-element_type=\"widget\" data-e-type=\"widget\" data-widget_type=\"icon.default\">\n\t\t\t\t<div class=\"elementor-widget-container\">\n\t\t\t\t\t\t\t<div class=\"elementor-icon-wrapper\">\n\t\t\t<div class=\"elementor-icon\">\n\t\t\t<svg aria-hidden=\"true\" class=\"e-font-icon-svg e-fas-clipboard-list\" viewBox=\"0 0 384 512\" xmlns=\"http:\/\/www.w3.org\/2000\/svg\"><path d=\"M336 64h-80c0-35.3-28.7-64-64-64s-64 28.7-64 64H48C21.5 64 0 85.5 0 112v352c0 26.5 21.5 48 48 48h288c26.5 0 48-21.5 48-48V112c0-26.5-21.5-48-48-48zM96 424c-13.3 0-24-10.7-24-24s10.7-24 24-24 24 10.7 24 24-10.7 24-24 24zm0-96c-13.3 0-24-10.7-24-24s10.7-24 24-24 24 10.7 24 24-10.7 24-24 24zm0-96c-13.3 0-24-10.7-24-24s10.7-24 24-24 24 10.7 24 24-10.7 24-24 24zm96-192c13.3 0 24 10.7 24 24s-10.7 24-24 24-24-10.7-24-24 10.7-24 24-24zm128 368c0 4.4-3.6 8-8 8H168c-4.4 0-8-3.6-8-8v-16c0-4.4 3.6-8 8-8h144c4.4 0 8 3.6 8 8v16zm0-96c0 4.4-3.6 8-8 8H168c-4.4 0-8-3.6-8-8v-16c0-4.4 3.6-8 8-8h144c4.4 0 8 3.6 8 8v16zm0-96c0 4.4-3.6 8-8 8H168c-4.4 0-8-3.6-8-8v-16c0-4.4 3.6-8 8-8h144c4.4 0 8 3.6 8 8v16z\"><\/path><\/svg>\t\t\t<\/div>\n\t\t<\/div>\n\t\t\t\t\t\t<\/div>\n\t\t\t\t<\/div>\n\t\t\t\t<\/div>\n\t\t<div class=\"elementor-element elementor-element-78c6ea28 e-con-full e-flex e-con e-child\" data-id=\"78c6ea28\" data-element_type=\"container\" data-e-type=\"container\">\n\t\t\t\t<div class=\"elementor-element elementor-element-5237d1b4 elementor-widget elementor-widget-heading\" data-id=\"5237d1b4\" data-element_type=\"widget\" data-e-type=\"widget\" data-widget_type=\"heading.default\">\n\t\t\t\t<div class=\"elementor-widget-container\">\n\t\t\t\t\t<h3 class=\"elementor-heading-title elementor-size-default\">Di\u011fer \u00d6zellikler<\/h3>\t\t\t\t<\/div>\n\t\t\t\t<\/div>\n\t\t\t\t<\/div>\n\t\t<div class=\"elementor-element elementor-element-59b55c90 e-flex e-con-boxed e-con e-child\" data-id=\"59b55c90\" data-element_type=\"container\" data-e-type=\"container\">\n\t\t\t\t\t<div class=\"e-con-inner\">\n\t\t\t\t<div class=\"elementor-element elementor-element-21a3be36 elementor-widget elementor-widget-text-editor\" data-id=\"21a3be36\" data-element_type=\"widget\" data-e-type=\"widget\" data-widget_type=\"text-editor.default\">\n\t\t\t\t<div class=\"elementor-widget-container\">\n\t\t\t\t\t\t\t\t\t<p><strong>\u00c7al\u0131\u015fma S\u0131cakl\u0131\u011f\u0131:<\/strong> 0-60 \u00b0C<\/p>\t\t\t\t\t\t\t\t<\/div>\n\t\t\t\t<\/div>\n\t\t\t\t\t<\/div>\n\t\t\t\t<\/div>\n\t\t\t\t\t<\/div>\n\t\t\t\t<\/div>\n\t\t\t\t\t<\/div>\n\t\t\t\t<\/div>\n\t\t\t\t<\/div>\n\t\t","protected":false},"excerpt":{"rendered":"<p>Ak\u0131ll\u0131 ge\u00e7i\u015f kontrol cihaz\u0131 BioAffix Secure I\/O Slim ile biyometrik kimlik do\u011frulama i\u015flemlerinde kontrol sizde. Kabinet uyumlu 1U inceli\u011findeki ebatlar\u0131yla g\u00fcvenli\u011fi \u00fcst d\u00fczeyde sa\u011flayabilirsiniz.<\/p>\n","protected":false},"author":2,"featured_media":0,"parent":2544,"menu_order":0,"comment_status":"closed","ping_status":"closed","template":"","meta":{"nf_dc_page":"","footnotes":""},"class_list":["post-2622","page","type-page","status-publish","hentry","no-post-thumbnail"],"acf":[],"_links":{"self":[{"href":"https:\/\/bioaffix.com\/tr\/wp-json\/wp\/v2\/pages\/2622","targetHints":{"allow":["GET"]}}],"collection":[{"href":"https:\/\/bioaffix.com\/tr\/wp-json\/wp\/v2\/pages"}],"about":[{"href":"https:\/\/bioaffix.com\/tr\/wp-json\/wp\/v2\/types\/page"}],"author":[{"embeddable":true,"href":"https:\/\/bioaffix.com\/tr\/wp-json\/wp\/v2\/users\/2"}],"replies":[{"embeddable":true,"href":"https:\/\/bioaffix.com\/tr\/wp-json\/wp\/v2\/comments?post=2622"}],"version-history":[{"count":0,"href":"https:\/\/bioaffix.com\/tr\/wp-json\/wp\/v2\/pages\/2622\/revisions"}],"up":[{"embeddable":true,"href":"https:\/\/bioaffix.com\/tr\/wp-json\/wp\/v2\/pages\/2544"}],"wp:attachment":[{"href":"https:\/\/bioaffix.com\/tr\/wp-json\/wp\/v2\/media?parent=2622"}],"curies":[{"name":"wp","href":"https:\/\/api.w.org\/{rel}","templated":true}]}}