{"id":2323,"date":"2023-07-06T08:06:10","date_gmt":"2023-07-06T05:06:10","guid":{"rendered":"https:\/\/bioaffix.com\/?page_id=2323"},"modified":"2025-07-22T15:12:27","modified_gmt":"2025-07-22T12:12:27","slug":"teknik-ozellikleri","status":"publish","type":"page","link":"https:\/\/bioaffix.com\/tr\/kart-okuyucu\/bioaffix-cardreader-turnstile\/teknik-ozellikleri\/","title":{"rendered":"BioAffix CardReader Turnstile Teknik \u00d6zellikleri"},"content":{"rendered":"\t\t<div data-elementor-type=\"wp-page\" data-elementor-id=\"2323\" class=\"elementor elementor-2323\">\n\t\t\t\t<div class=\"elementor-element elementor-element-6edacd0 submenuSticky e-flex e-con-boxed e-con e-parent\" data-id=\"6edacd0\" data-element_type=\"container\" data-e-type=\"container\" data-settings=\"{&quot;background_background&quot;:&quot;classic&quot;}\">\n\t\t\t\t\t<div class=\"e-con-inner\">\n\t\t<div class=\"elementor-element elementor-element-a3ca540 e-con-full elementor-hidden-mobile e-flex e-con e-child\" data-id=\"a3ca540\" data-element_type=\"container\" data-e-type=\"container\">\n\t\t\t\t<div class=\"elementor-element elementor-element-ad04ccc elementor-widget elementor-widget-image\" data-id=\"ad04ccc\" data-element_type=\"widget\" data-e-type=\"widget\" data-widget_type=\"image.default\">\n\t\t\t\t<div class=\"elementor-widget-container\">\n\t\t\t\t\t\t\t\t\t\t\t\t\t\t\t\t<a href=\"https:\/\/bioaffix.com\/kart-okuyucu\/bioaffix-cardreader-turnstile\/\">\n\t\t\t\t\t\t\t<img loading=\"lazy\" decoding=\"async\" loading=\"lazy\" width=\"106\" height=\"38\" src=\"https:\/\/bioaffix.com\/wp-content\/uploads\/BioAffix-CardReader-Logo.webp\" class=\"attachment-full size-full wp-image-3477\" alt=\"\" srcset=\"https:\/\/bioaffix.com\/wp-content\/uploads\/BioAffix-CardReader-Logo.webp 106w, https:\/\/bioaffix.com\/wp-content\/uploads\/BioAffix-CardReader-Logo-18x6.webp 18w\" sizes=\"auto, (max-width: 106px) 100vw, 106px\" \/>\t\t\t\t\t\t\t\t<\/a>\n\t\t\t\t\t\t\t\t\t\t\t\t\t\t\t<\/div>\n\t\t\t\t<\/div>\n\t\t\t\t<\/div>\n\t\t<div class=\"elementor-element elementor-element-0e76afe e-con-full e-flex e-con e-child\" data-id=\"0e76afe\" data-element_type=\"container\" data-e-type=\"container\">\n\t\t\t\t<div class=\"elementor-element elementor-element-00384af customNavMenu elementor-widget elementor-widget-wp-widget-nav_menu\" data-id=\"00384af\" data-element_type=\"widget\" data-e-type=\"widget\" data-widget_type=\"wp-widget-nav_menu.default\">\n\t\t\t\t<div class=\"elementor-widget-container\">\n\t\t\t\t\t<div class=\"menu-bioaffix-cardreader-turnstile-tr-container\"><ul id=\"menu-bioaffix-cardreader-turnstile-tr\" class=\"menu\"><li id=\"menu-item-3475\" class=\"menu-item menu-item-type-post_type menu-item-object-page menu-item-3475\"><a href=\"https:\/\/bioaffix.com\/tr\/kart-okuyucu\/bioaffix-cardreader-turnstile\/\"   class=\"nav-link\">Genel Bak\u0131\u015f <\/a><\/li>\n<li id=\"menu-item-3476\" class=\"menu-item menu-item-type-post_type menu-item-object-page menu-item-3476\"><a href=\"https:\/\/bioaffix.com\/tr\/kart-okuyucu\/bioaffix-cardreader-turnstile\/teknik-ozellikleri\/\"   class=\"nav-link\">Teknik \u00d6zellikler <\/a><\/li>\n<li id=\"menu-item-4293\" class=\"menu-item menu-item-type-custom menu-item-object-custom menu-item-4293\"><a href=\"https:\/\/file.ones.com.tr\/s\/bioaffix-cardreader-turnstile-tr\" class=\"nav-link\" target=\"_blank\" rel=\"noopener\">\u0130ndir <\/a><\/li>\n<li id=\"menu-item-14625\" class=\"menu-item menu-item-type-custom menu-item-object-custom menu-item-14625\"><a href=\"https:\/\/file.ones.com.tr\/s\/BioAffixCardReaderTurnstileMedia\" class=\"nav-link\" target=\"_blank\" rel=\"noopener\">Medya <\/a><\/li>\n<\/ul><\/div>\t\t\t\t<\/div>\n\t\t\t\t<\/div>\n\t\t\t\t<\/div>\n\t\t\t\t\t<\/div>\n\t\t\t\t<\/div>\n\t\t<div class=\"elementor-element elementor-element-11391a99 e-con-full e-flex e-con e-parent\" data-id=\"11391a99\" data-element_type=\"container\" data-e-type=\"container\" id=\"banner-area\" data-settings=\"{&quot;background_background&quot;:&quot;gradient&quot;}\">\n\t\t\t\t<div class=\"elementor-element elementor-element-2e4a0080 elementor-widget elementor-widget-heading\" data-id=\"2e4a0080\" data-element_type=\"widget\" data-e-type=\"widget\" data-widget_type=\"heading.default\">\n\t\t\t\t<div class=\"elementor-widget-container\">\n\t\t\t\t\t<h1 class=\"elementor-heading-title elementor-size-default\">BioAffix CardReader Turnstile Teknik \u00d6zellikleri<\/h1>\t\t\t\t<\/div>\n\t\t\t\t<\/div>\n\t\t\t\t<\/div>\n\t\t<div class=\"elementor-element elementor-element-33a96d82 e-flex e-con-boxed e-con e-parent\" data-id=\"33a96d82\" data-element_type=\"container\" data-e-type=\"container\" id=\"technical-specs\">\n\t\t\t\t\t<div class=\"e-con-inner\">\n\t\t\t\t<div class=\"elementor-element elementor-element-ff117ed elementor-widget elementor-widget-image\" data-id=\"ff117ed\" data-element_type=\"widget\" data-e-type=\"widget\" data-widget_type=\"image.default\">\n\t\t\t\t<div class=\"elementor-widget-container\">\n\t\t\t\t\t\t\t\t\t\t\t\t\t\t\t<img loading=\"lazy\" decoding=\"async\" loading=\"lazy\" width=\"600\" height=\"310\" src=\"https:\/\/bioaffix.com\/wp-content\/uploads\/BioAffix-CardReader-Turnstile-Dimension-For-Technical-Spec-Page.webp\" class=\"attachment-large size-large wp-image-2327\" alt=\"\" srcset=\"https:\/\/bioaffix.com\/wp-content\/uploads\/BioAffix-CardReader-Turnstile-Dimension-For-Technical-Spec-Page.webp 600w, https:\/\/bioaffix.com\/wp-content\/uploads\/BioAffix-CardReader-Turnstile-Dimension-For-Technical-Spec-Page-300x155.webp 300w, https:\/\/bioaffix.com\/wp-content\/uploads\/BioAffix-CardReader-Turnstile-Dimension-For-Technical-Spec-Page-370x190.webp 370w, https:\/\/bioaffix.com\/wp-content\/uploads\/BioAffix-CardReader-Turnstile-Dimension-For-Technical-Spec-Page-18x9.webp 18w\" sizes=\"auto, (max-width: 600px) 100vw, 600px\" \/>\t\t\t\t\t\t\t\t\t\t\t\t\t\t\t<\/div>\n\t\t\t\t<\/div>\n\t\t<div class=\"elementor-element elementor-element-44557fdd e-flex e-con-boxed e-con e-child\" data-id=\"44557fdd\" data-element_type=\"container\" data-e-type=\"container\">\n\t\t\t\t\t<div class=\"e-con-inner\">\n\t\t<div class=\"elementor-element elementor-element-2c5eed1f e-con-full e-flex e-con e-child\" data-id=\"2c5eed1f\" data-element_type=\"container\" data-e-type=\"container\" id=\"tech-icon\">\n\t\t\t\t<div class=\"elementor-element elementor-element-16dee958 elementor-hidden-mobile elementor-view-default elementor-widget elementor-widget-icon\" data-id=\"16dee958\" data-element_type=\"widget\" data-e-type=\"widget\" data-widget_type=\"icon.default\">\n\t\t\t\t<div class=\"elementor-widget-container\">\n\t\t\t\t\t\t\t<div class=\"elementor-icon-wrapper\">\n\t\t\t<div class=\"elementor-icon\">\n\t\t\t<svg aria-hidden=\"true\" class=\"e-font-icon-svg e-fas-ruler-combined\" viewBox=\"0 0 512 512\" xmlns=\"http:\/\/www.w3.org\/2000\/svg\"><path d=\"M160 288h-56c-4.42 0-8-3.58-8-8v-16c0-4.42 3.58-8 8-8h56v-64h-56c-4.42 0-8-3.58-8-8v-16c0-4.42 3.58-8 8-8h56V96h-56c-4.42 0-8-3.58-8-8V72c0-4.42 3.58-8 8-8h56V32c0-17.67-14.33-32-32-32H32C14.33 0 0 14.33 0 32v448c0 2.77.91 5.24 1.57 7.8L160 329.38V288zm320 64h-32v56c0 4.42-3.58 8-8 8h-16c-4.42 0-8-3.58-8-8v-56h-64v56c0 4.42-3.58 8-8 8h-16c-4.42 0-8-3.58-8-8v-56h-64v56c0 4.42-3.58 8-8 8h-16c-4.42 0-8-3.58-8-8v-56h-41.37L24.2 510.43c2.56.66 5.04 1.57 7.8 1.57h448c17.67 0 32-14.33 32-32v-96c0-17.67-14.33-32-32-32z\"><\/path><\/svg>\t\t\t<\/div>\n\t\t<\/div>\n\t\t\t\t\t\t<\/div>\n\t\t\t\t<\/div>\n\t\t\t\t<\/div>\n\t\t<div class=\"elementor-element elementor-element-56ccc8f e-con-full e-flex e-con e-child\" data-id=\"56ccc8f\" data-element_type=\"container\" data-e-type=\"container\">\n\t\t\t\t<div class=\"elementor-element elementor-element-7d38dae9 elementor-widget elementor-widget-heading\" data-id=\"7d38dae9\" data-element_type=\"widget\" data-e-type=\"widget\" data-widget_type=\"heading.default\">\n\t\t\t\t<div class=\"elementor-widget-container\">\n\t\t\t\t\t<h3 class=\"elementor-heading-title elementor-size-default\">\u00d6l\u00e7\u00fcler<\/h3>\t\t\t\t<\/div>\n\t\t\t\t<\/div>\n\t\t\t\t<\/div>\n\t\t<div class=\"elementor-element elementor-element-1f2cd29f e-con-full e-flex e-con e-child\" data-id=\"1f2cd29f\" data-element_type=\"container\" data-e-type=\"container\">\n\t\t\t\t<div class=\"elementor-element elementor-element-160f7c9a elementor-widget elementor-widget-text-editor\" data-id=\"160f7c9a\" data-element_type=\"widget\" data-e-type=\"widget\" data-widget_type=\"text-editor.default\">\n\t\t\t\t<div class=\"elementor-widget-container\">\n\t\t\t\t\t\t\t\t\t<p><strong>Y\u00fckseklik:<\/strong> 60 mm<\/p><p><strong style=\"color: var( --e-global-color-text ); font-family: var( --e-global-typography-text-font-family ), Sans-serif; font-size: var( --e-global-typography-text-font-size ); text-align: var(--text-align); background-color: var(--bs-body-bg);\">Geni\u015flik:\u00a0<\/strong><span style=\"color: var( --e-global-color-text ); font-family: var( --e-global-typography-text-font-family ), Sans-serif; font-size: var( --e-global-typography-text-font-size ); font-weight: var( --e-global-typography-text-font-weight ); text-align: var(--text-align); background-color: var(--bs-body-bg);\">128 mm<\/span><\/p>\t\t\t\t\t\t\t\t<\/div>\n\t\t\t\t<\/div>\n\t\t\t\t<\/div>\n\t\t\t\t\t<\/div>\n\t\t\t\t<\/div>\n\t\t\t\t<div class=\"elementor-element elementor-element-62d5ce57 elementor-widget-divider--view-line elementor-widget elementor-widget-divider\" data-id=\"62d5ce57\" data-element_type=\"widget\" data-e-type=\"widget\" id=\"line\" data-widget_type=\"divider.default\">\n\t\t\t\t<div class=\"elementor-widget-container\">\n\t\t\t\t\t\t\t<div class=\"elementor-divider\">\n\t\t\t<span class=\"elementor-divider-separator\">\n\t\t\t\t\t\t<\/span>\n\t\t<\/div>\n\t\t\t\t\t\t<\/div>\n\t\t\t\t<\/div>\n\t\t<div class=\"elementor-element elementor-element-410c06f e-flex e-con-boxed e-con e-child\" data-id=\"410c06f\" data-element_type=\"container\" data-e-type=\"container\">\n\t\t\t\t\t<div class=\"e-con-inner\">\n\t\t<div class=\"elementor-element elementor-element-30163af e-con-full e-flex e-con e-child\" data-id=\"30163af\" data-element_type=\"container\" data-e-type=\"container\">\n\t\t\t\t<div class=\"elementor-element elementor-element-1207c4c elementor-hidden-mobile elementor-view-default elementor-widget elementor-widget-icon\" data-id=\"1207c4c\" data-element_type=\"widget\" data-e-type=\"widget\" data-widget_type=\"icon.default\">\n\t\t\t\t<div class=\"elementor-widget-container\">\n\t\t\t\t\t\t\t<div class=\"elementor-icon-wrapper\">\n\t\t\t<div class=\"elementor-icon\">\n\t\t\t<svg aria-hidden=\"true\" class=\"e-font-icon-svg e-fas-signal\" viewBox=\"0 0 640 512\" xmlns=\"http:\/\/www.w3.org\/2000\/svg\"><path d=\"M216 288h-48c-8.84 0-16 7.16-16 16v192c0 8.84 7.16 16 16 16h48c8.84 0 16-7.16 16-16V304c0-8.84-7.16-16-16-16zM88 384H40c-8.84 0-16 7.16-16 16v96c0 8.84 7.16 16 16 16h48c8.84 0 16-7.16 16-16v-96c0-8.84-7.16-16-16-16zm256-192h-48c-8.84 0-16 7.16-16 16v288c0 8.84 7.16 16 16 16h48c8.84 0 16-7.16 16-16V208c0-8.84-7.16-16-16-16zm128-96h-48c-8.84 0-16 7.16-16 16v384c0 8.84 7.16 16 16 16h48c8.84 0 16-7.16 16-16V112c0-8.84-7.16-16-16-16zM600 0h-48c-8.84 0-16 7.16-16 16v480c0 8.84 7.16 16 16 16h48c8.84 0 16-7.16 16-16V16c0-8.84-7.16-16-16-16z\"><\/path><\/svg>\t\t\t<\/div>\n\t\t<\/div>\n\t\t\t\t\t\t<\/div>\n\t\t\t\t<\/div>\n\t\t\t\t<\/div>\n\t\t<div class=\"elementor-element elementor-element-9321136 e-con-full e-flex e-con e-child\" data-id=\"9321136\" data-element_type=\"container\" data-e-type=\"container\">\n\t\t\t\t<div class=\"elementor-element elementor-element-4b0ecd9 elementor-widget elementor-widget-heading\" data-id=\"4b0ecd9\" data-element_type=\"widget\" data-e-type=\"widget\" data-widget_type=\"heading.default\">\n\t\t\t\t<div class=\"elementor-widget-container\">\n\t\t\t\t\t<h3 class=\"elementor-heading-title elementor-size-default\">Desteklenen Frekanslar<\/h3>\t\t\t\t<\/div>\n\t\t\t\t<\/div>\n\t\t\t\t<\/div>\n\t\t<div class=\"elementor-element elementor-element-7455315 e-flex e-con-boxed e-con e-child\" data-id=\"7455315\" data-element_type=\"container\" data-e-type=\"container\">\n\t\t\t\t\t<div class=\"e-con-inner\">\n\t\t<div class=\"elementor-element elementor-element-8af7c36 e-con-full e-flex e-con e-child\" data-id=\"8af7c36\" data-element_type=\"container\" data-e-type=\"container\">\n\t\t\t\t<div class=\"elementor-element elementor-element-bc9d068 elementor-widget elementor-widget-text-editor\" data-id=\"bc9d068\" data-element_type=\"widget\" data-e-type=\"widget\" data-widget_type=\"text-editor.default\">\n\t\t\t\t<div class=\"elementor-widget-container\">\n\t\t\t\t\t\t\t\t\t<p><strong>125 kHz:<\/strong> \u2705<\/p><p><strong>13.56 MHz:<\/strong> \u2705<\/p><p>Detayl\u0131 bilgi i\u00e7in <a href=\"https:\/\/bioaffix.com\/tr\/desteklenen-kart-tipleri\/\">https:\/\/bioaffix.com\/tr\/desteklenen-kart-tipleri\/<\/a> sayfas\u0131n\u0131 ziyaret ederek \u00e7al\u0131\u015fabildi\u011fi kart tiplerini inceleyebilirsiniz.<\/p>\t\t\t\t\t\t\t\t<\/div>\n\t\t\t\t<\/div>\n\t\t\t\t<\/div>\n\t\t\t\t\t<\/div>\n\t\t\t\t<\/div>\n\t\t\t\t\t<\/div>\n\t\t\t\t<\/div>\n\t\t\t\t<div class=\"elementor-element elementor-element-4f7dbe5c elementor-widget-divider--view-line elementor-widget elementor-widget-divider\" data-id=\"4f7dbe5c\" data-element_type=\"widget\" data-e-type=\"widget\" id=\"line\" data-widget_type=\"divider.default\">\n\t\t\t\t<div class=\"elementor-widget-container\">\n\t\t\t\t\t\t\t<div class=\"elementor-divider\">\n\t\t\t<span class=\"elementor-divider-separator\">\n\t\t\t\t\t\t<\/span>\n\t\t<\/div>\n\t\t\t\t\t\t<\/div>\n\t\t\t\t<\/div>\n\t\t<div class=\"elementor-element elementor-element-03933df e-flex e-con-boxed e-con e-child\" data-id=\"03933df\" data-element_type=\"container\" data-e-type=\"container\">\n\t\t\t\t\t<div class=\"e-con-inner\">\n\t\t<div class=\"elementor-element elementor-element-80d00cd e-con-full e-flex e-con e-child\" data-id=\"80d00cd\" data-element_type=\"container\" data-e-type=\"container\">\n\t\t\t\t<div class=\"elementor-element elementor-element-e1e01cc elementor-hidden-mobile elementor-view-default elementor-widget elementor-widget-icon\" data-id=\"e1e01cc\" data-element_type=\"widget\" data-e-type=\"widget\" data-widget_type=\"icon.default\">\n\t\t\t\t<div class=\"elementor-widget-container\">\n\t\t\t\t\t\t\t<div class=\"elementor-icon-wrapper\">\n\t\t\t<div class=\"elementor-icon\">\n\t\t\t<svg aria-hidden=\"true\" class=\"e-font-icon-svg e-fas-clipboard-list\" viewBox=\"0 0 384 512\" xmlns=\"http:\/\/www.w3.org\/2000\/svg\"><path d=\"M336 64h-80c0-35.3-28.7-64-64-64s-64 28.7-64 64H48C21.5 64 0 85.5 0 112v352c0 26.5 21.5 48 48 48h288c26.5 0 48-21.5 48-48V112c0-26.5-21.5-48-48-48zM96 424c-13.3 0-24-10.7-24-24s10.7-24 24-24 24 10.7 24 24-10.7 24-24 24zm0-96c-13.3 0-24-10.7-24-24s10.7-24 24-24 24 10.7 24 24-10.7 24-24 24zm0-96c-13.3 0-24-10.7-24-24s10.7-24 24-24 24 10.7 24 24-10.7 24-24 24zm96-192c13.3 0 24 10.7 24 24s-10.7 24-24 24-24-10.7-24-24 10.7-24 24-24zm128 368c0 4.4-3.6 8-8 8H168c-4.4 0-8-3.6-8-8v-16c0-4.4 3.6-8 8-8h144c4.4 0 8 3.6 8 8v16zm0-96c0 4.4-3.6 8-8 8H168c-4.4 0-8-3.6-8-8v-16c0-4.4 3.6-8 8-8h144c4.4 0 8 3.6 8 8v16zm0-96c0 4.4-3.6 8-8 8H168c-4.4 0-8-3.6-8-8v-16c0-4.4 3.6-8 8-8h144c4.4 0 8 3.6 8 8v16z\"><\/path><\/svg>\t\t\t<\/div>\n\t\t<\/div>\n\t\t\t\t\t\t<\/div>\n\t\t\t\t<\/div>\n\t\t\t\t<\/div>\n\t\t<div class=\"elementor-element elementor-element-5e3f287 e-con-full e-flex e-con e-child\" data-id=\"5e3f287\" data-element_type=\"container\" data-e-type=\"container\">\n\t\t\t\t<div class=\"elementor-element elementor-element-a5d57a3 elementor-widget elementor-widget-heading\" data-id=\"a5d57a3\" data-element_type=\"widget\" data-e-type=\"widget\" data-widget_type=\"heading.default\">\n\t\t\t\t<div class=\"elementor-widget-container\">\n\t\t\t\t\t<h3 class=\"elementor-heading-title elementor-size-default\">Di\u011fer \u00d6zellikler<\/h3>\t\t\t\t<\/div>\n\t\t\t\t<\/div>\n\t\t\t\t<\/div>\n\t\t<div class=\"elementor-element elementor-element-8318bcf e-flex e-con-boxed e-con e-child\" data-id=\"8318bcf\" data-element_type=\"container\" data-e-type=\"container\">\n\t\t\t\t\t<div class=\"e-con-inner\">\n\t\t\t\t<div class=\"elementor-element elementor-element-5bfda0f elementor-widget elementor-widget-text-editor\" data-id=\"5bfda0f\" data-element_type=\"widget\" data-e-type=\"widget\" data-widget_type=\"text-editor.default\">\n\t\t\t\t<div class=\"elementor-widget-container\">\n\t\t\t\t\t\t\t\t\t<p><strong>Okuma Mesafesi:<\/strong> 10 cm\u2019ye kadar<\/p><p><strong>MTBF:<\/strong> 500.000 saat<\/p><p><strong>Ba\u011flant\u0131:<\/strong> USB 2.0<\/p><p><strong>Sesli Uyar\u0131:<\/strong> \u2705<\/p><p><strong>Led:<\/strong> \u2705<\/p>\t\t\t\t\t\t\t\t<\/div>\n\t\t\t\t<\/div>\n\t\t\t\t\t<\/div>\n\t\t\t\t<\/div>\n\t\t\t\t\t<\/div>\n\t\t\t\t<\/div>\n\t\t\t\t\t<\/div>\n\t\t\t\t<\/div>\n\t\t<div class=\"elementor-element elementor-element-35912681 e-flex e-con-boxed e-con e-parent\" data-id=\"35912681\" data-element_type=\"container\" data-e-type=\"container\">\n\t\t\t\t\t<div class=\"e-con-inner\">\n\t\t\t\t<div class=\"elementor-element elementor-element-41cc266 elementor-widget elementor-widget-heading\" data-id=\"41cc266\" data-element_type=\"widget\" data-e-type=\"widget\" data-widget_type=\"heading.default\">\n\t\t\t\t<div class=\"elementor-widget-container\">\n\t\t\t\t\t<h3 class=\"elementor-heading-title elementor-size-default\">BioAffix\u00ae CardReader Turnstile Modelleri<\/h3>\t\t\t\t<\/div>\n\t\t\t\t<\/div>\n\t\t\t\t\t<\/div>\n\t\t\t\t<\/div>\n\t\t<div class=\"elementor-element elementor-element-575f4587 e-flex e-con-boxed e-con e-parent\" data-id=\"575f4587\" data-element_type=\"container\" data-e-type=\"container\">\n\t\t\t\t\t<div class=\"e-con-inner\">\n\t\t\t\t<div class=\"elementor-element elementor-element-6cb8f320 elementor-widget elementor-widget-text-editor\" data-id=\"6cb8f320\" data-element_type=\"widget\" data-e-type=\"widget\" data-widget_type=\"text-editor.default\">\n\t\t\t\t<div class=\"elementor-widget-container\">\n\t\t\t\t\t\t\t\t\t<div style=\"overflow-x: auto;\">\n<table width=\"100%\" cellspacing=\"0\" cellpadding=\"5\">\n<tbody>\n<tr style=\"text-align: left; background-color: #ca171e; color: white; font-weight: 500;\">\n<td style=\"width: 35%;\">Model<\/td>\n<td>A\u00e7\u0131klama<\/td>\n<\/tr>\n<tr>\n<td>DON-BIO-CAR-TUR-F<\/td>\n<td>BioAffix CardReader Turnstile-LF+HF Turnike Kart Okuyucu F<\/td>\n<\/tr>\n<tr>\n<td>DON-BIO-CAR-TUR-P<\/td>\n<td>BioAffix CardReader Turnstile-LF+HF Turnike Kart Okuyucu P<\/td>\n<\/tr>\n<tr>\n<td>DON-BIO-CAR-TUR-PI<\/td>\n<td>BioAffix CardReader Turnstile-LF+HF Turnike Kart Okuyucu PI<\/td>\n<\/tr>\n<\/tbody>\n<\/table>\n<\/div>\t\t\t\t\t\t\t\t<\/div>\n\t\t\t\t<\/div>\n\t\t\t\t\t<\/div>\n\t\t\t\t<\/div>\n\t\t\t\t<\/div>\n\t\t","protected":false},"excerpt":{"rendered":"<p>BioAffix\u00ae CardReader Turnstile teknik detaylar\u0131n\u0131 yak\u0131ndan inceleyin.<\/p>\n","protected":false},"author":2,"featured_media":0,"parent":2285,"menu_order":0,"comment_status":"closed","ping_status":"closed","template":"","meta":{"nf_dc_page":"","footnotes":""},"class_list":["post-2323","page","type-page","status-publish","hentry","no-post-thumbnail"],"acf":[],"_links":{"self":[{"href":"https:\/\/bioaffix.com\/tr\/wp-json\/wp\/v2\/pages\/2323","targetHints":{"allow":["GET"]}}],"collection":[{"href":"https:\/\/bioaffix.com\/tr\/wp-json\/wp\/v2\/pages"}],"about":[{"href":"https:\/\/bioaffix.com\/tr\/wp-json\/wp\/v2\/types\/page"}],"author":[{"embeddable":true,"href":"https:\/\/bioaffix.com\/tr\/wp-json\/wp\/v2\/users\/2"}],"replies":[{"embeddable":true,"href":"https:\/\/bioaffix.com\/tr\/wp-json\/wp\/v2\/comments?post=2323"}],"version-history":[{"count":0,"href":"https:\/\/bioaffix.com\/tr\/wp-json\/wp\/v2\/pages\/2323\/revisions"}],"up":[{"embeddable":true,"href":"https:\/\/bioaffix.com\/tr\/wp-json\/wp\/v2\/pages\/2285"}],"wp:attachment":[{"href":"https:\/\/bioaffix.com\/tr\/wp-json\/wp\/v2\/media?parent=2323"}],"curies":[{"name":"wp","href":"https:\/\/api.w.org\/{rel}","templated":true}]}}