{"id":2272,"date":"2023-07-05T19:51:46","date_gmt":"2023-07-05T16:51:46","guid":{"rendered":"https:\/\/bioaffix.com\/?page_id=2272"},"modified":"2025-05-29T16:48:55","modified_gmt":"2025-05-29T13:48:55","slug":"teknik-ozellikleri","status":"publish","type":"page","link":"https:\/\/bioaffix.com\/tr\/biyometrik-sensor\/bioaffix-palmguide\/teknik-ozellikleri\/","title":{"rendered":"BioAffix PalmGuide&#8217;\u0131n Teknik \u00d6zellikleri"},"content":{"rendered":"\t\t<div data-elementor-type=\"wp-page\" data-elementor-id=\"2272\" class=\"elementor elementor-2272\">\n\t\t\t\t<div class=\"elementor-element elementor-element-4235e59 submenuSticky e-flex e-con-boxed e-con e-parent\" data-id=\"4235e59\" data-element_type=\"container\" data-e-type=\"container\" data-settings=\"{&quot;background_background&quot;:&quot;classic&quot;}\">\n\t\t\t\t\t<div class=\"e-con-inner\">\n\t\t<div class=\"elementor-element elementor-element-78072fb e-con-full elementor-hidden-mobile e-flex e-con e-child\" data-id=\"78072fb\" data-element_type=\"container\" data-e-type=\"container\">\n\t\t\t\t<div class=\"elementor-element elementor-element-4a5202e elementor-widget elementor-widget-image\" data-id=\"4a5202e\" data-element_type=\"widget\" data-e-type=\"widget\" data-widget_type=\"image.default\">\n\t\t\t\t<div class=\"elementor-widget-container\">\n\t\t\t\t\t\t\t\t\t\t\t\t\t\t\t\t<a href=\"https:\/\/bioaffix.com\/tr\/biyometrik-sensor\/bioaffix-palmguide\/\">\n\t\t\t\t\t\t\t<img loading=\"lazy\" decoding=\"async\" loading=\"lazy\" width=\"106\" height=\"42\" src=\"https:\/\/bioaffix.com\/wp-content\/uploads\/BioAffix-PalmGuide-Sub-Menu-Logo.webp\" class=\"attachment-full size-full wp-image-3278\" alt=\"\" srcset=\"https:\/\/bioaffix.com\/wp-content\/uploads\/BioAffix-PalmGuide-Sub-Menu-Logo.webp 106w, https:\/\/bioaffix.com\/wp-content\/uploads\/BioAffix-PalmGuide-Sub-Menu-Logo-18x7.webp 18w\" sizes=\"auto, (max-width: 106px) 100vw, 106px\" \/>\t\t\t\t\t\t\t\t<\/a>\n\t\t\t\t\t\t\t\t\t\t\t\t\t\t\t<\/div>\n\t\t\t\t<\/div>\n\t\t\t\t<\/div>\n\t\t<div class=\"elementor-element elementor-element-3276460 e-con-full e-flex e-con e-child\" data-id=\"3276460\" data-element_type=\"container\" data-e-type=\"container\">\n\t\t\t\t<div class=\"elementor-element elementor-element-706da81 customNavMenu elementor-widget elementor-widget-wp-widget-nav_menu\" data-id=\"706da81\" data-element_type=\"widget\" data-e-type=\"widget\" data-widget_type=\"wp-widget-nav_menu.default\">\n\t\t\t\t<div class=\"elementor-widget-container\">\n\t\t\t\t\t<div class=\"menu-bioaffix-palmguide-tr-container\"><ul id=\"menu-bioaffix-palmguide-tr\" class=\"menu\"><li id=\"menu-item-3271\" class=\"menu-item menu-item-type-post_type menu-item-object-page menu-item-3271\"><a href=\"https:\/\/bioaffix.com\/tr\/biyometrik-sensor\/bioaffix-palmguide\/\"   class=\"nav-link\">Genel Bak\u0131\u015f <\/a><\/li>\n<li id=\"menu-item-3272\" class=\"menu-item menu-item-type-post_type menu-item-object-page menu-item-3272\"><a href=\"https:\/\/bioaffix.com\/tr\/biyometrik-sensor\/bioaffix-palmguide\/teknik-ozellikleri\/\"   class=\"nav-link\">Teknik \u00d6zellikleri <\/a><\/li>\n<li id=\"menu-item-3273\" class=\"menu-item menu-item-type-custom menu-item-object-custom menu-item-3273\"><a href=\"https:\/\/file.ones.com.tr\/s\/bioaffix-palmguide-tr\" class=\"nav-link\" target=\"_blank\" rel=\"noopener\">\u0130ndir <\/a><\/li>\n<li id=\"menu-item-14616\" class=\"menu-item menu-item-type-custom menu-item-object-custom menu-item-14616\"><a href=\"https:\/\/file.ones.com.tr\/s\/BioAffixPalmGuideMedia\" class=\"nav-link\" target=\"_blank\" rel=\"noopener\">Medya <\/a><\/li>\n<\/ul><\/div>\t\t\t\t<\/div>\n\t\t\t\t<\/div>\n\t\t\t\t<\/div>\n\t\t\t\t\t<\/div>\n\t\t\t\t<\/div>\n\t\t<div class=\"elementor-element elementor-element-4bd2ddc e-con-full e-flex e-con e-parent\" data-id=\"4bd2ddc\" data-element_type=\"container\" data-e-type=\"container\" data-settings=\"{&quot;background_background&quot;:&quot;gradient&quot;}\">\n\t\t\t\t<div class=\"elementor-element elementor-element-bf6c3df elementor-widget elementor-widget-heading\" data-id=\"bf6c3df\" data-element_type=\"widget\" data-e-type=\"widget\" data-widget_type=\"heading.default\">\n\t\t\t\t<div class=\"elementor-widget-container\">\n\t\t\t\t\t<h2 class=\"elementor-heading-title elementor-size-default\">BioAffix\u00ae PalmGuide Teknik \u00d6zellikleri<\/h2>\t\t\t\t<\/div>\n\t\t\t\t<\/div>\n\t\t\t\t<\/div>\n\t\t<div class=\"elementor-element elementor-element-68bca15 e-flex e-con-boxed e-con e-parent\" data-id=\"68bca15\" data-element_type=\"container\" data-e-type=\"container\">\n\t\t\t\t\t<div class=\"e-con-inner\">\n\t\t\t\t<div class=\"elementor-element elementor-element-889ead3 elementor-widget elementor-widget-image\" data-id=\"889ead3\" data-element_type=\"widget\" data-e-type=\"widget\" data-widget_type=\"image.default\">\n\t\t\t\t<div class=\"elementor-widget-container\">\n\t\t\t\t\t\t\t\t\t\t\t\t\t\t\t<img loading=\"lazy\" decoding=\"async\" loading=\"lazy\" width=\"501\" height=\"460\" src=\"https:\/\/bioaffix.com\/wp-content\/uploads\/BioAffix-PalmGuide-Dimensions.webp\" class=\"attachment-large size-large wp-image-2275\" alt=\"\" \/>\t\t\t\t\t\t\t\t\t\t\t\t\t\t\t<\/div>\n\t\t\t\t<\/div>\n\t\t<div class=\"elementor-element elementor-element-e5011ff e-flex e-con-boxed e-con e-child\" data-id=\"e5011ff\" data-element_type=\"container\" data-e-type=\"container\">\n\t\t\t\t\t<div class=\"e-con-inner\">\n\t\t<div class=\"elementor-element elementor-element-05bcb17 e-con-full e-flex e-con e-child\" data-id=\"05bcb17\" data-element_type=\"container\" data-e-type=\"container\">\n\t\t\t\t<div class=\"elementor-element elementor-element-e024e00 elementor-hidden-mobile elementor-view-default elementor-widget elementor-widget-icon\" data-id=\"e024e00\" data-element_type=\"widget\" data-e-type=\"widget\" data-widget_type=\"icon.default\">\n\t\t\t\t<div class=\"elementor-widget-container\">\n\t\t\t\t\t\t\t<div class=\"elementor-icon-wrapper\">\n\t\t\t<div class=\"elementor-icon\">\n\t\t\t<svg aria-hidden=\"true\" class=\"e-font-icon-svg e-fas-ruler-combined\" viewBox=\"0 0 512 512\" xmlns=\"http:\/\/www.w3.org\/2000\/svg\"><path d=\"M160 288h-56c-4.42 0-8-3.58-8-8v-16c0-4.42 3.58-8 8-8h56v-64h-56c-4.42 0-8-3.58-8-8v-16c0-4.42 3.58-8 8-8h56V96h-56c-4.42 0-8-3.58-8-8V72c0-4.42 3.58-8 8-8h56V32c0-17.67-14.33-32-32-32H32C14.33 0 0 14.33 0 32v448c0 2.77.91 5.24 1.57 7.8L160 329.38V288zm320 64h-32v56c0 4.42-3.58 8-8 8h-16c-4.42 0-8-3.58-8-8v-56h-64v56c0 4.42-3.58 8-8 8h-16c-4.42 0-8-3.58-8-8v-56h-64v56c0 4.42-3.58 8-8 8h-16c-4.42 0-8-3.58-8-8v-56h-41.37L24.2 510.43c2.56.66 5.04 1.57 7.8 1.57h448c17.67 0 32-14.33 32-32v-96c0-17.67-14.33-32-32-32z\"><\/path><\/svg>\t\t\t<\/div>\n\t\t<\/div>\n\t\t\t\t\t\t<\/div>\n\t\t\t\t<\/div>\n\t\t\t\t<\/div>\n\t\t<div class=\"elementor-element elementor-element-8e1906d e-con-full e-flex e-con e-child\" data-id=\"8e1906d\" data-element_type=\"container\" data-e-type=\"container\">\n\t\t\t\t<div class=\"elementor-element elementor-element-5b64d06 elementor-widget elementor-widget-heading\" data-id=\"5b64d06\" data-element_type=\"widget\" data-e-type=\"widget\" data-widget_type=\"heading.default\">\n\t\t\t\t<div class=\"elementor-widget-container\">\n\t\t\t\t\t<h2 class=\"elementor-heading-title elementor-size-default\">\u00d6l\u00e7\u00fcler<\/h2>\t\t\t\t<\/div>\n\t\t\t\t<\/div>\n\t\t\t\t<\/div>\n\t\t<div class=\"elementor-element elementor-element-043e07a e-con-full e-flex e-con e-child\" data-id=\"043e07a\" data-element_type=\"container\" data-e-type=\"container\">\n\t\t\t\t<div class=\"elementor-element elementor-element-84e75bb elementor-widget elementor-widget-text-editor\" data-id=\"84e75bb\" data-element_type=\"widget\" data-e-type=\"widget\" data-widget_type=\"text-editor.default\">\n\t\t\t\t<div class=\"elementor-widget-container\">\n\t\t\t\t\t\t\t\t\t<p><strong>Y\u00fckseklik:<\/strong> 128 mm<\/p><p><strong style=\"color: var( --e-global-color-text ); font-family: var( --e-global-typography-text-font-family ), Sans-serif; font-size: var( --e-global-typography-text-font-size ); text-align: var(--text-align); background-color: var(--bs-body-bg);\">Geni\u015flik:\u00a0<\/strong><span style=\"color: var( --e-global-color-text ); font-family: var( --e-global-typography-text-font-family ), Sans-serif; font-size: var( --e-global-typography-text-font-size ); font-weight: var( --e-global-typography-text-font-weight ); text-align: var(--text-align); background-color: var(--bs-body-bg);\">128 mm<\/span><\/p><p><strong style=\"color: var( --e-global-color-text ); font-family: var( --e-global-typography-text-font-family ), Sans-serif; font-size: var( --e-global-typography-text-font-size ); text-align: var(--text-align); background-color: var(--bs-body-bg);\">Kal\u0131nl\u0131k:\u00a0<\/strong><span style=\"color: var( --e-global-color-text ); font-family: var( --e-global-typography-text-font-family ), Sans-serif; font-size: var( --e-global-typography-text-font-size ); font-weight: var( --e-global-typography-text-font-weight ); text-align: var(--text-align); background-color: var(--bs-body-bg);\">90,5 mm<\/span><\/p>\t\t\t\t\t\t\t\t<\/div>\n\t\t\t\t<\/div>\n\t\t\t\t<\/div>\n\t\t\t\t\t<\/div>\n\t\t\t\t<\/div>\n\t\t\t\t<div class=\"elementor-element elementor-element-bc0719f elementor-widget-divider--view-line elementor-widget elementor-widget-divider\" data-id=\"bc0719f\" data-element_type=\"widget\" data-e-type=\"widget\" data-widget_type=\"divider.default\">\n\t\t\t\t<div class=\"elementor-widget-container\">\n\t\t\t\t\t\t\t<div class=\"elementor-divider\">\n\t\t\t<span class=\"elementor-divider-separator\">\n\t\t\t\t\t\t<\/span>\n\t\t<\/div>\n\t\t\t\t\t\t<\/div>\n\t\t\t\t<\/div>\n\t\t<div class=\"elementor-element elementor-element-9bd2e7f e-flex e-con-boxed e-con e-child\" data-id=\"9bd2e7f\" data-element_type=\"container\" data-e-type=\"container\">\n\t\t\t\t\t<div class=\"e-con-inner\">\n\t\t<div class=\"elementor-element elementor-element-e1ec422 e-con-full elementor-hidden-mobile e-flex e-con e-child\" data-id=\"e1ec422\" data-element_type=\"container\" data-e-type=\"container\">\n\t\t\t\t<div class=\"elementor-element elementor-element-789c420 elementor-hidden-mobile elementor-view-default elementor-widget elementor-widget-icon\" data-id=\"789c420\" data-element_type=\"widget\" data-e-type=\"widget\" data-widget_type=\"icon.default\">\n\t\t\t\t<div class=\"elementor-widget-container\">\n\t\t\t\t\t\t\t<div class=\"elementor-icon-wrapper\">\n\t\t\t<div class=\"elementor-icon\">\n\t\t\t<svg aria-hidden=\"true\" class=\"e-font-icon-svg e-far-check-circle\" viewBox=\"0 0 512 512\" xmlns=\"http:\/\/www.w3.org\/2000\/svg\"><path d=\"M256 8C119.033 8 8 119.033 8 256s111.033 248 248 248 248-111.033 248-248S392.967 8 256 8zm0 48c110.532 0 200 89.451 200 200 0 110.532-89.451 200-200 200-110.532 0-200-89.451-200-200 0-110.532 89.451-200 200-200m140.204 130.267l-22.536-22.718c-4.667-4.705-12.265-4.736-16.97-.068L215.346 303.697l-59.792-60.277c-4.667-4.705-12.265-4.736-16.97-.069l-22.719 22.536c-4.705 4.667-4.736 12.265-.068 16.971l90.781 91.516c4.667 4.705 12.265 4.736 16.97.068l172.589-171.204c4.704-4.668 4.734-12.266.067-16.971z\"><\/path><\/svg>\t\t\t<\/div>\n\t\t<\/div>\n\t\t\t\t\t\t<\/div>\n\t\t\t\t<\/div>\n\t\t\t\t<\/div>\n\t\t<div class=\"elementor-element elementor-element-5a11978 e-con-full e-flex e-con e-child\" data-id=\"5a11978\" data-element_type=\"container\" data-e-type=\"container\">\n\t\t\t\t<div class=\"elementor-element elementor-element-b240832 elementor-widget elementor-widget-heading\" data-id=\"b240832\" data-element_type=\"widget\" data-e-type=\"widget\" data-widget_type=\"heading.default\">\n\t\t\t\t<div class=\"elementor-widget-container\">\n\t\t\t\t\t<h2 class=\"elementor-heading-title elementor-size-default\">Do\u011frulama \u00d6zellikleri<\/h2>\t\t\t\t<\/div>\n\t\t\t\t<\/div>\n\t\t\t\t<\/div>\n\t\t<div class=\"elementor-element elementor-element-9ccf84e e-flex e-con-boxed e-con e-child\" data-id=\"9ccf84e\" data-element_type=\"container\" data-e-type=\"container\">\n\t\t\t\t\t<div class=\"e-con-inner\">\n\t\t<div class=\"elementor-element elementor-element-eb93e98 e-con-full e-flex e-con e-child\" data-id=\"eb93e98\" data-element_type=\"container\" data-e-type=\"container\">\n\t\t\t\t<div class=\"elementor-element elementor-element-d95d8b5 elementor-widget elementor-widget-text-editor\" data-id=\"d95d8b5\" data-element_type=\"widget\" data-e-type=\"widget\" data-widget_type=\"text-editor.default\">\n\t\t\t\t<div class=\"elementor-widget-container\">\n\t\t\t\t\t\t\t\t\t<p><strong>Okuma Sistemi:<\/strong> Yak\u0131n k\u0131z\u0131l\u00f6tesi \u0131\u015f\u0131n ile<\/p><p><strong>FAR (Hatal\u0131 Do\u011frulama):<\/strong> %0,00001&#8217;den k\u00fc\u00e7\u00fck<\/p><p><strong>FAR (Hatal\u0131 Reddetme):<\/strong> %0,01&#8217;den d\u00fc\u015f\u00fck<\/p>\t\t\t\t\t\t\t\t<\/div>\n\t\t\t\t<\/div>\n\t\t\t\t<\/div>\n\t\t\t\t\t<\/div>\n\t\t\t\t<\/div>\n\t\t\t\t\t<\/div>\n\t\t\t\t<\/div>\n\t\t\t\t<div class=\"elementor-element elementor-element-2409486 elementor-widget-divider--view-line elementor-widget elementor-widget-divider\" data-id=\"2409486\" data-element_type=\"widget\" data-e-type=\"widget\" data-widget_type=\"divider.default\">\n\t\t\t\t<div class=\"elementor-widget-container\">\n\t\t\t\t\t\t\t<div class=\"elementor-divider\">\n\t\t\t<span class=\"elementor-divider-separator\">\n\t\t\t\t\t\t<\/span>\n\t\t<\/div>\n\t\t\t\t\t\t<\/div>\n\t\t\t\t<\/div>\n\t\t<div class=\"elementor-element elementor-element-706fc74 e-flex e-con-boxed e-con e-child\" data-id=\"706fc74\" data-element_type=\"container\" data-e-type=\"container\">\n\t\t\t\t\t<div class=\"e-con-inner\">\n\t\t<div class=\"elementor-element elementor-element-0133532 e-con-full elementor-hidden-mobile e-flex e-con e-child\" data-id=\"0133532\" data-element_type=\"container\" data-e-type=\"container\">\n\t\t\t\t<div class=\"elementor-element elementor-element-80afcfe elementor-widget__width-auto elementor-hidden-mobile elementor-view-default elementor-widget elementor-widget-icon\" data-id=\"80afcfe\" data-element_type=\"widget\" data-e-type=\"widget\" data-widget_type=\"icon.default\">\n\t\t\t\t<div class=\"elementor-widget-container\">\n\t\t\t\t\t\t\t<div class=\"elementor-icon-wrapper\">\n\t\t\t<div class=\"elementor-icon\">\n\t\t\t<svg aria-hidden=\"true\" class=\"e-font-icon-svg e-fab-usb\" viewBox=\"0 0 640 512\" xmlns=\"http:\/\/www.w3.org\/2000\/svg\"><path d=\"M641.5 256c0 3.1-1.7 6.1-4.5 7.5L547.9 317c-1.4.8-2.8 1.4-4.5 1.4-1.4 0-3.1-.3-4.5-1.1-2.8-1.7-4.5-4.5-4.5-7.8v-35.6H295.7c25.3 39.6 40.5 106.9 69.6 106.9H392V354c0-5 3.9-8.9 8.9-8.9H490c5 0 8.9 3.9 8.9 8.9v89.1c0 5-3.9 8.9-8.9 8.9h-89.1c-5 0-8.9-3.9-8.9-8.9v-26.7h-26.7c-75.4 0-81.1-142.5-124.7-142.5H140.3c-8.1 30.6-35.9 53.5-69 53.5C32 327.3 0 295.3 0 256s32-71.3 71.3-71.3c33.1 0 61 22.8 69 53.5 39.1 0 43.9 9.5 74.6-60.4C255 88.7 273 95.7 323.8 95.7c7.5-20.9 27-35.6 50.4-35.6 29.5 0 53.5 23.9 53.5 53.5s-23.9 53.5-53.5 53.5c-23.4 0-42.9-14.8-50.4-35.6H294c-29.1 0-44.3 67.4-69.6 106.9h310.1v-35.6c0-3.3 1.7-6.1 4.5-7.8 2.8-1.7 6.4-1.4 8.9.3l89.1 53.5c2.8 1.1 4.5 4.1 4.5 7.2z\"><\/path><\/svg>\t\t\t<\/div>\n\t\t<\/div>\n\t\t\t\t\t\t<\/div>\n\t\t\t\t<\/div>\n\t\t\t\t<\/div>\n\t\t<div class=\"elementor-element elementor-element-625907c e-con-full e-flex e-con e-child\" data-id=\"625907c\" data-element_type=\"container\" data-e-type=\"container\">\n\t\t\t\t<div class=\"elementor-element elementor-element-afa5f09 elementor-widget elementor-widget-heading\" data-id=\"afa5f09\" data-element_type=\"widget\" data-e-type=\"widget\" data-widget_type=\"heading.default\">\n\t\t\t\t<div class=\"elementor-widget-container\">\n\t\t\t\t\t<h2 class=\"elementor-heading-title elementor-size-default\">Ba\u011flant\u0131 ve Di\u011fer \u00d6zellikler<\/h2>\t\t\t\t<\/div>\n\t\t\t\t<\/div>\n\t\t\t\t<\/div>\n\t\t<div class=\"elementor-element elementor-element-09f75f8 e-con-full e-flex e-con e-child\" data-id=\"09f75f8\" data-element_type=\"container\" data-e-type=\"container\">\n\t\t<div class=\"elementor-element elementor-element-9a9f5e7 e-flex e-con-boxed e-con e-child\" data-id=\"9a9f5e7\" data-element_type=\"container\" data-e-type=\"container\">\n\t\t\t\t\t<div class=\"e-con-inner\">\n\t\t\t\t<div class=\"elementor-element elementor-element-04c8d72 elementor-widget elementor-widget-text-editor\" data-id=\"04c8d72\" data-element_type=\"widget\" data-e-type=\"widget\" data-widget_type=\"text-editor.default\">\n\t\t\t\t<div class=\"elementor-widget-container\">\n\t\t\t\t\t\t\t\t\t<p><strong>Ba\u011flant\u0131: <\/strong>USB 2.0<\/p>\n<p><strong>\u015eifreleme Metodu:<\/strong> AES 256 Bit<\/p>\n<p><strong style=\"letter-spacing: 0px;\">\u00c7al\u0131\u015fma S\u0131cakl\u0131\u011f\u0131:<\/strong><span style=\"letter-spacing: 0px;\"> 0\u00b0-60\u00b0<\/span><\/p>\n<p><strong>Sertifikasyon:<\/strong> EAL2+<\/p>\n<p><strong>MTBF:<\/strong> 1.000.000 saat<\/p>\t\t\t\t\t\t\t\t<\/div>\n\t\t\t\t<\/div>\n\t\t\t\t\t<\/div>\n\t\t\t\t<\/div>\n\t\t\t\t<\/div>\n\t\t\t\t\t<\/div>\n\t\t\t\t<\/div>\n\t\t\t\t\t<\/div>\n\t\t\t\t<\/div>\n\t\t<div class=\"elementor-element elementor-element-a620a42 e-flex e-con-boxed e-con e-parent\" data-id=\"a620a42\" data-element_type=\"container\" data-e-type=\"container\">\n\t\t\t\t\t<div class=\"e-con-inner\">\n\t\t\t\t<div class=\"elementor-element elementor-element-1106376 elementor-widget elementor-widget-heading\" data-id=\"1106376\" data-element_type=\"widget\" data-e-type=\"widget\" data-widget_type=\"heading.default\">\n\t\t\t\t<div class=\"elementor-widget-container\">\n\t\t\t\t\t<h2 class=\"elementor-heading-title elementor-size-default\">BioAffix\u00ae PalmGuide Modelleri<\/h2>\t\t\t\t<\/div>\n\t\t\t\t<\/div>\n\t\t\t\t<div class=\"elementor-element elementor-element-da8d8e1 elementor-widget elementor-widget-text-editor\" data-id=\"da8d8e1\" data-element_type=\"widget\" data-e-type=\"widget\" data-widget_type=\"text-editor.default\">\n\t\t\t\t<div class=\"elementor-widget-container\">\n\t\t\t\t\t\t\t\t\t<table width=\"100%\" cellspacing=\"0\" cellpadding=\"5\"><tbody><tr style=\"text-align: left; background-color: #ca171e; color: white; font-weight: 500; border: hidden;\"><td>Model<\/td><td>A\u00e7\u0131klama<\/td><\/tr><tr><td>DON-BIO-PALM<\/td><td>BioAffix PalmGuide Avu\u00e7 Konumland\u0131rma \u00dcnitesi<\/td><\/tr><tr><td>DON-BIO-PALM-PSV2<\/td><td>BioAffix PalmGuide Avu\u00e7 Konumland\u0131rma \u00dcnitesi-PalmSecure V2 Sensor<\/td><\/tr><\/tbody><\/table><p>\u00a0<\/p>\t\t\t\t\t\t\t\t<\/div>\n\t\t\t\t<\/div>\n\t\t\t\t\t<\/div>\n\t\t\t\t<\/div>\n\t\t\t\t<\/div>\n\t\t","protected":false},"excerpt":{"rendered":"<p>Fujitsu PalmSecure i\u00e7in tasarlanm\u0131\u015f BioAffix PalmGuide&#8217;\u0131n geli\u015fmi\u015f teknik \u00f6zelliklerine yak\u0131ndan bak\u0131n.<\/p>\n","protected":false},"author":3,"featured_media":0,"parent":2202,"menu_order":0,"comment_status":"closed","ping_status":"closed","template":"","meta":{"nf_dc_page":"","footnotes":""},"class_list":["post-2272","page","type-page","status-publish","hentry","no-post-thumbnail"],"acf":[],"_links":{"self":[{"href":"https:\/\/bioaffix.com\/tr\/wp-json\/wp\/v2\/pages\/2272","targetHints":{"allow":["GET"]}}],"collection":[{"href":"https:\/\/bioaffix.com\/tr\/wp-json\/wp\/v2\/pages"}],"about":[{"href":"https:\/\/bioaffix.com\/tr\/wp-json\/wp\/v2\/types\/page"}],"author":[{"embeddable":true,"href":"https:\/\/bioaffix.com\/tr\/wp-json\/wp\/v2\/users\/3"}],"replies":[{"embeddable":true,"href":"https:\/\/bioaffix.com\/tr\/wp-json\/wp\/v2\/comments?post=2272"}],"version-history":[{"count":0,"href":"https:\/\/bioaffix.com\/tr\/wp-json\/wp\/v2\/pages\/2272\/revisions"}],"up":[{"embeddable":true,"href":"https:\/\/bioaffix.com\/tr\/wp-json\/wp\/v2\/pages\/2202"}],"wp:attachment":[{"href":"https:\/\/bioaffix.com\/tr\/wp-json\/wp\/v2\/media?parent=2272"}],"curies":[{"name":"wp","href":"https:\/\/api.w.org\/{rel}","templated":true}]}}