{"id":1980,"date":"2023-07-05T09:07:17","date_gmt":"2023-07-05T06:07:17","guid":{"rendered":"https:\/\/bioaffix.com\/?page_id=1980"},"modified":"2025-05-29T16:44:07","modified_gmt":"2025-05-29T13:44:07","slug":"guvenlik-ozellikleri","status":"publish","type":"page","link":"https:\/\/bioaffix.com\/tr\/yazilim\/bioaffix-oneserver\/guvenlik-ozellikleri\/","title":{"rendered":"BioAffix OneServer G\u00fcvenlik \u00d6zellikleri"},"content":{"rendered":"\t\t<div data-elementor-type=\"wp-page\" data-elementor-id=\"1980\" class=\"elementor elementor-1980\">\n\t\t\t\t<div class=\"elementor-element elementor-element-7e2d844 submenuSticky e-flex e-con-boxed e-con e-parent\" data-id=\"7e2d844\" data-element_type=\"container\" data-e-type=\"container\" data-settings=\"{&quot;background_background&quot;:&quot;classic&quot;}\">\n\t\t\t\t\t<div class=\"e-con-inner\">\n\t\t<div class=\"elementor-element elementor-element-5659d51 e-con-full elementor-hidden-mobile e-flex e-con e-child\" data-id=\"5659d51\" data-element_type=\"container\" data-e-type=\"container\">\n\t\t\t\t<div class=\"elementor-element elementor-element-f478a29 elementor-widget elementor-widget-image\" data-id=\"f478a29\" data-element_type=\"widget\" data-e-type=\"widget\" data-widget_type=\"image.default\">\n\t\t\t\t<div class=\"elementor-widget-container\">\n\t\t\t\t\t\t\t\t\t\t\t\t\t\t\t\t<a href=\"https:\/\/bioaffix.com\/tr\/yazilim\/bioaffix-oneserver\/\">\n\t\t\t\t\t\t\t<img loading=\"lazy\" decoding=\"async\" loading=\"lazy\" width=\"119\" height=\"43\" src=\"https:\/\/bioaffix.com\/wp-content\/uploads\/BioAffix-OneServer-Sub-Menu-Logo.webp\" class=\"attachment-full size-full wp-image-3245\" alt=\"\" \/>\t\t\t\t\t\t\t\t<\/a>\n\t\t\t\t\t\t\t\t\t\t\t\t\t\t\t<\/div>\n\t\t\t\t<\/div>\n\t\t\t\t<\/div>\n\t\t<div class=\"elementor-element elementor-element-085a399 e-con-full e-flex e-con e-child\" data-id=\"085a399\" data-element_type=\"container\" data-e-type=\"container\">\n\t\t\t\t<div class=\"elementor-element elementor-element-d6cf356 customNavMenu elementor-widget elementor-widget-wp-widget-nav_menu\" data-id=\"d6cf356\" data-element_type=\"widget\" data-e-type=\"widget\" data-widget_type=\"wp-widget-nav_menu.default\">\n\t\t\t\t<div class=\"elementor-widget-container\">\n\t\t\t\t\t<div class=\"menu-bioaffix-oneserver-tr-container\"><ul id=\"menu-bioaffix-oneserver-tr\" class=\"menu\"><li id=\"menu-item-3235\" class=\"menu-item menu-item-type-post_type menu-item-object-page menu-item-3235\"><a href=\"https:\/\/bioaffix.com\/tr\/yazilim\/bioaffix-oneserver\/\"   class=\"nav-link\">Genel Bak\u0131\u015f <\/a><\/li>\n<li id=\"menu-item-3237\" class=\"menu-item menu-item-type-post_type menu-item-object-page menu-item-3237\"><a href=\"https:\/\/bioaffix.com\/tr\/yazilim\/bioaffix-oneserver\/guvenlik-ozellikleri\/\"   class=\"nav-link\">G\u00fcvenlik <\/a><\/li>\n<li id=\"menu-item-3236\" class=\"menu-item menu-item-type-post_type menu-item-object-page menu-item-3236\"><a href=\"https:\/\/bioaffix.com\/tr\/yazilim\/bioaffix-oneserver\/entegrasyon-yetenekleri\/\"   class=\"nav-link\">Entegrasyon <\/a><\/li>\n<\/ul><\/div>\t\t\t\t<\/div>\n\t\t\t\t<\/div>\n\t\t\t\t<\/div>\n\t\t\t\t\t<\/div>\n\t\t\t\t<\/div>\n\t\t<div class=\"elementor-element elementor-element-8b7fb82 e-con-full e-flex e-con e-parent\" data-id=\"8b7fb82\" data-element_type=\"container\" data-e-type=\"container\" data-settings=\"{&quot;background_background&quot;:&quot;gradient&quot;}\">\n\t\t<div class=\"elementor-element elementor-element-edd1384 e-flex e-con-boxed e-con e-child\" data-id=\"edd1384\" data-element_type=\"container\" data-e-type=\"container\">\n\t\t\t\t\t<div class=\"e-con-inner\">\n\t\t\t\t<div class=\"elementor-element elementor-element-3e5d1cb elementor-widget elementor-widget-heading\" data-id=\"3e5d1cb\" data-element_type=\"widget\" data-e-type=\"widget\" data-widget_type=\"heading.default\">\n\t\t\t\t<div class=\"elementor-widget-container\">\n\t\t\t\t\t<h2 class=\"elementor-heading-title elementor-size-default\">BioAffix\u00ae OneServer  G\u00fcvenlik \u00d6zellikleri<\/h2>\t\t\t\t<\/div>\n\t\t\t\t<\/div>\n\t\t\t\t<div class=\"elementor-element elementor-element-df2c7e1 elementor-widget elementor-widget-text-editor\" data-id=\"df2c7e1\" data-element_type=\"widget\" data-e-type=\"widget\" data-widget_type=\"text-editor.default\">\n\t\t\t\t<div class=\"elementor-widget-container\">\n\t\t\t\t\t\t\t\t\t<p><span style=\"font-size: 18px;\">HSM mod\u00fcl\u00fc ve Mul-Sec katman\u0131 ile g\u00fcvenli\u011fin tad\u0131n\u0131 \u00e7\u0131kar\u0131n<\/span><\/p>\t\t\t\t\t\t\t\t<\/div>\n\t\t\t\t<\/div>\n\t\t\t\t\t<\/div>\n\t\t\t\t<\/div>\n\t\t\t\t<\/div>\n\t\t<div class=\"elementor-element elementor-element-fb120d0 e-flex e-con-boxed e-con e-parent\" data-id=\"fb120d0\" data-element_type=\"container\" data-e-type=\"container\">\n\t\t\t\t\t<div class=\"e-con-inner\">\n\t\t<div class=\"elementor-element elementor-element-a4bfe5f e-con-full e-flex e-con e-child\" data-id=\"a4bfe5f\" data-element_type=\"container\" data-e-type=\"container\">\n\t\t\t\t<div class=\"elementor-element elementor-element-685a306 elementor-widget elementor-widget-image\" data-id=\"685a306\" data-element_type=\"widget\" data-e-type=\"widget\" data-widget_type=\"image.default\">\n\t\t\t\t<div class=\"elementor-widget-container\">\n\t\t\t\t\t\t\t\t\t\t\t\t\t\t\t<img loading=\"lazy\" decoding=\"async\" loading=\"lazy\" width=\"262\" height=\"262\" src=\"https:\/\/bioaffix.com\/wp-content\/uploads\/BioAffix-OneServer-Security-Properties-SSL.webp\" class=\"attachment-full size-full wp-image-1983\" alt=\"\" srcset=\"https:\/\/bioaffix.com\/wp-content\/uploads\/BioAffix-OneServer-Security-Properties-SSL.webp 262w, https:\/\/bioaffix.com\/wp-content\/uploads\/BioAffix-OneServer-Security-Properties-SSL-150x150.webp 150w, https:\/\/bioaffix.com\/wp-content\/uploads\/BioAffix-OneServer-Security-Properties-SSL-80x80.webp 80w, https:\/\/bioaffix.com\/wp-content\/uploads\/BioAffix-OneServer-Security-Properties-SSL-70x70.webp 70w, https:\/\/bioaffix.com\/wp-content\/uploads\/BioAffix-OneServer-Security-Properties-SSL-100x100.webp 100w, https:\/\/bioaffix.com\/wp-content\/uploads\/BioAffix-OneServer-Security-Properties-SSL-12x12.webp 12w, https:\/\/bioaffix.com\/wp-content\/uploads\/BioAffix-OneServer-Security-Properties-SSL-75x75.webp 75w\" sizes=\"auto, (max-width: 262px) 100vw, 262px\" \/>\t\t\t\t\t\t\t\t\t\t\t\t\t\t\t<\/div>\n\t\t\t\t<\/div>\n\t\t\t\t<\/div>\n\t\t<div class=\"elementor-element elementor-element-6bce314 e-con-full e-flex e-con e-child\" data-id=\"6bce314\" data-element_type=\"container\" data-e-type=\"container\">\n\t\t\t\t<div class=\"elementor-element elementor-element-a8ce8f5 elementor-widget elementor-widget-heading\" data-id=\"a8ce8f5\" data-element_type=\"widget\" data-e-type=\"widget\" data-widget_type=\"heading.default\">\n\t\t\t\t<div class=\"elementor-widget-container\">\n\t\t\t\t\t<h3 class=\"elementor-heading-title elementor-size-default\">\u00c7ift Katmanl\u0131 SSL T\u00fcneli<\/h3>\t\t\t\t<\/div>\n\t\t\t\t<\/div>\n\t\t\t\t<div class=\"elementor-element elementor-element-36fc6fe elementor-widget elementor-widget-text-editor\" data-id=\"36fc6fe\" data-element_type=\"widget\" data-e-type=\"widget\" data-widget_type=\"text-editor.default\">\n\t\t\t\t<div class=\"elementor-widget-container\">\n\t\t\t\t\t\t\t\t\t<p>BioAffix OneServer t\u00fcm yaz\u0131l\u0131mlarla olan ileti\u015fimini \u00e7ift katmanl\u0131 SSL (Secure Socket Layer) t\u00fcneli arac\u0131l\u0131\u011f\u0131 ile ger\u00e7ekle\u015ftirir. Bu sayede cihazlar aras\u0131ndaki ileti\u015fim takip edilemez bir hale getirilir. Sunucu ve yaz\u0131l\u0131mlar aras\u0131ndaki bu g\u00fcvenli ileti\u015fim \u201cPackage Time Stamp\u201d ve \u201cDijital Sertifika Do\u011frulama\u201d \u00f6zellikleriyle desteklenmektedir.<\/p>\t\t\t\t\t\t\t\t<\/div>\n\t\t\t\t<\/div>\n\t\t\t\t<\/div>\n\t\t\t\t\t<\/div>\n\t\t\t\t<\/div>\n\t\t<div class=\"elementor-element elementor-element-c571425 e-flex e-con-boxed e-con e-parent\" data-id=\"c571425\" data-element_type=\"container\" data-e-type=\"container\">\n\t\t\t\t\t<div class=\"e-con-inner\">\n\t\t<div class=\"elementor-element elementor-element-6871465 e-con-full e-flex e-con e-child\" data-id=\"6871465\" data-element_type=\"container\" data-e-type=\"container\">\n\t\t\t\t<div class=\"elementor-element elementor-element-9b93eed elementor-widget elementor-widget-heading\" data-id=\"9b93eed\" data-element_type=\"widget\" data-e-type=\"widget\" data-widget_type=\"heading.default\">\n\t\t\t\t<div class=\"elementor-widget-container\">\n\t\t\t\t\t<h3 class=\"elementor-heading-title elementor-size-default\">HSM Mod\u00fcl\u00fc ile Y\u00fcksek G\u00fcvenlik<\/h3>\t\t\t\t<\/div>\n\t\t\t\t<\/div>\n\t\t\t\t<div class=\"elementor-element elementor-element-4712df6 elementor-widget elementor-widget-text-editor\" data-id=\"4712df6\" data-element_type=\"widget\" data-e-type=\"widget\" data-widget_type=\"text-editor.default\">\n\t\t\t\t<div class=\"elementor-widget-container\">\n\t\t\t\t\t\t\t\t\t<p>HSM (Hardware Security Module) mod\u00fcl\u00fc sayesinde kullan\u0131c\u0131lar\u0131n kimlik, biyometrik ve ge\u00e7i\u015f bilgileri gibi ki\u015fiye \u00f6zel olan t\u00fcm veriler BioAffix OneServer sunucusunun HSM ile sa\u011flad\u0131\u011f\u0131 entegrasyon sayesinde \u015fifreli bir \u015fekilde veritaban\u0131na yaz\u0131l\u0131r ve veritaban\u0131ndan okunur. BioAffix \u00fcr\u00fcn ailesi cihazlar\u0131n\u0131n ge\u00e7i\u015f ve do\u011frulama i\u015flemleri i\u00e7in kullanaca\u011f\u0131 t\u00fcm veriler, yazma ve okuma i\u015flemleri s\u0131ras\u0131nda geli\u015fmi\u015f, g\u00fcncel ve y\u00fcksek g\u00fcvenlikli kriptografi i\u015flemlerinden ge\u00e7erek, d\u0131\u015far\u0131dan dinlenmesi ve okunmas\u0131 imkans\u0131z hale getirilir. Bu sayede bilgi i\u015flem biriminde g\u00f6rev alan personeller de dahil olmak \u00fczere, HSM ile \u015fifrelenmi\u015f veriler \u00fc\u00e7\u00fcnc\u00fc ki\u015filer taraf\u0131ndan hi\u00e7bir \u015fekilde okunamaz.<\/p>\t\t\t\t\t\t\t\t<\/div>\n\t\t\t\t<\/div>\n\t\t\t\t<\/div>\n\t\t<div class=\"elementor-element elementor-element-dbd9911 e-con-full e-flex e-con e-child\" data-id=\"dbd9911\" data-element_type=\"container\" data-e-type=\"container\">\n\t\t\t\t<div class=\"elementor-element elementor-element-992f290 elementor-widget elementor-widget-image\" data-id=\"992f290\" data-element_type=\"widget\" data-e-type=\"widget\" data-widget_type=\"image.default\">\n\t\t\t\t<div class=\"elementor-widget-container\">\n\t\t\t\t\t\t\t\t\t\t\t\t\t\t\t<img loading=\"lazy\" decoding=\"async\" loading=\"lazy\" width=\"300\" height=\"300\" src=\"https:\/\/bioaffix.com\/wp-content\/uploads\/Container-Security-icon.webp\" class=\"attachment-full size-full wp-image-565\" alt=\"HSM (Hardware Security Module) ile OneServer ve BioAffix cihazlar\u0131 aras\u0131ndaki ki\u015fisel verilern tamam\u0131 \u015fifreli bir \u015fekilde veri taban\u0131na yaz\u0131l\u0131r.\" srcset=\"https:\/\/bioaffix.com\/wp-content\/uploads\/Container-Security-icon.webp 300w, https:\/\/bioaffix.com\/wp-content\/uploads\/Container-Security-icon-150x150.webp 150w, https:\/\/bioaffix.com\/wp-content\/uploads\/Container-Security-icon-80x80.webp 80w, https:\/\/bioaffix.com\/wp-content\/uploads\/Container-Security-icon-70x70.webp 70w, https:\/\/bioaffix.com\/wp-content\/uploads\/Container-Security-icon-100x100.webp 100w, https:\/\/bioaffix.com\/wp-content\/uploads\/Container-Security-icon-12x12.webp 12w, https:\/\/bioaffix.com\/wp-content\/uploads\/Container-Security-icon-75x75.webp 75w\" sizes=\"auto, (max-width: 300px) 100vw, 300px\" \/>\t\t\t\t\t\t\t\t\t\t\t\t\t\t\t<\/div>\n\t\t\t\t<\/div>\n\t\t\t\t<\/div>\n\t\t\t\t\t<\/div>\n\t\t\t\t<\/div>\n\t\t<div class=\"elementor-element elementor-element-18eba50 e-flex e-con-boxed e-con e-parent\" data-id=\"18eba50\" data-element_type=\"container\" data-e-type=\"container\">\n\t\t\t\t\t<div class=\"e-con-inner\">\n\t\t<div class=\"elementor-element elementor-element-11cb8c0 e-con-full e-flex e-con e-child\" data-id=\"11cb8c0\" data-element_type=\"container\" data-e-type=\"container\">\n\t\t\t\t<div class=\"elementor-element elementor-element-56726f5 elementor-widget elementor-widget-image\" data-id=\"56726f5\" data-element_type=\"widget\" data-e-type=\"widget\" data-widget_type=\"image.default\">\n\t\t\t\t<div class=\"elementor-widget-container\">\n\t\t\t\t\t\t\t\t\t\t\t\t\t\t\t<img loading=\"lazy\" decoding=\"async\" loading=\"lazy\" width=\"549\" height=\"552\" src=\"https:\/\/bioaffix.com\/wp-content\/uploads\/BioAffix-OneServer-Security-Properties-Mul-Sec.webp\" class=\"attachment-full size-full wp-image-2001\" alt=\"\" srcset=\"https:\/\/bioaffix.com\/wp-content\/uploads\/BioAffix-OneServer-Security-Properties-Mul-Sec.webp 549w, https:\/\/bioaffix.com\/wp-content\/uploads\/BioAffix-OneServer-Security-Properties-Mul-Sec-298x300.webp 298w, https:\/\/bioaffix.com\/wp-content\/uploads\/BioAffix-OneServer-Security-Properties-Mul-Sec-150x150.webp 150w, https:\/\/bioaffix.com\/wp-content\/uploads\/BioAffix-OneServer-Security-Properties-Mul-Sec-80x80.webp 80w, https:\/\/bioaffix.com\/wp-content\/uploads\/BioAffix-OneServer-Security-Properties-Mul-Sec-70x70.webp 70w, https:\/\/bioaffix.com\/wp-content\/uploads\/BioAffix-OneServer-Security-Properties-Mul-Sec-100x100.webp 100w, https:\/\/bioaffix.com\/wp-content\/uploads\/BioAffix-OneServer-Security-Properties-Mul-Sec-12x12.webp 12w, https:\/\/bioaffix.com\/wp-content\/uploads\/BioAffix-OneServer-Security-Properties-Mul-Sec-75x75.webp 75w\" sizes=\"auto, (max-width: 549px) 100vw, 549px\" \/>\t\t\t\t\t\t\t\t\t\t\t\t\t\t\t<\/div>\n\t\t\t\t<\/div>\n\t\t\t\t<\/div>\n\t\t<div class=\"elementor-element elementor-element-33b5bdf e-con-full e-flex e-con e-child\" data-id=\"33b5bdf\" data-element_type=\"container\" data-e-type=\"container\">\n\t\t\t\t<div class=\"elementor-element elementor-element-fff351a elementor-widget elementor-widget-heading\" data-id=\"fff351a\" data-element_type=\"widget\" data-e-type=\"widget\" data-widget_type=\"heading.default\">\n\t\t\t\t<div class=\"elementor-widget-container\">\n\t\t\t\t\t<h3 class=\"elementor-heading-title elementor-size-default\">Mul-Sec Katman\u0131 ile Koruma<\/h3>\t\t\t\t<\/div>\n\t\t\t\t<\/div>\n\t\t\t\t<div class=\"elementor-element elementor-element-ec18584 elementor-widget elementor-widget-text-editor\" data-id=\"ec18584\" data-element_type=\"widget\" data-e-type=\"widget\" data-widget_type=\"text-editor.default\">\n\t\t\t\t<div class=\"elementor-widget-container\">\n\t\t\t\t\t\t\t\t\t<p>Ones Technology taraf\u0131ndan geli\u015ftirilen Mul-Sec (Multi Layer Secure Communication) \u00e7ift katmanl\u0131 g\u00fcvenlik t\u00fcneli sayesinde, BioAffix OneServer ile BioAffix cihazlar\u0131 aras\u0131nda sa\u011flanan t\u00fcm ba\u011flant\u0131lar, \u015fifreli bir ileti\u015fim protokol\u00fc \u00fczerinden ger\u00e7ekle\u015ftirilir. Bu sayede cihaz ve sunucu aras\u0131nda ger\u00e7ekle\u015ftirilen veri trafi\u011fini dinlenemez ve okunamaz hale getirir.<\/p>\t\t\t\t\t\t\t\t<\/div>\n\t\t\t\t<\/div>\n\t\t\t\t<\/div>\n\t\t\t\t\t<\/div>\n\t\t\t\t<\/div>\n\t\t<div class=\"elementor-element elementor-element-29717f0 e-flex e-con-boxed e-con e-parent\" data-id=\"29717f0\" data-element_type=\"container\" data-e-type=\"container\">\n\t\t\t\t\t<div class=\"e-con-inner\">\n\t\t<div class=\"elementor-element elementor-element-cb51ce3 e-con-full e-flex e-con e-child\" data-id=\"cb51ce3\" data-element_type=\"container\" data-e-type=\"container\">\n\t\t\t\t<div class=\"elementor-element elementor-element-894d3ad elementor-widget elementor-widget-image\" data-id=\"894d3ad\" data-element_type=\"widget\" data-e-type=\"widget\" data-widget_type=\"image.default\">\n\t\t\t\t<div class=\"elementor-widget-container\">\n\t\t\t\t\t\t\t\t\t\t\t\t\t\t\t<img loading=\"lazy\" decoding=\"async\" loading=\"lazy\" width=\"470\" height=\"522\" src=\"https:\/\/bioaffix.com\/wp-content\/uploads\/BioAffix-OneServer-Security-Properties-Sync-1.webp\" class=\"attachment-full size-full wp-image-3541\" alt=\"\" srcset=\"https:\/\/bioaffix.com\/wp-content\/uploads\/BioAffix-OneServer-Security-Properties-Sync-1.webp 470w, https:\/\/bioaffix.com\/wp-content\/uploads\/BioAffix-OneServer-Security-Properties-Sync-1-270x300.webp 270w, https:\/\/bioaffix.com\/wp-content\/uploads\/BioAffix-OneServer-Security-Properties-Sync-1-80x90.webp 80w, https:\/\/bioaffix.com\/wp-content\/uploads\/BioAffix-OneServer-Security-Properties-Sync-1-11x12.webp 11w\" sizes=\"auto, (max-width: 470px) 100vw, 470px\" \/>\t\t\t\t\t\t\t\t\t\t\t\t\t\t\t<\/div>\n\t\t\t\t<\/div>\n\t\t\t\t<\/div>\n\t\t<div class=\"elementor-element elementor-element-37fb52e e-con-full e-flex e-con e-child\" data-id=\"37fb52e\" data-element_type=\"container\" data-e-type=\"container\">\n\t\t\t\t<div class=\"elementor-element elementor-element-afb7fa2 elementor-widget elementor-widget-heading\" data-id=\"afb7fa2\" data-element_type=\"widget\" data-e-type=\"widget\" data-widget_type=\"heading.default\">\n\t\t\t\t<div class=\"elementor-widget-container\">\n\t\t\t\t\t<h3 class=\"elementor-heading-title elementor-size-default\">Aktif-Aktif \u00c7al\u0131\u015fma \u00d6zelli\u011fi<\/h3>\t\t\t\t<\/div>\n\t\t\t\t<\/div>\n\t\t\t\t<div class=\"elementor-element elementor-element-e780a0f elementor-widget elementor-widget-text-editor\" data-id=\"e780a0f\" data-element_type=\"widget\" data-e-type=\"widget\" data-widget_type=\"text-editor.default\">\n\t\t\t\t<div class=\"elementor-widget-container\">\n\t\t\t\t\t\t\t\t\t<p>Birbirinden ba\u011f\u0131ms\u0131z olarak, birden fazla farkl\u0131 lokasyonda konumland\u0131r\u0131lm\u0131\u015f ve yine birden fazla veritaban\u0131 ile s\u00fcrekli ileti\u015fim halinde kalarak veri transferini kesintisiz olarak sa\u011flarken olas\u0131 bir veri kayb\u0131n\u0131 da engeller.<\/p>\t\t\t\t\t\t\t\t<\/div>\n\t\t\t\t<\/div>\n\t\t\t\t<\/div>\n\t\t\t\t\t<\/div>\n\t\t\t\t<\/div>\n\t\t<div class=\"elementor-element elementor-element-6c433d6 e-flex e-con-boxed e-con e-parent\" data-id=\"6c433d6\" data-element_type=\"container\" data-e-type=\"container\">\n\t\t\t\t\t<div class=\"e-con-inner\">\n\t\t<div class=\"elementor-element elementor-element-977afb4 e-con-full e-flex e-con e-child\" data-id=\"977afb4\" data-element_type=\"container\" data-e-type=\"container\">\n\t\t\t\t<div class=\"elementor-element elementor-element-3f56e78 elementor-widget elementor-widget-image\" data-id=\"3f56e78\" data-element_type=\"widget\" data-e-type=\"widget\" data-widget_type=\"image.default\">\n\t\t\t\t<div class=\"elementor-widget-container\">\n\t\t\t\t\t\t\t\t\t\t\t\t\t\t\t<img loading=\"lazy\" decoding=\"async\" loading=\"lazy\" width=\"251\" height=\"131\" src=\"https:\/\/bioaffix.com\/wp-content\/uploads\/BioAffix-WinLogon-Gears.webp\" class=\"attachment-large size-large wp-image-223\" alt=\"\" srcset=\"https:\/\/bioaffix.com\/wp-content\/uploads\/BioAffix-WinLogon-Gears.webp 251w, https:\/\/bioaffix.com\/wp-content\/uploads\/BioAffix-WinLogon-Gears-18x9.webp 18w\" sizes=\"auto, (max-width: 251px) 100vw, 251px\" \/>\t\t\t\t\t\t\t\t\t\t\t\t\t\t\t<\/div>\n\t\t\t\t<\/div>\n\t\t\t\t<div class=\"elementor-element elementor-element-222e911 elementor-widget elementor-widget-heading\" data-id=\"222e911\" data-element_type=\"widget\" data-e-type=\"widget\" data-widget_type=\"heading.default\">\n\t\t\t\t<div class=\"elementor-widget-container\">\n\t\t\t\t\t<h3 class=\"elementor-heading-title elementor-size-default\">BioAffix\u00ae OneServer Entegrasyon Yeteneklerini Ke\u015ffedin<\/h3>\t\t\t\t<\/div>\n\t\t\t\t<\/div>\n\t\t\t\t<div class=\"elementor-element elementor-element-fd3465c elementor-widget elementor-widget-text-editor\" data-id=\"fd3465c\" data-element_type=\"widget\" data-e-type=\"widget\" data-widget_type=\"text-editor.default\">\n\t\t\t\t<div class=\"elementor-widget-container\">\n\t\t\t\t\t\t\t\t\t<p><span style=\"color: #ca171e;\"><strong>Kolay ve \u00e7\u00f6z\u00fcm yaratan <\/strong><\/span>entegrasyon \u00f6zelliklerine daha yak\u0131ndan bak\u0131n<\/p>\t\t\t\t\t\t\t\t<\/div>\n\t\t\t\t<\/div>\n\t\t\t\t<div class=\"elementor-element elementor-element-f093ca5 elementor-align-center elementor-widget elementor-widget-button\" data-id=\"f093ca5\" data-element_type=\"widget\" data-e-type=\"widget\" data-widget_type=\"button.default\">\n\t\t\t\t<div class=\"elementor-widget-container\">\n\t\t\t\t\t\t\t\t\t<div class=\"elementor-button-wrapper\">\n\t\t\t\t\t<a class=\"elementor-button elementor-button-link elementor-size-sm\" href=\"https:\/\/bioaffix.com\/tr\/yazilim\/bioaffix-oneserver\/entegrasyon-yetenekleri\/\">\n\t\t\t\t\t\t<span class=\"elementor-button-content-wrapper\">\n\t\t\t\t\t\t\t\t\t<span class=\"elementor-button-text\">Daha Fazla Bilgi  &gt;<\/span>\n\t\t\t\t\t<\/span>\n\t\t\t\t\t<\/a>\n\t\t\t\t<\/div>\n\t\t\t\t\t\t\t\t<\/div>\n\t\t\t\t<\/div>\n\t\t\t\t<\/div>\n\t\t\t\t\t<\/div>\n\t\t\t\t<\/div>\n\t\t\t\t<\/div>\n\t\t","protected":false},"excerpt":{"rendered":"<p>HSM mod\u00fcl\u00fc ve Mul-Sec katman\u0131 ile BioAffix OneServer&#8217;day\u00fcksek g\u00fcvenli\u011fin tad\u0131n\u0131 \u00e7\u0131kar\u0131n.<\/p>\n","protected":false},"author":3,"featured_media":0,"parent":1854,"menu_order":0,"comment_status":"closed","ping_status":"closed","template":"","meta":{"nf_dc_page":"","footnotes":""},"class_list":["post-1980","page","type-page","status-publish","hentry","no-post-thumbnail"],"acf":[],"_links":{"self":[{"href":"https:\/\/bioaffix.com\/tr\/wp-json\/wp\/v2\/pages\/1980","targetHints":{"allow":["GET"]}}],"collection":[{"href":"https:\/\/bioaffix.com\/tr\/wp-json\/wp\/v2\/pages"}],"about":[{"href":"https:\/\/bioaffix.com\/tr\/wp-json\/wp\/v2\/types\/page"}],"author":[{"embeddable":true,"href":"https:\/\/bioaffix.com\/tr\/wp-json\/wp\/v2\/users\/3"}],"replies":[{"embeddable":true,"href":"https:\/\/bioaffix.com\/tr\/wp-json\/wp\/v2\/comments?post=1980"}],"version-history":[{"count":0,"href":"https:\/\/bioaffix.com\/tr\/wp-json\/wp\/v2\/pages\/1980\/revisions"}],"up":[{"embeddable":true,"href":"https:\/\/bioaffix.com\/tr\/wp-json\/wp\/v2\/pages\/1854"}],"wp:attachment":[{"href":"https:\/\/bioaffix.com\/tr\/wp-json\/wp\/v2\/media?parent=1980"}],"curies":[{"name":"wp","href":"https:\/\/api.w.org\/{rel}","templated":true}]}}