{"id":16453,"date":"2026-01-13T14:04:15","date_gmt":"2026-01-13T11:04:15","guid":{"rendered":"https:\/\/bioaffix.com\/credentials\/"},"modified":"2026-02-04T14:29:30","modified_gmt":"2026-02-04T11:29:30","slug":"akilli-kimlik-teknolojileri","status":"publish","type":"page","link":"https:\/\/bioaffix.com\/tr\/akilli-kimlik-teknolojileri\/","title":{"rendered":"Ak\u0131ll\u0131 Kimlik Teknolojileri"},"content":{"rendered":"\t\t<div data-elementor-type=\"wp-page\" data-elementor-id=\"16453\" class=\"elementor elementor-16453 elementor-16208\">\n\t\t\t\t<div class=\"elementor-element elementor-element-aafd544 e-con-full e-flex e-con e-parent\" data-id=\"aafd544\" data-element_type=\"container\" data-e-type=\"container\" data-settings=\"{&quot;background_background&quot;:&quot;classic&quot;}\">\n\t\t<div class=\"elementor-element elementor-element-61f5cba e-con-full e-flex e-con e-child\" data-id=\"61f5cba\" data-element_type=\"container\" data-e-type=\"container\">\n\t\t\t\t<div class=\"elementor-element elementor-element-f81ab57 elementor-widget elementor-widget-heading\" data-id=\"f81ab57\" data-element_type=\"widget\" data-e-type=\"widget\" data-widget_type=\"heading.default\">\n\t\t\t\t<div class=\"elementor-widget-container\">\n\t\t\t\t\t<h1 class=\"elementor-heading-title elementor-size-large\">Ak\u0131ll\u0131 Kimlik Teknolojileri<\/h1>\t\t\t\t<\/div>\n\t\t\t\t<\/div>\n\t\t\t\t<div class=\"elementor-element elementor-element-14ee9f0 elementor-widget elementor-widget-text-editor\" data-id=\"14ee9f0\" data-element_type=\"widget\" data-e-type=\"widget\" data-widget_type=\"text-editor.default\">\n\t\t\t\t<div class=\"elementor-widget-container\">\n\t\t\t\t\t\t\t\t\t<p style=\"text-align: center;\">Mobil ve fiziksel kimlik do\u011frulama \u00e7\u00f6z\u00fcmlerini kapsayan, BioAffix Bio-QR ve ak\u0131ll\u0131 kart teknolojileriyle g\u00fc\u00e7lendirilmi\u015f, yeni nesil bir biyometrik g\u00fcvenlik katman\u0131.<\/p>\t\t\t\t\t\t\t\t<\/div>\n\t\t\t\t<\/div>\n\t\t\t\t<\/div>\n\t\t\t\t<\/div>\n\t\t\t\t<section class=\"elementor-section elementor-top-section elementor-element elementor-element-8497d96 elementor-section-height-min-height elementor-section-boxed elementor-section-height-default elementor-section-items-middle\" data-id=\"8497d96\" data-element_type=\"section\" data-e-type=\"section\" data-settings=\"{&quot;background_background&quot;:&quot;classic&quot;}\">\n\t\t\t\t\t\t<div class=\"elementor-container elementor-column-gap-default\">\n\t\t\t\t\t<div class=\"elementor-column elementor-col-100 elementor-top-column elementor-element elementor-element-bac2068\" data-id=\"bac2068\" data-element_type=\"column\" data-e-type=\"column\">\n\t\t\t<div class=\"elementor-widget-wrap elementor-element-populated\">\n\t\t\t\t<div class=\"elementor-element elementor-element-2473275 e-con-full e-flex e-con e-parent\" data-id=\"2473275\" data-element_type=\"container\" data-e-type=\"container\">\n\t\t<a class=\"elementor-element elementor-element-707bf5f e-con-full e-flex e-con e-child\" data-id=\"707bf5f\" data-element_type=\"container\" data-e-type=\"container\" href=\"https:\/\/bioaffix.com\/tr\/akilli-kimlik-teknolojileri\/bioaffix-nextbadge\/\">\n\t\t\t\t<div class=\"elementor-element elementor-element-0572ab8 elementor-widget elementor-widget-image\" data-id=\"0572ab8\" data-element_type=\"widget\" data-e-type=\"widget\" data-widget_type=\"image.default\">\n\t\t\t\t<div class=\"elementor-widget-container\">\n\t\t\t\t\t\t\t\t\t\t\t\t\t\t\t<img loading=\"lazy\" decoding=\"async\" loading=\"lazy\" width=\"270\" height=\"152\" src=\"https:\/\/bioaffix.com\/wp-content\/uploads\/Related-Products-BioAffix-NextBadge.webp\" class=\"attachment-large size-large wp-image-16613\" alt=\"\" \/>\t\t\t\t\t\t\t\t\t\t\t\t\t\t\t<\/div>\n\t\t\t\t<\/div>\n\t\t\t\t<div class=\"elementor-element elementor-element-1903f30 elementor-widget elementor-widget-heading\" data-id=\"1903f30\" data-element_type=\"widget\" data-e-type=\"widget\" data-widget_type=\"heading.default\">\n\t\t\t\t<div class=\"elementor-widget-container\">\n\t\t\t\t\t<h2 class=\"elementor-heading-title elementor-size-default\">BioAffix NextBadge<\/h2>\t\t\t\t<\/div>\n\t\t\t\t<\/div>\n\t\t\t\t<\/a>\n\t\t<div class=\"elementor-element elementor-element-38440a1 e-con-full e-flex e-con e-child\" data-id=\"38440a1\" data-element_type=\"container\" data-e-type=\"container\">\n\t\t\t\t<\/div>\n\t\t<div class=\"elementor-element elementor-element-f7efb20 e-con-full e-flex e-con e-child\" data-id=\"f7efb20\" data-element_type=\"container\" data-e-type=\"container\">\n\t\t\t\t<\/div>\n\t\t<div class=\"elementor-element elementor-element-6bd0224 e-con-full e-flex e-con e-child\" data-id=\"6bd0224\" data-element_type=\"container\" data-e-type=\"container\">\n\t\t\t\t<\/div>\n\t\t\t\t<\/div>\n\t\t\t\t\t<\/div>\n\t\t<\/div>\n\t\t\t\t\t<\/div>\n\t\t<\/section>\n\t\t\t\t<\/div>\n\t\t","protected":false},"excerpt":{"rendered":"<p>Ak\u0131ll\u0131 Kimlik Teknolojileri Mobil ve fiziksel kimlik do\u011frulama \u00e7\u00f6z\u00fcmlerini kapsayan, BioAffix Bio-QR ve ak\u0131ll\u0131 kart teknolojileriyle g\u00fc\u00e7lendirilmi\u015f, yeni nesil bir biyometrik g\u00fcvenlik katman\u0131. BioAffix NextBadge<\/p>\n","protected":false},"author":3,"featured_media":0,"parent":0,"menu_order":0,"comment_status":"closed","ping_status":"closed","template":"elementor_header_footer","meta":{"nf_dc_page":"","footnotes":""},"class_list":["post-16453","page","type-page","status-publish","hentry","no-post-thumbnail"],"acf":[],"_links":{"self":[{"href":"https:\/\/bioaffix.com\/tr\/wp-json\/wp\/v2\/pages\/16453","targetHints":{"allow":["GET"]}}],"collection":[{"href":"https:\/\/bioaffix.com\/tr\/wp-json\/wp\/v2\/pages"}],"about":[{"href":"https:\/\/bioaffix.com\/tr\/wp-json\/wp\/v2\/types\/page"}],"author":[{"embeddable":true,"href":"https:\/\/bioaffix.com\/tr\/wp-json\/wp\/v2\/users\/3"}],"replies":[{"embeddable":true,"href":"https:\/\/bioaffix.com\/tr\/wp-json\/wp\/v2\/comments?post=16453"}],"version-history":[{"count":0,"href":"https:\/\/bioaffix.com\/tr\/wp-json\/wp\/v2\/pages\/16453\/revisions"}],"wp:attachment":[{"href":"https:\/\/bioaffix.com\/tr\/wp-json\/wp\/v2\/media?parent=16453"}],"curies":[{"name":"wp","href":"https:\/\/api.w.org\/{rel}","templated":true}]}}