{"id":15632,"date":"2025-08-28T17:05:55","date_gmt":"2025-08-28T14:05:55","guid":{"rendered":"https:\/\/bioaffix.com\/?page_id=15632"},"modified":"2025-08-29T10:19:12","modified_gmt":"2025-08-29T07:19:12","slug":"teknik-ozellikleri","status":"publish","type":"page","link":"https:\/\/bioaffix.com\/tr\/sensor\/bioaffix-sensor-no-touch-button\/teknik-ozellikleri\/","title":{"rendered":"BioAffix Sensor No Touch Button Teknik \u00d6zellikleri"},"content":{"rendered":"\t\t<div data-elementor-type=\"wp-page\" data-elementor-id=\"15632\" class=\"elementor elementor-15632\">\n\t\t\t\t<div class=\"elementor-element elementor-element-77dea4b4 submenuSticky e-flex e-con-boxed e-con e-parent\" data-id=\"77dea4b4\" data-element_type=\"container\" data-e-type=\"container\" data-settings=\"{&quot;background_background&quot;:&quot;classic&quot;}\">\n\t\t\t\t\t<div class=\"e-con-inner\">\n\t\t<div class=\"elementor-element elementor-element-37091129 e-con-full e-flex e-con e-child\" data-id=\"37091129\" data-element_type=\"container\" data-e-type=\"container\">\n\t\t\t\t<div class=\"elementor-element elementor-element-548a3fe4 elementor-widget elementor-widget-image\" data-id=\"548a3fe4\" data-element_type=\"widget\" data-e-type=\"widget\" data-widget_type=\"image.default\">\n\t\t\t\t<div class=\"elementor-widget-container\">\n\t\t\t\t\t\t\t\t\t\t\t\t\t\t\t\t<a href=\"https:\/\/bioaffix.com\/tr\/sensor\/bioaffix-sensor-no-touch-button\/\">\n\t\t\t\t\t\t\t<img loading=\"lazy\" decoding=\"async\" loading=\"lazy\" width=\"107\" height=\"38\" src=\"https:\/\/bioaffix.com\/wp-content\/uploads\/BioAffix-Sensor-Logo.webp\" class=\"attachment-full size-full wp-image-8875\" alt=\"\" \/>\t\t\t\t\t\t\t\t<\/a>\n\t\t\t\t\t\t\t\t\t\t\t\t\t\t\t<\/div>\n\t\t\t\t<\/div>\n\t\t\t\t<\/div>\n\t\t<div class=\"elementor-element elementor-element-3ddc5f56 e-con-full e-flex e-con e-child\" data-id=\"3ddc5f56\" data-element_type=\"container\" data-e-type=\"container\">\n\t\t\t\t<div class=\"elementor-element elementor-element-13dddf1f customNavMenu elementor-widget elementor-widget-wp-widget-nav_menu\" data-id=\"13dddf1f\" data-element_type=\"widget\" data-e-type=\"widget\" data-widget_type=\"wp-widget-nav_menu.default\">\n\t\t\t\t<div class=\"elementor-widget-container\">\n\t\t\t\t\t<div class=\"menu-bioaffix-sensor-no-touch-button-tr-container\"><ul id=\"menu-bioaffix-sensor-no-touch-button-tr\" class=\"menu\"><li id=\"menu-item-15158\" class=\"menu-item menu-item-type-post_type menu-item-object-page menu-item-15158\"><a href=\"https:\/\/bioaffix.com\/tr\/sensor\/bioaffix-sensor-no-touch-button\/\"   class=\"nav-link\">Genel Bak\u0131\u015f <\/a><\/li>\n<li id=\"menu-item-15657\" class=\"menu-item menu-item-type-post_type menu-item-object-page menu-item-15657\"><a href=\"https:\/\/bioaffix.com\/tr\/sensor\/bioaffix-sensor-no-touch-button\/teknik-ozellikleri\/\"   class=\"nav-link\">Teknik \u00d6zellikleri <\/a><\/li>\n<li id=\"menu-item-15157\" class=\"menu-item menu-item-type-custom menu-item-object-custom menu-item-15157\"><a href=\"https:\/\/file.ones.com.tr\/s\/bioaffixsensornotouchtr\" class=\"nav-link\" target=\"_blank\" rel=\"noopener\">\u0130ndir <\/a><\/li>\n<li id=\"menu-item-15159\" class=\"menu-item menu-item-type-custom menu-item-object-custom menu-item-15159\"><a href=\"https:\/\/file.ones.com.tr\/s\/BioAffixSensorNoTouchButtonMedia\" class=\"nav-link\" target=\"_blank\" rel=\"noopener\">Medya <\/a><\/li>\n<\/ul><\/div>\t\t\t\t<\/div>\n\t\t\t\t<\/div>\n\t\t\t\t<\/div>\n\t\t\t\t\t<\/div>\n\t\t\t\t<\/div>\n\t\t<div class=\"elementor-element elementor-element-4c9145c5 e-con-full e-flex e-con e-parent\" data-id=\"4c9145c5\" data-element_type=\"container\" data-e-type=\"container\" data-settings=\"{&quot;background_background&quot;:&quot;gradient&quot;}\">\n\t\t\t\t<div class=\"elementor-element elementor-element-3ca1c8f3 elementor-widget elementor-widget-heading\" data-id=\"3ca1c8f3\" data-element_type=\"widget\" data-e-type=\"widget\" data-widget_type=\"heading.default\">\n\t\t\t\t<div class=\"elementor-widget-container\">\n\t\t\t\t\t<h1 class=\"elementor-heading-title elementor-size-default\">BioAffix Sensor No Touch Button Teknik \u00d6zellikleri<\/h1>\t\t\t\t<\/div>\n\t\t\t\t<\/div>\n\t\t\t\t<\/div>\n\t\t<div class=\"elementor-element elementor-element-1d9a6a9c e-flex e-con-boxed e-con e-parent\" data-id=\"1d9a6a9c\" data-element_type=\"container\" data-e-type=\"container\">\n\t\t\t\t\t<div class=\"e-con-inner\">\n\t\t\t\t<div class=\"elementor-element elementor-element-58e97ecd elementor-widget elementor-widget-image\" data-id=\"58e97ecd\" data-element_type=\"widget\" data-e-type=\"widget\" data-widget_type=\"image.default\">\n\t\t\t\t<div class=\"elementor-widget-container\">\n\t\t\t\t\t\t\t\t\t\t\t\t\t\t\t<img decoding=\"async\" src=\"https:\/\/bioaffix.com\/wp-content\/uploads\/elementor\/thumbs\/BioAffix-Sensor-Touch-Button-Dimensions-r1clcy49zeeyg2q0aniny4xl6tvxvnoxs2p4nhvzoo.webp\" title=\"BioAffix-Sensor-Touch-Button-Dimensions\" alt=\"BioAffix-Sensor-Touch-Button-Dimensions\" loading=\"lazy\" \/>\t\t\t\t\t\t\t\t\t\t\t\t\t\t\t<\/div>\n\t\t\t\t<\/div>\n\t\t<div class=\"elementor-element elementor-element-19707336 e-flex e-con-boxed e-con e-child\" data-id=\"19707336\" data-element_type=\"container\" data-e-type=\"container\">\n\t\t\t\t\t<div class=\"e-con-inner\">\n\t\t<div class=\"elementor-element elementor-element-656afef e-con-full e-flex e-con e-child\" data-id=\"656afef\" data-element_type=\"container\" data-e-type=\"container\">\n\t\t\t\t<div class=\"elementor-element elementor-element-33b6d857 elementor-hidden-mobile elementor-view-default elementor-widget elementor-widget-icon\" data-id=\"33b6d857\" data-element_type=\"widget\" data-e-type=\"widget\" data-widget_type=\"icon.default\">\n\t\t\t\t<div class=\"elementor-widget-container\">\n\t\t\t\t\t\t\t<div class=\"elementor-icon-wrapper\">\n\t\t\t<div class=\"elementor-icon\">\n\t\t\t<svg aria-hidden=\"true\" class=\"e-font-icon-svg e-fas-ruler-combined\" viewBox=\"0 0 512 512\" xmlns=\"http:\/\/www.w3.org\/2000\/svg\"><path d=\"M160 288h-56c-4.42 0-8-3.58-8-8v-16c0-4.42 3.58-8 8-8h56v-64h-56c-4.42 0-8-3.58-8-8v-16c0-4.42 3.58-8 8-8h56V96h-56c-4.42 0-8-3.58-8-8V72c0-4.42 3.58-8 8-8h56V32c0-17.67-14.33-32-32-32H32C14.33 0 0 14.33 0 32v448c0 2.77.91 5.24 1.57 7.8L160 329.38V288zm320 64h-32v56c0 4.42-3.58 8-8 8h-16c-4.42 0-8-3.58-8-8v-56h-64v56c0 4.42-3.58 8-8 8h-16c-4.42 0-8-3.58-8-8v-56h-64v56c0 4.42-3.58 8-8 8h-16c-4.42 0-8-3.58-8-8v-56h-41.37L24.2 510.43c2.56.66 5.04 1.57 7.8 1.57h448c17.67 0 32-14.33 32-32v-96c0-17.67-14.33-32-32-32z\"><\/path><\/svg>\t\t\t<\/div>\n\t\t<\/div>\n\t\t\t\t\t\t<\/div>\n\t\t\t\t<\/div>\n\t\t\t\t<\/div>\n\t\t<div class=\"elementor-element elementor-element-1c9f3e1 e-con-full e-flex e-con e-child\" data-id=\"1c9f3e1\" data-element_type=\"container\" data-e-type=\"container\">\n\t\t\t\t<div class=\"elementor-element elementor-element-2fd76c1e elementor-widget elementor-widget-heading\" data-id=\"2fd76c1e\" data-element_type=\"widget\" data-e-type=\"widget\" data-widget_type=\"heading.default\">\n\t\t\t\t<div class=\"elementor-widget-container\">\n\t\t\t\t\t<h3 class=\"elementor-heading-title elementor-size-default\">\u00d6l\u00e7\u00fcler<\/h3>\t\t\t\t<\/div>\n\t\t\t\t<\/div>\n\t\t\t\t<\/div>\n\t\t<div class=\"elementor-element elementor-element-293ae84e e-con-full e-flex e-con e-child\" data-id=\"293ae84e\" data-element_type=\"container\" data-e-type=\"container\">\n\t\t\t\t<div class=\"elementor-element elementor-element-17907532 elementor-widget elementor-widget-text-editor\" data-id=\"17907532\" data-element_type=\"widget\" data-e-type=\"widget\" data-widget_type=\"text-editor.default\">\n\t\t\t\t<div class=\"elementor-widget-container\">\n\t\t\t\t\t\t\t\t\t<p><strong>Y\u00fckseklik:<\/strong> 103 mm<\/p><p><strong>Geni\u015flik: <\/strong>50 mm<\/p><p><strong>Kal\u0131nl\u0131k: <\/strong>27 mm<\/p>\t\t\t\t\t\t\t\t<\/div>\n\t\t\t\t<\/div>\n\t\t\t\t<\/div>\n\t\t\t\t\t<\/div>\n\t\t\t\t<\/div>\n\t\t\t\t<div class=\"elementor-element elementor-element-490cd6eb elementor-widget-divider--view-line elementor-widget elementor-widget-divider\" data-id=\"490cd6eb\" data-element_type=\"widget\" data-e-type=\"widget\" data-widget_type=\"divider.default\">\n\t\t\t\t<div class=\"elementor-widget-container\">\n\t\t\t\t\t\t\t<div class=\"elementor-divider\">\n\t\t\t<span class=\"elementor-divider-separator\">\n\t\t\t\t\t\t<\/span>\n\t\t<\/div>\n\t\t\t\t\t\t<\/div>\n\t\t\t\t<\/div>\n\t\t<div class=\"elementor-element elementor-element-5d26e0f9 e-flex e-con-boxed e-con e-child\" data-id=\"5d26e0f9\" data-element_type=\"container\" data-e-type=\"container\">\n\t\t\t\t\t<div class=\"e-con-inner\">\n\t\t<div class=\"elementor-element elementor-element-69074ff7 e-con-full e-flex e-con e-child\" data-id=\"69074ff7\" data-element_type=\"container\" data-e-type=\"container\">\n\t\t\t\t<div class=\"elementor-element elementor-element-747d9229 elementor-hidden-mobile elementor-view-default elementor-widget elementor-widget-icon\" data-id=\"747d9229\" data-element_type=\"widget\" data-e-type=\"widget\" data-widget_type=\"icon.default\">\n\t\t\t\t<div class=\"elementor-widget-container\">\n\t\t\t\t\t\t\t<div class=\"elementor-icon-wrapper\">\n\t\t\t<div class=\"elementor-icon\">\n\t\t\t<svg aria-hidden=\"true\" class=\"e-font-icon-svg e-fas-power-off\" viewBox=\"0 0 512 512\" xmlns=\"http:\/\/www.w3.org\/2000\/svg\"><path d=\"M400 54.1c63 45 104 118.6 104 201.9 0 136.8-110.8 247.7-247.5 248C120 504.3 8.2 393 8 256.4 7.9 173.1 48.9 99.3 111.8 54.2c11.7-8.3 28-4.8 35 7.7L162.6 90c5.9 10.5 3.1 23.8-6.6 31-41.5 30.8-68 79.6-68 134.9-.1 92.3 74.5 168.1 168 168.1 91.6 0 168.6-74.2 168-169.1-.3-51.8-24.7-101.8-68.1-134-9.7-7.2-12.4-20.5-6.5-30.9l15.8-28.1c7-12.4 23.2-16.1 34.8-7.8zM296 264V24c0-13.3-10.7-24-24-24h-32c-13.3 0-24 10.7-24 24v240c0 13.3 10.7 24 24 24h32c13.3 0 24-10.7 24-24z\"><\/path><\/svg>\t\t\t<\/div>\n\t\t<\/div>\n\t\t\t\t\t\t<\/div>\n\t\t\t\t<\/div>\n\t\t\t\t<\/div>\n\t\t<div class=\"elementor-element elementor-element-328bcd34 e-con-full e-flex e-con e-child\" data-id=\"328bcd34\" data-element_type=\"container\" data-e-type=\"container\">\n\t\t\t\t<div class=\"elementor-element elementor-element-607fc140 elementor-widget elementor-widget-heading\" data-id=\"607fc140\" data-element_type=\"widget\" data-e-type=\"widget\" data-widget_type=\"heading.default\">\n\t\t\t\t<div class=\"elementor-widget-container\">\n\t\t\t\t\t<h3 class=\"elementor-heading-title elementor-size-default\">Ba\u011flant\u0131<\/h3>\t\t\t\t<\/div>\n\t\t\t\t<\/div>\n\t\t\t\t<\/div>\n\t\t<div class=\"elementor-element elementor-element-5ab44d6f e-flex e-con-boxed e-con e-child\" data-id=\"5ab44d6f\" data-element_type=\"container\" data-e-type=\"container\">\n\t\t\t\t\t<div class=\"e-con-inner\">\n\t\t<div class=\"elementor-element elementor-element-6f3b36e1 e-con-full e-flex e-con e-child\" data-id=\"6f3b36e1\" data-element_type=\"container\" data-e-type=\"container\">\n\t\t\t\t<div class=\"elementor-element elementor-element-7ff59377 elementor-widget elementor-widget-text-editor\" data-id=\"7ff59377\" data-element_type=\"widget\" data-e-type=\"widget\" data-widget_type=\"text-editor.default\">\n\t\t\t\t<div class=\"elementor-widget-container\">\n\t\t\t\t\t\t\t\t\t<p><strong>Kontak:<\/strong> NC, COM, NO<\/p>\t\t\t\t\t\t\t\t<\/div>\n\t\t\t\t<\/div>\n\t\t\t\t<\/div>\n\t\t\t\t\t<\/div>\n\t\t\t\t<\/div>\n\t\t\t\t\t<\/div>\n\t\t\t\t<\/div>\n\t\t\t\t<div class=\"elementor-element elementor-element-0f7e4c1 elementor-widget-divider--view-line elementor-widget elementor-widget-divider\" data-id=\"0f7e4c1\" data-element_type=\"widget\" data-e-type=\"widget\" data-widget_type=\"divider.default\">\n\t\t\t\t<div class=\"elementor-widget-container\">\n\t\t\t\t\t\t\t<div class=\"elementor-divider\">\n\t\t\t<span class=\"elementor-divider-separator\">\n\t\t\t\t\t\t<\/span>\n\t\t<\/div>\n\t\t\t\t\t\t<\/div>\n\t\t\t\t<\/div>\n\t\t<div class=\"elementor-element elementor-element-288e9e6 e-con-full e-flex e-con e-child\" data-id=\"288e9e6\" data-element_type=\"container\" data-e-type=\"container\">\n\t\t<div class=\"elementor-element elementor-element-ccb2e67 e-con-full e-flex e-con e-child\" data-id=\"ccb2e67\" data-element_type=\"container\" data-e-type=\"container\">\n\t\t\t\t<div class=\"elementor-element elementor-element-23c1e78 elementor-hidden-mobile elementor-view-default elementor-widget elementor-widget-icon\" data-id=\"23c1e78\" data-element_type=\"widget\" data-e-type=\"widget\" data-widget_type=\"icon.default\">\n\t\t\t\t<div class=\"elementor-widget-container\">\n\t\t\t\t\t\t\t<div class=\"elementor-icon-wrapper\">\n\t\t\t<div class=\"elementor-icon\">\n\t\t\t<svg aria-hidden=\"true\" class=\"e-font-icon-svg e-fas-power-off\" viewBox=\"0 0 512 512\" xmlns=\"http:\/\/www.w3.org\/2000\/svg\"><path d=\"M400 54.1c63 45 104 118.6 104 201.9 0 136.8-110.8 247.7-247.5 248C120 504.3 8.2 393 8 256.4 7.9 173.1 48.9 99.3 111.8 54.2c11.7-8.3 28-4.8 35 7.7L162.6 90c5.9 10.5 3.1 23.8-6.6 31-41.5 30.8-68 79.6-68 134.9-.1 92.3 74.5 168.1 168 168.1 91.6 0 168.6-74.2 168-169.1-.3-51.8-24.7-101.8-68.1-134-9.7-7.2-12.4-20.5-6.5-30.9l15.8-28.1c7-12.4 23.2-16.1 34.8-7.8zM296 264V24c0-13.3-10.7-24-24-24h-32c-13.3 0-24 10.7-24 24v240c0 13.3 10.7 24 24 24h32c13.3 0 24-10.7 24-24z\"><\/path><\/svg>\t\t\t<\/div>\n\t\t<\/div>\n\t\t\t\t\t\t<\/div>\n\t\t\t\t<\/div>\n\t\t\t\t<\/div>\n\t\t<div class=\"elementor-element elementor-element-c756ba5 e-con-full e-flex e-con e-child\" data-id=\"c756ba5\" data-element_type=\"container\" data-e-type=\"container\">\n\t\t\t\t<div class=\"elementor-element elementor-element-ffedb03 elementor-widget elementor-widget-heading\" data-id=\"ffedb03\" data-element_type=\"widget\" data-e-type=\"widget\" data-widget_type=\"heading.default\">\n\t\t\t\t<div class=\"elementor-widget-container\">\n\t\t\t\t\t<h3 class=\"elementor-heading-title elementor-size-default\">G\u00fc\u00e7<\/h3>\t\t\t\t<\/div>\n\t\t\t\t<\/div>\n\t\t\t\t<\/div>\n\t\t<div class=\"elementor-element elementor-element-60bdb2b e-flex e-con-boxed e-con e-child\" data-id=\"60bdb2b\" data-element_type=\"container\" data-e-type=\"container\">\n\t\t\t\t\t<div class=\"e-con-inner\">\n\t\t<div class=\"elementor-element elementor-element-62fa0df e-con-full e-flex e-con e-child\" data-id=\"62fa0df\" data-element_type=\"container\" data-e-type=\"container\">\n\t\t\t\t<div class=\"elementor-element elementor-element-de53c7b elementor-widget elementor-widget-text-editor\" data-id=\"de53c7b\" data-element_type=\"widget\" data-e-type=\"widget\" data-widget_type=\"text-editor.default\">\n\t\t\t\t<div class=\"elementor-widget-container\">\n\t\t\t\t\t\t\t\t\t<p><strong>Giri\u015f:<\/strong> 12V DC<\/p><p><strong>Minimum Amper:<\/strong> 30mA<\/p><p><strong>Maksimum Amper:<\/strong> 50mA<\/p><p>\u00a0<\/p>\t\t\t\t\t\t\t\t<\/div>\n\t\t\t\t<\/div>\n\t\t\t\t<\/div>\n\t\t\t\t\t<\/div>\n\t\t\t\t<\/div>\n\t\t\t\t<\/div>\n\t\t\t\t<div class=\"elementor-element elementor-element-534406cd elementor-widget-divider--view-line elementor-widget elementor-widget-divider\" data-id=\"534406cd\" data-element_type=\"widget\" data-e-type=\"widget\" data-widget_type=\"divider.default\">\n\t\t\t\t<div class=\"elementor-widget-container\">\n\t\t\t\t\t\t\t<div class=\"elementor-divider\">\n\t\t\t<span class=\"elementor-divider-separator\">\n\t\t\t\t\t\t<\/span>\n\t\t<\/div>\n\t\t\t\t\t\t<\/div>\n\t\t\t\t<\/div>\n\t\t<div class=\"elementor-element elementor-element-17a5af87 e-flex e-con-boxed e-con e-child\" data-id=\"17a5af87\" data-element_type=\"container\" data-e-type=\"container\">\n\t\t\t\t\t<div class=\"e-con-inner\">\n\t\t<div class=\"elementor-element elementor-element-6bb6c11a e-con-full e-flex e-con e-child\" data-id=\"6bb6c11a\" data-element_type=\"container\" data-e-type=\"container\">\n\t\t\t\t<div class=\"elementor-element elementor-element-4e16e634 elementor-hidden-mobile elementor-view-default elementor-widget elementor-widget-icon\" data-id=\"4e16e634\" data-element_type=\"widget\" data-e-type=\"widget\" data-widget_type=\"icon.default\">\n\t\t\t\t<div class=\"elementor-widget-container\">\n\t\t\t\t\t\t\t<div class=\"elementor-icon-wrapper\">\n\t\t\t<div class=\"elementor-icon\">\n\t\t\t<svg aria-hidden=\"true\" class=\"e-font-icon-svg e-fas-clipboard-list\" viewBox=\"0 0 384 512\" xmlns=\"http:\/\/www.w3.org\/2000\/svg\"><path d=\"M336 64h-80c0-35.3-28.7-64-64-64s-64 28.7-64 64H48C21.5 64 0 85.5 0 112v352c0 26.5 21.5 48 48 48h288c26.5 0 48-21.5 48-48V112c0-26.5-21.5-48-48-48zM96 424c-13.3 0-24-10.7-24-24s10.7-24 24-24 24 10.7 24 24-10.7 24-24 24zm0-96c-13.3 0-24-10.7-24-24s10.7-24 24-24 24 10.7 24 24-10.7 24-24 24zm0-96c-13.3 0-24-10.7-24-24s10.7-24 24-24 24 10.7 24 24-10.7 24-24 24zm96-192c13.3 0 24 10.7 24 24s-10.7 24-24 24-24-10.7-24-24 10.7-24 24-24zm128 368c0 4.4-3.6 8-8 8H168c-4.4 0-8-3.6-8-8v-16c0-4.4 3.6-8 8-8h144c4.4 0 8 3.6 8 8v16zm0-96c0 4.4-3.6 8-8 8H168c-4.4 0-8-3.6-8-8v-16c0-4.4 3.6-8 8-8h144c4.4 0 8 3.6 8 8v16zm0-96c0 4.4-3.6 8-8 8H168c-4.4 0-8-3.6-8-8v-16c0-4.4 3.6-8 8-8h144c4.4 0 8 3.6 8 8v16z\"><\/path><\/svg>\t\t\t<\/div>\n\t\t<\/div>\n\t\t\t\t\t\t<\/div>\n\t\t\t\t<\/div>\n\t\t\t\t<\/div>\n\t\t<div class=\"elementor-element elementor-element-b264181 e-con-full e-flex e-con e-child\" data-id=\"b264181\" data-element_type=\"container\" data-e-type=\"container\">\n\t\t\t\t<div class=\"elementor-element elementor-element-2e3ab3af elementor-widget elementor-widget-heading\" data-id=\"2e3ab3af\" data-element_type=\"widget\" data-e-type=\"widget\" data-widget_type=\"heading.default\">\n\t\t\t\t<div class=\"elementor-widget-container\">\n\t\t\t\t\t<h3 class=\"elementor-heading-title elementor-size-default\">Di\u011fer \u00d6zellikler<\/h3>\t\t\t\t<\/div>\n\t\t\t\t<\/div>\n\t\t\t\t<\/div>\n\t\t<div class=\"elementor-element elementor-element-431940ba e-flex e-con-boxed e-con e-child\" data-id=\"431940ba\" data-element_type=\"container\" data-e-type=\"container\">\n\t\t\t\t\t<div class=\"e-con-inner\">\n\t\t\t\t<div class=\"elementor-element elementor-element-4796c480 elementor-widget elementor-widget-text-editor\" data-id=\"4796c480\" data-element_type=\"widget\" data-e-type=\"widget\" data-widget_type=\"text-editor.default\">\n\t\t\t\t<div class=\"elementor-widget-container\">\n\t\t\t\t\t\t\t\t\t<p><strong style=\"color: var( --e-global-color-text ); text-align: var(--text-align); background-color: var(--bs-body-bg);\">Trimpot:<\/strong><span style=\"color: var( --e-global-color-text ); text-align: var(--text-align); background-color: var(--bs-body-bg);\"> 2 Adet<\/span><\/p><p><strong style=\"color: var( --e-global-color-text ); text-align: var(--text-align); background-color: var(--bs-body-bg);\">LED:<\/strong><span style=\"color: var( --e-global-color-text ); text-align: var(--text-align); background-color: var(--bs-body-bg);\"> 2 Adet(Ye\u015fil-Mavi)<\/span><\/p><p><strong>\u00c7al\u0131\u015fma S\u0131cakl\u0131\u011f\u0131:<\/strong> -20\u00b0C ~ +60\u00b0C<\/p><p><strong>\u00c7al\u0131\u015fma Mesafesi:<\/strong> 5-15cm<\/p>\t\t\t\t\t\t\t\t<\/div>\n\t\t\t\t<\/div>\n\t\t\t\t\t<\/div>\n\t\t\t\t<\/div>\n\t\t\t\t\t<\/div>\n\t\t\t\t<\/div>\n\t\t\t\t\t<\/div>\n\t\t\t\t<\/div>\n\t\t\t\t<\/div>\n\t\t","protected":false},"excerpt":{"rendered":"<p>BioAffix Sensor No Touch Button Teknik \u00d6zellikleri \u00d6l\u00e7\u00fcler Y\u00fckseklik: 103 mm Geni\u015flik: 50 mm Kal\u0131nl\u0131k: 27 mm Ba\u011flant\u0131 Kontak: NC, COM, NO G\u00fc\u00e7 Giri\u015f: 12V DC Minimum Amper: 30mA Maksimum Amper: 50mA \u00a0 Di\u011fer \u00d6zellikler Trimpot: 2 Adet LED: 2 Adet(Ye\u015fil-Mavi) \u00c7al\u0131\u015fma S\u0131cakl\u0131\u011f\u0131: -20\u00b0C ~ +60\u00b0C \u00c7al\u0131\u015fma Mesafesi: 5-15cm<\/p>\n","protected":false},"author":2,"featured_media":0,"parent":15049,"menu_order":0,"comment_status":"closed","ping_status":"closed","template":"elementor_header_footer","meta":{"nf_dc_page":"","footnotes":""},"class_list":["post-15632","page","type-page","status-publish","hentry","no-post-thumbnail"],"acf":[],"_links":{"self":[{"href":"https:\/\/bioaffix.com\/tr\/wp-json\/wp\/v2\/pages\/15632","targetHints":{"allow":["GET"]}}],"collection":[{"href":"https:\/\/bioaffix.com\/tr\/wp-json\/wp\/v2\/pages"}],"about":[{"href":"https:\/\/bioaffix.com\/tr\/wp-json\/wp\/v2\/types\/page"}],"author":[{"embeddable":true,"href":"https:\/\/bioaffix.com\/tr\/wp-json\/wp\/v2\/users\/2"}],"replies":[{"embeddable":true,"href":"https:\/\/bioaffix.com\/tr\/wp-json\/wp\/v2\/comments?post=15632"}],"version-history":[{"count":0,"href":"https:\/\/bioaffix.com\/tr\/wp-json\/wp\/v2\/pages\/15632\/revisions"}],"up":[{"embeddable":true,"href":"https:\/\/bioaffix.com\/tr\/wp-json\/wp\/v2\/pages\/15049"}],"wp:attachment":[{"href":"https:\/\/bioaffix.com\/tr\/wp-json\/wp\/v2\/media?parent=15632"}],"curies":[{"name":"wp","href":"https:\/\/api.w.org\/{rel}","templated":true}]}}