{"id":12219,"date":"2025-04-08T16:58:20","date_gmt":"2025-04-08T13:58:20","guid":{"rendered":"https:\/\/bioaffix.com\/?page_id=12219"},"modified":"2025-04-08T17:23:42","modified_gmt":"2025-04-08T14:23:42","slug":"kullanim-sartlari","status":"publish","type":"page","link":"https:\/\/bioaffix.com\/tr\/kullanim-sartlari\/","title":{"rendered":"Kullan\u0131m \u015eartlar\u0131"},"content":{"rendered":"\t\t<div data-elementor-type=\"wp-page\" data-elementor-id=\"12219\" class=\"elementor elementor-12219\">\n\t\t\t\t<div class=\"elementor-element elementor-element-276a7ab5 e-con-full e-flex e-con e-parent\" data-id=\"276a7ab5\" data-element_type=\"container\" data-e-type=\"container\" data-settings=\"{&quot;background_background&quot;:&quot;classic&quot;}\">\n\t\t<div class=\"elementor-element elementor-element-1f16cbe3 e-con-full e-flex e-con e-child\" data-id=\"1f16cbe3\" data-element_type=\"container\" data-e-type=\"container\">\n\t\t\t\t<div class=\"elementor-element elementor-element-1416b82b elementor-widget elementor-widget-heading\" data-id=\"1416b82b\" data-element_type=\"widget\" data-e-type=\"widget\" data-widget_type=\"heading.default\">\n\t\t\t\t<div class=\"elementor-widget-container\">\n\t\t\t\t\t<h1 class=\"elementor-heading-title elementor-size-default\">Kullan\u0131m \u015eartlar\u0131<\/h1>\t\t\t\t<\/div>\n\t\t\t\t<\/div>\n\t\t\t\t<div class=\"elementor-element elementor-element-10a2bdd3 elementor-widget elementor-widget-text-editor\" data-id=\"10a2bdd3\" data-element_type=\"widget\" data-e-type=\"widget\" data-widget_type=\"text-editor.default\">\n\t\t\t\t<div class=\"elementor-widget-container\">\n\t\t\t\t\t\t\t\t\t<div class=\"flex max-w-full flex-col flex-grow\"><div class=\"min-h-8 text-message flex w-full flex-col items-end gap-2 whitespace-normal break-words [.text-message+&amp;]:mt-5\" dir=\"auto\" data-message-author-role=\"assistant\" data-message-id=\"f2dd9e54-4038-4d4b-957a-2a2ab94759fc\"><div class=\"flex w-full flex-col gap-1 empty:hidden first:pt-[3px]\"><div class=\"markdown prose w-full break-words dark:prose-invert dark\"><p>BioAffix&#8217;in Kullan\u0131m \u015eartlar\u0131 sayfas\u0131, hizmetlerimizin g\u00fcvenli ve verimli kullan\u0131m\u0131n\u0131 sa\u011flamak i\u00e7in belirlenmi\u015f kurallar\u0131 ve ko\u015fullar\u0131 i\u00e7erir.<\/p><\/div><\/div><\/div><\/div>\t\t\t\t\t\t\t\t<\/div>\n\t\t\t\t<\/div>\n\t\t\t\t<\/div>\n\t\t\t\t<\/div>\n\t\t<div class=\"elementor-element elementor-element-59ff00b2 e-flex e-con-boxed e-con e-parent\" data-id=\"59ff00b2\" data-element_type=\"container\" data-e-type=\"container\">\n\t\t\t\t\t<div class=\"e-con-inner\">\n\t\t<div class=\"elementor-element elementor-element-54dafef7 e-con-full e-flex e-con e-child\" data-id=\"54dafef7\" data-element_type=\"container\" data-e-type=\"container\">\n\t\t\t\t<div class=\"elementor-element elementor-element-365a7bd elementor-widget elementor-widget-heading\" data-id=\"365a7bd\" data-element_type=\"widget\" data-e-type=\"widget\" data-widget_type=\"heading.default\">\n\t\t\t\t<div class=\"elementor-widget-container\">\n\t\t\t\t\t<h2 class=\"elementor-heading-title elementor-size-default\">I. Uygulama Kapsam\u0131 Kullan\u0131m Protokol\u00fc<\/h2>\t\t\t\t<\/div>\n\t\t\t\t<\/div>\n\t\t\t\t<div class=\"elementor-element elementor-element-8323bdf elementor-widget elementor-widget-text-editor\" data-id=\"8323bdf\" data-element_type=\"widget\" data-e-type=\"widget\" data-widget_type=\"text-editor.default\">\n\t\t\t\t<div class=\"elementor-widget-container\">\n\t\t\t\t\t\t\t\t\t<p>Bu kullan\u0131m protokol\u00fc BioAffix resmi web sayfas\u0131 i\u00e7in uygulan\u0131r (Bundan sonra \u201cweb sayfas\u0131\u201d olarak ge\u00e7ecektir.) BioAffix\u00a0bu vesileyle kullan\u0131c\u0131lar\u0131n\u0131 bu protokol\u00fcn i\u00e7eri\u011fini dikkatle okumalar\u0131n\u0131 ve tamamen anlamalar\u0131 i\u00e7in uyar\u0131r. Web sayfas\u0131n\u0131 kullanman\u0131z kullan\u0131m protokol\u00fcne uymay\u0131 kabul etmeniz anlam\u0131na gelir. E\u011fer kullan\u0131m protokol\u00fcn\u00fc kabul etmiyorsan\u0131z, web sayfas\u0131n\u0131 kullanmay\u0131n. BioAffix kanunun izin verdi\u011fi dereceye kadar kendi iste\u011fiyle kullan\u0131m protokol\u00fcn\u00fcn i\u00e7eri\u011fini d\u00fczensiz olarak de\u011fi\u015ftirme hakk\u0131n\u0131 sakl\u0131 tutar ve sizin kullan\u0131m protokol\u00fcndeki de\u011fi\u015fiklikleri d\u00fczenli olarak g\u00f6zden ge\u00e7irme sorumlulu\u011funuz vard\u0131r. De\u011fi\u015ftirme bilgisinin yay\u0131nlanmas\u0131ndan sonra web sayfas\u0131n\u0131 kullanmaya devam etmeniz sizin buna raz\u0131 oldu\u011funuzu ve de\u011fi\u015fikli\u011fi kabul etti\u011finizi g\u00f6sterir.<\/p>\t\t\t\t\t\t\t\t<\/div>\n\t\t\t\t<\/div>\n\t\t\t\t<div class=\"elementor-element elementor-element-3022fddf elementor-widget elementor-widget-heading\" data-id=\"3022fddf\" data-element_type=\"widget\" data-e-type=\"widget\" data-widget_type=\"heading.default\">\n\t\t\t\t<div class=\"elementor-widget-container\">\n\t\t\t\t\t<h2 class=\"elementor-heading-title elementor-size-default\">II. Fikri M\u00fclkiyet Haklar\u0131 \u00dczerine Bildiri<\/h2>\t\t\t\t<\/div>\n\t\t\t\t<\/div>\n\t\t\t\t<div class=\"elementor-element elementor-element-13919695 elementor-widget elementor-widget-text-editor\" data-id=\"13919695\" data-element_type=\"widget\" data-e-type=\"widget\" data-widget_type=\"text-editor.default\">\n\t\t\t\t<div class=\"elementor-widget-container\">\n\t\t\t\t\t\t\t\t\t<p>Web sayfas\u0131ndaki t\u00fcm i\u00e7eri\u011fin ilgili fikri m\u00fclkiyet haklar\u0131, yandakiler dahil ama bunlarla s\u0131n\u0131rl\u0131 olmadan, metinler, resimler, m\u00fczik, video, animasyon, telif haklar\u0131, grafikler, tablolar, g\u00f6rsel aray\u00fczler ve bilgisayar kodlar\u0131 (bu vesileyle \u201ci\u00e7erik\u201d olarak an\u0131lacakt\u0131r), BioAffix&#8217;in\u00a0mal\u0131d\u0131r ve BioAffix\u00a0taraf\u0131ndan yasal yetkiyle kullan\u0131l\u0131r. Web sayfas\u0131n\u0131n i\u00e7eri\u011fini hi\u00e7bir \u015fekilde ve hi\u00e7bir ticari ama\u00e7 i\u00e7in BioAffix&#8217;in\u00a0\u00f6nceden yaz\u0131l\u0131 onay\u0131 olmadan kullanmamal\u0131s\u0131n\u0131z, yaz\u0131l\u0131 olarak aksi belirtilmedi\u011fi takdirde.<\/p><p>BioAffix taraf\u0131ndan sa\u011flanan BioAffix \u00fcr\u00fcnleri ve hizmetleri hakk\u0131ndaki bilgileri web sayfas\u0131ndan indirebilirsiniz, \u015fu sa\u011flanmal\u0131d\u0131r ki b\u00f6yle bilgiler ticari ama\u00e7lar i\u00e7in kullan\u0131lmamal\u0131 ve de\u011fi\u015ftirilmemelidir. Yukar\u0131daki bilgiler ve bunlar\u0131 i\u00e7eren belgeler hakk\u0131ndaki daha ileri garantiler ve a\u00e7\u0131klamalar istenir ve BioAffix&#8217;in yasal haklar\u0131 ve \u00e7\u0131karlar\u0131n\u0131n bildirilmesi sa\u011flanmal\u0131d\u0131r vs.<\/p>\t\t\t\t\t\t\t\t<\/div>\n\t\t\t\t<\/div>\n\t\t\t\t<div class=\"elementor-element elementor-element-5d49a3f5 elementor-widget elementor-widget-heading\" data-id=\"5d49a3f5\" data-element_type=\"widget\" data-e-type=\"widget\" data-widget_type=\"heading.default\">\n\t\t\t\t<div class=\"elementor-widget-container\">\n\t\t\t\t\t<h2 class=\"elementor-heading-title elementor-size-default\">III. Kullan\u0131m \u015eartnamesi<\/h2>\t\t\t\t<\/div>\n\t\t\t\t<\/div>\n\t\t\t\t<div class=\"elementor-element elementor-element-291cac4f elementor-widget elementor-widget-text-editor\" data-id=\"291cac4f\" data-element_type=\"widget\" data-e-type=\"widget\" data-widget_type=\"text-editor.default\">\n\t\t\t\t<div class=\"elementor-widget-container\">\n\t\t\t\t\t\t\t\t\t<p>Web sayfas\u0131n\u0131 ve i\u00e7eri\u011fini yasad\u0131\u015f\u0131 veya kullan\u0131m protokol\u00fcn\u00fcn yasaklanm\u0131\u015f ama\u00e7lar i\u00e7in kullanmamal\u0131s\u0131n\u0131z ki di\u011fer kurulu\u015flar\u0131n veya bireylerin yasal haklar\u0131n\u0131 veya \u00e7\u0131karlar\u0131n\u0131 \u00e7i\u011fnemeyesiniz.<\/p><p>Web sayfas\u0131n\u0131n veya herhangi bir i\u00e7eri\u011finin, yap\u0131s\u0131n\u0131n veya sunum bi\u00e7iminin herhangi bir bile\u015fenine eri\u015fmek, elde etmek, kopyalamak veya izlemek i\u00e7in \u201cderin ba\u011flant\u0131lar\u201d, \u201cPoweredbyGoogle\u201d, \u201cweb robotlar\u0131\u201d, \u201cweb yakalama ara\u00e7lar\u0131\u201d veya benzeri e\u015fde\u011fer manuel i\u015flemleri de i\u00e7eren herhangi bir otomatik cihaz, program, algoritma veya y\u00f6ntem kullanmamal\u0131s\u0131n\u0131z, b\u00f6ylece web sayfas\u0131 taraf\u0131ndan bilerek sa\u011flanmam\u0131\u015f olan herhangi bir bilgi, yaz\u0131 veya bilgiyi elde etmemeli veya etmeye \u00e7al\u0131\u015fmamal\u0131s\u0131n\u0131z. BioAffix bu t\u00fcrden aktiviteleri yasaklama hakk\u0131n\u0131 sakl\u0131 tutar. Herhangi bir i\u00e7eri\u011fe yetkisiz eri\u015fim elde etmek veya web sayfas\u0131n\u0131n hizmetlerinden birisini yasal yolla kullanmak i\u00e7in \u00e7al\u0131\u015fmamal\u0131s\u0131n\u0131z. Web sayfas\u0131na herhangi bir a\u011f sald\u0131r\u0131s\u0131 ba\u015flatmamal\u0131s\u0131n\u0131z.<\/p><p>Uygulanabilir t\u00fcm ulusal ve uluslararas\u0131 ihracat kontrol kurallar\u0131 ve s\u0131n\u0131rland\u0131rmalar\u0131na uymal\u0131s\u0131n\u0131z, buna var\u0131\u015f yeri, son kullan\u0131c\u0131 ve son kullan\u0131m ile ilgili olanlar dahildir. B\u00f6yle ihracat kontrol kanunlar\u0131 ve s\u0131n\u0131rland\u0131rmalar\u0131na uymak i\u00e7in web sayfas\u0131na veya bir k\u0131sm\u0131na eri\u015fiminizi ask\u0131ya alma, s\u0131n\u0131rlama veya bitirme hakk\u0131n\u0131 sakl\u0131 tutar\u0131z.<\/p><p>BioAffix her zaman b\u00f6yle uygulanabilir kanunlar, d\u00fczenlemeler, yasal prosed\u00fcrler veya h\u00fck\u00fcmet kurallar\u0131na uymak i\u00e7in gerekli bilgileri a\u00e7\u0131klama hakk\u0131n\u0131 sakl\u0131 tutar. BioAffix ayn\u0131 zamanda sahtekarl\u0131ktan korunmak i\u00e7in di\u011fer \u015firketlerle ve kurulu\u015flarla bilgi de\u011fi\u015fimi dahil olmak \u00fczere bilgilerinizi de a\u00e7\u0131klayabilir, BioAffix b\u00f6yle bir a\u00e7\u0131klaman\u0131n gerekli veya kanunen izin verildi\u011fini de\u011ferlendirdi\u011fi zaman.<\/p><p>\u015eunu teyit eder ve kabul edersiniz ki, e\u011fer a\u015fa\u011f\u0131dakiler olursa, BioAffix web sayfas\u0131 arac\u0131l\u0131\u011f\u0131yla herhangi bir ileti\u015fimi veya iletimi al\u0131koyma hakk\u0131n\u0131 veya web sayfas\u0131nda sunulan herhangi bir hizmeti al\u0131koyma hakk\u0131n\u0131 sakl\u0131 tutar: Kanun gerektiriyorsa veya BioAffix bunu yaparak mant\u0131kl\u0131 olarak sadece alttakileri yapabilece\u011fine inan\u0131yorsa: (1) Yasal prosed\u00fcrlere uymak, (2) Kullan\u0131m protokol\u00fcn\u00fc ger\u00e7ekle\u015ftirmek, (3) B\u00f6yle verilerin ba\u015fkalar\u0131n\u0131n haklar\u0131n\u0131 \u00e7i\u011fnedi\u011fine dair itirazlara yan\u0131t vermek veya (4) BioAffix\u2019in ve \u00e7al\u0131\u015fanlar\u0131n\u0131n, web sayfas\u0131n\u0131n kullan\u0131c\u0131lar\u0131n\u0131n veya ziyaret\u00e7ilerinin ve toplumun haklar\u0131n\u0131, m\u00fclklerini veya ki\u015fisel g\u00fcvenli\u011fini korumak.<\/p><p>BioAffix sadece kendi karar\u0131yla, \u00f6nceden bildirim yapmaks\u0131z\u0131n web sayfas\u0131na eri\u015fiminizi bitirebilir ve\/veya gelecekte web sayfas\u0131na eri\u015fiminizi engelleyebilir, e\u011fer BioAffix web sayfas\u0131n\u0131 kullanman\u0131zla alakal\u0131 olarak bu kullan\u0131m protokol\u00fcn\u00fc veya di\u011fer herhangi bir protokol\u00fc veya rehber kurallar\u0131 \u00e7i\u011fnediyseniz. Bu kullan\u0131m protokol\u00fcn\u00fc herhangi bir \u015fekilde ihlaliniz yasad\u0131\u015f\u0131 ve d\u00fczensiz bir i\u015f aktivitesi say\u0131lacakt\u0131r ve BioAffix\u2019ye sadece para ile telafi edilemeyecek zararlara neden olacakt\u0131r, bu durumda BioAffix gerekli veya uygun g\u00f6rd\u00fc\u011f\u00fc \u015fekilde tazminat veya e\u015fde\u011fer bir talepte bulunacakt\u0131r. Bu \u00e7\u00f6z\u00fcmler ge\u00e7erli s\u0131radan kanunlar veya e\u015fde\u011feri alt\u0131nda kullan\u0131labilen di\u011fer t\u00fcm \u00e7\u00f6z\u00fcmlere ek olarak yap\u0131l\u0131r ve BioAffix\u2019in kullanabilece\u011fi di\u011fer t\u00fcm \u00e7\u00f6z\u00fcmlere ek olarak, BioAffix\u2019in paras\u0131n\u0131 sizden almaya hakk\u0131 olacakt\u0131r ve t\u00fcm avukatl\u0131k ve dava \u00fccretlerini \u00f6demeyi kabul etmi\u015f say\u0131l\u0131rs\u0131n\u0131z. BioAffix\u2019in bu kullan\u0131m protokol\u00fcn ihlali sonucunda web sayfas\u0131na eri\u015fiminizin bitirilmesi bak\u0131m\u0131ndan size veya \u00fc\u00e7\u00fcnc\u00fc bir tarafa kar\u015f\u0131 hi\u00e7bir y\u00fck\u00fcml\u00fcl\u00fc\u011f\u00fc olmayacakt\u0131r.<\/p>\t\t\t\t\t\t\t\t<\/div>\n\t\t\t\t<\/div>\n\t\t\t\t<div class=\"elementor-element elementor-element-4e67103a elementor-widget elementor-widget-heading\" data-id=\"4e67103a\" data-element_type=\"widget\" data-e-type=\"widget\" data-widget_type=\"heading.default\">\n\t\t\t\t<div class=\"elementor-widget-container\">\n\t\t\t\t\t<h2 class=\"elementor-heading-title elementor-size-default\">IV. \u00dc\u00e7\u00fcnc\u00fc Taraf Ba\u011flant\u0131lar\u0131<\/h2>\t\t\t\t<\/div>\n\t\t\t\t<\/div>\n\t\t\t\t<div class=\"elementor-element elementor-element-73ac65 elementor-widget elementor-widget-text-editor\" data-id=\"73ac65\" data-element_type=\"widget\" data-e-type=\"widget\" data-widget_type=\"text-editor.default\">\n\t\t\t\t<div class=\"elementor-widget-container\">\n\t\t\t\t\t\t\t\t\t<p>Web sayfas\u0131 \u00fc\u00e7\u00fcnc\u00fc taraf web sayfalar\u0131na baz\u0131 linkler i\u00e7erebilir: \u00dc\u00e7\u00fcnc\u00fc taraf sayfalar\u0131n\u0131n t\u00fcm i\u00e7eri\u011fi \u00fc\u00e7\u00fcnc\u00fc taraflarca sa\u011flanacakt\u0131r, BioAffix \u00fc\u00e7\u00fcnc\u00fc taraf web sitelerinin i\u00e7eri\u011fi, \u00f6zg\u00fcnl\u00fc\u011f\u00fc, do\u011frulu\u011fu veya kullan\u0131labilirli\u011fi, g\u00fcvenilirli\u011fi veya g\u00fcvenli\u011fi hakk\u0131nda hi\u00e7bir s\u00f6zde, garantide veya beyanatta bulunmaz veya bizim kontrol\u00fcm\u00fcz d\u0131\u015f\u0131ndaki di\u011fer y\u00f6nleri hakk\u0131nda (ilgili t\u00fcm haklar\u0131 dahil) ve BioAffix sizin \u00fc\u00e7\u00fcnc\u00fc taraf i\u00e7eriklerini kullan\u0131m\u0131n\u0131z\u0131n sonu\u00e7lar\u0131ndan dolay\u0131 y\u00fck\u00fcml\u00fc de\u011fildir. \u00dc\u00e7\u00fcnc\u00fc taraf i\u00e7eriklerine eri\u015fim ve kullan\u0131m riskleriniz size aittir.<\/p>\t\t\t\t\t\t\t\t<\/div>\n\t\t\t\t<\/div>\n\t\t\t\t<div class=\"elementor-element elementor-element-57c5cd51 elementor-widget elementor-widget-heading\" data-id=\"57c5cd51\" data-element_type=\"widget\" data-e-type=\"widget\" data-widget_type=\"heading.default\">\n\t\t\t\t<div class=\"elementor-widget-container\">\n\t\t\t\t\t<h2 class=\"elementor-heading-title elementor-size-default\">V. M\u00fccbir Sebep ve \u00dc\u00e7\u00fcnc\u00fc Taraf Sebepleri<\/h2>\t\t\t\t<\/div>\n\t\t\t\t<\/div>\n\t\t\t\t<div class=\"elementor-element elementor-element-79b9283a elementor-widget elementor-widget-text-editor\" data-id=\"79b9283a\" data-element_type=\"widget\" data-e-type=\"widget\" data-widget_type=\"text-editor.default\">\n\t\t\t\t<div class=\"elementor-widget-container\">\n\t\t\t\t\t\t\t\t\t<p>BioAffix a\u015fa\u011f\u0131daki y\u00fck\u00fcml\u00fcl\u00fckleri kanun h\u00fck\u00fcmlerine g\u00f6re yerine getirecektir ancak BioAffix a\u015fa\u011f\u0131daki nedenlerden kaynaklanan performans engelleri, performans hatalar\u0131, performans gecikmeleri veya performans i\u00e7eri\u011fi de\u011fi\u015fiklikleri durumunda s\u00f6zle\u015fmenin \u00e7i\u011fnenmesinden sorumlu olmayacakt\u0131r.<\/p><p>(1)Ulusal felaketler, grevler, ayaklanmalar, sava\u015flar, h\u00fck\u00fcmet eylemleri, yarg\u0131 emirleri ve di\u011fer m\u00fccbir sebepler; (2)G\u00fc\u00e7 kayna\u011f\u0131 hatalar\u0131, ileti\u015fim hatt\u0131 hatalar\u0131 ve di\u011fer kamu hizmeti fakt\u00f6rleri veya hacker sald\u0131r\u0131lar\u0131, bilgisayar vir\u00fcs\u00fc istilas\u0131, yasad\u0131\u015f\u0131 i\u00e7erik bilgisi, taciz eden bilgi kalkanlar\u0131, h\u00fck\u00fcmet kontrol\u00fc ve di\u011fer ba\u015fka a\u011f, teknoloji, ileti\u015fim hatt\u0131, bilgi g\u00fcvenli\u011fi y\u00f6netimi \u00f6nlemlerinden dolay\u0131 hizmet kesintisi ve engellenmesi durumlar\u0131; (3)Rutin veya acil durum ekipman ve sistem bak\u0131m\u0131, ekipman veya sistem hatalar\u0131, a\u011f bilgisi ve veri g\u00fcvenli\u011finden vs. dolay\u0131 BioAffix\u2019nin iyi niyetlerle \u00fcstesinden geldi\u011fi durumlar.<\/p>\t\t\t\t\t\t\t\t<\/div>\n\t\t\t\t<\/div>\n\t\t\t\t<div class=\"elementor-element elementor-element-7ce7ab3e elementor-widget elementor-widget-heading\" data-id=\"7ce7ab3e\" data-element_type=\"widget\" data-e-type=\"widget\" data-widget_type=\"heading.default\">\n\t\t\t\t<div class=\"elementor-widget-container\">\n\t\t\t\t\t<h2 class=\"elementor-heading-title elementor-size-default\">VI. Gizlilik<\/h2>\t\t\t\t<\/div>\n\t\t\t\t<\/div>\n\t\t\t\t<div class=\"elementor-element elementor-element-5cd5f77f elementor-widget elementor-widget-text-editor\" data-id=\"5cd5f77f\" data-element_type=\"widget\" data-e-type=\"widget\" data-widget_type=\"text-editor.default\">\n\t\t\t\t<div class=\"elementor-widget-container\">\n\t\t\t\t\t\t\t\t\t<p>Gizlili\u011finize sayg\u0131 duyuyoruz ve t\u00fcm \u00e7abam\u0131zla koruyoruz. L\u00fctfen ki\u015fisel bilgilerinizi korumak i\u00e7in ald\u0131\u011f\u0131m\u0131z \u00f6zel \u00f6nlemler hakk\u0131ndaki gizlilik politikam\u0131za ba\u015fvurun.<\/p><p>Biz (veya \u00fc\u00e7\u00fcnc\u00fc taraf reklamc\u0131lar\u0131) sizinle pazarlama i\u00e7in temasa ge\u00e7ebilir ve size gizlilik politikam\u0131za uygun olarak reklam, tan\u0131t\u0131m veya kamuya a\u00e7\u0131k bilgiler g\u00f6nderebilir.<\/p><p>\u015eu not edilmelidir ki, sizinle web sayfas\u0131 aras\u0131ndaki a\u011f ba\u011flant\u0131s\u0131 ve veri iletimi tamamen g\u00fcvenli veya gizli de\u011fildir. Web sayfas\u0131na g\u00f6nderdi\u011finiz bilgi ve veriler di\u011ferleri taraf\u0131ndan kesintiye u\u011frat\u0131labilir. BioAffix sizinle web sayfas\u0131 aras\u0131ndaki a\u011f ba\u011flant\u0131s\u0131n\u0131n ve veri iletiminin g\u00fcvenli\u011fini veya gizlili\u011fini garanti edemez.<\/p>\t\t\t\t\t\t\t\t<\/div>\n\t\t\t\t<\/div>\n\t\t\t\t<div class=\"elementor-element elementor-element-6c1382fb elementor-widget elementor-widget-heading\" data-id=\"6c1382fb\" data-element_type=\"widget\" data-e-type=\"widget\" data-widget_type=\"heading.default\">\n\t\t\t\t<div class=\"elementor-widget-container\">\n\t\t\t\t\t<h2 class=\"elementor-heading-title elementor-size-default\">VII. Y\u00fck\u00fcml\u00fcl\u00fcklerin S\u0131n\u0131rland\u0131r\u0131lmas\u0131 ve Feragat Edilmesi<\/h2>\t\t\t\t<\/div>\n\t\t\t\t<\/div>\n\t\t\t\t<div class=\"elementor-element elementor-element-470c88ac elementor-widget elementor-widget-text-editor\" data-id=\"470c88ac\" data-element_type=\"widget\" data-e-type=\"widget\" data-widget_type=\"text-editor.default\">\n\t\t\t\t<div class=\"elementor-widget-container\">\n\t\t\t\t\t\t\t\t\t<p>BioAffix web sayfas\u0131 ve i\u00e7erdi\u011fi i\u00e7erikler ve hizmetlerin sunulmas\u0131, s\u00fcreklili\u011fi veya eri\u015filebilirli\u011fi hakk\u0131nda hi\u00e7bir garantide bulunmaz. Web sayfas\u0131 ve i\u00e7eri\u011fi bir \u201cstatus quo\u201d baz\u0131nda sa\u011flan\u0131r. Web sayfas\u0131n\u0131n veya linkli bir web sayfas\u0131n\u0131n kullan\u0131m\u0131n\u0131n t\u00fcm sorumlulu\u011fu sizdedir. E\u011fer web sitesinin t\u00fcm\u00fc veya bir k\u0131sm\u0131 hakk\u0131nda tatmin olmazsan\u0131z, web sayfas\u0131n\u0131n t\u00fcm\u00fcn\u00fc veya bir k\u0131sm\u0131n\u0131 kullanmaya devam etmeyebilirsiniz.<\/p><p>BioAffix web sayfas\u0131n\u0131n i\u00e7eri\u011finin do\u011frulu\u011funu, tam oldu\u011funu veya g\u00fcvenilirli\u011fini garanti etmez. Bu web sayfas\u0131nda yay\u0131nlanan \u00e7e\u015fitli \u00fcr\u00fcnlerin bilgileri, \u00fcr\u00fcn i\u015flevleri, yap\u0131land\u0131rma, parametreler, teknik \u00f6zellikler ve hizmet i\u00e7erikleri dahil ama bunlarla s\u0131n\u0131rl\u0131 olmaks\u0131z\u0131n, \u00fclkeden \u00fclkeye\/b\u00f6lgeye de\u011fi\u015fiklik g\u00f6sterebilir. Ayn\u0131 \u00fcr\u00fcn i\u00e7in bile, \u00fcr\u00fcn ya\u015fam d\u00f6ng\u00fcs\u00fcn\u00fcn farkl\u0131 fazlar\u0131nda, \u00fcr\u00fcn i\u015flevi, yap\u0131land\u0131rmas\u0131 ve parametreleri, teknik \u00f6zellikleri vs. ayarlanabilir ve BioAffix&#8217;in bunlara kar\u015f\u0131l\u0131k gelen bilgileri g\u00fcncellemek i\u00e7in zamana ihtiyac\u0131 vard\u0131r. O halde, g\u00f6rd\u00fc\u011f\u00fcn\u00fcz \u00fcr\u00fcn ve hizmet bilgileri pazarda sat\u0131n ald\u0131\u011f\u0131n\u0131zdan ya da alaca\u011f\u0131n\u0131zdan farkl\u0131l\u0131k g\u00f6sterebilir.<\/p><p>BioAffix endirekt, kazara, \u00f6zel veya herhangi bir bi\u00e7imde cezai hasar i\u00e7in sorumlu olmayacakt\u0131r veya BioAffix kar, gelir, veri veya veri kullan\u0131m kayb\u0131 dahil ama bunlarla s\u0131n\u0131rl\u0131 olmaks\u0131z\u0131n herhangi bir endirekt kay\u0131p i\u00e7in sorumlu olmayacakt\u0131r.<\/p><p>BioAffix ve ortaklar\u0131n\u0131n \u00fcstlendi\u011fi, sizin web sayfas\u0131n\u0131 kullanman\u0131zdan kaynaklanan herhangi bir hasar veya kay\u0131ptan do\u011fan toplam y\u00fck\u00fcml\u00fcl\u00fck, web sayfas\u0131n\u0131n hizmetlerini veya i\u015flevlerini kullanman\u0131zla ba\u011flant\u0131l\u0131 olan toplam kullan\u0131m veya benzeri \u00fccretleri ge\u00e7meyecektir. Baz\u0131 yarg\u0131 yerleri y\u00fck\u00fcml\u00fcl\u00fcklerin s\u0131n\u0131rland\u0131r\u0131lmas\u0131na izin vermez, o halde s\u00fcregiden s\u0131n\u0131rland\u0131rmalar sizin i\u00e7in uygulanmayabilir.<\/p>\t\t\t\t\t\t\t\t<\/div>\n\t\t\t\t<\/div>\n\t\t\t\t<div class=\"elementor-element elementor-element-6ba1be19 elementor-widget elementor-widget-heading\" data-id=\"6ba1be19\" data-element_type=\"widget\" data-e-type=\"widget\" data-widget_type=\"heading.default\">\n\t\t\t\t<div class=\"elementor-widget-container\">\n\t\t\t\t\t<h2 class=\"elementor-heading-title elementor-size-default\">VIII. Yasal Yarg\u0131 Yerinin Uygulanmas\u0131 ve Di\u011ferleri<\/h2>\t\t\t\t<\/div>\n\t\t\t\t<\/div>\n\t\t\t\t<div class=\"elementor-element elementor-element-35fec67f elementor-widget elementor-widget-text-editor\" data-id=\"35fec67f\" data-element_type=\"widget\" data-e-type=\"widget\" data-widget_type=\"text-editor.default\">\n\t\t\t\t<div class=\"elementor-widget-container\">\n\t\t\t\t\t\t\t\t\t<p>Bu kullan\u0131m protokol\u00fcn\u00fcn sonland\u0131r\u0131lmas\u0131, performans\u0131, yorumlanmas\u0131 ve anla\u015fmazl\u0131klar\u0131n\u0131n \u00e7\u00f6z\u00fcm\u00fc T\u00fcrkiye Cumhuriyeti kanunlar\u0131na g\u00f6re halledilecektir.<\/p><p>Bu kullan\u0131m protokol\u00fc T\u00fcrkiye, Ankara\u2019da imzalanm\u0131\u015ft\u0131r. Taraflar aras\u0131nda bu kullan\u0131m protokol\u00fcn\u00fcn i\u00e7eri\u011fi veya yerine getirilmesi bak\u0131m\u0131ndan herhangi bir ihtilafa d\u00fc\u015f\u00fclmesi halinde, taraflar durumu dost\u00e7a \u00e7\u00f6z\u00fcme ba\u011flamak i\u00e7in en iyisini yapacakt\u0131r. E\u011fer anla\u015fma sa\u011flanamazsa, taraflardan herhangi birisi protokol\u00fcn imzaland\u0131\u011f\u0131 yerdeki bir halk mahkemesinde bir dava a\u00e7abilir.<\/p>\t\t\t\t\t\t\t\t<\/div>\n\t\t\t\t<\/div>\n\t\t\t\t<\/div>\n\t\t\t\t\t<\/div>\n\t\t\t\t<\/div>\n\t\t\t\t<\/div>\n\t\t","protected":false},"excerpt":{"rendered":"<p>Kullan\u0131m \u015eartlar\u0131 BioAffix&#8217;in Kullan\u0131m \u015eartlar\u0131 sayfas\u0131, hizmetlerimizin g\u00fcvenli ve verimli kullan\u0131m\u0131n\u0131 sa\u011flamak i\u00e7in belirlenmi\u015f kurallar\u0131 ve ko\u015fullar\u0131 i\u00e7erir. I. Uygulama Kapsam\u0131 Kullan\u0131m Protokol\u00fc Bu kullan\u0131m protokol\u00fc BioAffix resmi web sayfas\u0131 i\u00e7in uygulan\u0131r (Bundan sonra \u201cweb sayfas\u0131\u201d olarak ge\u00e7ecektir.) BioAffix\u00a0bu vesileyle kullan\u0131c\u0131lar\u0131n\u0131 bu protokol\u00fcn i\u00e7eri\u011fini dikkatle okumalar\u0131n\u0131 ve tamamen anlamalar\u0131 i\u00e7in uyar\u0131r. Web sayfas\u0131n\u0131 kullanman\u0131z kullan\u0131m [&hellip;]<\/p>\n","protected":false},"author":2,"featured_media":0,"parent":0,"menu_order":0,"comment_status":"closed","ping_status":"closed","template":"","meta":{"nf_dc_page":"","footnotes":""},"class_list":["post-12219","page","type-page","status-publish","hentry","no-post-thumbnail"],"acf":[],"_links":{"self":[{"href":"https:\/\/bioaffix.com\/tr\/wp-json\/wp\/v2\/pages\/12219","targetHints":{"allow":["GET"]}}],"collection":[{"href":"https:\/\/bioaffix.com\/tr\/wp-json\/wp\/v2\/pages"}],"about":[{"href":"https:\/\/bioaffix.com\/tr\/wp-json\/wp\/v2\/types\/page"}],"author":[{"embeddable":true,"href":"https:\/\/bioaffix.com\/tr\/wp-json\/wp\/v2\/users\/2"}],"replies":[{"embeddable":true,"href":"https:\/\/bioaffix.com\/tr\/wp-json\/wp\/v2\/comments?post=12219"}],"version-history":[{"count":0,"href":"https:\/\/bioaffix.com\/tr\/wp-json\/wp\/v2\/pages\/12219\/revisions"}],"wp:attachment":[{"href":"https:\/\/bioaffix.com\/tr\/wp-json\/wp\/v2\/media?parent=12219"}],"curies":[{"name":"wp","href":"https:\/\/api.w.org\/{rel}","templated":true}]}}