{"id":11173,"date":"2025-01-20T15:25:34","date_gmt":"2025-01-20T12:25:34","guid":{"rendered":"https:\/\/bioaffix.com\/?page_id=11173"},"modified":"2026-02-04T14:32:51","modified_gmt":"2026-02-04T11:32:51","slug":"uretimi-sonlandirilmis-cihazlar","status":"publish","type":"page","link":"https:\/\/bioaffix.com\/tr\/uretimi-sonlandirilmis-cihazlar\/","title":{"rendered":"\u00dcretimi Sonland\u0131r\u0131lm\u0131\u015f Cihazlar"},"content":{"rendered":"\t\t<div data-elementor-type=\"wp-page\" data-elementor-id=\"11173\" class=\"elementor elementor-11173 elementor-11149\">\n\t\t\t\t<div class=\"elementor-element elementor-element-f94af99 e-con-full e-flex e-con e-parent\" data-id=\"f94af99\" data-element_type=\"container\" data-e-type=\"container\" data-settings=\"{&quot;background_background&quot;:&quot;classic&quot;}\">\n\t\t<div class=\"elementor-element elementor-element-862e5b4 e-con-full e-flex e-con e-child\" data-id=\"862e5b4\" data-element_type=\"container\" data-e-type=\"container\">\n\t\t\t\t<div class=\"elementor-element elementor-element-beecf75 elementor-widget elementor-widget-heading\" data-id=\"beecf75\" data-element_type=\"widget\" data-e-type=\"widget\" data-widget_type=\"heading.default\">\n\t\t\t\t<div class=\"elementor-widget-container\">\n\t\t\t\t\t<h1 class=\"elementor-heading-title elementor-size-large\">\u00dcretimi Sonland\u0131r\u0131lm\u0131\u015f Cihazlar<\/h1>\t\t\t\t<\/div>\n\t\t\t\t<\/div>\n\t\t\t\t<\/div>\n\t\t\t\t<\/div>\n\t\t\t\t<section class=\"elementor-section elementor-top-section elementor-element elementor-element-7aa4b46 elementor-section-height-min-height elementor-section-boxed elementor-section-height-default elementor-section-items-middle\" data-id=\"7aa4b46\" data-element_type=\"section\" data-e-type=\"section\" data-settings=\"{&quot;background_background&quot;:&quot;classic&quot;}\">\n\t\t\t\t\t\t<div class=\"elementor-container elementor-column-gap-default\">\n\t\t\t\t\t<div class=\"elementor-column elementor-col-100 elementor-top-column elementor-element elementor-element-a404141\" data-id=\"a404141\" data-element_type=\"column\" data-e-type=\"column\">\n\t\t\t<div class=\"elementor-widget-wrap elementor-element-populated\">\n\t\t\t\t<div class=\"elementor-element elementor-element-1c50502 e-con-full e-flex e-con e-parent\" data-id=\"1c50502\" data-element_type=\"container\" data-e-type=\"container\">\n\t\t<a class=\"elementor-element elementor-element-f1d7b0f e-con-full e-flex e-con e-child\" data-id=\"f1d7b0f\" data-element_type=\"container\" data-e-type=\"container\" href=\"https:\/\/bioaffix.com\/tr\/uretimi-sonlandirilmis-cihazlar\/bioaffix-secure-io-slim\/\">\n\t\t\t\t<div class=\"elementor-element elementor-element-6105ecf elementor-widget elementor-widget-image\" data-id=\"6105ecf\" data-element_type=\"widget\" data-e-type=\"widget\" data-widget_type=\"image.default\">\n\t\t\t\t<div class=\"elementor-widget-container\">\n\t\t\t\t\t\t\t\t\t\t\t\t\t\t\t<img loading=\"lazy\" decoding=\"async\" loading=\"lazy\" width=\"720\" height=\"600\" src=\"https:\/\/bioaffix.com\/wp-content\/uploads\/Discontinued-Products-BioAffix-Secure-IO-Slim.webp\" class=\"attachment-large size-large wp-image-11198\" alt=\"\" srcset=\"https:\/\/bioaffix.com\/wp-content\/uploads\/Discontinued-Products-BioAffix-Secure-IO-Slim.webp 720w, https:\/\/bioaffix.com\/wp-content\/uploads\/Discontinued-Products-BioAffix-Secure-IO-Slim-300x250.webp 300w, https:\/\/bioaffix.com\/wp-content\/uploads\/Discontinued-Products-BioAffix-Secure-IO-Slim-85x70.webp 85w, https:\/\/bioaffix.com\/wp-content\/uploads\/Discontinued-Products-BioAffix-Secure-IO-Slim-240x200.webp 240w\" sizes=\"auto, (max-width: 720px) 100vw, 720px\" \/>\t\t\t\t\t\t\t\t\t\t\t\t\t\t\t<\/div>\n\t\t\t\t<\/div>\n\t\t\t\t<div class=\"elementor-element elementor-element-1743032 elementor-widget elementor-widget-heading\" data-id=\"1743032\" data-element_type=\"widget\" data-e-type=\"widget\" data-widget_type=\"heading.default\">\n\t\t\t\t<div class=\"elementor-widget-container\">\n\t\t\t\t\t<h2 class=\"elementor-heading-title elementor-size-default\">BioAffix Secure I\/O Slim<\/h2>\t\t\t\t<\/div>\n\t\t\t\t<\/div>\n\t\t\t\t<\/a>\n\t\t<a class=\"elementor-element elementor-element-83c072f e-con-full e-flex e-con e-child\" data-id=\"83c072f\" data-element_type=\"container\" data-e-type=\"container\" href=\"https:\/\/bioaffix.com\/tr\/uretimi-sonlandirilmis-cihazlar\/bioaffix-secure-io-v3\/\">\n\t\t\t\t<div class=\"elementor-element elementor-element-887b1ce elementor-widget elementor-widget-image\" data-id=\"887b1ce\" data-element_type=\"widget\" data-e-type=\"widget\" data-widget_type=\"image.default\">\n\t\t\t\t<div class=\"elementor-widget-container\">\n\t\t\t\t\t\t\t\t\t\t\t\t\t\t\t<img loading=\"lazy\" decoding=\"async\" loading=\"lazy\" width=\"720\" height=\"600\" src=\"https:\/\/bioaffix.com\/wp-content\/uploads\/Discontinued-Products-BioAffix-Secure-IO-V3.webp\" class=\"attachment-large size-large wp-image-11200\" alt=\"\" srcset=\"https:\/\/bioaffix.com\/wp-content\/uploads\/Discontinued-Products-BioAffix-Secure-IO-V3.webp 720w, https:\/\/bioaffix.com\/wp-content\/uploads\/Discontinued-Products-BioAffix-Secure-IO-V3-300x250.webp 300w, https:\/\/bioaffix.com\/wp-content\/uploads\/Discontinued-Products-BioAffix-Secure-IO-V3-85x70.webp 85w, https:\/\/bioaffix.com\/wp-content\/uploads\/Discontinued-Products-BioAffix-Secure-IO-V3-240x200.webp 240w\" sizes=\"auto, (max-width: 720px) 100vw, 720px\" \/>\t\t\t\t\t\t\t\t\t\t\t\t\t\t\t<\/div>\n\t\t\t\t<\/div>\n\t\t\t\t<div class=\"elementor-element elementor-element-89ca4c7 elementor-widget elementor-widget-heading\" data-id=\"89ca4c7\" data-element_type=\"widget\" data-e-type=\"widget\" data-widget_type=\"heading.default\">\n\t\t\t\t<div class=\"elementor-widget-container\">\n\t\t\t\t\t<h2 class=\"elementor-heading-title elementor-size-default\">BioAffix Secure IO V3<\/h2>\t\t\t\t<\/div>\n\t\t\t\t<\/div>\n\t\t\t\t<\/a>\n\t\t<a class=\"elementor-element elementor-element-2836ab4 e-con-full e-flex e-con e-child\" data-id=\"2836ab4\" data-element_type=\"container\" data-e-type=\"container\" href=\"https:\/\/bioaffix.com\/tr\/uretimi-sonlandirilmis-cihazlar\/bioaffix-secure-i-o-plus-power-distributor-v1\/\">\n\t\t\t\t<div class=\"elementor-element elementor-element-46fd7b6 elementor-widget elementor-widget-image\" data-id=\"46fd7b6\" data-element_type=\"widget\" data-e-type=\"widget\" data-widget_type=\"image.default\">\n\t\t\t\t<div class=\"elementor-widget-container\">\n\t\t\t\t\t\t\t\t\t\t\t\t\t\t\t<img loading=\"lazy\" decoding=\"async\" loading=\"lazy\" width=\"720\" height=\"600\" src=\"https:\/\/bioaffix.com\/wp-content\/uploads\/Discontinued-Products-BioAffix-Secure-IO-Plus-Distributor-V1.webp\" class=\"attachment-large size-large wp-image-11194\" alt=\"\" srcset=\"https:\/\/bioaffix.com\/wp-content\/uploads\/Discontinued-Products-BioAffix-Secure-IO-Plus-Distributor-V1.webp 720w, https:\/\/bioaffix.com\/wp-content\/uploads\/Discontinued-Products-BioAffix-Secure-IO-Plus-Distributor-V1-300x250.webp 300w, https:\/\/bioaffix.com\/wp-content\/uploads\/Discontinued-Products-BioAffix-Secure-IO-Plus-Distributor-V1-85x70.webp 85w, https:\/\/bioaffix.com\/wp-content\/uploads\/Discontinued-Products-BioAffix-Secure-IO-Plus-Distributor-V1-240x200.webp 240w\" sizes=\"auto, (max-width: 720px) 100vw, 720px\" \/>\t\t\t\t\t\t\t\t\t\t\t\t\t\t\t<\/div>\n\t\t\t\t<\/div>\n\t\t\t\t<div class=\"elementor-element elementor-element-a1ea48e elementor-widget elementor-widget-heading\" data-id=\"a1ea48e\" data-element_type=\"widget\" data-e-type=\"widget\" data-widget_type=\"heading.default\">\n\t\t\t\t<div class=\"elementor-widget-container\">\n\t\t\t\t\t<h2 class=\"elementor-heading-title elementor-size-default\">BioAffix Secure I\/O Plus Distributor V1<\/h2>\t\t\t\t<\/div>\n\t\t\t\t<\/div>\n\t\t\t\t<\/a>\n\t\t<a class=\"elementor-element elementor-element-bc55ab0 e-con-full e-flex e-con e-child\" data-id=\"bc55ab0\" data-element_type=\"container\" data-e-type=\"container\" href=\"https:\/\/bioaffix.com\/tr\/uretimi-sonlandirilmis-cihazlar\/bioaffix-gate-power\/\">\n\t\t\t\t<div class=\"elementor-element elementor-element-ba9c9d7 elementor-widget elementor-widget-image\" data-id=\"ba9c9d7\" data-element_type=\"widget\" data-e-type=\"widget\" data-widget_type=\"image.default\">\n\t\t\t\t<div class=\"elementor-widget-container\">\n\t\t\t\t\t\t\t\t\t\t\t\t\t\t\t<img loading=\"lazy\" decoding=\"async\" loading=\"lazy\" width=\"720\" height=\"600\" src=\"https:\/\/bioaffix.com\/wp-content\/uploads\/Discontinued-Products-BioAffix-Gate-Power.webp\" class=\"attachment-large size-large wp-image-11196\" alt=\"\" srcset=\"https:\/\/bioaffix.com\/wp-content\/uploads\/Discontinued-Products-BioAffix-Gate-Power.webp 720w, https:\/\/bioaffix.com\/wp-content\/uploads\/Discontinued-Products-BioAffix-Gate-Power-300x250.webp 300w, https:\/\/bioaffix.com\/wp-content\/uploads\/Discontinued-Products-BioAffix-Gate-Power-85x70.webp 85w, https:\/\/bioaffix.com\/wp-content\/uploads\/Discontinued-Products-BioAffix-Gate-Power-240x200.webp 240w\" sizes=\"auto, (max-width: 720px) 100vw, 720px\" \/>\t\t\t\t\t\t\t\t\t\t\t\t\t\t\t<\/div>\n\t\t\t\t<\/div>\n\t\t\t\t<div class=\"elementor-element elementor-element-969be5b elementor-widget elementor-widget-heading\" data-id=\"969be5b\" data-element_type=\"widget\" data-e-type=\"widget\" data-widget_type=\"heading.default\">\n\t\t\t\t<div class=\"elementor-widget-container\">\n\t\t\t\t\t<h2 class=\"elementor-heading-title elementor-size-default\">BioAffix Gate Power<\/h2>\t\t\t\t<\/div>\n\t\t\t\t<\/div>\n\t\t\t\t<\/a>\n\t\t\t\t<\/div>\n\t\t\t\t\t<\/div>\n\t\t<\/div>\n\t\t\t\t\t<\/div>\n\t\t<\/section>\n\t\t\t\t<\/div>\n\t\t","protected":false},"excerpt":{"rendered":"<p>\u00dcretimi Sonland\u0131r\u0131lm\u0131\u015f Cihazlar BioAffix Secure I\/O Slim BioAffix Secure IO V3 BioAffix Secure I\/O Plus Distributor V1 BioAffix Gate Power<\/p>\n","protected":false},"author":2,"featured_media":0,"parent":0,"menu_order":0,"comment_status":"closed","ping_status":"closed","template":"","meta":{"nf_dc_page":"","footnotes":""},"class_list":["post-11173","page","type-page","status-publish","hentry","no-post-thumbnail"],"acf":[],"_links":{"self":[{"href":"https:\/\/bioaffix.com\/tr\/wp-json\/wp\/v2\/pages\/11173","targetHints":{"allow":["GET"]}}],"collection":[{"href":"https:\/\/bioaffix.com\/tr\/wp-json\/wp\/v2\/pages"}],"about":[{"href":"https:\/\/bioaffix.com\/tr\/wp-json\/wp\/v2\/types\/page"}],"author":[{"embeddable":true,"href":"https:\/\/bioaffix.com\/tr\/wp-json\/wp\/v2\/users\/2"}],"replies":[{"embeddable":true,"href":"https:\/\/bioaffix.com\/tr\/wp-json\/wp\/v2\/comments?post=11173"}],"version-history":[{"count":0,"href":"https:\/\/bioaffix.com\/tr\/wp-json\/wp\/v2\/pages\/11173\/revisions"}],"wp:attachment":[{"href":"https:\/\/bioaffix.com\/tr\/wp-json\/wp\/v2\/media?parent=11173"}],"curies":[{"name":"wp","href":"https:\/\/api.w.org\/{rel}","templated":true}]}}