{"id":1100,"date":"2023-06-23T14:51:19","date_gmt":"2023-06-23T11:51:19","guid":{"rendered":"https:\/\/bioaffix.com\/?page_id=1100"},"modified":"2025-05-29T16:38:38","modified_gmt":"2025-05-29T13:38:38","slug":"gecis-kontrol-yetenekleri","status":"publish","type":"page","link":"https:\/\/bioaffix.com\/tr\/yazilim\/bioaffix-management\/gecis-kontrol-yetenekleri\/","title":{"rendered":"BioAffix Management Ge\u00e7i\u015f Kontrol Yetenekleri"},"content":{"rendered":"\t\t<div data-elementor-type=\"wp-page\" data-elementor-id=\"1100\" class=\"elementor elementor-1100\">\n\t\t\t\t<div class=\"elementor-element elementor-element-f28466b submenuSticky e-flex e-con-boxed e-con e-parent\" data-id=\"f28466b\" data-element_type=\"container\" data-e-type=\"container\" data-settings=\"{&quot;background_background&quot;:&quot;classic&quot;}\">\n\t\t\t\t\t<div class=\"e-con-inner\">\n\t\t<div class=\"elementor-element elementor-element-e538e23 e-con-full elementor-hidden-mobile e-flex e-con e-child\" data-id=\"e538e23\" data-element_type=\"container\" data-e-type=\"container\">\n\t\t\t\t<div class=\"elementor-element elementor-element-95253f0 elementor-widget elementor-widget-image\" data-id=\"95253f0\" data-element_type=\"widget\" data-e-type=\"widget\" data-widget_type=\"image.default\">\n\t\t\t\t<div class=\"elementor-widget-container\">\n\t\t\t\t\t\t\t\t\t\t\t\t\t\t\t\t<a href=\"https:\/\/bioaffix.com\/tr\/yazilim\/bioaffix-management\/\">\n\t\t\t\t\t\t\t<img loading=\"lazy\" decoding=\"async\" loading=\"lazy\" width=\"117\" height=\"46\" src=\"https:\/\/bioaffix.com\/wp-content\/uploads\/BioAffixManagement-Sub-Menu-Logo.webp\" class=\"attachment-full size-full wp-image-3208\" alt=\"\" srcset=\"https:\/\/bioaffix.com\/wp-content\/uploads\/BioAffixManagement-Sub-Menu-Logo.webp 117w, https:\/\/bioaffix.com\/wp-content\/uploads\/BioAffixManagement-Sub-Menu-Logo-18x7.webp 18w\" sizes=\"auto, (max-width: 117px) 100vw, 117px\" \/>\t\t\t\t\t\t\t\t<\/a>\n\t\t\t\t\t\t\t\t\t\t\t\t\t\t\t<\/div>\n\t\t\t\t<\/div>\n\t\t\t\t<\/div>\n\t\t<div class=\"elementor-element elementor-element-006f36e e-con-full e-flex e-con e-child\" data-id=\"006f36e\" data-element_type=\"container\" data-e-type=\"container\">\n\t\t\t\t<div class=\"elementor-element elementor-element-8b87163 customNavMenu elementor-widget elementor-widget-wp-widget-nav_menu\" data-id=\"8b87163\" data-element_type=\"widget\" data-e-type=\"widget\" data-widget_type=\"wp-widget-nav_menu.default\">\n\t\t\t\t<div class=\"elementor-widget-container\">\n\t\t\t\t\t<div class=\"menu-bioaffix-gate-management-tr-container\"><ul id=\"menu-bioaffix-gate-management-tr\" class=\"menu\"><li id=\"menu-item-3203\" class=\"menu-item menu-item-type-post_type menu-item-object-page menu-item-3203\"><a href=\"https:\/\/bioaffix.com\/tr\/yazilim\/bioaffix-management\/\"   class=\"nav-link\">Genel Bak\u0131\u015f <\/a><\/li>\n<li id=\"menu-item-3200\" class=\"menu-item menu-item-type-post_type menu-item-object-page menu-item-3200\"><a href=\"https:\/\/bioaffix.com\/tr\/yazilim\/bioaffix-management\/ozellikleri\/\"   class=\"nav-link\">\u00d6zellikleri <\/a><\/li>\n<li id=\"menu-item-3199\" class=\"menu-item menu-item-type-post_type menu-item-object-page menu-item-3199\"><a href=\"https:\/\/bioaffix.com\/tr\/yazilim\/bioaffix-management\/gecis-kontrol-yetenekleri\/\"   class=\"nav-link\">Ge\u00e7i\u015f Kontrol Yetenekleri <\/a><\/li>\n<li id=\"menu-item-3202\" class=\"menu-item menu-item-type-post_type menu-item-object-page menu-item-3202\"><a href=\"https:\/\/bioaffix.com\/tr\/yazilim\/bioaffix-management\/entegrasyon-yetenekleri\/\"   class=\"nav-link\">Entegrasyon Yetenekleri <\/a><\/li>\n<li id=\"menu-item-3201\" class=\"menu-item menu-item-type-post_type menu-item-object-page menu-item-3201\"><a href=\"https:\/\/bioaffix.com\/tr\/yazilim\/bioaffix-management\/yenilikler\/\"   class=\"nav-link\">Yenilikler <\/a><\/li>\n<li id=\"menu-item-3270\" class=\"menu-item menu-item-type-custom menu-item-object-custom menu-item-3270\"><a href=\"https:\/\/file.ones.com.tr\/s\/bioaffix-management-tr\" class=\"nav-link\" target=\"_blank\" rel=\"noopener\">\u0130ndir <\/a><\/li>\n<\/ul><\/div>\t\t\t\t<\/div>\n\t\t\t\t<\/div>\n\t\t\t\t<\/div>\n\t\t\t\t\t<\/div>\n\t\t\t\t<\/div>\n\t\t<div class=\"elementor-element elementor-element-aa7ca6e e-con-full e-flex e-con e-parent\" data-id=\"aa7ca6e\" data-element_type=\"container\" data-e-type=\"container\" data-settings=\"{&quot;background_background&quot;:&quot;gradient&quot;}\">\n\t\t\t\t<div class=\"elementor-element elementor-element-36b13ab elementor-widget elementor-widget-heading\" data-id=\"36b13ab\" data-element_type=\"widget\" data-e-type=\"widget\" data-widget_type=\"heading.default\">\n\t\t\t\t<div class=\"elementor-widget-container\">\n\t\t\t\t\t<h1 class=\"elementor-heading-title elementor-size-default\">BioAffix Management Ge\u00e7i\u015f Kontrol Yetenekleri<\/h1>\t\t\t\t<\/div>\n\t\t\t\t<\/div>\n\t\t\t\t<\/div>\n\t\t<div class=\"elementor-element elementor-element-0e63d73 e-flex e-con-boxed e-con e-parent\" data-id=\"0e63d73\" data-element_type=\"container\" data-e-type=\"container\">\n\t\t\t\t\t<div class=\"e-con-inner\">\n\t\t<div class=\"elementor-element elementor-element-1d43982 e-con-full e-flex e-con e-child\" data-id=\"1d43982\" data-element_type=\"container\" data-e-type=\"container\">\n\t\t\t\t<div class=\"elementor-element elementor-element-073e422 elementor-widget elementor-widget-image\" data-id=\"073e422\" data-element_type=\"widget\" data-e-type=\"widget\" data-widget_type=\"image.default\">\n\t\t\t\t<div class=\"elementor-widget-container\">\n\t\t\t\t\t\t\t\t\t\t\t\t\t\t\t<img loading=\"lazy\" decoding=\"async\" loading=\"lazy\" width=\"500\" height=\"382\" src=\"https:\/\/bioaffix.com\/wp-content\/uploads\/BioAffix-Management-Access-Control-Ability-User-Specia-Time.webp\" class=\"attachment-large size-large wp-image-2135\" alt=\"\" srcset=\"https:\/\/bioaffix.com\/wp-content\/uploads\/BioAffix-Management-Access-Control-Ability-User-Specia-Time.webp 500w, https:\/\/bioaffix.com\/wp-content\/uploads\/BioAffix-Management-Access-Control-Ability-User-Specia-Time-300x229.webp 300w, https:\/\/bioaffix.com\/wp-content\/uploads\/BioAffix-Management-Access-Control-Ability-User-Specia-Time-16x12.webp 16w\" sizes=\"auto, (max-width: 500px) 100vw, 500px\" \/>\t\t\t\t\t\t\t\t\t\t\t\t\t\t\t<\/div>\n\t\t\t\t<\/div>\n\t\t\t\t<\/div>\n\t\t<div class=\"elementor-element elementor-element-d929d78 e-con-full e-flex e-con e-child\" data-id=\"d929d78\" data-element_type=\"container\" data-e-type=\"container\">\n\t\t\t\t<div class=\"elementor-element elementor-element-802560b elementor-widget elementor-widget-heading\" data-id=\"802560b\" data-element_type=\"widget\" data-e-type=\"widget\" data-widget_type=\"heading.default\">\n\t\t\t\t<div class=\"elementor-widget-container\">\n\t\t\t\t\t<h2 class=\"elementor-heading-title elementor-size-default\">Kullan\u0131c\u0131 \u00d6zel Zaman Y\u00f6netimi<\/h2>\t\t\t\t<\/div>\n\t\t\t\t<\/div>\n\t\t\t\t<div class=\"elementor-element elementor-element-45964a3 elementor-widget elementor-widget-text-editor\" data-id=\"45964a3\" data-element_type=\"widget\" data-e-type=\"widget\" data-widget_type=\"text-editor.default\">\n\t\t\t\t<div class=\"elementor-widget-container\">\n\t\t\t\t\t\t\t\t\tOrganizasyonunuzda g\u00f6rev alan t\u00fcm kullan\u0131c\u0131lar i\u00e7in \u00f6zel zaman aral\u0131klar\u0131 belirleyebilirsiniz. Bu sayede kullan\u0131c\u0131, yetki s\u00fcresi d\u0131\u015f\u0131nda kalan zamanda, departmanlar aras\u0131nda ge\u00e7i\u015f i\u015flemlerini ger\u00e7ekle\u015ftiremez.\t\t\t\t\t\t\t\t<\/div>\n\t\t\t\t<\/div>\n\t\t\t\t<\/div>\n\t\t\t\t\t<\/div>\n\t\t\t\t<\/div>\n\t\t<div class=\"elementor-element elementor-element-2a9a959 e-flex e-con-boxed e-con e-parent\" data-id=\"2a9a959\" data-element_type=\"container\" data-e-type=\"container\">\n\t\t\t\t\t<div class=\"e-con-inner\">\n\t\t<div class=\"elementor-element elementor-element-60085d0 e-con-full e-flex e-con e-child\" data-id=\"60085d0\" data-element_type=\"container\" data-e-type=\"container\">\n\t\t\t\t<div class=\"elementor-element elementor-element-ca10fe1 elementor-widget elementor-widget-heading\" data-id=\"ca10fe1\" data-element_type=\"widget\" data-e-type=\"widget\" data-widget_type=\"heading.default\">\n\t\t\t\t<div class=\"elementor-widget-container\">\n\t\t\t\t\t<h2 class=\"elementor-heading-title elementor-size-default\">Uzaktan Cihaz Y\u00f6netimi<\/h2>\t\t\t\t<\/div>\n\t\t\t\t<\/div>\n\t\t\t\t<div class=\"elementor-element elementor-element-d7956af elementor-widget elementor-widget-text-editor\" data-id=\"d7956af\" data-element_type=\"widget\" data-e-type=\"widget\" data-widget_type=\"text-editor.default\">\n\t\t\t\t<div class=\"elementor-widget-container\">\n\t\t\t\t\t\t\t\t\t<p>BioAffix Management ile organizasyonunuzda bulunan t\u00fcm BioAffix \u00fcr\u00fcn ailesini yerinizden ayr\u0131lmadan kontrol edip, cihaza ait ar\u0131za ve durum bilgilerini g\u00f6r\u00fcnt\u00fcleyebilirsiniz.<\/p>\t\t\t\t\t\t\t\t<\/div>\n\t\t\t\t<\/div>\n\t\t\t\t<\/div>\n\t\t<div class=\"elementor-element elementor-element-42e3278 e-con-full e-flex e-con e-child\" data-id=\"42e3278\" data-element_type=\"container\" data-e-type=\"container\">\n\t\t\t\t<div class=\"elementor-element elementor-element-a074a99 elementor-widget elementor-widget-image\" data-id=\"a074a99\" data-element_type=\"widget\" data-e-type=\"widget\" data-widget_type=\"image.default\">\n\t\t\t\t<div class=\"elementor-widget-container\">\n\t\t\t\t\t\t\t\t\t\t\t\t\t\t\t<img loading=\"lazy\" decoding=\"async\" loading=\"lazy\" width=\"519\" height=\"424\" src=\"https:\/\/bioaffix.com\/wp-content\/uploads\/BioAffix-Management-Overview-Control.webp\" class=\"attachment-large size-large wp-image-1041\" alt=\"\" srcset=\"https:\/\/bioaffix.com\/wp-content\/uploads\/BioAffix-Management-Overview-Control.webp 519w, https:\/\/bioaffix.com\/wp-content\/uploads\/BioAffix-Management-Overview-Control-300x245.webp 300w, https:\/\/bioaffix.com\/wp-content\/uploads\/BioAffix-Management-Overview-Control-85x70.webp 85w, https:\/\/bioaffix.com\/wp-content\/uploads\/BioAffix-Management-Overview-Control-15x12.webp 15w\" sizes=\"auto, (max-width: 519px) 100vw, 519px\" \/>\t\t\t\t\t\t\t\t\t\t\t\t\t\t\t<\/div>\n\t\t\t\t<\/div>\n\t\t\t\t<\/div>\n\t\t\t\t\t<\/div>\n\t\t\t\t<\/div>\n\t\t<div class=\"elementor-element elementor-element-33b1914 e-flex e-con-boxed e-con e-parent\" data-id=\"33b1914\" data-element_type=\"container\" data-e-type=\"container\">\n\t\t\t\t\t<div class=\"e-con-inner\">\n\t\t<div class=\"elementor-element elementor-element-419f8f1 e-con-full e-flex e-con e-child\" data-id=\"419f8f1\" data-element_type=\"container\" data-e-type=\"container\">\n\t\t\t\t<div class=\"elementor-element elementor-element-7518fa1 elementor-widget elementor-widget-image\" data-id=\"7518fa1\" data-element_type=\"widget\" data-e-type=\"widget\" data-widget_type=\"image.default\">\n\t\t\t\t<div class=\"elementor-widget-container\">\n\t\t\t\t\t\t\t\t\t\t\t\t\t\t\t<img loading=\"lazy\" decoding=\"async\" loading=\"lazy\" width=\"501\" height=\"346\" src=\"https:\/\/bioaffix.com\/wp-content\/uploads\/BioAffix-Management-Properties-User-Authorisation.webp\" class=\"attachment-large size-large wp-image-1078\" alt=\"\" srcset=\"https:\/\/bioaffix.com\/wp-content\/uploads\/BioAffix-Management-Properties-User-Authorisation.webp 501w, https:\/\/bioaffix.com\/wp-content\/uploads\/BioAffix-Management-Properties-User-Authorisation-300x207.webp 300w, https:\/\/bioaffix.com\/wp-content\/uploads\/BioAffix-Management-Properties-User-Authorisation-18x12.webp 18w\" sizes=\"auto, (max-width: 501px) 100vw, 501px\" \/>\t\t\t\t\t\t\t\t\t\t\t\t\t\t\t<\/div>\n\t\t\t\t<\/div>\n\t\t\t\t<\/div>\n\t\t<div class=\"elementor-element elementor-element-e9b4371 e-con-full e-flex e-con e-child\" data-id=\"e9b4371\" data-element_type=\"container\" data-e-type=\"container\">\n\t\t\t\t<div class=\"elementor-element elementor-element-f39b125 elementor-widget elementor-widget-heading\" data-id=\"f39b125\" data-element_type=\"widget\" data-e-type=\"widget\" data-widget_type=\"heading.default\">\n\t\t\t\t<div class=\"elementor-widget-container\">\n\t\t\t\t\t<h2 class=\"elementor-heading-title elementor-size-default\">Ayr\u0131nt\u0131l\u0131 Kullan\u0131c\u0131 Gruplama<\/h2>\t\t\t\t<\/div>\n\t\t\t\t<\/div>\n\t\t\t\t<div class=\"elementor-element elementor-element-38bb5c4 elementor-widget elementor-widget-text-editor\" data-id=\"38bb5c4\" data-element_type=\"widget\" data-e-type=\"widget\" data-widget_type=\"text-editor.default\">\n\t\t\t\t<div class=\"elementor-widget-container\">\n\t\t\t\t\t\t\t\t\t<p>BioAffix Management ile yetki atamalar\u0131 yapabilece\u011finiz kullan\u0131c\u0131 gruplar\u0131 olu\u015fturabilirsiniz. Bu sayede ge\u00e7i\u015f ve cihaz kullanma yetkilerini grup baz\u0131nda ger\u00e7ekle\u015ftirerek birden \u00e7ok kullan\u0131c\u0131ya ait yetkilerde kolayl\u0131kla s\u00f6z sahibi olabilirsiniz.<\/p>\t\t\t\t\t\t\t\t<\/div>\n\t\t\t\t<\/div>\n\t\t\t\t<\/div>\n\t\t\t\t\t<\/div>\n\t\t\t\t<\/div>\n\t\t<div class=\"elementor-element elementor-element-fda389b e-flex e-con-boxed e-con e-parent\" data-id=\"fda389b\" data-element_type=\"container\" data-e-type=\"container\">\n\t\t\t\t\t<div class=\"e-con-inner\">\n\t\t<div class=\"elementor-element elementor-element-787864e e-con-full e-flex e-con e-child\" data-id=\"787864e\" data-element_type=\"container\" data-e-type=\"container\">\n\t\t\t\t<div class=\"elementor-element elementor-element-2fb3d04 elementor-widget elementor-widget-heading\" data-id=\"2fb3d04\" data-element_type=\"widget\" data-e-type=\"widget\" data-widget_type=\"heading.default\">\n\t\t\t\t<div class=\"elementor-widget-container\">\n\t\t\t\t\t<h2 class=\"elementor-heading-title elementor-size-default\">B\u00f6lge Y\u00f6netim \u00d6zelli\u011fi<\/h2>\t\t\t\t<\/div>\n\t\t\t\t<\/div>\n\t\t\t\t<div class=\"elementor-element elementor-element-decd271 elementor-widget elementor-widget-text-editor\" data-id=\"decd271\" data-element_type=\"widget\" data-e-type=\"widget\" data-widget_type=\"text-editor.default\">\n\t\t\t\t<div class=\"elementor-widget-container\">\n\t\t\t\t\t\t\t\t\t<p>Organizasyonunuzun yap\u0131 plan\u0131na uygun olarak BioAffix Management ile mant\u0131ksal b\u00f6lgeler ve bu b\u00f6lgelere ait do\u011frulama noktalar\u0131 olu\u015fturabilirsiniz. Bu sayede BioAffix \u00fcr\u00fcnlerini ilgili b\u00f6lgelere atarak birimleri ya da kalabal\u0131k \u00e7al\u0131\u015fma ortamlar\u0131n\u0131n ge\u00e7i\u015f i\u015flemlerini kontrol alt\u0131na alabilirsiniz.\u00a0<\/p>\t\t\t\t\t\t\t\t<\/div>\n\t\t\t\t<\/div>\n\t\t\t\t<\/div>\n\t\t<div class=\"elementor-element elementor-element-7be6427 e-con-full e-flex e-con e-child\" data-id=\"7be6427\" data-element_type=\"container\" data-e-type=\"container\">\n\t\t\t\t<div class=\"elementor-element elementor-element-7590afe elementor-widget elementor-widget-image\" data-id=\"7590afe\" data-element_type=\"widget\" data-e-type=\"widget\" data-widget_type=\"image.default\">\n\t\t\t\t<div class=\"elementor-widget-container\">\n\t\t\t\t\t\t\t\t\t\t\t\t\t\t\t<img loading=\"lazy\" decoding=\"async\" loading=\"lazy\" width=\"500\" height=\"375\" src=\"https:\/\/bioaffix.com\/wp-content\/uploads\/BioAffix-Management-Access-Control-Ability-Zone-Management.webp\" class=\"attachment-large size-large wp-image-2136\" alt=\"\" srcset=\"https:\/\/bioaffix.com\/wp-content\/uploads\/BioAffix-Management-Access-Control-Ability-Zone-Management.webp 500w, https:\/\/bioaffix.com\/wp-content\/uploads\/BioAffix-Management-Access-Control-Ability-Zone-Management-300x225.webp 300w, https:\/\/bioaffix.com\/wp-content\/uploads\/BioAffix-Management-Access-Control-Ability-Zone-Management-16x12.webp 16w\" sizes=\"auto, (max-width: 500px) 100vw, 500px\" \/>\t\t\t\t\t\t\t\t\t\t\t\t\t\t\t<\/div>\n\t\t\t\t<\/div>\n\t\t\t\t<\/div>\n\t\t\t\t\t<\/div>\n\t\t\t\t<\/div>\n\t\t<div class=\"elementor-element elementor-element-b773303 e-flex e-con-boxed e-con e-parent\" data-id=\"b773303\" data-element_type=\"container\" data-e-type=\"container\">\n\t\t\t\t\t<div class=\"e-con-inner\">\n\t\t<div class=\"elementor-element elementor-element-1d73f43 e-con-full e-flex e-con e-child\" data-id=\"1d73f43\" data-element_type=\"container\" data-e-type=\"container\">\n\t\t\t\t<div class=\"elementor-element elementor-element-8688896 elementor-widget elementor-widget-image\" data-id=\"8688896\" data-element_type=\"widget\" data-e-type=\"widget\" data-widget_type=\"image.default\">\n\t\t\t\t<div class=\"elementor-widget-container\">\n\t\t\t\t\t\t\t\t\t\t\t\t\t\t\t<img loading=\"lazy\" decoding=\"async\" loading=\"lazy\" width=\"519\" height=\"424\" src=\"https:\/\/bioaffix.com\/wp-content\/uploads\/BioAffix-Management-Overview_Report.webp\" class=\"attachment-large size-large wp-image-1043\" alt=\"\" srcset=\"https:\/\/bioaffix.com\/wp-content\/uploads\/BioAffix-Management-Overview_Report.webp 519w, https:\/\/bioaffix.com\/wp-content\/uploads\/BioAffix-Management-Overview_Report-300x245.webp 300w, https:\/\/bioaffix.com\/wp-content\/uploads\/BioAffix-Management-Overview_Report-85x70.webp 85w, https:\/\/bioaffix.com\/wp-content\/uploads\/BioAffix-Management-Overview_Report-15x12.webp 15w\" sizes=\"auto, (max-width: 519px) 100vw, 519px\" \/>\t\t\t\t\t\t\t\t\t\t\t\t\t\t\t<\/div>\n\t\t\t\t<\/div>\n\t\t\t\t<\/div>\n\t\t<div class=\"elementor-element elementor-element-14bc7d3 e-con-full e-flex e-con e-child\" data-id=\"14bc7d3\" data-element_type=\"container\" data-e-type=\"container\">\n\t\t\t\t<div class=\"elementor-element elementor-element-28881b1 elementor-widget elementor-widget-heading\" data-id=\"28881b1\" data-element_type=\"widget\" data-e-type=\"widget\" data-widget_type=\"heading.default\">\n\t\t\t\t<div class=\"elementor-widget-container\">\n\t\t\t\t\t<h2 class=\"elementor-heading-title elementor-size-default\">Ar\u0131za Takip \u00d6zelli\u011fi<\/h2>\t\t\t\t<\/div>\n\t\t\t\t<\/div>\n\t\t\t\t<div class=\"elementor-element elementor-element-28dabe2 elementor-widget elementor-widget-text-editor\" data-id=\"28dabe2\" data-element_type=\"widget\" data-e-type=\"widget\" data-widget_type=\"text-editor.default\">\n\t\t\t\t<div class=\"elementor-widget-container\">\n\t\t\t\t\t\t\t\t\t<p>BioAffix Management\u2019a ba\u011fl\u0131 olan t\u00fcm cihazlar taraf\u0131ndan olu\u015fturulan ar\u0131za kay\u0131tlar\u0131n\u0131 g\u00f6r\u00fcnt\u00fcleyebilirsiniz. Olu\u015fturaca\u011f\u0131n\u0131z \u00f6zel filtreler ile h\u0131zl\u0131 ve kolay bir \u015fekilde ar\u0131zalar\u0131 listeleyebilirsiniz.<\/p>\t\t\t\t\t\t\t\t<\/div>\n\t\t\t\t<\/div>\n\t\t\t\t<\/div>\n\t\t\t\t\t<\/div>\n\t\t\t\t<\/div>\n\t\t<div class=\"elementor-element elementor-element-2475661 e-con-full e-flex e-con e-parent\" data-id=\"2475661\" data-element_type=\"container\" data-e-type=\"container\">\n\t\t\t\t<div class=\"elementor-element elementor-element-efbc750 elementor-widget elementor-widget-image\" data-id=\"efbc750\" data-element_type=\"widget\" data-e-type=\"widget\" data-widget_type=\"image.default\">\n\t\t\t\t<div class=\"elementor-widget-container\">\n\t\t\t\t\t\t\t\t\t\t\t\t\t\t\t<img loading=\"lazy\" decoding=\"async\" loading=\"lazy\" width=\"251\" height=\"131\" src=\"https:\/\/bioaffix.com\/wp-content\/uploads\/BioAffix-WinLogon-Gears.webp\" class=\"attachment-large size-large wp-image-223\" alt=\"\" srcset=\"https:\/\/bioaffix.com\/wp-content\/uploads\/BioAffix-WinLogon-Gears.webp 251w, https:\/\/bioaffix.com\/wp-content\/uploads\/BioAffix-WinLogon-Gears-18x9.webp 18w\" sizes=\"auto, (max-width: 251px) 100vw, 251px\" \/>\t\t\t\t\t\t\t\t\t\t\t\t\t\t\t<\/div>\n\t\t\t\t<\/div>\n\t\t\t\t<div class=\"elementor-element elementor-element-e622225 elementor-widget elementor-widget-heading\" data-id=\"e622225\" data-element_type=\"widget\" data-e-type=\"widget\" data-widget_type=\"heading.default\">\n\t\t\t\t<div class=\"elementor-widget-container\">\n\t\t\t\t\t<h3 class=\"elementor-heading-title elementor-size-default\">BioAffix Management Entegrasyon Yeteneklerini Ke\u015ffedin<\/h3>\t\t\t\t<\/div>\n\t\t\t\t<\/div>\n\t\t\t\t<div class=\"elementor-element elementor-element-69f388c elementor-widget elementor-widget-text-editor\" data-id=\"69f388c\" data-element_type=\"widget\" data-e-type=\"widget\" data-widget_type=\"text-editor.default\">\n\t\t\t\t<div class=\"elementor-widget-container\">\n\t\t\t\t\t\t\t\t\t<p><span style=\"color: #ca171e;\"><strong>T\u00fcm altyap\u0131lar i\u00e7in <\/strong><\/span>uygun olan entegrasyon yeteneklerini inceleyin<\/p>\t\t\t\t\t\t\t\t<\/div>\n\t\t\t\t<\/div>\n\t\t\t\t<div class=\"elementor-element elementor-element-798149e elementor-align-center elementor-widget elementor-widget-button\" data-id=\"798149e\" data-element_type=\"widget\" data-e-type=\"widget\" data-widget_type=\"button.default\">\n\t\t\t\t<div class=\"elementor-widget-container\">\n\t\t\t\t\t\t\t\t\t<div class=\"elementor-button-wrapper\">\n\t\t\t\t\t<a class=\"elementor-button elementor-button-link elementor-size-sm\" href=\"https:\/\/bioaffix.com\/tr\/yazilim\/bioaffix-management\/entegrasyon-yetenekleri\/\">\n\t\t\t\t\t\t<span class=\"elementor-button-content-wrapper\">\n\t\t\t\t\t\t\t\t\t<span class=\"elementor-button-text\">Daha Fazla Bilgi  &gt;<\/span>\n\t\t\t\t\t<\/span>\n\t\t\t\t\t<\/a>\n\t\t\t\t<\/div>\n\t\t\t\t\t\t\t\t<\/div>\n\t\t\t\t<\/div>\n\t\t\t\t<\/div>\n\t\t\t\t<\/div>\n\t\t","protected":false},"excerpt":{"rendered":"<p>BioAffix Management ge\u00e7i\u015f kontrol yeteneklerine yak\u0131ndan bak\u0131n.<\/p>\n","protected":false},"author":1,"featured_media":0,"parent":1034,"menu_order":0,"comment_status":"closed","ping_status":"closed","template":"","meta":{"nf_dc_page":"","footnotes":""},"class_list":["post-1100","page","type-page","status-publish","hentry","no-post-thumbnail"],"acf":[],"_links":{"self":[{"href":"https:\/\/bioaffix.com\/tr\/wp-json\/wp\/v2\/pages\/1100","targetHints":{"allow":["GET"]}}],"collection":[{"href":"https:\/\/bioaffix.com\/tr\/wp-json\/wp\/v2\/pages"}],"about":[{"href":"https:\/\/bioaffix.com\/tr\/wp-json\/wp\/v2\/types\/page"}],"author":[{"embeddable":true,"href":"https:\/\/bioaffix.com\/tr\/wp-json\/wp\/v2\/users\/1"}],"replies":[{"embeddable":true,"href":"https:\/\/bioaffix.com\/tr\/wp-json\/wp\/v2\/comments?post=1100"}],"version-history":[{"count":0,"href":"https:\/\/bioaffix.com\/tr\/wp-json\/wp\/v2\/pages\/1100\/revisions"}],"up":[{"embeddable":true,"href":"https:\/\/bioaffix.com\/tr\/wp-json\/wp\/v2\/pages\/1034"}],"wp:attachment":[{"href":"https:\/\/bioaffix.com\/tr\/wp-json\/wp\/v2\/media?parent=1100"}],"curies":[{"name":"wp","href":"https:\/\/api.w.org\/{rel}","templated":true}]}}