{"id":1004,"date":"2023-06-23T10:02:54","date_gmt":"2023-06-23T07:02:54","guid":{"rendered":"https:\/\/bioaffix.com\/?page_id=1004"},"modified":"2025-05-29T16:36:08","modified_gmt":"2025-05-29T13:36:08","slug":"nasil-calisir","status":"publish","type":"page","link":"https:\/\/bioaffix.com\/tr\/yazilim\/bioaffix-applogon\/nasil-calisir\/","title":{"rendered":"BioAffix AppLogon Nas\u0131l \u00c7al\u0131\u015f\u0131r?"},"content":{"rendered":"\t\t<div data-elementor-type=\"wp-page\" data-elementor-id=\"1004\" class=\"elementor elementor-1004\">\n\t\t\t\t<div class=\"elementor-element elementor-element-e9500eb submenuSticky e-flex e-con-boxed e-con e-parent\" data-id=\"e9500eb\" data-element_type=\"container\" data-e-type=\"container\" data-settings=\"{&quot;background_background&quot;:&quot;classic&quot;}\">\n\t\t\t\t\t<div class=\"e-con-inner\">\n\t\t<div class=\"elementor-element elementor-element-e1b6464 e-con-full elementor-hidden-mobile e-flex e-con e-child\" data-id=\"e1b6464\" data-element_type=\"container\" data-e-type=\"container\">\n\t\t\t\t<div class=\"elementor-element elementor-element-50e6b98 elementor-widget elementor-widget-image\" data-id=\"50e6b98\" data-element_type=\"widget\" data-e-type=\"widget\" data-widget_type=\"image.default\">\n\t\t\t\t<div class=\"elementor-widget-container\">\n\t\t\t\t\t\t\t\t\t\t\t\t\t\t\t\t<a href=\"https:\/\/bioaffix.com\/tr\/yazilim\/bioaffix-applogon\/\">\n\t\t\t\t\t\t\t<img loading=\"lazy\" decoding=\"async\" loading=\"lazy\" width=\"105\" height=\"41\" src=\"https:\/\/bioaffix.com\/wp-content\/uploads\/BioAffix-AppLogon-Sub-Menu-Logo.webp\" class=\"attachment-full size-full wp-image-3219\" alt=\"\" srcset=\"https:\/\/bioaffix.com\/wp-content\/uploads\/BioAffix-AppLogon-Sub-Menu-Logo.webp 105w, https:\/\/bioaffix.com\/wp-content\/uploads\/BioAffix-AppLogon-Sub-Menu-Logo-18x7.webp 18w\" sizes=\"auto, (max-width: 105px) 100vw, 105px\" \/>\t\t\t\t\t\t\t\t<\/a>\n\t\t\t\t\t\t\t\t\t\t\t\t\t\t\t<\/div>\n\t\t\t\t<\/div>\n\t\t\t\t<\/div>\n\t\t<div class=\"elementor-element elementor-element-b0dcd0e e-con-full e-flex e-con e-child\" data-id=\"b0dcd0e\" data-element_type=\"container\" data-e-type=\"container\">\n\t\t\t\t<div class=\"elementor-element elementor-element-849f392 customNavMenu elementor-widget elementor-widget-wp-widget-nav_menu\" data-id=\"849f392\" data-element_type=\"widget\" data-e-type=\"widget\" data-widget_type=\"wp-widget-nav_menu.default\">\n\t\t\t\t<div class=\"elementor-widget-container\">\n\t\t\t\t\t<div class=\"menu-bioaffix-applogon-tr-container\"><ul id=\"menu-bioaffix-applogon-tr\" class=\"menu\"><li id=\"menu-item-3186\" class=\"menu-item menu-item-type-post_type menu-item-object-page menu-item-3186\"><a href=\"https:\/\/bioaffix.com\/tr\/yazilim\/bioaffix-applogon\/\"   class=\"nav-link\">Genel Bak\u0131\u015f <\/a><\/li>\n<li id=\"menu-item-3187\" class=\"menu-item menu-item-type-post_type menu-item-object-page menu-item-3187\"><a href=\"https:\/\/bioaffix.com\/tr\/yazilim\/bioaffix-applogon\/nasil-calisir\/\"   class=\"nav-link\">Nas\u0131l \u00c7al\u0131\u015f\u0131r? <\/a><\/li>\n<li id=\"menu-item-3188\" class=\"menu-item menu-item-type-post_type menu-item-object-page menu-item-3188\"><a href=\"https:\/\/bioaffix.com\/tr\/yazilim\/bioaffix-applogon\/entegrasyon-yetenekleri\/\"   class=\"nav-link\">Entegrasyon <\/a><\/li>\n<li id=\"menu-item-3189\" class=\"menu-item menu-item-type-custom menu-item-object-custom menu-item-3189\"><a href=\"https:\/\/file.ones.com.tr\/s\/bioaffix-winlogon-tr\" class=\"nav-link\" target=\"_blank\" rel=\"noopener\">\u0130ndir <\/a><\/li>\n<\/ul><\/div>\t\t\t\t<\/div>\n\t\t\t\t<\/div>\n\t\t\t\t<\/div>\n\t\t\t\t\t<\/div>\n\t\t\t\t<\/div>\n\t\t<div class=\"elementor-element elementor-element-89ebebe e-con-full e-flex e-con e-parent\" data-id=\"89ebebe\" data-element_type=\"container\" data-e-type=\"container\" data-settings=\"{&quot;background_background&quot;:&quot;gradient&quot;}\">\n\t\t\t\t<div class=\"elementor-element elementor-element-3dee3d3 elementor-widget elementor-widget-heading\" data-id=\"3dee3d3\" data-element_type=\"widget\" data-e-type=\"widget\" data-widget_type=\"heading.default\">\n\t\t\t\t<div class=\"elementor-widget-container\">\n\t\t\t\t\t<h1 class=\"elementor-heading-title elementor-size-default\">BioAffix AppLogon Nas\u0131l \u00c7al\u0131\u015f\u0131r?<\/h1>\t\t\t\t<\/div>\n\t\t\t\t<\/div>\n\t\t\t\t<div class=\"elementor-element elementor-element-bdd9661 elementor-widget elementor-widget-text-editor\" data-id=\"bdd9661\" data-element_type=\"widget\" data-e-type=\"widget\" data-widget_type=\"text-editor.default\">\n\t\t\t\t<div class=\"elementor-widget-container\">\n\t\t\t\t\t\t\t\t\t<p>BioAffix AppLogon&#8217;un \u00e7al\u0131\u015fma \u00f6zelliklerini ke\u015ffedin!<\/p>\t\t\t\t\t\t\t\t<\/div>\n\t\t\t\t<\/div>\n\t\t\t\t<\/div>\n\t\t<div class=\"elementor-element elementor-element-c63433d e-con-full e-flex elementor-invisible e-con e-parent\" data-id=\"c63433d\" data-element_type=\"container\" data-e-type=\"container\" data-settings=\"{&quot;animation&quot;:&quot;fadeIn&quot;}\">\n\t\t\t\t<div class=\"elementor-element elementor-element-1590628 e-transform elementor-invisible elementor-widget elementor-widget-Saasland_processes\" data-id=\"1590628\" data-element_type=\"widget\" data-e-type=\"widget\" data-settings=\"{&quot;_animation&quot;:&quot;fadeIn&quot;,&quot;_transform_scale_effect&quot;:{&quot;unit&quot;:&quot;px&quot;,&quot;size&quot;:&quot;&quot;,&quot;sizes&quot;:[]},&quot;_transform_scale_effect_tablet&quot;:{&quot;unit&quot;:&quot;px&quot;,&quot;size&quot;:&quot;&quot;,&quot;sizes&quot;:[]},&quot;_transform_scale_effect_mobile&quot;:{&quot;unit&quot;:&quot;px&quot;,&quot;size&quot;:&quot;&quot;,&quot;sizes&quot;:[]}}\" data-widget_type=\"Saasland_processes.default\">\n\t\t\t\t<div class=\"elementor-widget-container\">\n\t\t\t\t\t            <section class=\"agency_featured_area\">\r\n                <div class=\"container\">\r\n                                        <div class=\"features_info\">\r\n                                                    <img decoding=\"async\" loading=\"lazy\" class=\"dot_img\" src=\"https:\/\/bioaffix.com\/wp-content\/plugins\/saasland-core\/widgets\/images\/dot_5_items.png\" alt=\"Shape\">\r\n                                                                                    <div class=\"row agency_featured_item elementor-repeater-item-3587417 flex-row-reverse\">\r\n                                    <div class=\"col-lg-6\">\r\n                                        <div class=\"agency_featured_img text-right wow fadeInRight\"\r\n                                             data-wow-delay=\"0.4s\">\r\n                                            <img loading=\"lazy\" decoding=\"async\" loading=\"lazy\" width=\"426\" height=\"344\" src=\"https:\/\/bioaffix.com\/wp-content\/uploads\/BioAffix-WinLogon-How-Its-Work-Step-1.webp\" class=\"attachment-full size-full\" alt=\"\" srcset=\"https:\/\/bioaffix.com\/wp-content\/uploads\/BioAffix-WinLogon-How-Its-Work-Step-1.webp 426w, https:\/\/bioaffix.com\/wp-content\/uploads\/BioAffix-WinLogon-How-Its-Work-Step-1-300x242.webp 300w, https:\/\/bioaffix.com\/wp-content\/uploads\/BioAffix-WinLogon-How-Its-Work-Step-1-370x300.webp 370w, https:\/\/bioaffix.com\/wp-content\/uploads\/BioAffix-WinLogon-How-Its-Work-Step-1-85x70.webp 85w, https:\/\/bioaffix.com\/wp-content\/uploads\/BioAffix-WinLogon-How-Its-Work-Step-1-15x12.webp 15w\" sizes=\"auto, (max-width: 426px) 100vw, 426px\" \/>                                        <\/div>\r\n                                    <\/div>\r\n                                    <div class=\"col-lg-6\">\r\n                                        <div class=\"agency_featured_content pr_70 pl_70 wow fadeInLeft\"\r\n                                             data-wow-delay=\"0.6s\">\r\n                                            <div class=\"dot\"><span class=\"dot1\"><\/span><span class=\"dot2\"><\/span><\/div>\r\n                                            <img loading=\"lazy\" decoding=\"async\" loading=\"lazy\" width=\"121\" height=\"101\" src=\"https:\/\/bioaffix.com\/wp-content\/uploads\/BioAffix-WinLogon-How-Its-Work-Step-Number-01.webp\" class=\"attachment-full size-full\" alt=\"\" srcset=\"https:\/\/bioaffix.com\/wp-content\/uploads\/BioAffix-WinLogon-How-Its-Work-Step-Number-01.webp 121w, https:\/\/bioaffix.com\/wp-content\/uploads\/BioAffix-WinLogon-How-Its-Work-Step-Number-01-85x70.webp 85w, https:\/\/bioaffix.com\/wp-content\/uploads\/BioAffix-WinLogon-How-Its-Work-Step-Number-01-14x12.webp 14w\" sizes=\"auto, (max-width: 121px) 100vw, 121px\" \/>                                                                                            <h3> Biyometrik ile Kullan\u0131c\u0131 Giri\u015fi <\/h3>\r\n                                                                                        <p>BioAffix\u00ae AppLogon ile oturum a\u00e7mak i\u00e7in Windows \u00fczerinden oturum a\u00e7ma ihtiyac\u0131 duydu\u011funuz bir giri\u015f bi\u00e7imi belirleyin. Oturum a\u00e7ma i\u00e7in Biyometrik Giri\u015f se\u00e7ene\u011fini se\u00e7erek BioAffix AppLogon uygulamas\u0131n\u0131n a\u00e7\u0131lmas\u0131n\u0131 sa\u011flay\u0131n.<\/p>\n                                                                                            <a href=\"\"                                                    class=\"icon mt_30 btn_icon\"><i\r\n                                                            class=\"ti-angle-right\"><\/i><\/a>\r\n                                                                                        <\/div>\r\n                                    <\/div>\r\n                                <\/div>\r\n                                                                <div class=\"row agency_featured_item elementor-repeater-item-c724f6b agency_featured_item_two\">\r\n                                    <div class=\"col-lg-6\">\r\n                                        <div class=\"agency_featured_img text-right wow fadeInRight\"\r\n                                             data-wow-delay=\"0.4s\">\r\n                                            <img loading=\"lazy\" decoding=\"async\" loading=\"lazy\" width=\"500\" height=\"346\" src=\"https:\/\/bioaffix.com\/wp-content\/uploads\/BioAffix-WinLogon-How-Its-Work-Step2.webp\" class=\"attachment-full size-full\" alt=\"\" \/>                                        <\/div>\r\n                                    <\/div>\r\n                                    <div class=\"col-lg-6\">\r\n                                        <div class=\"agency_featured_content pr_70 pl_100 wow fadeInLeft\"\r\n                                             data-wow-delay=\"0.6s\">\r\n                                            <div class=\"dot\"><span class=\"dot1\"><\/span><span class=\"dot2\"><\/span><\/div>\r\n                                            <img loading=\"lazy\" decoding=\"async\" loading=\"lazy\" width=\"121\" height=\"101\" src=\"https:\/\/bioaffix.com\/wp-content\/uploads\/BioAffix-WinLogon-How-Its-Work-Step-Number-02.webp\" class=\"attachment-full size-full\" alt=\"\" srcset=\"https:\/\/bioaffix.com\/wp-content\/uploads\/BioAffix-WinLogon-How-Its-Work-Step-Number-02.webp 121w, https:\/\/bioaffix.com\/wp-content\/uploads\/BioAffix-WinLogon-How-Its-Work-Step-Number-02-85x70.webp 85w, https:\/\/bioaffix.com\/wp-content\/uploads\/BioAffix-WinLogon-How-Its-Work-Step-Number-02-14x12.webp 14w\" sizes=\"auto, (max-width: 121px) 100vw, 121px\" \/>                                                                                            <h3> BioAffix\u00ae AppLogon ile \nBiyometrik Do\u011frulama <\/h3>\r\n                                                                                        <p>Oturum a\u00e7ma ihtiyac\u0131 duydu\u011funuz i\u015flem i\u00e7in a\u00e7\u0131lan BioAffix AppLogon aray\u00fcz\u00fc ile giri\u015f i\u015flemi i\u00e7in avucunuzu temass\u0131z bir \u015fekilde sens\u00f6r\u00fcn \u00fczerine getirin. BioAffix AppLogon biyometrik verinizi alarak g\u00fcvenli bir \u015fekilde BioAffix OneServer\u2019a g\u00f6nderir.<\/p>\n                                                                                            <a href=\"\"                                                    class=\"icon mt_30 btn_icon\"><i\r\n                                                            class=\"ti-angle-right\"><\/i><\/a>\r\n                                                                                        <\/div>\r\n                                    <\/div>\r\n                                <\/div>\r\n                                                                <div class=\"row agency_featured_item elementor-repeater-item-b5a4c35 flex-row-reverse\">\r\n                                    <div class=\"col-lg-6\">\r\n                                        <div class=\"agency_featured_img text-right wow fadeInRight\"\r\n                                             data-wow-delay=\"0.4s\">\r\n                                            <img loading=\"lazy\" decoding=\"async\" loading=\"lazy\" width=\"502\" height=\"381\" src=\"https:\/\/bioaffix.com\/wp-content\/uploads\/BioAffix-WinLogon-How-Its-Work-Step3.webp\" class=\"attachment-full size-full\" alt=\"\" srcset=\"https:\/\/bioaffix.com\/wp-content\/uploads\/BioAffix-WinLogon-How-Its-Work-Step3.webp 502w, https:\/\/bioaffix.com\/wp-content\/uploads\/BioAffix-WinLogon-How-Its-Work-Step3-300x228.webp 300w, https:\/\/bioaffix.com\/wp-content\/uploads\/BioAffix-WinLogon-How-Its-Work-Step3-370x280.webp 370w, https:\/\/bioaffix.com\/wp-content\/uploads\/BioAffix-WinLogon-How-Its-Work-Step3-16x12.webp 16w\" sizes=\"auto, (max-width: 502px) 100vw, 502px\" \/>                                        <\/div>\r\n                                    <\/div>\r\n                                    <div class=\"col-lg-6\">\r\n                                        <div class=\"agency_featured_content pr_70 pl_70 wow fadeInLeft\"\r\n                                             data-wow-delay=\"0.6s\">\r\n                                            <div class=\"dot\"><span class=\"dot1\"><\/span><span class=\"dot2\"><\/span><\/div>\r\n                                            <img loading=\"lazy\" decoding=\"async\" loading=\"lazy\" width=\"121\" height=\"101\" src=\"https:\/\/bioaffix.com\/wp-content\/uploads\/BioAffix-WinLogon-How-Its-Work-Step-Number-03.webp\" class=\"attachment-full size-full\" alt=\"\" srcset=\"https:\/\/bioaffix.com\/wp-content\/uploads\/BioAffix-WinLogon-How-Its-Work-Step-Number-03.webp 121w, https:\/\/bioaffix.com\/wp-content\/uploads\/BioAffix-WinLogon-How-Its-Work-Step-Number-03-85x70.webp 85w, https:\/\/bioaffix.com\/wp-content\/uploads\/BioAffix-WinLogon-How-Its-Work-Step-Number-03-14x12.webp 14w\" sizes=\"auto, (max-width: 121px) 100vw, 121px\" \/>                                                                                            <h3> BioAffix\u00ae OneServer ile\nBiyometrik Verinin Do\u011frulanmas\u0131 <\/h3>\r\n                                                                                        <p>BioAffix AppLogon ile gelen biyometrik veri BioAffix OneServer sunucular\u0131nda do\u011frulama i\u015flemi i\u00e7in g\u00fcvenli bir \u015fekilde \u015fifrelenmi\u015f veri taban\u0131nda biyometrik veriniz kar\u015f\u0131la\u015ft\u0131r\u0131l\u0131r ve do\u011frulama ba\u015far\u0131l\u0131 ise LDAP ile Active Directory\u2019e g\u00f6nderilir.<\/p>\n                                                                                            <a href=\"\"                                                    class=\"icon mt_30 btn_icon\"><i\r\n                                                            class=\"ti-angle-right\"><\/i><\/a>\r\n                                                                                        <\/div>\r\n                                    <\/div>\r\n                                <\/div>\r\n                                                                <div class=\"row agency_featured_item elementor-repeater-item-af71f35 agency_featured_item_two\">\r\n                                    <div class=\"col-lg-6\">\r\n                                        <div class=\"agency_featured_img text-right wow fadeInRight\"\r\n                                             data-wow-delay=\"0.4s\">\r\n                                            <img loading=\"lazy\" decoding=\"async\" loading=\"lazy\" width=\"500\" height=\"384\" src=\"https:\/\/bioaffix.com\/wp-content\/uploads\/BioAffix-WinLogon-How-Its-Work-Step-4.webp\" class=\"attachment-full size-full\" alt=\"\" srcset=\"https:\/\/bioaffix.com\/wp-content\/uploads\/BioAffix-WinLogon-How-Its-Work-Step-4.webp 500w, https:\/\/bioaffix.com\/wp-content\/uploads\/BioAffix-WinLogon-How-Its-Work-Step-4-300x230.webp 300w, https:\/\/bioaffix.com\/wp-content\/uploads\/BioAffix-WinLogon-How-Its-Work-Step-4-16x12.webp 16w\" sizes=\"auto, (max-width: 500px) 100vw, 500px\" \/>                                        <\/div>\r\n                                    <\/div>\r\n                                    <div class=\"col-lg-6\">\r\n                                        <div class=\"agency_featured_content pr_70 pl_100 wow fadeInLeft\"\r\n                                             data-wow-delay=\"0.6s\">\r\n                                            <div class=\"dot\"><span class=\"dot1\"><\/span><span class=\"dot2\"><\/span><\/div>\r\n                                            <img loading=\"lazy\" decoding=\"async\" loading=\"lazy\" width=\"121\" height=\"101\" src=\"https:\/\/bioaffix.com\/wp-content\/uploads\/BioAffix-WinLogon-How-Its-Work-Step-Number-04.webp\" class=\"attachment-full size-full\" alt=\"\" srcset=\"https:\/\/bioaffix.com\/wp-content\/uploads\/BioAffix-WinLogon-How-Its-Work-Step-Number-04.webp 121w, https:\/\/bioaffix.com\/wp-content\/uploads\/BioAffix-WinLogon-How-Its-Work-Step-Number-04-85x70.webp 85w, https:\/\/bioaffix.com\/wp-content\/uploads\/BioAffix-WinLogon-How-Its-Work-Step-Number-04-14x12.webp 14w\" sizes=\"auto, (max-width: 121px) 100vw, 121px\" \/>                                                                                            <h3> Active Directory ile\nKullan\u0131c\u0131n\u0131n Do\u011frulanmas\u0131 <\/h3>\r\n                                                                                        <p>BioAffix OneServer taraf\u0131ndan biyometrik verisi do\u011frulanm\u0131\u015f kullan\u0131c\u0131n\u0131n, giri\u015f yetkisinin kontrol\u00fc i\u00e7in Active Directory sunucusu \u00fczerinden kullan\u0131c\u0131 yetkisi do\u011frulan\u0131r. Kullan\u0131c\u0131n\u0131n Active Directory \u00fczerinden yetkisi do\u011frulan\u0131rsa art\u0131k oturum a\u00e7\u0131labilir.<\/p>\n                                                                                            <a href=\"\"                                                    class=\"icon mt_30 btn_icon\"><i\r\n                                                            class=\"ti-angle-right\"><\/i><\/a>\r\n                                                                                        <\/div>\r\n                                    <\/div>\r\n                                <\/div>\r\n                                                                <div class=\"row agency_featured_item elementor-repeater-item-c9e4dbc flex-row-reverse\">\r\n                                    <div class=\"col-lg-6\">\r\n                                        <div class=\"agency_featured_img text-right wow fadeInRight\"\r\n                                             data-wow-delay=\"0.4s\">\r\n                                            <img loading=\"lazy\" decoding=\"async\" loading=\"lazy\" width=\"500\" height=\"344\" src=\"https:\/\/bioaffix.com\/wp-content\/uploads\/BioAffix-WinLogon-How-Its-Work-Step-5.webp\" class=\"attachment-full size-full\" alt=\"\" srcset=\"https:\/\/bioaffix.com\/wp-content\/uploads\/BioAffix-WinLogon-How-Its-Work-Step-5.webp 500w, https:\/\/bioaffix.com\/wp-content\/uploads\/BioAffix-WinLogon-How-Its-Work-Step-5-300x206.webp 300w, https:\/\/bioaffix.com\/wp-content\/uploads\/BioAffix-WinLogon-How-Its-Work-Step-5-18x12.webp 18w\" sizes=\"auto, (max-width: 500px) 100vw, 500px\" \/>                                        <\/div>\r\n                                    <\/div>\r\n                                    <div class=\"col-lg-6\">\r\n                                        <div class=\"agency_featured_content pr_70 pl_70 wow fadeInLeft\"\r\n                                             data-wow-delay=\"0.6s\">\r\n                                            <div class=\"dot\"><span class=\"dot1\"><\/span><span class=\"dot2\"><\/span><\/div>\r\n                                            <img loading=\"lazy\" decoding=\"async\" loading=\"lazy\" width=\"121\" height=\"101\" src=\"https:\/\/bioaffix.com\/wp-content\/uploads\/BioAffix-WinLogon-How-Its-Work-Step-Number-05.webp\" class=\"attachment-full size-full\" alt=\"\" srcset=\"https:\/\/bioaffix.com\/wp-content\/uploads\/BioAffix-WinLogon-How-Its-Work-Step-Number-05.webp 121w, https:\/\/bioaffix.com\/wp-content\/uploads\/BioAffix-WinLogon-How-Its-Work-Step-Number-05-85x70.webp 85w, https:\/\/bioaffix.com\/wp-content\/uploads\/BioAffix-WinLogon-How-Its-Work-Step-Number-05-14x12.webp 14w\" sizes=\"auto, (max-width: 121px) 100vw, 121px\" \/>                                                                                            <h3> Biyometrik ile \nOturum A\u00e7\u0131lmas\u0131 <\/h3>\r\n                                                                                        <p>BioAffix OneServer ile biyometrik verisi do\u011frulanan kullan\u0131c\u0131n\u0131n, Microsoft Active Directory \u00fczerinde giri\u015f yetkisi var ise BioAffix AppLogon penceresi kapan\u0131r ve oturum otomatik olarak a\u00e7\u0131l\u0131r. <\/p>\n                                                                                            <a href=\"\"                                                    class=\"icon mt_30 btn_icon\"><i\r\n                                                            class=\"ti-angle-right\"><\/i><\/a>\r\n                                                                                        <\/div>\r\n                                    <\/div>\r\n                                <\/div>\r\n                                                        <div class=\"dot middle_dot middle_dot6\"><span class=\"dot1\"><\/span><span\r\n                                    class=\"dot2\"><\/span><\/div>\r\n                    <\/div>\r\n                <\/div>\r\n            <\/section>\r\n            \t\t\t\t<\/div>\n\t\t\t\t<\/div>\n\t\t\t\t<\/div>\n\t\t<div class=\"elementor-element elementor-element-61d4e7a e-con-full e-flex e-con e-parent\" data-id=\"61d4e7a\" data-element_type=\"container\" data-e-type=\"container\">\n\t\t\t\t<div class=\"elementor-element elementor-element-a0a9f16 elementor-widget elementor-widget-image\" data-id=\"a0a9f16\" data-element_type=\"widget\" data-e-type=\"widget\" data-widget_type=\"image.default\">\n\t\t\t\t<div class=\"elementor-widget-container\">\n\t\t\t\t\t\t\t\t\t\t\t\t\t\t\t<img loading=\"lazy\" decoding=\"async\" loading=\"lazy\" width=\"251\" height=\"131\" src=\"https:\/\/bioaffix.com\/wp-content\/uploads\/BioAffix-WinLogon-Gears.webp\" class=\"attachment-large size-large wp-image-223\" alt=\"\" srcset=\"https:\/\/bioaffix.com\/wp-content\/uploads\/BioAffix-WinLogon-Gears.webp 251w, https:\/\/bioaffix.com\/wp-content\/uploads\/BioAffix-WinLogon-Gears-18x9.webp 18w\" sizes=\"auto, (max-width: 251px) 100vw, 251px\" \/>\t\t\t\t\t\t\t\t\t\t\t\t\t\t\t<\/div>\n\t\t\t\t<\/div>\n\t\t\t\t<div class=\"elementor-element elementor-element-ac4f8ad elementor-widget elementor-widget-heading\" data-id=\"ac4f8ad\" data-element_type=\"widget\" data-e-type=\"widget\" data-widget_type=\"heading.default\">\n\t\t\t\t<div class=\"elementor-widget-container\">\n\t\t\t\t\t<h3 class=\"elementor-heading-title elementor-size-default\">BioAffix\u00ae AppLogon Entegrasyon \u00d6zelliklerini \u0130nceleyin<\/h3>\t\t\t\t<\/div>\n\t\t\t\t<\/div>\n\t\t\t\t<div class=\"elementor-element elementor-element-6bc612c elementor-widget elementor-widget-text-editor\" data-id=\"6bc612c\" data-element_type=\"widget\" data-e-type=\"widget\" data-widget_type=\"text-editor.default\">\n\t\t\t\t<div class=\"elementor-widget-container\">\n\t\t\t\t\t\t\t\t\t<p><span style=\"color: #ca171e;\"><strong>Geli\u015fmi\u015f entegrasyon<\/strong><\/span> yetenekleri ile BioAffix AppLogon her altyap\u0131 i\u00e7in uygundur<\/p>\t\t\t\t\t\t\t\t<\/div>\n\t\t\t\t<\/div>\n\t\t\t\t<div class=\"elementor-element elementor-element-9f60d8b elementor-align-center elementor-widget elementor-widget-button\" data-id=\"9f60d8b\" data-element_type=\"widget\" data-e-type=\"widget\" data-widget_type=\"button.default\">\n\t\t\t\t<div class=\"elementor-widget-container\">\n\t\t\t\t\t\t\t\t\t<div class=\"elementor-button-wrapper\">\n\t\t\t\t\t<a class=\"elementor-button elementor-button-link elementor-size-sm\" href=\"https:\/\/bioaffix.com\/tr\/yazilim\/bioaffix-applogon\/entegrasyon-yetenekleri\/\">\n\t\t\t\t\t\t<span class=\"elementor-button-content-wrapper\">\n\t\t\t\t\t\t\t\t\t<span class=\"elementor-button-text\">Daha Fazla Bilgi  &gt;<\/span>\n\t\t\t\t\t<\/span>\n\t\t\t\t\t<\/a>\n\t\t\t\t<\/div>\n\t\t\t\t\t\t\t\t<\/div>\n\t\t\t\t<\/div>\n\t\t\t\t<\/div>\n\t\t\t\t<\/div>\n\t\t","protected":false},"excerpt":{"rendered":"<p>BioAffix AppLogon\u2019un \u00e7al\u0131\u015fma \u00f6zelliklerini ke\u015ffedin!<\/p>\n","protected":false},"author":1,"featured_media":0,"parent":978,"menu_order":0,"comment_status":"closed","ping_status":"closed","template":"","meta":{"nf_dc_page":"","footnotes":""},"class_list":["post-1004","page","type-page","status-publish","hentry","no-post-thumbnail"],"acf":[],"_links":{"self":[{"href":"https:\/\/bioaffix.com\/tr\/wp-json\/wp\/v2\/pages\/1004","targetHints":{"allow":["GET"]}}],"collection":[{"href":"https:\/\/bioaffix.com\/tr\/wp-json\/wp\/v2\/pages"}],"about":[{"href":"https:\/\/bioaffix.com\/tr\/wp-json\/wp\/v2\/types\/page"}],"author":[{"embeddable":true,"href":"https:\/\/bioaffix.com\/tr\/wp-json\/wp\/v2\/users\/1"}],"replies":[{"embeddable":true,"href":"https:\/\/bioaffix.com\/tr\/wp-json\/wp\/v2\/comments?post=1004"}],"version-history":[{"count":0,"href":"https:\/\/bioaffix.com\/tr\/wp-json\/wp\/v2\/pages\/1004\/revisions"}],"up":[{"embeddable":true,"href":"https:\/\/bioaffix.com\/tr\/wp-json\/wp\/v2\/pages\/978"}],"wp:attachment":[{"href":"https:\/\/bioaffix.com\/tr\/wp-json\/wp\/v2\/media?parent=1004"}],"curies":[{"name":"wp","href":"https:\/\/api.w.org\/{rel}","templated":true}]}}